{"id":120,"date":"2019-06-06T16:29:31","date_gmt":"2019-06-06T14:29:31","guid":{"rendered":"https:\/\/alliancefr.se\/helsingborg\/120-2\/"},"modified":"2024-09-25T14:41:34","modified_gmt":"2024-09-25T12:41:34","slug":"120-2","status":"publish","type":"page","link":"https:\/\/alliancefr.se\/helsingborg\/120-2\/","title":{"rendered":"Comit\u00e9"},"content":{"rendered":"\t\t<div data-elementor-type=\"wp-page\" data-elementor-id=\"120\" class=\"elementor elementor-120\">\n\t\t\t\t<div class=\"elementor-element elementor-element-1088aeed e-flex e-con-boxed e-con e-parent\" data-id=\"1088aeed\" data-element_type=\"container\">\n\t\t\t\t\t<div class=\"e-con-inner\">\n\t\t\t\t<div class=\"elementor-element elementor-element-67ecfda1 elementor-widget elementor-widget-text-editor\" data-id=\"67ecfda1\" data-element_type=\"widget\" data-widget_type=\"text-editor.default\">\n\t\t\t\t<div class=\"elementor-widget-container\">\n\t\t\t\t\t\t\t\t\t<h5 style=\"line-height: 108%; margin-bottom: 0.28cm;\"><span lang=\"en-US\">Les membres du comit\u00e9 de l&rsquo;Alliance Fran\u00e7aise de Helsingborg sont :<\/span><\/h5><ul><li>Ellen Skarp, pr\u00e9sidente<\/li><li>Gerty Carlberg, vice-pr\u00e9sidente<\/li><li>Siv Diab, secr\u00e9taire<\/li><li>Sven-Arne Nilsson, tr\u00e9sorier<\/li><li>Agneta Ekstr\u00f6m<\/li><li>Gunilla Frohagen<\/li><li>Eilert Nilsson<\/li><\/ul>\t\t\t\t\t\t\t\t<\/div>\n\t\t\t\t<\/div>\n\t\t\t\t\t<\/div>\n\t\t\t\t<\/div>\n\t\t\t\t<\/div>\n\t\t","protected":false},"excerpt":{"rendered":"<p>Les membres du comit\u00e9 de l&rsquo;Alliance Fran\u00e7aise de Helsingborg sont : Ellen Skarp, pr\u00e9sidente Gerty Carlberg, vice-pr\u00e9sidente Siv Diab, secr\u00e9taire Sven-Arne Nilsson, tr\u00e9sorier Agneta Ekstr\u00f6m Gunilla Frohagen Eilert Nilsson<\/p>\n","protected":false},"author":1,"featured_media":0,"parent":0,"menu_order":0,"comment_status":"closed","ping_status":"closed","template":"","meta":{"om_disable_all_campaigns":false,"_monsterinsights_skip_tracking":false,"_monsterinsights_sitenote_active":false,"_monsterinsights_sitenote_note":"","_monsterinsights_sitenote_category":0,"_uf_show_specific_survey":0,"_uf_disable_surveys":false,"footnotes":""},"class_list":["post-120","page","type-page","status-publish","hentry"],"aioseo_notices":[],"rttpg_featured_image_url":null,"rttpg_author":{"display_name":"Super.admin","author_link":"https:\/\/alliancefr.se\/helsingborg\/author\/admin2174\/"},"rttpg_comment":0,"rttpg_category":" <a href=\"https:\/\/alliancefr.se\/helsingborg\/\" rel=\"tag\">Fran\u00e7ais<\/a>","rttpg_excerpt":"Les membres du comit\u00e9 de l&rsquo;Alliance Fran\u00e7aise de Helsingborg sont : Ellen Skarp, pr\u00e9sidente Gerty Carlberg, vice-pr\u00e9sidente Siv Diab, secr\u00e9taire Sven-Arne Nilsson, tr\u00e9sorier Agneta Ekstr\u00f6m Gunilla Frohagen Eilert Nilsson","_links":{"self":[{"href":"https:\/\/alliancefr.se\/helsingborg\/wp-json\/wp\/v2\/pages\/120","targetHints":{"allow":["GET"]}}],"collection":[{"href":"https:\/\/alliancefr.se\/helsingborg\/wp-json\/wp\/v2\/pages"}],"about":[{"href":"https:\/\/alliancefr.se\/helsingborg\/wp-json\/wp\/v2\/types\/page"}],"author":[{"embeddable":true,"href":"https:\/\/alliancefr.se\/helsingborg\/wp-json\/wp\/v2\/users\/1"}],"replies":[{"embeddable":true,"href":"https:\/\/alliancefr.se\/helsingborg\/wp-json\/wp\/v2\/comments?post=120"}],"version-history":[{"count":16,"href":"https:\/\/alliancefr.se\/helsingborg\/wp-json\/wp\/v2\/pages\/120\/revisions"}],"predecessor-version":[{"id":1492,"href":"https:\/\/alliancefr.se\/helsingborg\/wp-json\/wp\/v2\/pages\/120\/revisions\/1492"}],"wp:attachment":[{"href":"https:\/\/alliancefr.se\/helsingborg\/wp-json\/wp\/v2\/media?parent=120"}],"curies":[{"name":"wp","href":"https:\/\/api.w.org\/{rel}","templated":true}]}}