{"id":117,"date":"2019-06-06T16:28:53","date_gmt":"2019-06-06T14:28:53","guid":{"rendered":"https:\/\/alliancefr.se\/helsingborg\/hem\/"},"modified":"2024-06-07T17:16:05","modified_gmt":"2024-06-07T15:16:05","slug":"hem","status":"publish","type":"page","link":"https:\/\/alliancefr.se\/helsingborg\/sv\/hem\/","title":{"rendered":"Styrelse"},"content":{"rendered":"\t\t<div data-elementor-type=\"wp-page\" data-elementor-id=\"117\" class=\"elementor elementor-117\">\n\t\t\t\t<div class=\"elementor-element elementor-element-7c73f6c4 e-flex e-con-boxed e-con e-parent\" data-id=\"7c73f6c4\" data-element_type=\"container\">\n\t\t\t\t\t<div class=\"e-con-inner\">\n\t\t\t\t<div class=\"elementor-element elementor-element-5fc66d03 elementor-widget elementor-widget-text-editor\" data-id=\"5fc66d03\" data-element_type=\"widget\" data-widget_type=\"text-editor.default\">\n\t\t\t\t<div class=\"elementor-widget-container\">\n\t\t\t\t\t\t\t\t\t<h5>Styrelsens medlemmar \u00e4r :<\/h5><ul><li>Ellen Skarp, ordf\u00f6rande<\/li><li>Gerty Carlberg, vice ordf\u00f6rande<\/li><li>Siv Diab, sekreterare<\/li><li>Sven-Arne Nilsson, kass\u00f6r<\/li><li>Agneta Ekstr\u00f6m<\/li><li>Gunilla Frohagen<\/li><li>Eilert Nilsson<\/li><\/ul>\t\t\t\t\t\t\t\t<\/div>\n\t\t\t\t<\/div>\n\t\t\t\t\t<\/div>\n\t\t\t\t<\/div>\n\t\t\t\t<\/div>\n\t\t","protected":false},"excerpt":{"rendered":"<p>Styrelsens medlemmar \u00e4r : Ellen Skarp, ordf\u00f6rande Gerty Carlberg, vice ordf\u00f6rande Siv Diab, sekreterare Sven-Arne Nilsson, kass\u00f6r Agneta Ekstr\u00f6m Gunilla Frohagen Eilert Nilsson<\/p>\n","protected":false},"author":1,"featured_media":0,"parent":0,"menu_order":0,"comment_status":"closed","ping_status":"closed","template":"","meta":{"om_disable_all_campaigns":false,"_monsterinsights_skip_tracking":false,"_monsterinsights_sitenote_active":false,"_monsterinsights_sitenote_note":"","_monsterinsights_sitenote_category":0,"_uf_show_specific_survey":0,"_uf_disable_surveys":false,"footnotes":""},"class_list":["post-117","page","type-page","status-publish","hentry"],"aioseo_notices":[],"rttpg_featured_image_url":null,"rttpg_author":{"display_name":"Super.admin","author_link":"https:\/\/alliancefr.se\/helsingborg\/author\/admin2174\/"},"rttpg_comment":0,"rttpg_category":" <a href=\"https:\/\/alliancefr.se\/helsingborg\/sv\/\" rel=\"tag\">Svenska<\/a>","rttpg_excerpt":"Styrelsens medlemmar \u00e4r : Ellen Skarp, ordf\u00f6rande Gerty Carlberg, vice ordf\u00f6rande Siv Diab, sekreterare Sven-Arne Nilsson, kass\u00f6r Agneta Ekstr\u00f6m Gunilla Frohagen Eilert Nilsson","_links":{"self":[{"href":"https:\/\/alliancefr.se\/helsingborg\/wp-json\/wp\/v2\/pages\/117","targetHints":{"allow":["GET"]}}],"collection":[{"href":"https:\/\/alliancefr.se\/helsingborg\/wp-json\/wp\/v2\/pages"}],"about":[{"href":"https:\/\/alliancefr.se\/helsingborg\/wp-json\/wp\/v2\/types\/page"}],"author":[{"embeddable":true,"href":"https:\/\/alliancefr.se\/helsingborg\/wp-json\/wp\/v2\/users\/1"}],"replies":[{"embeddable":true,"href":"https:\/\/alliancefr.se\/helsingborg\/wp-json\/wp\/v2\/comments?post=117"}],"version-history":[{"count":15,"href":"https:\/\/alliancefr.se\/helsingborg\/wp-json\/wp\/v2\/pages\/117\/revisions"}],"predecessor-version":[{"id":1323,"href":"https:\/\/alliancefr.se\/helsingborg\/wp-json\/wp\/v2\/pages\/117\/revisions\/1323"}],"wp:attachment":[{"href":"https:\/\/alliancefr.se\/helsingborg\/wp-json\/wp\/v2\/media?parent=117"}],"curies":[{"name":"wp","href":"https:\/\/api.w.org\/{rel}","templated":true}]}}