{"id":1088,"date":"2024-05-30T16:15:59","date_gmt":"2024-05-30T14:15:59","guid":{"rendered":"https:\/\/alliancefr.se\/helsingborg\/?page_id=1088"},"modified":"2026-02-12T17:19:25","modified_gmt":"2026-02-12T16:19:25","slug":"arkiv","status":"publish","type":"page","link":"https:\/\/alliancefr.se\/helsingborg\/sv\/arkiv\/","title":{"rendered":"Arkiv"},"content":{"rendered":"\t\t<div data-elementor-type=\"wp-page\" data-elementor-id=\"1088\" class=\"elementor elementor-1088\">\n\t\t\t\t<div class=\"elementor-element elementor-element-7f8798d e-flex e-con-boxed e-con e-parent\" data-id=\"7f8798d\" data-element_type=\"container\">\n\t\t\t\t\t<div class=\"e-con-inner\">\n\t\t\t\t<div class=\"elementor-element elementor-element-cecf7f2 elementor-widget elementor-widget-text-editor\" data-id=\"cecf7f2\" data-element_type=\"widget\" data-widget_type=\"text-editor.default\">\n\t\t\t\t<div class=\"elementor-widget-container\">\n\t\t\t\t\t\t\t\t\t<p>Du hittar v\u00e5ra \u00e5rsrapporter h\u00e4r:<\/p>\t\t\t\t\t\t\t\t<\/div>\n\t\t\t\t<\/div>\n\t\t\t\t\t<\/div>\n\t\t\t\t<\/div>\n\t\t<div class=\"elementor-element elementor-element-1b15055c e-flex e-con-boxed e-con e-parent\" data-id=\"1b15055c\" data-element_type=\"container\">\n\t\t\t\t\t<div class=\"e-con-inner\">\n\t\t\t\t<div class=\"elementor-element elementor-element-384a4565 elementor-widget elementor-widget-text-editor\" data-id=\"384a4565\" data-element_type=\"widget\" data-widget_type=\"text-editor.default\">\n\t\t\t\t<div class=\"elementor-widget-container\">\n\t\t\t\t\t\t\t\t\t<ul><li><a href=\"http:\/\/alliancefr.se\/helsingborg\/wp-content\/uploads\/sites\/19\/2026\/02\/Rapport-Annuel-2025-2.pdf\">Rapport Annuel 2025<\/a><\/li><li><a href=\"http:\/\/alliancefr.se\/helsingborg\/wp-content\/uploads\/sites\/19\/2025\/01\/Arsrapport-2024.pdf\">\u00c5rsrapport 2024<\/a><\/li><li><a href=\"http:\/\/alliancefr.se\/helsingborg\/wp-content\/uploads\/sites\/19\/2024\/05\/Rapport-Annuel-2023.pdf\">\u00c5rsrapport 2023<\/a><\/li><li><a href=\"http:\/\/alliancefr.se\/helsingborg\/wp-content\/uploads\/sites\/19\/2024\/06\/AF-Rapport-Annuel-2022.pdf\">\u00c5rsrapport 2022<\/a><\/li><\/ul>\t\t\t\t\t\t\t\t<\/div>\n\t\t\t\t<\/div>\n\t\t\t\t\t<\/div>\n\t\t\t\t<\/div>\n\t\t\t\t<\/div>\n\t\t","protected":false},"excerpt":{"rendered":"<p>Du hittar v\u00e5ra \u00e5rsrapporter h\u00e4r: Rapport Annuel 2025 \u00c5rsrapport 2024 \u00c5rsrapport 2023 \u00c5rsrapport 2022<\/p>\n","protected":false},"author":1,"featured_media":0,"parent":0,"menu_order":0,"comment_status":"closed","ping_status":"closed","template":"","meta":{"om_disable_all_campaigns":false,"_monsterinsights_skip_tracking":false,"_monsterinsights_sitenote_active":false,"_monsterinsights_sitenote_note":"","_monsterinsights_sitenote_category":0,"_uf_show_specific_survey":0,"_uf_disable_surveys":false,"footnotes":""},"class_list":["post-1088","page","type-page","status-publish","hentry"],"aioseo_notices":[],"rttpg_featured_image_url":null,"rttpg_author":{"display_name":"Super.admin","author_link":"https:\/\/alliancefr.se\/helsingborg\/author\/admin2174\/"},"rttpg_comment":0,"rttpg_category":" <a href=\"https:\/\/alliancefr.se\/helsingborg\/sv\/\" rel=\"tag\">Svenska<\/a>","rttpg_excerpt":"Du hittar v\u00e5ra \u00e5rsrapporter h\u00e4r: Rapport Annuel 2025 \u00c5rsrapport 2024 \u00c5rsrapport 2023 \u00c5rsrapport 2022","_links":{"self":[{"href":"https:\/\/alliancefr.se\/helsingborg\/wp-json\/wp\/v2\/pages\/1088","targetHints":{"allow":["GET"]}}],"collection":[{"href":"https:\/\/alliancefr.se\/helsingborg\/wp-json\/wp\/v2\/pages"}],"about":[{"href":"https:\/\/alliancefr.se\/helsingborg\/wp-json\/wp\/v2\/types\/page"}],"author":[{"embeddable":true,"href":"https:\/\/alliancefr.se\/helsingborg\/wp-json\/wp\/v2\/users\/1"}],"replies":[{"embeddable":true,"href":"https:\/\/alliancefr.se\/helsingborg\/wp-json\/wp\/v2\/comments?post=1088"}],"version-history":[{"count":28,"href":"https:\/\/alliancefr.se\/helsingborg\/wp-json\/wp\/v2\/pages\/1088\/revisions"}],"predecessor-version":[{"id":1896,"href":"https:\/\/alliancefr.se\/helsingborg\/wp-json\/wp\/v2\/pages\/1088\/revisions\/1896"}],"wp:attachment":[{"href":"https:\/\/alliancefr.se\/helsingborg\/wp-json\/wp\/v2\/media?parent=1088"}],"curies":[{"name":"wp","href":"https:\/\/api.w.org\/{rel}","templated":true}]}}