{"id":1047,"date":"2024-05-30T15:25:30","date_gmt":"2024-05-30T13:25:30","guid":{"rendered":"https:\/\/alliancefr.se\/helsingborg\/?page_id=1047"},"modified":"2026-02-12T17:21:56","modified_gmt":"2026-02-12T16:21:56","slug":"program-2024","status":"publish","type":"page","link":"https:\/\/alliancefr.se\/helsingborg\/sv\/program-2024\/","title":{"rendered":"Program"},"content":{"rendered":"\t\t<div data-elementor-type=\"wp-page\" data-elementor-id=\"1047\" class=\"elementor elementor-1047\">\n\t\t\t\t<div class=\"elementor-element elementor-element-6f686a64 e-flex e-con-boxed e-con e-parent\" data-id=\"6f686a64\" data-element_type=\"container\">\n\t\t\t\t\t<div class=\"e-con-inner\">\n\t\t\t\t<div class=\"elementor-element elementor-element-eef0790 elementor-widget elementor-widget-text-editor\" data-id=\"eef0790\" data-element_type=\"widget\" data-widget_type=\"text-editor.default\">\n\t\t\t\t<div class=\"elementor-widget-container\">\n\t\t\t\t\t\t\t\t\t<p>Ladda ner v\u00e5rt aktivitetsprogram f\u00f6r s\u00e4songen !<\/p>\t\t\t\t\t\t\t\t<\/div>\n\t\t\t\t<\/div>\n\t\t\t\t<div class=\"elementor-element elementor-element-7ecc13af elementor-widget elementor-widget-text-editor\" data-id=\"7ecc13af\" data-element_type=\"widget\" data-widget_type=\"text-editor.default\">\n\t\t\t\t<div class=\"elementor-widget-container\">\n\t\t\t\t\t\t\t\t\t<p>AF Va\u030arprogram 2026<\/p><p><a href=\"http:\/\/alliancefr.se\/helsingborg\/wp-content\/uploads\/sites\/19\/2026\/02\/Varprogram-2-2026-1.pdf\">V\u00e5rprogram 2 2026<\/a><\/p>\t\t\t\t\t\t\t\t<\/div>\n\t\t\t\t<\/div>\n\t\t\t\t\t<\/div>\n\t\t\t\t<\/div>\n\t\t<div class=\"elementor-element elementor-element-8f899a9 e-flex e-con-boxed e-con e-parent\" data-id=\"8f899a9\" data-element_type=\"container\">\n\t\t\t\t\t<div class=\"e-con-inner\">\n\t\t\t\t<div class=\"elementor-element elementor-element-3d510e4 elementor-widget elementor-widget-text-editor\" data-id=\"3d510e4\" data-element_type=\"widget\" data-widget_type=\"text-editor.default\">\n\t\t\t\t<div class=\"elementor-widget-container\">\n\t\t\t\t\t\t\t\t\t<p><a href=\"http:\/\/alliancefr.se\/helsingborg\/wp-content\/uploads\/sites\/19\/2025\/08\/Hostprogram-1-2025-3.pdf\">Ho\u0308stprogram 2026<\/a><\/p><p>\u00a0<\/p>\t\t\t\t\t\t\t\t<\/div>\n\t\t\t\t<\/div>\n\t\t\t\t\t<\/div>\n\t\t\t\t<\/div>\n\t\t\t\t<\/div>\n\t\t","protected":false},"excerpt":{"rendered":"<p>Ladda ner v\u00e5rt aktivitetsprogram f\u00f6r s\u00e4songen ! AF Va\u030arprogram 2026 V\u00e5rprogram 2 2026 Ho\u0308stprogram 2026 \u00a0<\/p>\n","protected":false},"author":1,"featured_media":0,"parent":0,"menu_order":0,"comment_status":"closed","ping_status":"closed","template":"","meta":{"om_disable_all_campaigns":false,"_monsterinsights_skip_tracking":false,"_monsterinsights_sitenote_active":false,"_monsterinsights_sitenote_note":"","_monsterinsights_sitenote_category":0,"_uf_show_specific_survey":0,"_uf_disable_surveys":false,"footnotes":""},"class_list":["post-1047","page","type-page","status-publish","hentry"],"aioseo_notices":[],"rttpg_featured_image_url":null,"rttpg_author":{"display_name":"Super.admin","author_link":"https:\/\/alliancefr.se\/helsingborg\/author\/admin2174\/"},"rttpg_comment":0,"rttpg_category":" <a href=\"https:\/\/alliancefr.se\/helsingborg\/sv\/\" rel=\"tag\">Svenska<\/a>","rttpg_excerpt":"Ladda ner v\u00e5rt aktivitetsprogram f\u00f6r s\u00e4songen ! AF Va\u030arprogram 2026 V\u00e5rprogram 2 2026 Ho\u0308stprogram 2026 \u00a0","_links":{"self":[{"href":"https:\/\/alliancefr.se\/helsingborg\/wp-json\/wp\/v2\/pages\/1047","targetHints":{"allow":["GET"]}}],"collection":[{"href":"https:\/\/alliancefr.se\/helsingborg\/wp-json\/wp\/v2\/pages"}],"about":[{"href":"https:\/\/alliancefr.se\/helsingborg\/wp-json\/wp\/v2\/types\/page"}],"author":[{"embeddable":true,"href":"https:\/\/alliancefr.se\/helsingborg\/wp-json\/wp\/v2\/users\/1"}],"replies":[{"embeddable":true,"href":"https:\/\/alliancefr.se\/helsingborg\/wp-json\/wp\/v2\/comments?post=1047"}],"version-history":[{"count":48,"href":"https:\/\/alliancefr.se\/helsingborg\/wp-json\/wp\/v2\/pages\/1047\/revisions"}],"predecessor-version":[{"id":1907,"href":"https:\/\/alliancefr.se\/helsingborg\/wp-json\/wp\/v2\/pages\/1047\/revisions\/1907"}],"wp:attachment":[{"href":"https:\/\/alliancefr.se\/helsingborg\/wp-json\/wp\/v2\/media?parent=1047"}],"curies":[{"name":"wp","href":"https:\/\/api.w.org\/{rel}","templated":true}]}}