{"id":1029,"date":"2024-05-30T15:01:44","date_gmt":"2024-05-30T13:01:44","guid":{"rendered":"https:\/\/alliancefr.se\/helsingborg\/?page_id=1029"},"modified":"2024-09-25T14:38:06","modified_gmt":"2024-09-25T12:38:06","slug":"hem-2","status":"publish","type":"page","link":"https:\/\/alliancefr.se\/helsingborg\/sv\/hem-2\/","title":{"rendered":"Hem"},"content":{"rendered":"\t\t<div data-elementor-type=\"wp-page\" data-elementor-id=\"1029\" class=\"elementor elementor-1029\">\n\t\t\t\t<div class=\"elementor-element elementor-element-a173f06 e-flex e-con-boxed e-con e-parent\" data-id=\"a173f06\" data-element_type=\"container\">\n\t\t\t\t\t<div class=\"e-con-inner\">\n\t\t\t\t<div class=\"elementor-element elementor-element-f9caf02 elementor-widget elementor-widget-text-editor\" data-id=\"f9caf02\" data-element_type=\"widget\" data-widget_type=\"text-editor.default\">\n\t\t\t\t<div class=\"elementor-widget-container\">\n\t\t\t\t\t\t\t\t\t<p><span style=\"color: #111111;\">V\u00e4lkommen till <b>Alliance Fran\u00e7aise i Helsingborg<\/b>, f\u00f6reningen som har som m\u00e5l att sprida kunskap om Frankrike och det franska spr\u00e5ket och kulturen.<\/span><\/p>\t\t\t\t\t\t\t\t<\/div>\n\t\t\t\t<\/div>\n\t\t\t\t<div class=\"elementor-element elementor-element-62c8617 elementor-widget-divider--view-line elementor-widget elementor-widget-divider\" data-id=\"62c8617\" data-element_type=\"widget\" data-widget_type=\"divider.default\">\n\t\t\t\t<div class=\"elementor-widget-container\">\n\t\t\t\t\t\t\t<div class=\"elementor-divider\">\n\t\t\t<span class=\"elementor-divider-separator\">\n\t\t\t\t\t\t<\/span>\n\t\t<\/div>\n\t\t\t\t\t\t<\/div>\n\t\t\t\t<\/div>\n\t\t\t\t\t<\/div>\n\t\t\t\t<\/div>\n\t\t<div class=\"elementor-element elementor-element-773cefc e-flex e-con-boxed e-con e-parent\" data-id=\"773cefc\" data-element_type=\"container\">\n\t\t\t\t\t<div class=\"e-con-inner\">\n\t\t\t\t<div class=\"elementor-element elementor-element-65c628a elementor-widget elementor-widget-text-editor\" data-id=\"65c628a\" data-element_type=\"widget\" data-widget_type=\"text-editor.default\">\n\t\t\t\t<div class=\"elementor-widget-container\">\n\t\t\t\t\t\t\t\t\tP\u00e5 denna webbplats finner ni det\nsom g\u00e4ller f\u00f6r v\u00e5r Alliance Franaise, v\u00e5ra tidigare aktiviteter men fr\u00e4mst de kommande och hur man blir\nmedlem\n<a href=\"https:\/\/alliancefr.se\/helsingborg\/sv\/kontakt\/\" target=\"_blank\" rel=\"noopener\">kontaktformul\u00e4r<\/a>.\t\t\t\t\t\t\t\t<\/div>\n\t\t\t\t<\/div>\n\t\t\t\t\t<\/div>\n\t\t\t\t<\/div>\n\t\t<div class=\"elementor-element elementor-element-248fd46 e-flex e-con-boxed e-con e-parent\" data-id=\"248fd46\" data-element_type=\"container\">\n\t\t\t\t\t<div class=\"e-con-inner\">\n\t\t\t\t<div class=\"elementor-element elementor-element-baae9dc elementor-widget elementor-widget-image\" data-id=\"baae9dc\" data-element_type=\"widget\" data-widget_type=\"image.default\">\n\t\t\t\t<div class=\"elementor-widget-container\">\n\t\t\t\t\t\t\t\t\t\t\t\t\t\t\t<img fetchpriority=\"high\" decoding=\"async\" width=\"960\" height=\"326\" src=\"https:\/\/alliancefr.se\/helsingborg\/wp-content\/uploads\/sites\/19\/2024\/06\/4e21087b-8cf5-428b-856b-be2709950469-1024x348.jpg\" class=\"attachment-large size-large wp-image-1127\" alt=\"\" \/>\t\t\t\t\t\t\t\t\t\t\t\t\t\t\t<\/div>\n\t\t\t\t<\/div>\n\t\t\t\t<div class=\"elementor-element elementor-element-98f5296 elementor-widget elementor-widget-image\" data-id=\"98f5296\" data-element_type=\"widget\" data-widget_type=\"image.default\">\n\t\t\t\t<div class=\"elementor-widget-container\">\n\t\t\t\t\t\t\t\t\t\t\t\t\t\t\t<img decoding=\"async\" width=\"960\" height=\"374\" src=\"https:\/\/alliancefr.se\/helsingborg\/wp-content\/uploads\/sites\/19\/2024\/06\/601775b5-ad4d-4767-9139-6b5bf9de324c-1024x399.jpg\" class=\"attachment-large size-large wp-image-1126\" alt=\"\" \/>\t\t\t\t\t\t\t\t\t\t\t\t\t\t\t<\/div>\n\t\t\t\t<\/div>\n\t\t\t\t<div class=\"elementor-element elementor-element-4a3595a elementor-widget elementor-widget-image\" data-id=\"4a3595a\" data-element_type=\"widget\" data-widget_type=\"image.default\">\n\t\t\t\t<div class=\"elementor-widget-container\">\n\t\t\t\t\t\t\t\t\t\t\t\t\t\t\t<img decoding=\"async\" width=\"960\" height=\"290\" src=\"https:\/\/alliancefr.se\/helsingborg\/wp-content\/uploads\/sites\/19\/2024\/06\/534577b7-b605-4e1e-b702-64dea2f1d793-1024x309.jpg\" class=\"attachment-large size-large wp-image-1125\" alt=\"\" \/>\t\t\t\t\t\t\t\t\t\t\t\t\t\t\t<\/div>\n\t\t\t\t<\/div>\n\t\t\t\t\t<\/div>\n\t\t\t\t<\/div>\n\t\t<div class=\"elementor-element elementor-element-6544035 e-flex e-con-boxed e-con e-parent\" data-id=\"6544035\" data-element_type=\"container\">\n\t\t\t\t\t<div class=\"e-con-inner\">\n\t\t\t\t\t<\/div>\n\t\t\t\t<\/div>\n\t\t\t\t<\/div>\n\t\t","protected":false},"excerpt":{"rendered":"<p>V\u00e4lkommen till Alliance Fran\u00e7aise i Helsingborg, f\u00f6reningen som har som m\u00e5l att sprida kunskap om Frankrike och det franska spr\u00e5ket och kulturen. P\u00e5 denna webbplats finner ni det som g\u00e4ller f\u00f6r v\u00e5r Alliance Franaise, v\u00e5ra tidigare aktiviteter men fr\u00e4mst de kommande och hur man blir medlem kontaktformul\u00e4r.<\/p>\n","protected":false},"author":1,"featured_media":0,"parent":0,"menu_order":0,"comment_status":"closed","ping_status":"closed","template":"","meta":{"om_disable_all_campaigns":false,"_monsterinsights_skip_tracking":false,"_monsterinsights_sitenote_active":false,"_monsterinsights_sitenote_note":"","_monsterinsights_sitenote_category":0,"_uf_show_specific_survey":0,"_uf_disable_surveys":false,"footnotes":""},"class_list":["post-1029","page","type-page","status-publish","hentry"],"aioseo_notices":[],"rttpg_featured_image_url":null,"rttpg_author":{"display_name":"Super.admin","author_link":"https:\/\/alliancefr.se\/helsingborg\/author\/admin2174\/"},"rttpg_comment":0,"rttpg_category":" <a href=\"https:\/\/alliancefr.se\/helsingborg\/sv\/\" rel=\"tag\">Svenska<\/a>","rttpg_excerpt":"V\u00e4lkommen till Alliance Fran\u00e7aise i Helsingborg, f\u00f6reningen som har som m\u00e5l att sprida kunskap om Frankrike och det franska spr\u00e5ket och kulturen. P\u00e5 denna webbplats finner ni det som g\u00e4ller f\u00f6r v\u00e5r Alliance Franaise, v\u00e5ra tidigare aktiviteter men fr\u00e4mst de kommande och hur man blir medlem kontaktformul\u00e4r.","_links":{"self":[{"href":"https:\/\/alliancefr.se\/helsingborg\/wp-json\/wp\/v2\/pages\/1029","targetHints":{"allow":["GET"]}}],"collection":[{"href":"https:\/\/alliancefr.se\/helsingborg\/wp-json\/wp\/v2\/pages"}],"about":[{"href":"https:\/\/alliancefr.se\/helsingborg\/wp-json\/wp\/v2\/types\/page"}],"author":[{"embeddable":true,"href":"https:\/\/alliancefr.se\/helsingborg\/wp-json\/wp\/v2\/users\/1"}],"replies":[{"embeddable":true,"href":"https:\/\/alliancefr.se\/helsingborg\/wp-json\/wp\/v2\/comments?post=1029"}],"version-history":[{"count":37,"href":"https:\/\/alliancefr.se\/helsingborg\/wp-json\/wp\/v2\/pages\/1029\/revisions"}],"predecessor-version":[{"id":1480,"href":"https:\/\/alliancefr.se\/helsingborg\/wp-json\/wp\/v2\/pages\/1029\/revisions\/1480"}],"wp:attachment":[{"href":"https:\/\/alliancefr.se\/helsingborg\/wp-json\/wp\/v2\/media?parent=1029"}],"curies":[{"name":"wp","href":"https:\/\/api.w.org\/{rel}","templated":true}]}}