{"id":1027,"date":"2024-05-30T15:01:15","date_gmt":"2024-05-30T13:01:15","guid":{"rendered":"https:\/\/alliancefr.se\/helsingborg\/?page_id=1027"},"modified":"2025-01-10T17:26:43","modified_gmt":"2025-01-10T16:26:43","slug":"accueil","status":"publish","type":"page","link":"https:\/\/alliancefr.se\/helsingborg\/","title":{"rendered":"Accueil"},"content":{"rendered":"\t\t<div data-elementor-type=\"wp-page\" data-elementor-id=\"1027\" class=\"elementor elementor-1027\">\n\t\t\t\t<div class=\"elementor-element elementor-element-bcfa198 e-flex e-con-boxed e-con e-parent\" data-id=\"bcfa198\" data-element_type=\"container\">\n\t\t\t\t\t<div class=\"e-con-inner\">\n\t\t\t\t<div class=\"elementor-element elementor-element-ee1be42 elementor-widget elementor-widget-text-editor\" data-id=\"ee1be42\" data-element_type=\"widget\" data-widget_type=\"text-editor.default\">\n\t\t\t\t<div class=\"elementor-widget-container\">\n\t\t\t\t\t\t\t\t\t<p>Bienvenue \u00e0 <strong>l\u2019Alliance Fran\u00e7aise de Helsingborg<\/strong>, l\u2019association pour tous ceux qui souhaitent avoir plus de connaissance sur la France, la langue et la culture fran\u00e7aise.<\/p>\t\t\t\t\t\t\t\t<\/div>\n\t\t\t\t<\/div>\n\t\t\t\t<div class=\"elementor-element elementor-element-5805681 elementor-widget-divider--view-line elementor-widget elementor-widget-divider\" data-id=\"5805681\" data-element_type=\"widget\" data-widget_type=\"divider.default\">\n\t\t\t\t<div class=\"elementor-widget-container\">\n\t\t\t\t\t\t\t<div class=\"elementor-divider\">\n\t\t\t<span class=\"elementor-divider-separator\">\n\t\t\t\t\t\t<\/span>\n\t\t<\/div>\n\t\t\t\t\t\t<\/div>\n\t\t\t\t<\/div>\n\t\t\t\t\t<\/div>\n\t\t\t\t<\/div>\n\t\t<div class=\"elementor-element elementor-element-d016d3f e-con-full e-flex e-con e-parent\" data-id=\"d016d3f\" data-element_type=\"container\">\n\t\t\t\t<div class=\"elementor-element elementor-element-91a2442 elementor-widget elementor-widget-text-editor\" data-id=\"91a2442\" data-element_type=\"widget\" data-widget_type=\"text-editor.default\">\n\t\t\t\t<div class=\"elementor-widget-container\">\n\t\t\t\t\t\t\t\t\t<p>Sur ce site web vous trouverez ce qui fait l&rsquo;identit\u00e9 de notre Alliance Fran\u00e7aise, nos activit\u00e9s pass\u00e9es, mais surtout futures et comment nous rejoindre !<\/p><p>Si vous avez la moindre question, n&rsquo;h\u00e9sitez pas \u00e0 nous contacter via notre <a href=\"https:\/\/alliancefr.se\/helsingborg\/contact\/\" target=\"_blank\" rel=\"noopener\">formulaire de contact<\/a>.<\/p>\t\t\t\t\t\t\t\t<\/div>\n\t\t\t\t<\/div>\n\t\t\t\t<div class=\"elementor-element elementor-element-5e3323b elementor-widget elementor-widget-image\" data-id=\"5e3323b\" data-element_type=\"widget\" data-widget_type=\"image.default\">\n\t\t\t\t<div class=\"elementor-widget-container\">\n\t\t\t\t\t\t\t\t\t\t\t\t\t\t\t<img fetchpriority=\"high\" decoding=\"async\" width=\"960\" height=\"326\" src=\"https:\/\/alliancefr.se\/helsingborg\/wp-content\/uploads\/sites\/19\/2024\/06\/4e21087b-8cf5-428b-856b-be2709950469-1024x348.jpg\" class=\"attachment-large size-large wp-image-1127\" alt=\"\" \/>\t\t\t\t\t\t\t\t\t\t\t\t\t\t\t<\/div>\n\t\t\t\t<\/div>\n\t\t\t\t<div class=\"elementor-element elementor-element-0c5984b elementor-widget elementor-widget-image\" data-id=\"0c5984b\" data-element_type=\"widget\" data-widget_type=\"image.default\">\n\t\t\t\t<div class=\"elementor-widget-container\">\n\t\t\t\t\t\t\t\t\t\t\t\t\t\t\t<img decoding=\"async\" width=\"960\" height=\"374\" src=\"https:\/\/alliancefr.se\/helsingborg\/wp-content\/uploads\/sites\/19\/2024\/06\/601775b5-ad4d-4767-9139-6b5bf9de324c-1024x399.jpg\" class=\"attachment-large size-large wp-image-1126\" alt=\"\" \/>\t\t\t\t\t\t\t\t\t\t\t\t\t\t\t<\/div>\n\t\t\t\t<\/div>\n\t\t\t\t<div class=\"elementor-element elementor-element-467f201 elementor-widget elementor-widget-image\" data-id=\"467f201\" data-element_type=\"widget\" data-widget_type=\"image.default\">\n\t\t\t\t<div class=\"elementor-widget-container\">\n\t\t\t\t\t\t\t\t\t\t\t\t\t\t\t<img decoding=\"async\" width=\"960\" height=\"290\" src=\"https:\/\/alliancefr.se\/helsingborg\/wp-content\/uploads\/sites\/19\/2024\/06\/534577b7-b605-4e1e-b702-64dea2f1d793-1024x309.jpg\" class=\"attachment-large size-large wp-image-1125\" alt=\"\" \/>\t\t\t\t\t\t\t\t\t\t\t\t\t\t\t<\/div>\n\t\t\t\t<\/div>\n\t\t\t\t<\/div>\n\t\t\t\t<\/div>\n\t\t","protected":false},"excerpt":{"rendered":"<p>Bienvenue \u00e0 l\u2019Alliance Fran\u00e7aise de Helsingborg, l\u2019association pour tous ceux qui souhaitent avoir plus de connaissance sur la France, la langue et la culture fran\u00e7aise. Sur ce site web vous trouverez ce qui fait l&rsquo;identit\u00e9 de notre Alliance Fran\u00e7aise, nos activit\u00e9s pass\u00e9es, mais surtout futures et comment nous rejoindre ! Si vous avez la moindre question, n&rsquo;h\u00e9sitez pas \u00e0 nous contacter via notre formulaire de contact.<\/p>\n","protected":false},"author":1,"featured_media":0,"parent":0,"menu_order":0,"comment_status":"closed","ping_status":"closed","template":"","meta":{"om_disable_all_campaigns":false,"_monsterinsights_skip_tracking":false,"_monsterinsights_sitenote_active":false,"_monsterinsights_sitenote_note":"","_monsterinsights_sitenote_category":0,"_uf_show_specific_survey":0,"_uf_disable_surveys":false,"footnotes":""},"class_list":["post-1027","page","type-page","status-publish","hentry"],"aioseo_notices":[],"rttpg_featured_image_url":null,"rttpg_author":{"display_name":"Super.admin","author_link":"https:\/\/alliancefr.se\/helsingborg\/author\/admin2174\/"},"rttpg_comment":0,"rttpg_category":" <a href=\"https:\/\/alliancefr.se\/helsingborg\/\" rel=\"tag\">Fran\u00e7ais<\/a>","rttpg_excerpt":"Bienvenue \u00e0 l\u2019Alliance Fran\u00e7aise de Helsingborg, l\u2019association pour tous ceux qui souhaitent avoir plus de connaissance sur la France, la langue et la culture fran\u00e7aise. Sur ce site web vous trouverez ce qui fait l&rsquo;identit\u00e9 de notre Alliance Fran\u00e7aise, nos activit\u00e9s pass\u00e9es, mais surtout futures et comment nous rejoindre ! Si vous avez la moindre\u2026","_links":{"self":[{"href":"https:\/\/alliancefr.se\/helsingborg\/wp-json\/wp\/v2\/pages\/1027","targetHints":{"allow":["GET"]}}],"collection":[{"href":"https:\/\/alliancefr.se\/helsingborg\/wp-json\/wp\/v2\/pages"}],"about":[{"href":"https:\/\/alliancefr.se\/helsingborg\/wp-json\/wp\/v2\/types\/page"}],"author":[{"embeddable":true,"href":"https:\/\/alliancefr.se\/helsingborg\/wp-json\/wp\/v2\/users\/1"}],"replies":[{"embeddable":true,"href":"https:\/\/alliancefr.se\/helsingborg\/wp-json\/wp\/v2\/comments?post=1027"}],"version-history":[{"count":64,"href":"https:\/\/alliancefr.se\/helsingborg\/wp-json\/wp\/v2\/pages\/1027\/revisions"}],"predecessor-version":[{"id":1599,"href":"https:\/\/alliancefr.se\/helsingborg\/wp-json\/wp\/v2\/pages\/1027\/revisions\/1599"}],"wp:attachment":[{"href":"https:\/\/alliancefr.se\/helsingborg\/wp-json\/wp\/v2\/media?parent=1027"}],"curies":[{"name":"wp","href":"https:\/\/api.w.org\/{rel}","templated":true}]}}