{"id":978,"date":"2024-09-26T12:40:15","date_gmt":"2024-09-26T10:40:15","guid":{"rendered":"https:\/\/alliancefr.se\/halmstad\/?page_id=978"},"modified":"2025-09-02T14:01:47","modified_gmt":"2025-09-02T12:01:47","slug":"programme","status":"publish","type":"page","link":"https:\/\/alliancefr.se\/halmstad\/programme\/","title":{"rendered":"Programme"},"content":{"rendered":"<p>D\u00e9couvrez ici le programme de cette ann\u00e9e avec les \u00e9v\u00e9nements propos\u00e9s par l&rsquo;Alliance Fran\u00e7aise d&rsquo;Halmstad !<\/p>\n<ul>\n<li>Le Mercredi 17 Septembre, Alicia, volontaire civique d&rsquo;\u00d6rebro, viendra nous faire l&rsquo;expos\u00e9 suivant:\n<ul>\n<li>\u00a0\u00bb Les Trois Mousquetaires.H\u00e9ros ou salauds\u00a0\u00bb d&rsquo;apr\u00e8s\u00a0le roman d&rsquo;Alexandre Dumas<\/li>\n<\/ul>\n<\/li>\n<li>Le 1er Octobre, nous recevrons deux musiciens qui interpr\u00e9teront des classiques de la chanson fran\u00e7aise.\u00a0<\/li>\n<li>Le 12 Novembre, nous aurons une conf\u00e9rence sur le travail quotidien de Romain Chichery et son amie Emma qui sont les responsables du vignoble Thora Ving\u00e5rd \u00e0 B\u00e5stad.\n<ul>\n<li>Cela sera suivi d&rsquo;une d\u00e9gustation exclusivement r\u00e9serv\u00e9e aux membres de l&rsquo;Alliance Fran\u00e7aise d&rsquo;Halmstad.<\/li>\n<li>Il est n\u00e9cessaire de s&rsquo;inscrire rapidement afin de communiquer au vignoble le nombre de participants.<\/li>\n<li>Nous d\u00e9gusterons 3 vins. Chacun apportera 3 verres \u00e0 vin et le co\u00fbt de l&rsquo;\u00e9v\u00e9nement sera \u00e0 partager entre les participants. Je pense que cela devrait co\u00fbter \u00e0 peu pr\u00e8s 200 couronnes par personne.<\/li>\n<\/ul>\n<\/li>\n<\/ul>\n<p><a href=\"http:\/\/alliancefr.se\/halmstad\/wp-content\/uploads\/sites\/9\/2025\/08\/Automne-2025-1.pdf\">Automne 2025 (1)<\/a><\/p>\n<p>\t\t\t\t\t\t\t\t\t\t\t\t\t\t\t<img fetchpriority=\"high\" decoding=\"async\" width=\"960\" height=\"768\" src=\"http:\/\/alliancefr.se\/halmstad\/wp-content\/uploads\/sites\/9\/2025\/09\/Namnlos-design-1-1024x819.png\" alt=\"\" \/><\/p>\n","protected":false},"excerpt":{"rendered":"<p>D\u00e9couvrez ici le programme de cette ann\u00e9e avec les \u00e9v\u00e9nements propos\u00e9s par l&rsquo;Alliance Fran\u00e7aise d&rsquo;Halmstad ! Le Mercredi 17 Septembre, Alicia, volontaire civique d&rsquo;\u00d6rebro, viendra nous faire l&rsquo;expos\u00e9 suivant: \u00a0\u00bb Les Trois Mousquetaires.H\u00e9ros ou salauds\u00a0\u00bb d&rsquo;apr\u00e8s\u00a0le roman d&rsquo;Alexandre Dumas Le 1er Octobre, nous recevrons deux musiciens qui interpr\u00e9teront des classiques de la chanson fran\u00e7aise.\u00a0 Le 12 Novembre, nous aurons une conf\u00e9rence sur le travail quotidien de Romain Chichery et son amie Emma qui sont les responsables du vignoble Thora Ving\u00e5rd \u00e0 B\u00e5stad. Cela sera suivi d&rsquo;une d\u00e9gustation exclusivement r\u00e9serv\u00e9e aux membres de l&rsquo;Alliance Fran\u00e7aise d&rsquo;Halmstad. Il est n\u00e9cessaire de s&rsquo;inscrire rapidement afin de communiquer au vignoble le nombre de participants. Nous d\u00e9gusterons 3 vins. Chacun apportera 3 verres \u00e0 vin et le co\u00fbt de l&rsquo;\u00e9v\u00e9nement sera \u00e0 partager entre les participants. Je pense que cela devrait co\u00fbter \u00e0 peu pr\u00e8s 200 couronnes par personne. Automne 2025 (1)<\/p>\n","protected":false},"author":1,"featured_media":1297,"parent":0,"menu_order":0,"comment_status":"closed","ping_status":"closed","template":"","meta":{"om_disable_all_campaigns":false,"_monsterinsights_skip_tracking":false,"_monsterinsights_sitenote_active":false,"_monsterinsights_sitenote_note":"","_monsterinsights_sitenote_category":0,"_uf_show_specific_survey":0,"_uf_disable_surveys":false,"footnotes":""},"class_list":["post-978","page","type-page","status-publish","has-post-thumbnail","hentry"],"aioseo_notices":[],"rttpg_featured_image_url":{"full":["https:\/\/alliancefr.se\/halmstad\/wp-content\/uploads\/sites\/9\/2025\/09\/Namnlos-design-1.png",2000,1600,false],"landscape":["https:\/\/alliancefr.se\/halmstad\/wp-content\/uploads\/sites\/9\/2025\/09\/Namnlos-design-1.png",2000,1600,false],"portraits":["https:\/\/alliancefr.se\/halmstad\/wp-content\/uploads\/sites\/9\/2025\/09\/Namnlos-design-1.png",2000,1600,false],"thumbnail":["https:\/\/alliancefr.se\/halmstad\/wp-content\/uploads\/sites\/9\/2025\/09\/Namnlos-design-1-150x150.png",150,150,true],"medium":["https:\/\/alliancefr.se\/halmstad\/wp-content\/uploads\/sites\/9\/2025\/09\/Namnlos-design-1-300x240.png",300,240,true],"large":["https:\/\/alliancefr.se\/halmstad\/wp-content\/uploads\/sites\/9\/2025\/09\/Namnlos-design-1-1024x819.png",960,768,true],"1536x1536":["https:\/\/alliancefr.se\/halmstad\/wp-content\/uploads\/sites\/9\/2025\/09\/Namnlos-design-1-1536x1229.png",1536,1229,true],"2048x2048":["https:\/\/alliancefr.se\/halmstad\/wp-content\/uploads\/sites\/9\/2025\/09\/Namnlos-design-1.png",2000,1600,false],"ashe-slider-full-thumbnail":["https:\/\/alliancefr.se\/halmstad\/wp-content\/uploads\/sites\/9\/2025\/09\/Namnlos-design-1-1080x540.png",1080,540,true],"ashe-full-thumbnail":["https:\/\/alliancefr.se\/halmstad\/wp-content\/uploads\/sites\/9\/2025\/09\/Namnlos-design-1-1140x912.png",1140,912,true],"ashe-list-thumbnail":["https:\/\/alliancefr.se\/halmstad\/wp-content\/uploads\/sites\/9\/2025\/09\/Namnlos-design-1-300x300.png",300,300,true],"ashe-grid-thumbnail":["https:\/\/alliancefr.se\/halmstad\/wp-content\/uploads\/sites\/9\/2025\/09\/Namnlos-design-1-500x330.png",500,330,true],"ashe-single-navigation":["https:\/\/alliancefr.se\/halmstad\/wp-content\/uploads\/sites\/9\/2025\/09\/Namnlos-design-1-75x75.png",75,75,true]},"rttpg_author":{"display_name":"Super.admin","author_link":"https:\/\/alliancefr.se\/halmstad\/author\/admin2174\/"},"rttpg_comment":0,"rttpg_category":" <a href=\"https:\/\/alliancefr.se\/halmstad\/\" rel=\"tag\">Fran\u00e7ais<\/a>","rttpg_excerpt":"D\u00e9couvrez ici le programme de cette ann\u00e9e avec les \u00e9v\u00e9nements propos\u00e9s par l&rsquo;Alliance Fran\u00e7aise d&rsquo;Halmstad ! Le Mercredi 17 Septembre, Alicia, volontaire civique d&rsquo;\u00d6rebro, viendra nous faire l&rsquo;expos\u00e9 suivant: \u00a0\u00bb Les Trois Mousquetaires.H\u00e9ros ou salauds\u00a0\u00bb d&rsquo;apr\u00e8s\u00a0le roman d&rsquo;Alexandre Dumas Le 1er Octobre, nous recevrons deux musiciens qui interpr\u00e9teront des classiques de la chanson fran\u00e7aise.\u00a0 Le\u2026","_links":{"self":[{"href":"https:\/\/alliancefr.se\/halmstad\/wp-json\/wp\/v2\/pages\/978","targetHints":{"allow":["GET"]}}],"collection":[{"href":"https:\/\/alliancefr.se\/halmstad\/wp-json\/wp\/v2\/pages"}],"about":[{"href":"https:\/\/alliancefr.se\/halmstad\/wp-json\/wp\/v2\/types\/page"}],"author":[{"embeddable":true,"href":"https:\/\/alliancefr.se\/halmstad\/wp-json\/wp\/v2\/users\/1"}],"replies":[{"embeddable":true,"href":"https:\/\/alliancefr.se\/halmstad\/wp-json\/wp\/v2\/comments?post=978"}],"version-history":[{"count":16,"href":"https:\/\/alliancefr.se\/halmstad\/wp-json\/wp\/v2\/pages\/978\/revisions"}],"predecessor-version":[{"id":1300,"href":"https:\/\/alliancefr.se\/halmstad\/wp-json\/wp\/v2\/pages\/978\/revisions\/1300"}],"wp:featuredmedia":[{"embeddable":true,"href":"https:\/\/alliancefr.se\/halmstad\/wp-json\/wp\/v2\/media\/1297"}],"wp:attachment":[{"href":"https:\/\/alliancefr.se\/halmstad\/wp-json\/wp\/v2\/media?parent=978"}],"curies":[{"name":"wp","href":"https:\/\/api.w.org\/{rel}","templated":true}]}}