{"id":795,"date":"2023-11-06T15:25:58","date_gmt":"2023-11-06T14:25:58","guid":{"rendered":"https:\/\/alliancefr.se\/halmstad\/?page_id=795"},"modified":"2023-11-06T15:29:20","modified_gmt":"2023-11-06T14:29:20","slug":"voyage-en-champagne","status":"publish","type":"page","link":"https:\/\/alliancefr.se\/halmstad\/voyage-en-champagne\/","title":{"rendered":"Voyage en Champagne 2023"},"content":{"rendered":"\t\t<div data-elementor-type=\"wp-page\" data-elementor-id=\"795\" class=\"elementor elementor-795\">\n\t\t\t\t\t\t<section class=\"elementor-section elementor-top-section elementor-element elementor-element-fc4c817 elementor-section-boxed elementor-section-height-default elementor-section-height-default\" data-id=\"fc4c817\" data-element_type=\"section\">\n\t\t\t\t\t\t<div class=\"elementor-container elementor-column-gap-default\">\n\t\t\t\t\t<div class=\"elementor-column elementor-col-50 elementor-top-column elementor-element elementor-element-cd775a3\" data-id=\"cd775a3\" data-element_type=\"column\">\n\t\t\t<div class=\"elementor-widget-wrap elementor-element-populated\">\n\t\t\t\t\t\t<div class=\"elementor-element elementor-element-d3ae0c1 elementor-widget elementor-widget-image\" data-id=\"d3ae0c1\" data-element_type=\"widget\" data-widget_type=\"image.default\">\n\t\t\t\t<div class=\"elementor-widget-container\">\n\t\t\t\t\t\t\t\t\t\t\t\t\t\t\t<img fetchpriority=\"high\" decoding=\"async\" width=\"561\" height=\"510\" src=\"https:\/\/alliancefr.se\/halmstad\/wp-content\/uploads\/sites\/9\/2023\/11\/0b36bd49-4498-47c2-859e-47b01cccd7d9_orig.jpeg\" class=\"attachment-large size-large wp-image-797\" alt=\"\" \/>\t\t\t\t\t\t\t\t\t\t\t\t\t\t\t<\/div>\n\t\t\t\t<\/div>\n\t\t\t\t\t<\/div>\n\t\t<\/div>\n\t\t\t\t<div class=\"elementor-column elementor-col-50 elementor-top-column elementor-element elementor-element-46fd662\" data-id=\"46fd662\" data-element_type=\"column\">\n\t\t\t<div class=\"elementor-widget-wrap elementor-element-populated\">\n\t\t\t\t\t\t<div class=\"elementor-element elementor-element-473ad29 elementor-widget elementor-widget-image\" data-id=\"473ad29\" data-element_type=\"widget\" data-widget_type=\"image.default\">\n\t\t\t\t<div class=\"elementor-widget-container\">\n\t\t\t\t\t\t\t\t\t\t\t\t\t\t\t<img decoding=\"async\" width=\"225\" height=\"300\" src=\"https:\/\/alliancefr.se\/halmstad\/wp-content\/uploads\/sites\/9\/2023\/11\/b3a46a2c-0c9b-49a7-be2a-230c91c4c766_orig-225x300.jpg\" class=\"attachment-medium size-medium wp-image-800\" alt=\"\" \/>\t\t\t\t\t\t\t\t\t\t\t\t\t\t\t<\/div>\n\t\t\t\t<\/div>\n\t\t\t\t\t<\/div>\n\t\t<\/div>\n\t\t\t\t\t<\/div>\n\t\t<\/section>\n\t\t\t\t<section class=\"elementor-section elementor-top-section elementor-element elementor-element-68c99b3 elementor-section-boxed elementor-section-height-default elementor-section-height-default\" data-id=\"68c99b3\" data-element_type=\"section\">\n\t\t\t\t\t\t<div class=\"elementor-container elementor-column-gap-default\">\n\t\t\t\t\t<div class=\"elementor-column elementor-col-100 elementor-top-column elementor-element elementor-element-74439da\" data-id=\"74439da\" data-element_type=\"column\">\n\t\t\t<div class=\"elementor-widget-wrap elementor-element-populated\">\n\t\t\t\t\t\t<div class=\"elementor-element elementor-element-02c48c1 elementor-widget elementor-widget-text-editor\" data-id=\"02c48c1\" data-element_type=\"widget\" data-widget_type=\"text-editor.default\">\n\t\t\t\t<div class=\"elementor-widget-container\">\n\t\t\t\t\t\t\t\t\t<p><strong>Un\u00a0voyage en Champagne<\/strong>\u00a0pour les membres de l\u2019Alliance Fran\u00e7aise pourrait peut-\u00eatre se r\u00e9aliser.\u00a0 Le <strong>19 mars, \u00e0 18 heures<\/strong>, il y aura un meeting d\u2019information \u00e0 \u00ab\u00a0A Little Party\u00a0\u00bb, o\u00f9 Magnus nous informera des conditions de ce voyage \u00e9ventuel.<\/p>\t\t\t\t\t\t\t\t<\/div>\n\t\t\t\t<\/div>\n\t\t\t\t\t<\/div>\n\t\t<\/div>\n\t\t\t\t\t<\/div>\n\t\t<\/section>\n\t\t\t\t<\/div>\n\t\t","protected":false},"excerpt":{"rendered":"<p>Un\u00a0voyage en Champagne\u00a0pour les membres de l\u2019Alliance Fran\u00e7aise pourrait peut-\u00eatre se r\u00e9aliser.\u00a0 Le 19 mars, \u00e0 18 heures, il y aura un meeting d\u2019information \u00e0 \u00ab\u00a0A Little Party\u00a0\u00bb, o\u00f9 Magnus nous informera des conditions de ce voyage \u00e9ventuel.<\/p>\n","protected":false},"author":1,"featured_media":0,"parent":0,"menu_order":0,"comment_status":"closed","ping_status":"closed","template":"","meta":{"om_disable_all_campaigns":false,"_monsterinsights_skip_tracking":false,"_monsterinsights_sitenote_active":false,"_monsterinsights_sitenote_note":"","_monsterinsights_sitenote_category":0,"_uf_show_specific_survey":0,"_uf_disable_surveys":false,"footnotes":""},"class_list":["post-795","page","type-page","status-publish","hentry"],"aioseo_notices":[],"rttpg_featured_image_url":null,"rttpg_author":{"display_name":"Super.admin","author_link":"https:\/\/alliancefr.se\/halmstad\/author\/admin2174\/"},"rttpg_comment":0,"rttpg_category":" <a href=\"https:\/\/alliancefr.se\/halmstad\/\" rel=\"tag\">Fran\u00e7ais<\/a>","rttpg_excerpt":"Un\u00a0voyage en Champagne\u00a0pour les membres de l\u2019Alliance Fran\u00e7aise pourrait peut-\u00eatre se r\u00e9aliser.\u00a0 Le 19 mars, \u00e0 18 heures, il y aura un meeting d\u2019information \u00e0 \u00ab\u00a0A Little Party\u00a0\u00bb, o\u00f9 Magnus nous informera des conditions de ce voyage \u00e9ventuel.","_links":{"self":[{"href":"https:\/\/alliancefr.se\/halmstad\/wp-json\/wp\/v2\/pages\/795","targetHints":{"allow":["GET"]}}],"collection":[{"href":"https:\/\/alliancefr.se\/halmstad\/wp-json\/wp\/v2\/pages"}],"about":[{"href":"https:\/\/alliancefr.se\/halmstad\/wp-json\/wp\/v2\/types\/page"}],"author":[{"embeddable":true,"href":"https:\/\/alliancefr.se\/halmstad\/wp-json\/wp\/v2\/users\/1"}],"replies":[{"embeddable":true,"href":"https:\/\/alliancefr.se\/halmstad\/wp-json\/wp\/v2\/comments?post=795"}],"version-history":[{"count":6,"href":"https:\/\/alliancefr.se\/halmstad\/wp-json\/wp\/v2\/pages\/795\/revisions"}],"predecessor-version":[{"id":804,"href":"https:\/\/alliancefr.se\/halmstad\/wp-json\/wp\/v2\/pages\/795\/revisions\/804"}],"wp:attachment":[{"href":"https:\/\/alliancefr.se\/halmstad\/wp-json\/wp\/v2\/media?parent=795"}],"curies":[{"name":"wp","href":"https:\/\/api.w.org\/{rel}","templated":true}]}}