{"id":761,"date":"2023-10-30T17:10:16","date_gmt":"2023-10-30T16:10:16","guid":{"rendered":"http:\/\/alliancefr.se\/halmstad\/?page_id=761"},"modified":"2025-01-22T14:59:08","modified_gmt":"2025-01-22T13:59:08","slug":"archives","status":"publish","type":"page","link":"https:\/\/alliancefr.se\/halmstad\/archives\/","title":{"rendered":"Archives"},"content":{"rendered":"\t\t<div data-elementor-type=\"wp-page\" data-elementor-id=\"761\" class=\"elementor elementor-761\">\n\t\t\t\t\t\t<section class=\"elementor-section elementor-top-section elementor-element elementor-element-3c38e1b elementor-section-boxed elementor-section-height-default elementor-section-height-default\" data-id=\"3c38e1b\" data-element_type=\"section\">\n\t\t\t\t\t\t<div class=\"elementor-container elementor-column-gap-default\">\n\t\t\t\t\t<div class=\"elementor-column elementor-col-100 elementor-top-column elementor-element elementor-element-da19b1b\" data-id=\"da19b1b\" data-element_type=\"column\">\n\t\t\t<div class=\"elementor-widget-wrap elementor-element-populated\">\n\t\t\t\t\t\t<div class=\"elementor-element elementor-element-ab4a066 elementor-widget elementor-widget-text-editor\" data-id=\"ab4a066\" data-element_type=\"widget\" data-widget_type=\"text-editor.default\">\n\t\t\t\t<div class=\"elementor-widget-container\">\n\t\t\t\t\t\t\t\t\t<p>D\u00e9couvrez les programmes des ann\u00e9es pr\u00e9c\u00e9dentes :<\/p><ul><li><a href=\"http:\/\/alliancefr.se\/halmstad\/wp-content\/uploads\/sites\/9\/2024\/01\/Programme-printemps-2024-1.pdf\" target=\"_blank\" rel=\"noopener\">Printemps 2024<\/a><\/li><li><a href=\"http:\/\/alliancefr.se\/halmstad\/wp-content\/uploads\/sites\/9\/2024\/09\/Automne-2024.pdf\" target=\"_blank\" rel=\"noopener\">Automne 2024<\/a><\/li><li><a href=\"http:\/\/alliancefr.se\/halmstad\/programme-automne-2023\/\">Automne 2023<\/a><\/li><li><a href=\"http:\/\/alliancefr.se\/halmstad\/programme-printemps-2023\/\">Printemps 2023<\/a><\/li><li><a href=\"https:\/\/alliancefr.se\/halmstad\/voyage-en-champagne\/\">Voyage en Champagne 2023<\/a><\/li><li><a href=\"http:\/\/alliancefr.se\/halmstad\/programme-automne-2022\/\">Automne 2022<\/a><\/li><li><a href=\"http:\/\/alliancefr.se\/halmstad\/programme-printemps-2022\/\">Printemps 2022<\/a><\/li><li><a href=\"http:\/\/alliancefr.se\/halmstad\/programme-printemps-2019\/\">Printemps 2019<\/a><\/li><li><a href=\"http:\/\/alliancefr.se\/halmstad\/programme-printemps-2017\/\">Printemps 2017<\/a><\/li><li><a href=\"http:\/\/alliancefr.se\/halmstad\/programme-automne-2016\/\">Automne 2016<\/a><\/li><li><a href=\"http:\/\/alliancefr.se\/halmstad\/programme-printemps-2016\/\">Printemps 2016<\/a><\/li><li><a href=\"http:\/\/alliancefr.se\/halmstad\/programme-automne-2015\/\">Automne 2015<\/a><\/li><li><a href=\"http:\/\/alliancefr.se\/halmstad\/programme-printemps-2015\/\">Printemps 2015<\/a><\/li><\/ul>\t\t\t\t\t\t\t\t<\/div>\n\t\t\t\t<\/div>\n\t\t\t\t\t<\/div>\n\t\t<\/div>\n\t\t\t\t\t<\/div>\n\t\t<\/section>\n\t\t\t\t<\/div>\n\t\t","protected":false},"excerpt":{"rendered":"<p>D\u00e9couvrez les programmes des ann\u00e9es pr\u00e9c\u00e9dentes : Printemps 2024 Automne 2024 Automne 2023 Printemps 2023 Voyage en Champagne 2023 Automne 2022 Printemps 2022 Printemps 2019 Printemps 2017 Automne 2016 Printemps 2016 Automne 2015 Printemps 2015<\/p>\n","protected":false},"author":1,"featured_media":0,"parent":0,"menu_order":0,"comment_status":"closed","ping_status":"closed","template":"","meta":{"om_disable_all_campaigns":false,"_monsterinsights_skip_tracking":false,"_monsterinsights_sitenote_active":false,"_monsterinsights_sitenote_note":"","_monsterinsights_sitenote_category":0,"_uf_show_specific_survey":0,"_uf_disable_surveys":false,"footnotes":""},"class_list":["post-761","page","type-page","status-publish","hentry"],"aioseo_notices":[],"rttpg_featured_image_url":null,"rttpg_author":{"display_name":"Super.admin","author_link":"https:\/\/alliancefr.se\/halmstad\/author\/admin2174\/"},"rttpg_comment":0,"rttpg_category":" <a href=\"https:\/\/alliancefr.se\/halmstad\/\" rel=\"tag\">Fran\u00e7ais<\/a>","rttpg_excerpt":"D\u00e9couvrez les programmes des ann\u00e9es pr\u00e9c\u00e9dentes : Printemps 2024 Automne 2024 Automne 2023 Printemps 2023 Voyage en Champagne 2023 Automne 2022 Printemps 2022 Printemps 2019 Printemps 2017 Automne 2016 Printemps 2016 Automne 2015 Printemps 2015","_links":{"self":[{"href":"https:\/\/alliancefr.se\/halmstad\/wp-json\/wp\/v2\/pages\/761","targetHints":{"allow":["GET"]}}],"collection":[{"href":"https:\/\/alliancefr.se\/halmstad\/wp-json\/wp\/v2\/pages"}],"about":[{"href":"https:\/\/alliancefr.se\/halmstad\/wp-json\/wp\/v2\/types\/page"}],"author":[{"embeddable":true,"href":"https:\/\/alliancefr.se\/halmstad\/wp-json\/wp\/v2\/users\/1"}],"replies":[{"embeddable":true,"href":"https:\/\/alliancefr.se\/halmstad\/wp-json\/wp\/v2\/comments?post=761"}],"version-history":[{"count":34,"href":"https:\/\/alliancefr.se\/halmstad\/wp-json\/wp\/v2\/pages\/761\/revisions"}],"predecessor-version":[{"id":1172,"href":"https:\/\/alliancefr.se\/halmstad\/wp-json\/wp\/v2\/pages\/761\/revisions\/1172"}],"wp:attachment":[{"href":"https:\/\/alliancefr.se\/halmstad\/wp-json\/wp\/v2\/media?parent=761"}],"curies":[{"name":"wp","href":"https:\/\/api.w.org\/{rel}","templated":true}]}}