{"id":402,"date":"2019-03-11T14:55:09","date_gmt":"2019-03-11T13:55:09","guid":{"rendered":"http:\/\/alliancefr.se\/halmstad\/hem\/"},"modified":"2025-12-10T08:54:22","modified_gmt":"2025-12-10T07:54:22","slug":"om-oss","status":"publish","type":"page","link":"https:\/\/alliancefr.se\/halmstad\/sv\/om-oss\/","title":{"rendered":"Om oss"},"content":{"rendered":"\t\t<div data-elementor-type=\"wp-page\" data-elementor-id=\"402\" class=\"elementor elementor-402\">\n\t\t\t\t\t\t<section class=\"elementor-section elementor-top-section elementor-element elementor-element-27d6f467 elementor-section-boxed elementor-section-height-default elementor-section-height-default\" data-id=\"27d6f467\" data-element_type=\"section\">\n\t\t\t\t\t\t<div class=\"elementor-container elementor-column-gap-default\">\n\t\t\t\t\t<div class=\"elementor-column elementor-col-100 elementor-top-column elementor-element elementor-element-4e0cebe\" data-id=\"4e0cebe\" data-element_type=\"column\">\n\t\t\t<div class=\"elementor-widget-wrap elementor-element-populated\">\n\t\t\t\t\t\t<div class=\"elementor-element elementor-element-165f8f56 elementor-widget elementor-widget-text-editor\" data-id=\"165f8f56\" data-element_type=\"widget\" data-widget_type=\"text-editor.default\">\n\t\t\t\t<div class=\"elementor-widget-container\">\n\t\t\t\t\t\t\t\t\t<p><strong>F\u00f6reningen Alliance Fran\u00e7aise<\/strong> vill verka f\u00f6r att fr\u00e4mja det franska spr\u00e5ket och den franska kulturen. I Halmstad har f\u00f6reningen funnits sedan 1929, men Alliance Fran\u00e7aise i Paris bildades redan 1883 och lokalf\u00f6reningar finns \u00f6ver hela v\u00e4rlden.<\/p><p><a href=\"http:\/\/alliancefr.se\/sv\/\">F\u00f6r att f\u00e5 veta mer om n\u00e4tverket av franska allianser i Sverige<\/a><\/p><p>P\u00e5 <strong>Alliance Fran\u00e7aise i Halmstad<\/strong>, brukar vi ha <strong>tre-fyra aktiviteter per termin<\/strong>. Det kan vara f\u00f6redrag om allt m\u00f6jligt med fransk anknytning, om exempelvis fransk kultur, fransktalande l\u00e4nder eller franska viner. Oftast \u00e4r aktiviteterna p\u00e5 franska, men man beh\u00f6ver inte vara flytande p\u00e5 franska f\u00f6r att komma, eftersom det brukar finnas n\u00e5gon som kan \u00f6vers\u00e4tta. N\u00e4r vi har franska filmvisningar i samarbete med biblioteket och Institut Fran\u00e7ais \u00e4r filmerna textade p\u00e5 engelska.<\/p><p>Medlemskapet kostar :<\/p><ul><li>250:-\/\u00e5r f\u00f6r enskild medlem,<\/li><li>300:-\/\u00e5r f\u00f6r familj,<\/li><li>Entr\u00e9 icke medlem 60:-.<\/li><\/ul><p><strong>Vill du bli medlem?<\/strong><\/p><p>Kontakta oss via formul\u00e4ret <a href=\"https:\/\/alliancefr.se\/halmstad\/sv\/bli-medlem\/\">\u00ab\u00a0Bli medlem\u00a0\u00bb<\/a> och betala in medlemsavgiften till <strong>PlusGirot 54 77 50-0 AF Halmstad<\/strong> med angivande av ditt namn.<\/p>\t\t\t\t\t\t\t\t<\/div>\n\t\t\t\t<\/div>\n\t\t\t\t\t<\/div>\n\t\t<\/div>\n\t\t\t\t\t<\/div>\n\t\t<\/section>\n\t\t\t\t<\/div>\n\t\t","protected":false},"excerpt":{"rendered":"<p>F\u00f6reningen Alliance Fran\u00e7aise vill verka f\u00f6r att fr\u00e4mja det franska spr\u00e5ket och den franska kulturen. I Halmstad har f\u00f6reningen funnits sedan 1929, men Alliance Fran\u00e7aise i Paris bildades redan 1883 och lokalf\u00f6reningar finns \u00f6ver hela v\u00e4rlden. F\u00f6r att f\u00e5 veta mer om n\u00e4tverket av franska allianser i Sverige P\u00e5 Alliance Fran\u00e7aise i Halmstad, brukar vi ha tre-fyra aktiviteter per termin. Det kan vara f\u00f6redrag om allt m\u00f6jligt med fransk anknytning, om exempelvis fransk kultur, fransktalande l\u00e4nder eller franska viner. Oftast \u00e4r aktiviteterna p\u00e5 franska, men man beh\u00f6ver inte vara flytande p\u00e5 franska f\u00f6r att komma, eftersom det brukar finnas n\u00e5gon som kan \u00f6vers\u00e4tta. N\u00e4r vi har franska filmvisningar i samarbete med biblioteket och Institut Fran\u00e7ais \u00e4r filmerna textade p\u00e5 engelska. Medlemskapet kostar : 250:-\/\u00e5r f\u00f6r enskild medlem, 300:-\/\u00e5r f\u00f6r familj, Entr\u00e9 icke medlem 60:-. Vill du bli medlem? Kontakta oss via formul\u00e4ret \u00ab\u00a0Bli medlem\u00a0\u00bb och betala in medlemsavgiften till PlusGirot 54 77 50-0 AF Halmstad med angivande av ditt namn.<\/p>\n","protected":false},"author":1,"featured_media":0,"parent":0,"menu_order":0,"comment_status":"closed","ping_status":"closed","template":"","meta":{"om_disable_all_campaigns":false,"_monsterinsights_skip_tracking":false,"_monsterinsights_sitenote_active":false,"_monsterinsights_sitenote_note":"","_monsterinsights_sitenote_category":0,"_uf_show_specific_survey":0,"_uf_disable_surveys":false,"footnotes":""},"class_list":["post-402","page","type-page","status-publish","hentry"],"aioseo_notices":[],"rttpg_featured_image_url":null,"rttpg_author":{"display_name":"Super.admin","author_link":"https:\/\/alliancefr.se\/halmstad\/author\/admin2174\/"},"rttpg_comment":0,"rttpg_category":" <a href=\"https:\/\/alliancefr.se\/halmstad\/sv\/\" rel=\"tag\">Svenska<\/a>","rttpg_excerpt":"F\u00f6reningen Alliance Fran\u00e7aise vill verka f\u00f6r att fr\u00e4mja det franska spr\u00e5ket och den franska kulturen. I Halmstad har f\u00f6reningen funnits sedan 1929, men Alliance Fran\u00e7aise i Paris bildades redan 1883 och lokalf\u00f6reningar finns \u00f6ver hela v\u00e4rlden. F\u00f6r att f\u00e5 veta mer om n\u00e4tverket av franska allianser i Sverige P\u00e5 Alliance Fran\u00e7aise i Halmstad, brukar vi\u2026","_links":{"self":[{"href":"https:\/\/alliancefr.se\/halmstad\/wp-json\/wp\/v2\/pages\/402","targetHints":{"allow":["GET"]}}],"collection":[{"href":"https:\/\/alliancefr.se\/halmstad\/wp-json\/wp\/v2\/pages"}],"about":[{"href":"https:\/\/alliancefr.se\/halmstad\/wp-json\/wp\/v2\/types\/page"}],"author":[{"embeddable":true,"href":"https:\/\/alliancefr.se\/halmstad\/wp-json\/wp\/v2\/users\/1"}],"replies":[{"embeddable":true,"href":"https:\/\/alliancefr.se\/halmstad\/wp-json\/wp\/v2\/comments?post=402"}],"version-history":[{"count":12,"href":"https:\/\/alliancefr.se\/halmstad\/wp-json\/wp\/v2\/pages\/402\/revisions"}],"predecessor-version":[{"id":1327,"href":"https:\/\/alliancefr.se\/halmstad\/wp-json\/wp\/v2\/pages\/402\/revisions\/1327"}],"wp:attachment":[{"href":"https:\/\/alliancefr.se\/halmstad\/wp-json\/wp\/v2\/media?parent=402"}],"curies":[{"name":"wp","href":"https:\/\/api.w.org\/{rel}","templated":true}]}}