{"id":117,"date":"2019-06-06T16:28:53","date_gmt":"2019-06-06T14:28:53","guid":{"rendered":"http:\/\/alliancefr.se\/halmstad\/hem-2\/"},"modified":"2025-12-15T15:43:31","modified_gmt":"2025-12-15T14:43:31","slug":"hem","status":"publish","type":"page","link":"https:\/\/alliancefr.se\/halmstad\/sv\/hem\/","title":{"rendered":"Start"},"content":{"rendered":"\t\t<div data-elementor-type=\"wp-page\" data-elementor-id=\"117\" class=\"elementor elementor-117\">\n\t\t\t\t\t\t<section class=\"elementor-section elementor-top-section elementor-element elementor-element-67d8731 elementor-section-boxed elementor-section-height-default elementor-section-height-default\" data-id=\"67d8731\" data-element_type=\"section\">\n\t\t\t\t\t\t<div class=\"elementor-container elementor-column-gap-default\">\n\t\t\t\t\t<div class=\"elementor-column elementor-col-100 elementor-top-column elementor-element elementor-element-1b3d60b\" data-id=\"1b3d60b\" data-element_type=\"column\">\n\t\t\t<div class=\"elementor-widget-wrap elementor-element-populated\">\n\t\t\t\t\t\t<div class=\"elementor-element elementor-element-aab482e elementor-widget elementor-widget-text-editor\" data-id=\"aab482e\" data-element_type=\"widget\" data-widget_type=\"text-editor.default\">\n\t\t\t\t<div class=\"elementor-widget-container\">\n\t\t\t\t\t\t\t\t\t<h5><b>V\u00e4lkommen till Alliance Fran\u00e7aise Halmstad !<\/b><\/h5><p><b><\/b><span style=\"font-weight: 400\">En f\u00f6reningen som har som m\u00e5l att sprida kunskap om Frankrike och det franska spr\u00e5ket och kulturen.<\/span><\/p><p><a style=\"font-family: var( --e-global-typography-text-font-family ), Sans-serif;font-weight: var( --e-global-typography-text-font-weight );background-color: #ffffff;letter-spacing: 0px\" href=\"http:\/\/alliancefr.se\/halmstad\/sv\/bli-medlem\/\">G\u00e5 med oss! F\u00f6r att bli medlem, klicka h\u00e4r!\u00a0<\/a><\/p>\t\t\t\t\t\t\t\t<\/div>\n\t\t\t\t<\/div>\n\t\t\t\t\t<\/div>\n\t\t<\/div>\n\t\t\t\t\t<\/div>\n\t\t<\/section>\n\t\t\t\t<\/div>\n\t\t","protected":false},"excerpt":{"rendered":"<p>V\u00e4lkommen till Alliance Fran\u00e7aise Halmstad ! En f\u00f6reningen som har som m\u00e5l att sprida kunskap om Frankrike och det franska spr\u00e5ket och kulturen. G\u00e5 med oss! F\u00f6r att bli medlem, klicka h\u00e4r!\u00a0<\/p>\n","protected":false},"author":1,"featured_media":0,"parent":0,"menu_order":0,"comment_status":"closed","ping_status":"closed","template":"","meta":{"om_disable_all_campaigns":false,"_monsterinsights_skip_tracking":false,"_monsterinsights_sitenote_active":false,"_monsterinsights_sitenote_note":"","_monsterinsights_sitenote_category":0,"_uf_show_specific_survey":0,"_uf_disable_surveys":false,"footnotes":""},"class_list":["post-117","page","type-page","status-publish","hentry"],"aioseo_notices":[],"rttpg_featured_image_url":null,"rttpg_author":{"display_name":"Super.admin","author_link":"https:\/\/alliancefr.se\/halmstad\/author\/admin2174\/"},"rttpg_comment":0,"rttpg_category":" <a href=\"https:\/\/alliancefr.se\/halmstad\/sv\/\" rel=\"tag\">Svenska<\/a>","rttpg_excerpt":"V\u00e4lkommen till Alliance Fran\u00e7aise Halmstad ! En f\u00f6reningen som har som m\u00e5l att sprida kunskap om Frankrike och det franska spr\u00e5ket och kulturen. G\u00e5 med oss! F\u00f6r att bli medlem, klicka h\u00e4r!\u00a0","_links":{"self":[{"href":"https:\/\/alliancefr.se\/halmstad\/wp-json\/wp\/v2\/pages\/117","targetHints":{"allow":["GET"]}}],"collection":[{"href":"https:\/\/alliancefr.se\/halmstad\/wp-json\/wp\/v2\/pages"}],"about":[{"href":"https:\/\/alliancefr.se\/halmstad\/wp-json\/wp\/v2\/types\/page"}],"author":[{"embeddable":true,"href":"https:\/\/alliancefr.se\/halmstad\/wp-json\/wp\/v2\/users\/1"}],"replies":[{"embeddable":true,"href":"https:\/\/alliancefr.se\/halmstad\/wp-json\/wp\/v2\/comments?post=117"}],"version-history":[{"count":51,"href":"https:\/\/alliancefr.se\/halmstad\/wp-json\/wp\/v2\/pages\/117\/revisions"}],"predecessor-version":[{"id":1350,"href":"https:\/\/alliancefr.se\/halmstad\/wp-json\/wp\/v2\/pages\/117\/revisions\/1350"}],"wp:attachment":[{"href":"https:\/\/alliancefr.se\/halmstad\/wp-json\/wp\/v2\/media?parent=117"}],"curies":[{"name":"wp","href":"https:\/\/api.w.org\/{rel}","templated":true}]}}