{"id":1020,"date":"2024-09-26T14:54:46","date_gmt":"2024-09-26T12:54:46","guid":{"rendered":"https:\/\/alliancefr.se\/halmstad\/?page_id=1020"},"modified":"2025-01-22T15:01:33","modified_gmt":"2025-01-22T14:01:33","slug":"arkiv","status":"publish","type":"page","link":"https:\/\/alliancefr.se\/halmstad\/sv\/arkiv\/","title":{"rendered":"Arkiv"},"content":{"rendered":"\t\t<div data-elementor-type=\"wp-page\" data-elementor-id=\"1020\" class=\"elementor elementor-1020\">\n\t\t\t\t\t\t<section class=\"elementor-section elementor-top-section elementor-element elementor-element-3c38e1b elementor-section-boxed elementor-section-height-default elementor-section-height-default\" data-id=\"3c38e1b\" data-element_type=\"section\">\n\t\t\t\t\t\t<div class=\"elementor-container elementor-column-gap-default\">\n\t\t\t\t\t<div class=\"elementor-column elementor-col-100 elementor-top-column elementor-element elementor-element-da19b1b\" data-id=\"da19b1b\" data-element_type=\"column\">\n\t\t\t<div class=\"elementor-widget-wrap elementor-element-populated\">\n\t\t\t\t\t\t<div class=\"elementor-element elementor-element-ab4a066 elementor-widget elementor-widget-text-editor\" data-id=\"ab4a066\" data-element_type=\"widget\" data-widget_type=\"text-editor.default\">\n\t\t\t\t<div class=\"elementor-widget-container\">\n\t\t\t\t\t\t\t\t\t<p>Uppt\u00e4ck programmen fr\u00e5n tidigare \u00e5r:<\/p><ul><li><a href=\"http:\/\/alliancefr.se\/halmstad\/wp-content\/uploads\/sites\/9\/2024\/01\/Programme-printemps-2024-1.pdf\" target=\"_blank\" rel=\"noopener\">V\u00e5rprogram 2024<\/a><\/li><li><a href=\"http:\/\/alliancefr.se\/halmstad\/wp-content\/uploads\/sites\/9\/2024\/10\/Automne-2024-version-2.pdf\">H\u00f6tsprogram 2024<\/a><\/li><li><a href=\"http:\/\/alliancefr.se\/halmstad\/programme-automne-2023\/\">H\u00f6stprogram 2023<\/a><\/li><li><a href=\"http:\/\/alliancefr.se\/halmstad\/programme-printemps-2023\/\">V\u00e5rprogram 2023<\/a><\/li><li><a href=\"https:\/\/alliancefr.se\/halmstad\/voyage-en-champagne\/\">Resa till Champagne 2023<\/a><\/li><li><a href=\"http:\/\/alliancefr.se\/halmstad\/programme-automne-2022\/\">H\u00f6stprogram 2022<\/a><\/li><li><a href=\"http:\/\/alliancefr.se\/halmstad\/programme-printemps-2022\/\">V\u00e5rprogram 2022<\/a><\/li><li><a href=\"http:\/\/alliancefr.se\/halmstad\/programme-printemps-2019\/\">V\u00e5rprogram 2019<\/a><\/li><li><a href=\"http:\/\/alliancefr.se\/halmstad\/programme-printemps-2017\/\">V\u00e5rprogram 2017<\/a><\/li><li><a href=\"http:\/\/alliancefr.se\/halmstad\/programme-automne-2016\/\">H\u00f6stprogram 2016<\/a><\/li><li><a href=\"http:\/\/alliancefr.se\/halmstad\/programme-printemps-2016\/\">V\u00e5rprogram 2016<\/a><\/li><li><a href=\"http:\/\/alliancefr.se\/halmstad\/programme-automne-2015\/\">H\u00f6stprogram 2015<\/a><\/li><li><a href=\"http:\/\/alliancefr.se\/halmstad\/programme-printemps-2015\/\">V\u00e5rprogram 2015<\/a><\/li><\/ul>\t\t\t\t\t\t\t\t<\/div>\n\t\t\t\t<\/div>\n\t\t\t\t\t<\/div>\n\t\t<\/div>\n\t\t\t\t\t<\/div>\n\t\t<\/section>\n\t\t\t\t<\/div>\n\t\t","protected":false},"excerpt":{"rendered":"<p>Uppt\u00e4ck programmen fr\u00e5n tidigare \u00e5r: V\u00e5rprogram 2024 H\u00f6tsprogram 2024 H\u00f6stprogram 2023 V\u00e5rprogram 2023 Resa till Champagne 2023 H\u00f6stprogram 2022 V\u00e5rprogram 2022 V\u00e5rprogram 2019 V\u00e5rprogram 2017 H\u00f6stprogram 2016 V\u00e5rprogram 2016 H\u00f6stprogram 2015 V\u00e5rprogram 2015<\/p>\n","protected":false},"author":1,"featured_media":0,"parent":0,"menu_order":0,"comment_status":"closed","ping_status":"closed","template":"","meta":{"om_disable_all_campaigns":false,"_monsterinsights_skip_tracking":false,"_monsterinsights_sitenote_active":false,"_monsterinsights_sitenote_note":"","_monsterinsights_sitenote_category":0,"_uf_show_specific_survey":0,"_uf_disable_surveys":false,"footnotes":""},"class_list":["post-1020","page","type-page","status-publish","hentry"],"aioseo_notices":[],"rttpg_featured_image_url":null,"rttpg_author":{"display_name":"Super.admin","author_link":"https:\/\/alliancefr.se\/halmstad\/author\/admin2174\/"},"rttpg_comment":0,"rttpg_category":" <a href=\"https:\/\/alliancefr.se\/halmstad\/sv\/\" rel=\"tag\">Svenska<\/a>","rttpg_excerpt":"Uppt\u00e4ck programmen fr\u00e5n tidigare \u00e5r: V\u00e5rprogram 2024 H\u00f6tsprogram 2024 H\u00f6stprogram 2023 V\u00e5rprogram 2023 Resa till Champagne 2023 H\u00f6stprogram 2022 V\u00e5rprogram 2022 V\u00e5rprogram 2019 V\u00e5rprogram 2017 H\u00f6stprogram 2016 V\u00e5rprogram 2016 H\u00f6stprogram 2015 V\u00e5rprogram 2015","_links":{"self":[{"href":"https:\/\/alliancefr.se\/halmstad\/wp-json\/wp\/v2\/pages\/1020","targetHints":{"allow":["GET"]}}],"collection":[{"href":"https:\/\/alliancefr.se\/halmstad\/wp-json\/wp\/v2\/pages"}],"about":[{"href":"https:\/\/alliancefr.se\/halmstad\/wp-json\/wp\/v2\/types\/page"}],"author":[{"embeddable":true,"href":"https:\/\/alliancefr.se\/halmstad\/wp-json\/wp\/v2\/users\/1"}],"replies":[{"embeddable":true,"href":"https:\/\/alliancefr.se\/halmstad\/wp-json\/wp\/v2\/comments?post=1020"}],"version-history":[{"count":7,"href":"https:\/\/alliancefr.se\/halmstad\/wp-json\/wp\/v2\/pages\/1020\/revisions"}],"predecessor-version":[{"id":1181,"href":"https:\/\/alliancefr.se\/halmstad\/wp-json\/wp\/v2\/pages\/1020\/revisions\/1181"}],"wp:attachment":[{"href":"https:\/\/alliancefr.se\/halmstad\/wp-json\/wp\/v2\/media?parent=1020"}],"curies":[{"name":"wp","href":"https:\/\/api.w.org\/{rel}","templated":true}]}}