{"id":9,"date":"2019-03-11T14:59:42","date_gmt":"2019-03-11T14:59:42","guid":{"rendered":"http:\/\/alliancefr.se\/goteborg\/lankar\/"},"modified":"2025-06-23T17:08:16","modified_gmt":"2025-06-23T15:08:16","slug":"lankar","status":"publish","type":"page","link":"https:\/\/alliancefr.se\/goteborg\/sv\/lankar\/","title":{"rendered":"L\u00e4nkar"},"content":{"rendered":"\t\t<div data-elementor-type=\"wp-page\" data-elementor-id=\"9\" class=\"elementor elementor-9\">\n\t\t\t\t\t\t<section class=\"elementor-section elementor-top-section elementor-element elementor-element-799aa68a elementor-section-boxed elementor-section-height-default elementor-section-height-default\" data-id=\"799aa68a\" data-element_type=\"section\">\n\t\t\t\t\t\t<div class=\"elementor-container elementor-column-gap-default\">\n\t\t\t\t\t<div class=\"elementor-column elementor-col-100 elementor-top-column elementor-element elementor-element-500f677e\" data-id=\"500f677e\" data-element_type=\"column\">\n\t\t\t<div class=\"elementor-widget-wrap elementor-element-populated\">\n\t\t\t\t\t\t<div class=\"elementor-element elementor-element-6913d7fe elementor-widget elementor-widget-text-editor\" data-id=\"6913d7fe\" data-element_type=\"widget\" data-widget_type=\"text-editor.default\">\n\t\t\t\t<div class=\"elementor-widget-container\">\n\t\t\t\t\t\t\t\t\t<p>Samtliga <a href=\"http:\/\/alliancefr.se\/\"><strong>Alliances fran\u00e7aises i Sverige<\/strong><\/a><\/p><p>Franska skolan i G\u00f6teborg :\u00a0<em><strong><a href=\"http:\/\/www.franskaskolangoteborg.se\/\">Franska skolan<\/a><\/strong><\/em><\/p><p>Institutioner :\u00a0<em><strong><a href=\"http:\/\/www.ambafrance-se.org\">Fransk ambassaden<\/a><\/strong><\/em><br \/><em><strong><a href=\"http:\/\/www.afsr.se\/\">Svensk-franska forskningsf\u00f6reningen<\/a><\/strong><\/em><em><strong><br \/><\/strong><\/em><\/p><p id=\"E244\" class=\"x-scope qowt-word-para-1\"><span id=\"E247\" class=\"qowt-font2-TimesNewRoman\">Bienvenue \u00e0 La Maison des Fran\u00e7ais \u00e0 G\u00f6teborg, la\u00a0communaut\u00e9 pour tous les\u00a0<\/span><span id=\"E248\" class=\"qowt-font2-TimesNewRoman\">Fran\u00e7ais \u00e0 G\u00f6teborg<\/span><span id=\"E249\" class=\"qowt-font2-TimesNewRoman\"> et les francophones install\u00e9s en Su\u00e8de : <strong><a href=\"https:\/\/maisondesfrancais.se\/\">La Maison des Fran\u00e7ais<\/a><\/strong>\u00a0<\/span><\/p>\t\t\t\t\t\t\t\t<\/div>\n\t\t\t\t<\/div>\n\t\t\t\t\t<\/div>\n\t\t<\/div>\n\t\t\t\t\t<\/div>\n\t\t<\/section>\n\t\t\t\t<\/div>\n\t\t","protected":false},"excerpt":{"rendered":"<p>Samtliga Alliances fran\u00e7aises i Sverige Franska skolan i G\u00f6teborg :\u00a0Franska skolan Institutioner :\u00a0Fransk ambassadenSvensk-franska forskningsf\u00f6reningen Bienvenue \u00e0 La Maison des Fran\u00e7ais \u00e0 G\u00f6teborg, la\u00a0communaut\u00e9 pour tous les\u00a0Fran\u00e7ais \u00e0 G\u00f6teborg et les francophones install\u00e9s en Su\u00e8de : La Maison des Fran\u00e7ais\u00a0<\/p>\n","protected":false},"author":5,"featured_media":0,"parent":0,"menu_order":0,"comment_status":"closed","ping_status":"closed","template":"","meta":{"om_disable_all_campaigns":false,"_monsterinsights_skip_tracking":false,"_monsterinsights_sitenote_active":false,"_monsterinsights_sitenote_note":"","_monsterinsights_sitenote_category":0,"_uf_show_specific_survey":0,"_uf_disable_surveys":false,"footnotes":""},"class_list":["post-9","page","type-page","status-publish","hentry"],"aioseo_notices":[],"rttpg_featured_image_url":null,"rttpg_author":{"display_name":"Sophie Selden","author_link":"https:\/\/alliancefr.se\/goteborg\/author\/mats-olsson\/"},"rttpg_comment":0,"rttpg_category":" <a href=\"https:\/\/alliancefr.se\/goteborg\/sv\/\" rel=\"tag\">Svenska<\/a>","rttpg_excerpt":"Samtliga Alliances fran\u00e7aises i Sverige Franska skolan i G\u00f6teborg :\u00a0Franska skolan Institutioner :\u00a0Fransk ambassadenSvensk-franska forskningsf\u00f6reningen Bienvenue \u00e0 La Maison des Fran\u00e7ais \u00e0 G\u00f6teborg, la\u00a0communaut\u00e9 pour tous les\u00a0Fran\u00e7ais \u00e0 G\u00f6teborg et les francophones install\u00e9s en Su\u00e8de : La Maison des Fran\u00e7ais\u00a0","_links":{"self":[{"href":"https:\/\/alliancefr.se\/goteborg\/wp-json\/wp\/v2\/pages\/9","targetHints":{"allow":["GET"]}}],"collection":[{"href":"https:\/\/alliancefr.se\/goteborg\/wp-json\/wp\/v2\/pages"}],"about":[{"href":"https:\/\/alliancefr.se\/goteborg\/wp-json\/wp\/v2\/types\/page"}],"author":[{"embeddable":true,"href":"https:\/\/alliancefr.se\/goteborg\/wp-json\/wp\/v2\/users\/5"}],"replies":[{"embeddable":true,"href":"https:\/\/alliancefr.se\/goteborg\/wp-json\/wp\/v2\/comments?post=9"}],"version-history":[{"count":6,"href":"https:\/\/alliancefr.se\/goteborg\/wp-json\/wp\/v2\/pages\/9\/revisions"}],"predecessor-version":[{"id":967,"href":"https:\/\/alliancefr.se\/goteborg\/wp-json\/wp\/v2\/pages\/9\/revisions\/967"}],"wp:attachment":[{"href":"https:\/\/alliancefr.se\/goteborg\/wp-json\/wp\/v2\/media?parent=9"}],"curies":[{"name":"wp","href":"https:\/\/api.w.org\/{rel}","templated":true}]}}