{"id":402,"date":"2019-03-11T14:55:09","date_gmt":"2019-03-11T14:55:09","guid":{"rendered":"http:\/\/alliancefr.se\/goteborg\/hem\/"},"modified":"2025-11-25T17:12:09","modified_gmt":"2025-11-25T16:12:09","slug":"hem","status":"publish","type":"page","link":"https:\/\/alliancefr.se\/goteborg\/sv\/hem\/","title":{"rendered":"Om oss"},"content":{"rendered":"\t\t<div data-elementor-type=\"wp-page\" data-elementor-id=\"402\" class=\"elementor elementor-402\">\n\t\t\t\t\t\t<section class=\"elementor-section elementor-top-section elementor-element elementor-element-7ad969d7 elementor-section-boxed elementor-section-height-default elementor-section-height-default\" data-id=\"7ad969d7\" data-element_type=\"section\">\n\t\t\t\t\t\t<div class=\"elementor-container elementor-column-gap-default\">\n\t\t\t\t\t<div class=\"elementor-column elementor-col-100 elementor-top-column elementor-element elementor-element-24951802\" data-id=\"24951802\" data-element_type=\"column\">\n\t\t\t<div class=\"elementor-widget-wrap elementor-element-populated\">\n\t\t\t\t\t\t<div class=\"elementor-element elementor-element-7297cea9 elementor-widget elementor-widget-text-editor\" data-id=\"7297cea9\" data-element_type=\"widget\" data-widget_type=\"text-editor.default\">\n\t\t\t\t<div class=\"elementor-widget-container\">\n\t\t\t\t\t\t\t\t\t<h3><strong>V\u00e4lkommen till Alliance Fran\u00e7aise !<\/strong><\/h3><p>Alliance Fran\u00e7aise \u00e4r en v\u00e4rldsomfattande f\u00f6rening som grundades i Paris 1883. F\u00f6reningen, som \u00e4r helt fri fr\u00e5n politisk eller religi\u00f6s anknytning, har till syfte att fr\u00e4mja intresset f\u00f6r franska spr\u00e5ket och kulturen.<\/p><p>Den utg\u00f6r i varje land en naturlig samlingspunkt f\u00f6r Frankrikev\u00e4nner !<\/p><p><b>Alliance Fran\u00e7aise i G\u00f6teborg har funnits sedan 1892.<\/b> F\u00f6reningens \u00e4ndam\u00e5l \u00e4r att i G\u00f6teborg med omnejd fr\u00e4mja det franska spr\u00e5ket och den franska kulturen och att vara ett forum f\u00f6r personer med detta intresse. F\u00f6reningen har cirka drygt 100 medlemmar. Ungef\u00e4r en g\u00e5ng i m\u00e5naden p\u00e5 kv\u00e4llstid h\u00e5lls tr\u00e4ffar, ofta med en inbjuden g\u00e4st fr\u00e5n Frankrike som h\u00e5ller ett anf\u00f6rande om n\u00e5got \u00e4mne med anknytning till Frankrike. D\u00e4refter serveras en gemensam m\u00e5ltid. Umg\u00e4ngesspr\u00e5ket mellan medlemmarna \u00e4r givetvis svenska, men f\u00f6r att ha beh\u00e5llning av f\u00f6rel\u00e4sningar och andra aktiviteter m\u00e5ste man ha vissa kunskaper i franska.\u00a0F\u00f6reningen \u00e4r politiskt och religi\u00f6st obunden. F\u00f6reningen uppb\u00e4r inga bidrag utan \u00e4r ekonomiskt helt beroende av sina medlemmars avgifter. Styrelsen uppb\u00e4r inga arvoden.<\/p><div><p><a href=\"http:\/\/alliancefr.se\/goteborg\/sv\/bli-medlem\/\">Medlem blir<\/a> man genom att betala in medlemsavgiften\/\u00e5rsavgiften, som \u00e4r 200:- f\u00f6r vuxen, 300:- f\u00f6r par och 100:- f\u00f6r ungdom under 25 \u00e5r. Betala till f\u00f6reningens Plusgiro 4 71 61-5 eller Bankgiro 897-6656. Gl\u00f6m inte att ange namn, adress och mejladress<\/p><h3>Styrelse<\/h3><p>Vi v\u00e4lkomna intresserad till styrelsen! Valberedningen best\u00e5r av tre personer som n\u00e5s via sammankallande, Jan-Olof Larsson, via mejl jolmast@outlook.com.<\/p><\/div><ul><li>Elisabeth Brune Watsfeldt (kass\u00f6r och ordf\u00f6rande)<\/li><li>Iah Hans\u00e9n (sekreterare)<\/li><li>Isabelle Thiria (ordinarie styrelseledamot)<\/li><li>Eva Kokinsky (ordinarie styrelseledamot)<\/li><li>Tiina Rebas (ordinarie styrelseledamot)<\/li><li>Pelin Ergin Carlsson (ordinarie styrelseledamot)<\/li><\/ul><div><h3 style=\"text-align: justify;\"><span data-olk-copy-source=\"MessageBody\">\u00c5rsavgift<\/span><\/h3><p style=\"text-align: justify;\"><span data-olk-copy-source=\"MessageBody\">Betala\u00a0<\/span>\u00a0<span style=\"color: red;\">med Swish 123 426 81 40 eller\u00a0<\/span>\u00a0\u00a0till f\u00f6reningens Plusgiro 4 71 61-5 eller Bankgiro 897-6656. Gl\u00f6m inte att ange namn, adress och mejladress<\/p><\/div>\t\t\t\t\t\t\t\t<\/div>\n\t\t\t\t<\/div>\n\t\t\t\t\t<\/div>\n\t\t<\/div>\n\t\t\t\t\t<\/div>\n\t\t<\/section>\n\t\t\t\t<\/div>\n\t\t","protected":false},"excerpt":{"rendered":"<p>V\u00e4lkommen till Alliance Fran\u00e7aise ! Alliance Fran\u00e7aise \u00e4r en v\u00e4rldsomfattande f\u00f6rening som grundades i Paris 1883. F\u00f6reningen, som \u00e4r helt fri fr\u00e5n politisk eller religi\u00f6s anknytning, har till syfte att fr\u00e4mja intresset f\u00f6r franska spr\u00e5ket och kulturen. Den utg\u00f6r i varje land en naturlig samlingspunkt f\u00f6r Frankrikev\u00e4nner ! Alliance Fran\u00e7aise i G\u00f6teborg har funnits sedan 1892. F\u00f6reningens \u00e4ndam\u00e5l \u00e4r att i G\u00f6teborg med omnejd fr\u00e4mja det franska spr\u00e5ket och den franska kulturen och att vara ett forum f\u00f6r personer med detta intresse. F\u00f6reningen har cirka drygt 100 medlemmar. Ungef\u00e4r en g\u00e5ng i m\u00e5naden p\u00e5 kv\u00e4llstid h\u00e5lls tr\u00e4ffar, ofta med en inbjuden g\u00e4st fr\u00e5n Frankrike som h\u00e5ller ett anf\u00f6rande om n\u00e5got \u00e4mne med anknytning till Frankrike. D\u00e4refter serveras en gemensam m\u00e5ltid. Umg\u00e4ngesspr\u00e5ket mellan medlemmarna \u00e4r givetvis svenska, men f\u00f6r att ha beh\u00e5llning av f\u00f6rel\u00e4sningar och andra aktiviteter m\u00e5ste man ha vissa kunskaper i franska.\u00a0F\u00f6reningen \u00e4r politiskt och religi\u00f6st obunden. F\u00f6reningen uppb\u00e4r inga bidrag utan \u00e4r ekonomiskt helt beroende av sina medlemmars avgifter. Styrelsen uppb\u00e4r inga arvoden. Medlem blir man genom att betala in medlemsavgiften\/\u00e5rsavgiften, som \u00e4r 200:- f\u00f6r vuxen, 300:- f\u00f6r par och 100:- f\u00f6r ungdom under 25 \u00e5r. Betala till f\u00f6reningens Plusgiro 4 71 61-5 eller Bankgiro 897-6656. Gl\u00f6m inte att ange namn, adress och mejladress Styrelse Vi v\u00e4lkomna intresserad till styrelsen! Valberedningen best\u00e5r av tre personer som n\u00e5s via sammankallande, Jan-Olof Larsson, via mejl jolmast@outlook.com. Elisabeth Brune Watsfeldt (kass\u00f6r och ordf\u00f6rande) Iah Hans\u00e9n (sekreterare) Isabelle Thiria (ordinarie styrelseledamot) Eva Kokinsky (ordinarie styrelseledamot) Tiina Rebas (ordinarie styrelseledamot) Pelin Ergin Carlsson (ordinarie styrelseledamot) \u00c5rsavgift Betala\u00a0\u00a0med Swish 123 426 81 40 eller\u00a0\u00a0\u00a0till f\u00f6reningens Plusgiro 4 71 61-5 eller Bankgiro 897-6656. Gl\u00f6m inte att ange namn, adress och mejladress<\/p>\n","protected":false},"author":5,"featured_media":0,"parent":0,"menu_order":0,"comment_status":"closed","ping_status":"closed","template":"","meta":{"om_disable_all_campaigns":false,"_monsterinsights_skip_tracking":false,"_monsterinsights_sitenote_active":false,"_monsterinsights_sitenote_note":"","_monsterinsights_sitenote_category":0,"_uf_show_specific_survey":0,"_uf_disable_surveys":false,"footnotes":""},"class_list":["post-402","page","type-page","status-publish","hentry"],"aioseo_notices":[],"rttpg_featured_image_url":null,"rttpg_author":{"display_name":"Sophie Selden","author_link":"https:\/\/alliancefr.se\/goteborg\/author\/mats-olsson\/"},"rttpg_comment":0,"rttpg_category":" <a href=\"https:\/\/alliancefr.se\/goteborg\/sv\/\" rel=\"tag\">Svenska<\/a>","rttpg_excerpt":"V\u00e4lkommen till Alliance Fran\u00e7aise ! Alliance Fran\u00e7aise \u00e4r en v\u00e4rldsomfattande f\u00f6rening som grundades i Paris 1883. F\u00f6reningen, som \u00e4r helt fri fr\u00e5n politisk eller religi\u00f6s anknytning, har till syfte att fr\u00e4mja intresset f\u00f6r franska spr\u00e5ket och kulturen. Den utg\u00f6r i varje land en naturlig samlingspunkt f\u00f6r Frankrikev\u00e4nner ! Alliance Fran\u00e7aise i G\u00f6teborg har funnits sedan\u2026","_links":{"self":[{"href":"https:\/\/alliancefr.se\/goteborg\/wp-json\/wp\/v2\/pages\/402","targetHints":{"allow":["GET"]}}],"collection":[{"href":"https:\/\/alliancefr.se\/goteborg\/wp-json\/wp\/v2\/pages"}],"about":[{"href":"https:\/\/alliancefr.se\/goteborg\/wp-json\/wp\/v2\/types\/page"}],"author":[{"embeddable":true,"href":"https:\/\/alliancefr.se\/goteborg\/wp-json\/wp\/v2\/users\/5"}],"replies":[{"embeddable":true,"href":"https:\/\/alliancefr.se\/goteborg\/wp-json\/wp\/v2\/comments?post=402"}],"version-history":[{"count":36,"href":"https:\/\/alliancefr.se\/goteborg\/wp-json\/wp\/v2\/pages\/402\/revisions"}],"predecessor-version":[{"id":1033,"href":"https:\/\/alliancefr.se\/goteborg\/wp-json\/wp\/v2\/pages\/402\/revisions\/1033"}],"wp:attachment":[{"href":"https:\/\/alliancefr.se\/goteborg\/wp-json\/wp\/v2\/media?parent=402"}],"curies":[{"name":"wp","href":"https:\/\/api.w.org\/{rel}","templated":true}]}}