{"id":117,"date":"2019-06-06T16:28:53","date_gmt":"2019-06-06T16:28:53","guid":{"rendered":"http:\/\/alliancefr.se\/goteborg\/hem-2\/"},"modified":"2026-04-09T11:31:44","modified_gmt":"2026-04-09T09:31:44","slug":"hem-2","status":"publish","type":"page","link":"https:\/\/alliancefr.se\/goteborg\/sv\/hem-2\/","title":{"rendered":"Hem"},"content":{"rendered":"\t\t<div data-elementor-type=\"wp-page\" data-elementor-id=\"117\" class=\"elementor elementor-117\">\n\t\t\t\t\t\t<section class=\"elementor-section elementor-top-section elementor-element elementor-element-9feeb7a elementor-section-boxed elementor-section-height-default elementor-section-height-default\" data-id=\"9feeb7a\" data-element_type=\"section\">\n\t\t\t\t\t\t<div class=\"elementor-container elementor-column-gap-default\">\n\t\t\t\t\t<div class=\"elementor-column elementor-col-100 elementor-top-column elementor-element elementor-element-c5108f1\" data-id=\"c5108f1\" data-element_type=\"column\">\n\t\t\t<div class=\"elementor-widget-wrap elementor-element-populated\">\n\t\t\t\t\t\t<div class=\"elementor-element elementor-element-f82a6f6 elementor-widget elementor-widget-text-editor\" data-id=\"f82a6f6\" data-element_type=\"widget\" data-widget_type=\"text-editor.default\">\n\t\t\t\t<div class=\"elementor-widget-container\">\n\t\t\t\t\t\t\t\t\t<h6><strong>H\u00e4lsningar fr\u00e5n styrelsen !<\/strong><\/h6><p>V\u00e4lkomna till Alliance Fran\u00e7aise i G\u00f6teborg, f\u00f6reningen f\u00f6r alla er som \u00e4r intresserade av Frankrike, det franska spr\u00e5ket och den franska kulturen.<\/p><p><span lang=\"SV\" style=\"text-align: start; font-size: 11.5pt; line-height: 16.4067px;\">Vi v\u00e4lkomna<\/span><span lang=\"SV\" style=\"text-align: start; font-size: 11.5pt; line-height: 16.4067px; color: #ee0000;\">r<\/span><span lang=\"SV\" style=\"text-align: start; font-size: 11.5pt; line-height: 16.4067px;\"> intresserad till styrelsen !<\/span><\/p><p>\u00a0<\/p><ul style=\"margin-bottom: 0cm; color: #000000; font-size: medium; text-align: start;\" type=\"disc\"><li class=\"MsoNormal\" style=\"margin: 0cm 0cm 8pt; line-height: normal; font-size: 11pt; font-family: Aptos, sans-serif; color: #1a171b; background-image: initial; background-position: initial; background-size: initial; background-repeat: initial; background-attachment: initial; background-origin: initial; background-clip: initial;\"><span lang=\"SV\" style=\"font-size: 11.5pt; font-family: 'Open Sans', sans-serif;\">Elisabeth Brune Watsfeldt (kass\u00f6r och ordf\u00f6rande)<\/span><\/li><li class=\"MsoNormal\" style=\"margin: 0cm 0cm 8pt; line-height: normal; font-size: 11pt; font-family: Aptos, sans-serif; color: #1a171b; background-image: initial; background-position: initial; background-size: initial; background-repeat: initial; background-attachment: initial; background-origin: initial; background-clip: initial;\"><span lang=\"SV\" style=\"font-size: 11.5pt; font-family: 'Open Sans', sans-serif;\">Iah Hans\u00e9n (sekreterare)<\/span><\/li><li class=\"MsoNormal\" style=\"margin: 0cm 0cm 8pt; line-height: normal; font-size: 11pt; font-family: Aptos, sans-serif; color: #1a171b; background-image: initial; background-position: initial; background-size: initial; background-repeat: initial; background-attachment: initial; background-origin: initial; background-clip: initial;\"><span lang=\"SV\" style=\"font-size: 11.5pt; font-family: 'Open Sans', sans-serif;\">Isabelle Thiria (ordinarie styrelseledamot)<\/span><\/li><li class=\"MsoNormal\" style=\"margin: 0cm 0cm 8pt; line-height: normal; font-size: 11pt; font-family: Aptos, sans-serif; color: #1a171b; background-image: initial; background-position: initial; background-size: initial; background-repeat: initial; background-attachment: initial; background-origin: initial; background-clip: initial;\"><span lang=\"SV\" style=\"font-size: 11.5pt; font-family: 'Open Sans', sans-serif;\">Eva Kokinsky (ordinarie styrelseledamot)<\/span><\/li><li class=\"MsoNormal\" style=\"margin: 0cm 0cm 8pt; line-height: normal; font-size: 11pt; font-family: Aptos, sans-serif; color: #1a171b; background-image: initial; background-position: initial; background-size: initial; background-repeat: initial; background-attachment: initial; background-origin: initial; background-clip: initial;\"><span lang=\"SV\" style=\"font-size: 11.5pt; font-family: 'Open Sans', sans-serif;\">Tiina Rebas (ordinarie styrelseledamot)<\/span><\/li><li class=\"MsoNormal\" style=\"margin: 0cm 0cm 8pt; line-height: normal; font-size: 11pt; font-family: Aptos, sans-serif; color: #1a171b; background-image: initial; background-position: initial; background-size: initial; background-repeat: initial; background-attachment: initial; background-origin: initial; background-clip: initial;\"><span lang=\"SV\" style=\"font-size: 11.5pt; font-family: 'Open Sans', sans-serif;\">Pelin Ergin Carlsson (ordinarie styrelseledamot)<\/span><\/li><li class=\"MsoNormal\" style=\"margin: 0cm 0cm 8pt; line-height: normal; font-size: 11pt; font-family: Aptos, sans-serif; background-image: initial; background-position: initial; background-size: initial; background-repeat: initial; background-attachment: initial; background-origin: initial; background-clip: initial;\"><span lang=\"SV\" style=\"font-size: 11.5pt; font-family: 'Open Sans', sans-serif;\">Jan-Olof Larsson (ordinarie styrelseledamot)<\/span><\/li><\/ul>\t\t\t\t\t\t\t\t<\/div>\n\t\t\t\t<\/div>\n\t\t\t\t\t<\/div>\n\t\t<\/div>\n\t\t\t\t\t<\/div>\n\t\t<\/section>\n\t\t\t\t<section class=\"elementor-section elementor-top-section elementor-element elementor-element-04caa3b elementor-section-boxed elementor-section-height-default elementor-section-height-default\" data-id=\"04caa3b\" data-element_type=\"section\">\n\t\t\t\t\t\t<div class=\"elementor-container elementor-column-gap-default\">\n\t\t\t\t\t<div class=\"elementor-column elementor-col-100 elementor-top-column elementor-element elementor-element-f26b3db\" data-id=\"f26b3db\" data-element_type=\"column\">\n\t\t\t<div class=\"elementor-widget-wrap elementor-element-populated\">\n\t\t\t\t\t\t<div class=\"elementor-element elementor-element-ae418ee elementor-widget-divider--view-line elementor-widget elementor-widget-divider\" data-id=\"ae418ee\" data-element_type=\"widget\" data-widget_type=\"divider.default\">\n\t\t\t\t<div class=\"elementor-widget-container\">\n\t\t\t\t\t\t\t<div class=\"elementor-divider\">\n\t\t\t<span class=\"elementor-divider-separator\">\n\t\t\t\t\t\t<\/span>\n\t\t<\/div>\n\t\t\t\t\t\t<\/div>\n\t\t\t\t<\/div>\n\t\t\t\t\t<\/div>\n\t\t<\/div>\n\t\t\t\t\t<\/div>\n\t\t<\/section>\n\t\t\t\t<section class=\"elementor-section elementor-top-section elementor-element elementor-element-75334e4 elementor-section-boxed elementor-section-height-default elementor-section-height-default\" data-id=\"75334e4\" data-element_type=\"section\">\n\t\t\t\t\t\t<div class=\"elementor-container elementor-column-gap-default\">\n\t\t\t\t\t<div class=\"elementor-column elementor-col-100 elementor-top-column elementor-element elementor-element-58a771a\" data-id=\"58a771a\" data-element_type=\"column\">\n\t\t\t<div class=\"elementor-widget-wrap elementor-element-populated\">\n\t\t\t\t\t\t<div class=\"elementor-element elementor-element-312c5c4 elementor-widget elementor-widget-text-editor\" data-id=\"312c5c4\" data-element_type=\"widget\" data-widget_type=\"text-editor.default\">\n\t\t\t\t<div class=\"elementor-widget-container\">\n\t\t\t\t\t\t\t\t\t<p>V\u00e5rens program startarde den 10:e februari med ett f\u00f6redrag av Alicia Rames:<\/p><p><span style=\"letter-spacing: 0px;\">Les Trois Mousquetaires : H\u00e9ros ou Salauds ?<\/span><\/p><p><img decoding=\"async\" src=\"http:\/\/alliancefr.se\/goteborg\/wp-content\/uploads\/sites\/8\/2026\/02\/PHOTO-2026-02-26-13-36-27-1-150x150.jpg\" alt=\"\" width=\"150\" height=\"150\" \/><\/p><p>\u00c5rsm\u00f6tet gick av stapeln den 10:e mars, d\u00e5 vi hade gl\u00e4djen att f\u00e5 bes\u00f6k av konsuln i G\u00f6teborg, Robert H\u00f6rnquist, som h\u00f6ll ett f\u00f6redrag om le Cimeti\u00e8re du P\u00e8re-Lachaise i Paris.<\/p><p>Den 25:e mars s\u00e5g vi en fransk film som visades av Cin\u00e9 Fran\u00e7ais, G\u00f6teborg, f\u00f6ljt av restaurangbes\u00f6k. \u00a0\u00a0<\/p><p>April har vi inga evenemang. I maj reser n\u00e5gra av v\u00e5ra medlemmar p\u00e5 bussresa till Alsace. Vi arbetar \u00e4ven p\u00e5 att kunna erbjuda ytterligare en fransk film i maj m\u00e5nad, (efter resan), textad p\u00e5 franska och till ett f\u00f6rdelaktigt pris, d\u00e5 i samarbete med Institut francais. Mer information om denna kommer.<\/p><p>Om det blir ytterligare en aktivitet i juni kommer inbjudan som vanligt via mejl till v\u00e5ra medlemmar.<\/p><p style=\"margin: 0cm 0cm 11.25pt; line-height: normal; font-size: 11pt; font-family: Aptos, sans-serif; color: #000000; background-image: initial; background-position: initial; background-size: initial; background-repeat: initial; background-attachment: initial; background-origin: initial; background-clip: initial;\"><span lang=\"SV\" style=\"font-size: 11.5pt; font-family: 'Open Sans', sans-serif; color: #1a171b;\">V\u00e5ra aktiviteter genomf\u00f6rs i samarbete med Medborgarskolan.<\/span><\/p><p>Se \u00e4ven l\u00e4nken \u201cevenemang\u201d.<\/p><p style=\"margin: 0cm 0cm 11.25pt; line-height: normal; font-size: 11pt; font-family: Aptos, sans-serif; color: #000000; background-image: initial; background-position: initial; background-size: initial; background-repeat: initial; background-attachment: initial; background-origin: initial; background-clip: initial;\"><span lang=\"SV\" style=\"font-size: 11.5pt; font-family: 'Open Sans', sans-serif; color: #1a171b;\">Vi kommer att uppdatera hemsidan med mer information om v\u00e5ra aktiviteter. Se \u00e4ven l\u00e4nken \u201cevenemang\u201d. <\/span><span style=\"color: #333333;\"><i><span lang=\"SV\" style=\"font-size: 11.5pt; font-family: 'Open Sans', sans-serif;\">Eftersom vi har en mycket sn\u00e4v budget har vi endast i undantagsfall m\u00f6jlighet att \u00e5terbetala kostnaden f\u00f6r biljetter vid \u00e5terbud.<\/span><\/i><\/span><\/p>\t\t\t\t\t\t\t\t<\/div>\n\t\t\t\t<\/div>\n\t\t\t\t\t<\/div>\n\t\t<\/div>\n\t\t\t\t\t<\/div>\n\t\t<\/section>\n\t\t\t\t<section class=\"elementor-section elementor-top-section elementor-element elementor-element-e7e86d0 elementor-section-boxed elementor-section-height-default elementor-section-height-default\" data-id=\"e7e86d0\" data-element_type=\"section\">\n\t\t\t\t\t\t<div class=\"elementor-container elementor-column-gap-default\">\n\t\t\t\t\t<div class=\"elementor-column elementor-col-100 elementor-top-column elementor-element elementor-element-0edc54a\" data-id=\"0edc54a\" data-element_type=\"column\">\n\t\t\t<div class=\"elementor-widget-wrap elementor-element-populated\">\n\t\t\t\t\t\t<div class=\"elementor-element elementor-element-1c64240 elementor-widget-divider--view-line elementor-widget elementor-widget-divider\" data-id=\"1c64240\" data-element_type=\"widget\" data-widget_type=\"divider.default\">\n\t\t\t\t<div class=\"elementor-widget-container\">\n\t\t\t\t\t\t\t<div class=\"elementor-divider\">\n\t\t\t<span class=\"elementor-divider-separator\">\n\t\t\t\t\t\t<\/span>\n\t\t<\/div>\n\t\t\t\t\t\t<\/div>\n\t\t\t\t<\/div>\n\t\t\t\t\t<\/div>\n\t\t<\/div>\n\t\t\t\t\t<\/div>\n\t\t<\/section>\n\t\t\t\t<section class=\"elementor-section elementor-top-section elementor-element elementor-element-7e30f6e elementor-section-boxed elementor-section-height-default elementor-section-height-default\" data-id=\"7e30f6e\" data-element_type=\"section\">\n\t\t\t\t\t\t<div class=\"elementor-container elementor-column-gap-default\">\n\t\t\t\t\t<div class=\"elementor-column elementor-col-100 elementor-top-column elementor-element elementor-element-eb8ea31\" data-id=\"eb8ea31\" data-element_type=\"column\">\n\t\t\t<div class=\"elementor-widget-wrap elementor-element-populated\">\n\t\t\t\t\t\t<div class=\"elementor-element elementor-element-32e67ec elementor-widget elementor-widget-heading\" data-id=\"32e67ec\" data-element_type=\"widget\" data-widget_type=\"heading.default\">\n\t\t\t\t<div class=\"elementor-widget-container\">\n\t\t\t\t\t<h2 class=\"elementor-heading-title elementor-size-default\"><h2 class=\"elementor-heading-title elementor-size-default elementor-inline-editing pen\" data-elementor-setting-key=\"title\" data-pen-placeholder=\"\u00c9crivez ici...\" style=\"text-align: center;\"><font color=\"#000000\">En musikalisk kv\u00e4ll i G\u00f6teborg<\/font><span style=\"color: rgb(218, 0, 46); font-family: &quot;Open Sans&quot;, sans-serif; font-weight: 600; letter-spacing: 0px;\"><\/span><\/h2><\/h2>\t\t\t\t<\/div>\n\t\t\t\t<\/div>\n\t\t\t\t\t<\/div>\n\t\t<\/div>\n\t\t\t\t\t<\/div>\n\t\t<\/section>\n\t\t\t\t<section class=\"elementor-section elementor-top-section elementor-element elementor-element-60757d4 elementor-section-boxed elementor-section-height-default elementor-section-height-default\" data-id=\"60757d4\" data-element_type=\"section\">\n\t\t\t\t\t\t<div class=\"elementor-container elementor-column-gap-default\">\n\t\t\t\t\t<div class=\"elementor-column elementor-col-100 elementor-top-column elementor-element elementor-element-8f4461f\" data-id=\"8f4461f\" data-element_type=\"column\">\n\t\t\t<div class=\"elementor-widget-wrap elementor-element-populated\">\n\t\t\t\t\t\t<div class=\"elementor-element elementor-element-44583ae elementor-widget elementor-widget-text-editor\" data-id=\"44583ae\" data-element_type=\"widget\" data-widget_type=\"text-editor.default\">\n\t\t\t\t<div class=\"elementor-widget-container\">\n\t\t\t\t\t\t\t\t\t<p><strong>K\u00e4ra medlemmar,\u00a0<\/strong><\/p><p>Fredagen den 12 september hade Alliance Fran\u00e7aise i G\u00f6teborg n\u00f6jet att lyssna till det fantastiska duon Thomas och Anita fr\u00e5n Falun. De framf\u00f6rde charmiga franska s\u00e5nger.\u00a0<\/p><p><strong>Anita<\/strong>, med sitt dragspel och piano, och <strong>Thomas<\/strong>, med sitt saxofon och sin romantiska r\u00f6st, f\u00f6rvandlade kv\u00e4llen till en magisk musikupplevelse.\u00a0<\/p><p>Duon ackompanjerades av en annan mycket beg\u00e5vad musiker fr\u00e5n ADA-teatern i G\u00f6teborg. <strong>Fia Adler Sandblad<\/strong>, med sin r\u00f6rande r\u00f6st och gitarr, framf\u00f6rde tv\u00e5 vackra s\u00e5nger som inledning p\u00e5 den musikaliska kv\u00e4llen.\u00a0<\/p><p>Kv\u00e4llen avslutades med alls\u00e5ng, ackompanjerad av goda franska viner och l\u00e4ckra wraps.\u00a0<\/p><p>Vi vill rikta ett varmt tack till <strong>Institut Fran\u00e7ais<\/strong> f\u00f6r deras gener\u00f6sa bidrag och v\u00e4rdefulla hj\u00e4lp med att genomf\u00f6ra detta fantastiska evenemang.\u00a0<\/p><p>\u00a0<\/p><p>\u00a0<\/p>\t\t\t\t\t\t\t\t<\/div>\n\t\t\t\t<\/div>\n\t\t\t\t\t<\/div>\n\t\t<\/div>\n\t\t\t\t\t<\/div>\n\t\t<\/section>\n\t\t\t\t<section class=\"elementor-section elementor-top-section elementor-element elementor-element-48aefe5 elementor-section-boxed elementor-section-height-default elementor-section-height-default\" data-id=\"48aefe5\" data-element_type=\"section\">\n\t\t\t\t\t\t<div class=\"elementor-container elementor-column-gap-default\">\n\t\t\t\t\t<div class=\"elementor-column elementor-col-50 elementor-top-column elementor-element elementor-element-e7f7d7d\" data-id=\"e7f7d7d\" data-element_type=\"column\">\n\t\t\t<div class=\"elementor-widget-wrap elementor-element-populated\">\n\t\t\t\t\t\t<div class=\"elementor-element elementor-element-389cc19 elementor-widget elementor-widget-image\" data-id=\"389cc19\" data-element_type=\"widget\" data-widget_type=\"image.default\">\n\t\t\t\t<div class=\"elementor-widget-container\">\n\t\t\t\t\t\t\t\t\t\t\t\t<figure class=\"wp-caption\">\n\t\t\t\t\t\t\t\t\t\t<img fetchpriority=\"high\" decoding=\"async\" width=\"938\" height=\"936\" src=\"https:\/\/alliancefr.se\/goteborg\/wp-content\/uploads\/sites\/8\/2025\/09\/Capture-decran-2025-09-17-a-18.38.10.png\" class=\"attachment-large size-large wp-image-985\" alt=\"\" \/>\t\t\t\t\t\t\t\t\t\t\t<figcaption class=\"widget-image-caption wp-caption-text\">Mme Fia Adler Sandblad de l'ADA-teater de G\u00f6teborg<\/figcaption>\n\t\t\t\t\t\t\t\t\t\t<\/figure>\n\t\t\t\t\t\t\t\t\t<\/div>\n\t\t\t\t<\/div>\n\t\t\t\t\t<\/div>\n\t\t<\/div>\n\t\t\t\t<div class=\"elementor-column elementor-col-50 elementor-top-column elementor-element elementor-element-be21cdf\" data-id=\"be21cdf\" data-element_type=\"column\">\n\t\t\t<div class=\"elementor-widget-wrap elementor-element-populated\">\n\t\t\t\t\t\t<div class=\"elementor-element elementor-element-ff485b1 elementor-widget__width-initial elementor-widget elementor-widget-image\" data-id=\"ff485b1\" data-element_type=\"widget\" data-widget_type=\"image.default\">\n\t\t\t\t<div class=\"elementor-widget-container\">\n\t\t\t\t\t\t\t\t\t\t\t\t<figure class=\"wp-caption\">\n\t\t\t\t\t\t\t\t\t\t<img decoding=\"async\" width=\"920\" height=\"928\" src=\"https:\/\/alliancefr.se\/goteborg\/wp-content\/uploads\/sites\/8\/2025\/09\/Capture-decran-2025-09-17-a-18.38.27.png\" class=\"attachment-large size-large wp-image-984\" alt=\"\" \/>\t\t\t\t\t\t\t\t\t\t\t<figcaption class=\"widget-image-caption wp-caption-text\">Les musiciens inoubliables Anita et Thomas de Falun<\/figcaption>\n\t\t\t\t\t\t\t\t\t\t<\/figure>\n\t\t\t\t\t\t\t\t\t<\/div>\n\t\t\t\t<\/div>\n\t\t\t\t\t<\/div>\n\t\t<\/div>\n\t\t\t\t\t<\/div>\n\t\t<\/section>\n\t\t\t\t<section class=\"elementor-section elementor-top-section elementor-element elementor-element-cd9df9b elementor-section-boxed elementor-section-height-default elementor-section-height-default\" data-id=\"cd9df9b\" data-element_type=\"section\">\n\t\t\t\t\t\t<div class=\"elementor-container elementor-column-gap-default\">\n\t\t\t\t\t<div class=\"elementor-column elementor-col-100 elementor-top-column elementor-element elementor-element-3d0633d\" data-id=\"3d0633d\" data-element_type=\"column\">\n\t\t\t<div class=\"elementor-widget-wrap\">\n\t\t\t\t\t\t\t<\/div>\n\t\t<\/div>\n\t\t\t\t\t<\/div>\n\t\t<\/section>\n\t\t\t\t<\/div>\n\t\t","protected":false},"excerpt":{"rendered":"<p>H\u00e4lsningar fr\u00e5n styrelsen ! V\u00e4lkomna till Alliance Fran\u00e7aise i G\u00f6teborg, f\u00f6reningen f\u00f6r alla er som \u00e4r intresserade av Frankrike, det franska spr\u00e5ket och den franska kulturen. Vi v\u00e4lkomnar intresserad till styrelsen ! \u00a0 Elisabeth Brune Watsfeldt (kass\u00f6r och ordf\u00f6rande) Iah Hans\u00e9n (sekreterare) Isabelle Thiria (ordinarie styrelseledamot) Eva Kokinsky (ordinarie styrelseledamot) Tiina Rebas (ordinarie styrelseledamot) Pelin Ergin Carlsson (ordinarie styrelseledamot) Jan-Olof Larsson (ordinarie styrelseledamot) V\u00e5rens program startarde den 10:e februari med ett f\u00f6redrag av Alicia Rames: Les Trois Mousquetaires : H\u00e9ros ou Salauds ? \u00c5rsm\u00f6tet gick av stapeln den 10:e mars, d\u00e5 vi hade gl\u00e4djen att f\u00e5 bes\u00f6k av konsuln i G\u00f6teborg, Robert H\u00f6rnquist, som h\u00f6ll ett f\u00f6redrag om le Cimeti\u00e8re du P\u00e8re-Lachaise i Paris. Den 25:e mars s\u00e5g vi en fransk film som visades av Cin\u00e9 Fran\u00e7ais, G\u00f6teborg, f\u00f6ljt av restaurangbes\u00f6k. \u00a0\u00a0 April har vi inga evenemang. I maj reser n\u00e5gra av v\u00e5ra medlemmar p\u00e5 bussresa till Alsace. Vi arbetar \u00e4ven p\u00e5 att kunna erbjuda ytterligare en fransk film i maj m\u00e5nad, (efter resan), textad p\u00e5 franska och till ett f\u00f6rdelaktigt pris, d\u00e5 i samarbete med Institut francais. Mer information om denna kommer. Om det blir ytterligare en aktivitet i juni kommer inbjudan som vanligt via mejl till v\u00e5ra medlemmar. V\u00e5ra aktiviteter genomf\u00f6rs i samarbete med Medborgarskolan. Se \u00e4ven l\u00e4nken \u201cevenemang\u201d. Vi kommer att uppdatera hemsidan med mer information om v\u00e5ra aktiviteter. Se \u00e4ven l\u00e4nken \u201cevenemang\u201d. Eftersom vi har en mycket sn\u00e4v budget har vi endast i undantagsfall m\u00f6jlighet att \u00e5terbetala kostnaden f\u00f6r biljetter vid \u00e5terbud. En musikalisk kv\u00e4ll i G\u00f6teborg K\u00e4ra medlemmar,\u00a0 Fredagen den 12 september hade Alliance Fran\u00e7aise i G\u00f6teborg n\u00f6jet att lyssna till det fantastiska duon Thomas och Anita fr\u00e5n Falun. De framf\u00f6rde charmiga franska s\u00e5nger.\u00a0 Anita, med sitt dragspel och piano, och Thomas, med sitt saxofon och sin romantiska r\u00f6st, f\u00f6rvandlade kv\u00e4llen till en magisk musikupplevelse.\u00a0 Duon ackompanjerades av en annan mycket beg\u00e5vad musiker fr\u00e5n ADA-teatern i G\u00f6teborg. Fia Adler Sandblad, med sin r\u00f6rande r\u00f6st och gitarr, framf\u00f6rde tv\u00e5 vackra s\u00e5nger som inledning p\u00e5 den musikaliska kv\u00e4llen.\u00a0 Kv\u00e4llen avslutades med alls\u00e5ng, ackompanjerad av goda franska viner och l\u00e4ckra wraps.\u00a0 Vi vill rikta ett varmt tack till Institut Fran\u00e7ais f\u00f6r deras gener\u00f6sa bidrag och v\u00e4rdefulla hj\u00e4lp med att genomf\u00f6ra detta fantastiska evenemang.\u00a0 \u00a0 \u00a0 Mme Fia Adler Sandblad de l&rsquo;ADA-teater de G\u00f6teborg Les musiciens inoubliables Anita et Thomas de Falun<\/p>\n","protected":false},"author":5,"featured_media":0,"parent":0,"menu_order":0,"comment_status":"closed","ping_status":"closed","template":"","meta":{"om_disable_all_campaigns":false,"_monsterinsights_skip_tracking":false,"_monsterinsights_sitenote_active":false,"_monsterinsights_sitenote_note":"","_monsterinsights_sitenote_category":0,"_uf_show_specific_survey":0,"_uf_disable_surveys":false,"footnotes":""},"class_list":["post-117","page","type-page","status-publish","hentry"],"aioseo_notices":[],"rttpg_featured_image_url":null,"rttpg_author":{"display_name":"Sophie Selden","author_link":"https:\/\/alliancefr.se\/goteborg\/author\/mats-olsson\/"},"rttpg_comment":0,"rttpg_category":" <a href=\"https:\/\/alliancefr.se\/goteborg\/sv\/\" rel=\"tag\">Svenska<\/a>","rttpg_excerpt":"H\u00e4lsningar fr\u00e5n styrelsen ! V\u00e4lkomna till Alliance Fran\u00e7aise i G\u00f6teborg, f\u00f6reningen f\u00f6r alla er som \u00e4r intresserade av Frankrike, det franska spr\u00e5ket och den franska kulturen. Vi v\u00e4lkomnar intresserad till styrelsen ! \u00a0 Elisabeth Brune Watsfeldt (kass\u00f6r och ordf\u00f6rande) Iah Hans\u00e9n (sekreterare) Isabelle Thiria (ordinarie styrelseledamot) Eva Kokinsky (ordinarie styrelseledamot) Tiina Rebas (ordinarie styrelseledamot) Pelin\u2026","_links":{"self":[{"href":"https:\/\/alliancefr.se\/goteborg\/wp-json\/wp\/v2\/pages\/117","targetHints":{"allow":["GET"]}}],"collection":[{"href":"https:\/\/alliancefr.se\/goteborg\/wp-json\/wp\/v2\/pages"}],"about":[{"href":"https:\/\/alliancefr.se\/goteborg\/wp-json\/wp\/v2\/types\/page"}],"author":[{"embeddable":true,"href":"https:\/\/alliancefr.se\/goteborg\/wp-json\/wp\/v2\/users\/5"}],"replies":[{"embeddable":true,"href":"https:\/\/alliancefr.se\/goteborg\/wp-json\/wp\/v2\/comments?post=117"}],"version-history":[{"count":60,"href":"https:\/\/alliancefr.se\/goteborg\/wp-json\/wp\/v2\/pages\/117\/revisions"}],"predecessor-version":[{"id":1110,"href":"https:\/\/alliancefr.se\/goteborg\/wp-json\/wp\/v2\/pages\/117\/revisions\/1110"}],"wp:attachment":[{"href":"https:\/\/alliancefr.se\/goteborg\/wp-json\/wp\/v2\/media?parent=117"}],"curies":[{"name":"wp","href":"https:\/\/api.w.org\/{rel}","templated":true}]}}