{"id":37,"date":"2019-06-12T16:04:27","date_gmt":"2019-06-12T14:04:27","guid":{"rendered":"https:\/\/alliancefr.se\/gavle\/le-reseau-af-2\/"},"modified":"2026-02-17T09:25:15","modified_gmt":"2026-02-17T08:25:15","slug":"le-reseau-af-2","status":"publish","type":"page","link":"https:\/\/alliancefr.se\/gavle\/le-reseau-af-2\/","title":{"rendered":"Le R\u00e9seau AF"},"content":{"rendered":"\t\t<div data-elementor-type=\"wp-post\" data-elementor-id=\"37\" class=\"elementor elementor-37\">\n\t\t\t\t<div class=\"elementor-element elementor-element-178cd84a e-flex e-con-boxed e-con e-parent\" data-id=\"178cd84a\" data-element_type=\"container\">\n\t\t\t\t\t<div class=\"e-con-inner\">\n\t\t\t\t\t<\/div>\n\t\t\t\t<\/div>\n\t\t<div class=\"elementor-element elementor-element-d32416b e-grid e-con-boxed e-con e-parent\" data-id=\"d32416b\" data-element_type=\"container\">\n\t\t\t\t\t<div class=\"e-con-inner\">\n\t\t\t\t<div class=\"elementor-element elementor-element-5a186e8 elementor-widget elementor-widget-image\" data-id=\"5a186e8\" data-element_type=\"widget\" data-widget_type=\"image.default\">\n\t\t\t\t<div class=\"elementor-widget-container\">\n\t\t\t\t\t\t\t\t\t\t\t\t\t\t\t<img decoding=\"async\" width=\"150\" height=\"150\" src=\"https:\/\/alliancefr.se\/gavle\/wp-content\/uploads\/sites\/18\/2026\/02\/Reseau_couleur-ok-150x150.png\" class=\"attachment-thumbnail size-thumbnail wp-image-17120\" alt=\"\" \/>\t\t\t\t\t\t\t\t\t\t\t\t\t\t\t<\/div>\n\t\t\t\t<\/div>\n\t\t\t\t\t<\/div>\n\t\t\t\t<\/div>\n\t\t<div class=\"elementor-element elementor-element-5de2cb1 e-grid e-con-boxed e-con e-parent\" data-id=\"5de2cb1\" data-element_type=\"container\">\n\t\t\t\t\t<div class=\"e-con-inner\">\n\t\t\t\t<div class=\"elementor-element elementor-element-28beae7 elementor-widget elementor-widget-heading\" data-id=\"28beae7\" data-element_type=\"widget\" data-widget_type=\"heading.default\">\n\t\t\t\t<div class=\"elementor-widget-container\">\n\t\t\t\t\t<h2 class=\"elementor-heading-title elementor-size-default\">Le r\u00e9seau des Alliances Fran\u00e7aises de Su\u00e8de<\/h2>\t\t\t\t<\/div>\n\t\t\t\t<\/div>\n\t\t\t\t\t<\/div>\n\t\t\t\t<\/div>\n\t\t<div class=\"elementor-element elementor-element-73713bd e-grid e-con-boxed e-con e-parent\" data-id=\"73713bd\" data-element_type=\"container\">\n\t\t\t\t\t<div class=\"e-con-inner\">\n\t\t\t\t<div class=\"elementor-element elementor-element-c4f2e15 elementor-widget elementor-widget-text-editor\" data-id=\"c4f2e15\" data-element_type=\"widget\" data-widget_type=\"text-editor.default\">\n\t\t\t\t<div class=\"elementor-widget-container\">\n\t\t\t\t\t\t\t\t\t<p>En Su\u00e8de, la premi\u00e8re Alliance Fran\u00e7aise a \u00e9t\u00e9 cr\u00e9\u00e9e \u00e0 Stockholm en 1889, et a \u00e9t\u00e9 rapidement suivie par celles d\u2019Uppsala et de G\u00f6teborg. <strong>L\u2019Alliance Fran\u00e7aise de G\u00e4vle<\/strong>, <strong>quant \u00e0 elle, a \u00e9t\u00e9 cr\u00e9\u00e9e<\/strong> <strong>le 23 avril 2024.<\/strong><\/p><p>\u00c0 ce jour, le r\u00e9seau Alliance Fran\u00e7aise de Su\u00e8de compte <strong>17 alliances<\/strong>, qui font partie des Alliances Fran\u00e7aises avec un statut particulier dans la promotion de la francophonie. En effet, en raison de la tradition tr\u00e8s ancr\u00e9e en Su\u00e8de des f\u00e9d\u00e9rations d&rsquo;\u00e9ducation populaire, les Alliances Fran\u00e7aises de Su\u00e8de ne donnent pas de cours de fran\u00e7ais. En revanche, <b>e<\/b><strong>lles proposent de nombreuses activit\u00e9s et conf\u00e9rences en fran\u00e7ais et en su\u00e9dois autour des cultures francophones.<\/strong> Dans le cadre de la coop\u00e9ration entres les Alliances Fran\u00e7aises de Su\u00e8de, une r\u00e9union nationale est tenue chaque ann\u00e9e dans une ville du r\u00e9seau.\u00a0<\/p>\t\t\t\t\t\t\t\t<\/div>\n\t\t\t\t<\/div>\n\t\t\t\t\t<\/div>\n\t\t\t\t<\/div>\n\t\t<div class=\"elementor-element elementor-element-5aba379 e-grid e-con-boxed e-con e-parent\" data-id=\"5aba379\" data-element_type=\"container\">\n\t\t\t\t\t<div class=\"e-con-inner\">\n\t\t\t\t<div class=\"elementor-element elementor-element-eb2eaee elementor-widget elementor-widget-spacer\" data-id=\"eb2eaee\" data-element_type=\"widget\" data-widget_type=\"spacer.default\">\n\t\t\t\t<div class=\"elementor-widget-container\">\n\t\t\t\t\t\t\t<div class=\"elementor-spacer\">\n\t\t\t<div class=\"elementor-spacer-inner\"><\/div>\n\t\t<\/div>\n\t\t\t\t\t\t<\/div>\n\t\t\t\t<\/div>\n\t\t\t\t\t<\/div>\n\t\t\t\t<\/div>\n\t\t<div class=\"elementor-element elementor-element-7e6d305 e-flex e-con-boxed e-con e-parent\" data-id=\"7e6d305\" data-element_type=\"container\">\n\t\t\t\t\t<div class=\"e-con-inner\">\n\t\t\t\t<div class=\"elementor-element elementor-element-c0b98ee elementor-widget elementor-widget-html\" data-id=\"c0b98ee\" data-element_type=\"widget\" data-widget_type=\"html.default\">\n\t\t\t\t<div class=\"elementor-widget-container\">\n\t\t\t\t\t<iframe src=\"https:\/\/www.google.com\/maps\/d\/u\/0\/embed?mid=1-Yn-iFEIDAYmm-9Ljx97FtBfG59mbLk&amp;ehbc=2E312F&amp;noprof=1\" width=\"640\" height=\"480\"><\/iframe>\t\t\t\t<\/div>\n\t\t\t\t<\/div>\n\t\t\t\t\t<\/div>\n\t\t\t\t<\/div>\n\t\t<div class=\"elementor-element elementor-element-5855dfd e-flex e-con-boxed e-con e-parent\" data-id=\"5855dfd\" data-element_type=\"container\">\n\t\t\t\t\t<div class=\"e-con-inner\">\n\t\t\t\t<div class=\"elementor-element elementor-element-b31a7c6 elementor-widget elementor-widget-text-editor\" data-id=\"b31a7c6\" data-element_type=\"widget\" data-widget_type=\"text-editor.default\">\n\t\t\t\t<div class=\"elementor-widget-container\">\n\t\t\t\t\t\t\t\t\t<p>Retrouvez plus d&rsquo;informations sur l&rsquo;ensemble du r\u00e9seau des Alliances Fran\u00e7aises de Su\u00e8de <a href=\"https:\/\/alliancefr.se\/\">ici.<\/a><\/p>\t\t\t\t\t\t\t\t<\/div>\n\t\t\t\t<\/div>\n\t\t\t\t\t<\/div>\n\t\t\t\t<\/div>\n\t\t\t\t<\/div>\n\t\t","protected":false},"excerpt":{"rendered":"<p>Le r\u00e9seau des Alliances Fran\u00e7aises de Su\u00e8de En Su\u00e8de, la premi\u00e8re Alliance Fran\u00e7aise a \u00e9t\u00e9 cr\u00e9\u00e9e \u00e0 Stockholm en 1889, et a \u00e9t\u00e9 rapidement suivie par celles d\u2019Uppsala et de G\u00f6teborg. L\u2019Alliance Fran\u00e7aise de G\u00e4vle, quant \u00e0 elle, a \u00e9t\u00e9 cr\u00e9\u00e9e le 23 avril 2024. \u00c0 ce jour, le r\u00e9seau Alliance Fran\u00e7aise de Su\u00e8de compte 17 alliances, qui font partie des Alliances Fran\u00e7aises avec un statut particulier dans la promotion de la francophonie. En effet, en raison de la tradition tr\u00e8s ancr\u00e9e en Su\u00e8de des f\u00e9d\u00e9rations d&rsquo;\u00e9ducation populaire, les Alliances Fran\u00e7aises de Su\u00e8de ne donnent pas de cours de fran\u00e7ais. En revanche, elles proposent de nombreuses activit\u00e9s et conf\u00e9rences en fran\u00e7ais et en su\u00e9dois autour des cultures francophones. Dans le cadre de la coop\u00e9ration entres les Alliances Fran\u00e7aises de Su\u00e8de, une r\u00e9union nationale est tenue chaque ann\u00e9e dans une ville du r\u00e9seau.\u00a0 Retrouvez plus d&rsquo;informations sur l&rsquo;ensemble du r\u00e9seau des Alliances Fran\u00e7aises de Su\u00e8de ici.<\/p>\n","protected":false},"author":1,"featured_media":0,"parent":0,"menu_order":0,"comment_status":"closed","ping_status":"closed","template":"","meta":{"om_disable_all_campaigns":false,"_monsterinsights_skip_tracking":false,"_monsterinsights_sitenote_active":false,"_monsterinsights_sitenote_note":"","_monsterinsights_sitenote_category":0,"_uf_show_specific_survey":0,"_uf_disable_surveys":false,"footnotes":""},"class_list":["post-37","page","type-page","status-publish","hentry"],"aioseo_notices":[],"rttpg_featured_image_url":null,"rttpg_author":{"display_name":"Super.admin","author_link":"https:\/\/alliancefr.se\/gavle\/author\/admin2174\/"},"rttpg_comment":0,"rttpg_category":" <a href=\"https:\/\/alliancefr.se\/gavle\/\" rel=\"tag\">Fran\u00e7ais<\/a>","rttpg_excerpt":"Le r\u00e9seau des Alliances Fran\u00e7aises de Su\u00e8de En Su\u00e8de, la premi\u00e8re Alliance Fran\u00e7aise a \u00e9t\u00e9 cr\u00e9\u00e9e \u00e0 Stockholm en 1889, et a \u00e9t\u00e9 rapidement suivie par celles d\u2019Uppsala et de G\u00f6teborg. L\u2019Alliance Fran\u00e7aise de G\u00e4vle, quant \u00e0 elle, a \u00e9t\u00e9 cr\u00e9\u00e9e le 23 avril 2024. \u00c0 ce jour, le r\u00e9seau Alliance Fran\u00e7aise de Su\u00e8de compte\u2026","_links":{"self":[{"href":"https:\/\/alliancefr.se\/gavle\/wp-json\/wp\/v2\/pages\/37","targetHints":{"allow":["GET"]}}],"collection":[{"href":"https:\/\/alliancefr.se\/gavle\/wp-json\/wp\/v2\/pages"}],"about":[{"href":"https:\/\/alliancefr.se\/gavle\/wp-json\/wp\/v2\/types\/page"}],"author":[{"embeddable":true,"href":"https:\/\/alliancefr.se\/gavle\/wp-json\/wp\/v2\/users\/1"}],"replies":[{"embeddable":true,"href":"https:\/\/alliancefr.se\/gavle\/wp-json\/wp\/v2\/comments?post=37"}],"version-history":[{"count":21,"href":"https:\/\/alliancefr.se\/gavle\/wp-json\/wp\/v2\/pages\/37\/revisions"}],"predecessor-version":[{"id":17124,"href":"https:\/\/alliancefr.se\/gavle\/wp-json\/wp\/v2\/pages\/37\/revisions\/17124"}],"wp:attachment":[{"href":"https:\/\/alliancefr.se\/gavle\/wp-json\/wp\/v2\/media?parent=37"}],"curies":[{"name":"wp","href":"https:\/\/api.w.org\/{rel}","templated":true}]}}