{"id":2426,"date":"2019-06-12T15:10:01","date_gmt":"2019-06-12T13:10:01","guid":{"rendered":"https:\/\/alliancefr.se\/gavle\/page-d-exemple-2\/"},"modified":"2026-02-19T10:42:47","modified_gmt":"2026-02-19T09:42:47","slug":"page-d-exemple-2","status":"publish","type":"page","link":"https:\/\/alliancefr.se\/gavle\/","title":{"rendered":"Accueil"},"content":{"rendered":"\t\t<div data-elementor-type=\"wp-post\" data-elementor-id=\"2426\" class=\"elementor elementor-2426\">\n\t\t\t\t<div class=\"elementor-element elementor-element-75606997 e-con-full e-flex e-con e-parent\" data-id=\"75606997\" data-element_type=\"container\">\n\t\t\t\t<\/div>\n\t\t<div class=\"elementor-element elementor-element-a15e7a0 e-grid e-con-boxed e-con e-parent\" data-id=\"a15e7a0\" data-element_type=\"container\">\n\t\t\t\t\t<div class=\"e-con-inner\">\n\t\t\t\t<div class=\"elementor-element elementor-element-0cf0000 elementor-widget elementor-widget-heading\" data-id=\"0cf0000\" data-element_type=\"widget\" data-widget_type=\"heading.default\">\n\t\t\t\t<div class=\"elementor-widget-container\">\n\t\t\t\t\t<h2 class=\"elementor-heading-title elementor-size-default\">Bienvenue sur le site\nde l\u2019Alliance Fran\u00e7aise de G\u00e4vle !<\/h2>\t\t\t\t<\/div>\n\t\t\t\t<\/div>\n\t\t\t\t\t<\/div>\n\t\t\t\t<\/div>\n\t\t<div class=\"elementor-element elementor-element-035084c e-grid e-con-boxed e-con e-parent\" data-id=\"035084c\" data-element_type=\"container\">\n\t\t\t\t\t<div class=\"e-con-inner\">\n\t\t\t\t<div class=\"elementor-element elementor-element-032ddf2 elementor-widget elementor-widget-text-editor\" data-id=\"032ddf2\" data-element_type=\"widget\" data-widget_type=\"text-editor.default\">\n\t\t\t\t<div class=\"elementor-widget-container\">\n\t\t\t\t\t\t\t\t\t<p><a href=\"http:\/\/alliancefr.se\/gavle\/wp-content\/uploads\/sites\/18\/2024\/08\/Organisationsnummer.pdf\">Num\u00e9ro d&rsquo;organisation : 802547-5719<\/a><\/p><p>\u00a0L\u2019Alliance Fran\u00e7aise de G\u00e4vle dans le <a href=\"https:\/\/fri.gavle.se\/forening\/visapublik.aspx?id=AF\">registre des associations de la Ville de G\u00e4vle<\/a><\/p>\t\t\t\t\t\t\t\t<\/div>\n\t\t\t\t<\/div>\n\t\t\t\t\t<\/div>\n\t\t\t\t<\/div>\n\t\t<div class=\"elementor-element elementor-element-3b9cfa1 e-grid e-con-boxed e-con e-parent\" data-id=\"3b9cfa1\" data-element_type=\"container\">\n\t\t\t\t\t<div class=\"e-con-inner\">\n\t\t\t\t<div class=\"elementor-element elementor-element-e6b0a31 elementor-widget elementor-widget-image\" data-id=\"e6b0a31\" data-element_type=\"widget\" data-widget_type=\"image.default\">\n\t\t\t\t<div class=\"elementor-widget-container\">\n\t\t\t\t\t\t\t\t\t\t\t\t\t\t\t<img fetchpriority=\"high\" decoding=\"async\" width=\"300\" height=\"300\" src=\"https:\/\/alliancefr.se\/gavle\/wp-content\/uploads\/sites\/18\/2026\/02\/www-sans-AF_couleur-ok-300x300.png\" class=\"attachment-medium size-medium wp-image-17072\" alt=\"\" \/>\t\t\t\t\t\t\t\t\t\t\t\t\t\t\t<\/div>\n\t\t\t\t<\/div>\n\t\t\t\t\t<\/div>\n\t\t\t\t<\/div>\n\t\t<div class=\"elementor-element elementor-element-b34d257 e-grid e-con-boxed e-con e-parent\" data-id=\"b34d257\" data-element_type=\"container\">\n\t\t\t\t\t<div class=\"e-con-inner\">\n\t\t\t\t<div class=\"elementor-element elementor-element-f4f238a elementor-widget elementor-widget-spacer\" data-id=\"f4f238a\" data-element_type=\"widget\" data-widget_type=\"spacer.default\">\n\t\t\t\t<div class=\"elementor-widget-container\">\n\t\t\t\t\t\t\t<div class=\"elementor-spacer\">\n\t\t\t<div class=\"elementor-spacer-inner\"><\/div>\n\t\t<\/div>\n\t\t\t\t\t\t<\/div>\n\t\t\t\t<\/div>\n\t\t\t\t\t<\/div>\n\t\t\t\t<\/div>\n\t\t<div class=\"elementor-element elementor-element-d52834f e-grid e-con-boxed e-con e-parent\" data-id=\"d52834f\" data-element_type=\"container\">\n\t\t\t\t\t<div class=\"e-con-inner\">\n\t\t\t\t<div class=\"elementor-element elementor-element-fc4ad8c elementor-widget elementor-widget-heading\" data-id=\"fc4ad8c\" data-element_type=\"widget\" data-widget_type=\"heading.default\">\n\t\t\t\t<div class=\"elementor-widget-container\">\n\t\t\t\t\t<h3 class=\"elementor-heading-title elementor-size-default\"><a href=\"http:\/\/alliancefr.se\/gavle\/wp-content\/uploads\/sites\/18\/2024\/06\/Statuts.pdf\">Nos statuts<\/a><\/h3>\t\t\t\t<\/div>\n\t\t\t\t<\/div>\n\t\t\t\t\t<\/div>\n\t\t\t\t<\/div>\n\t\t<div class=\"elementor-element elementor-element-35fac07 e-grid e-con-boxed e-con e-parent\" data-id=\"35fac07\" data-element_type=\"container\">\n\t\t\t\t\t<div class=\"e-con-inner\">\n\t\t\t\t<div class=\"elementor-element elementor-element-dbaf9b9 elementor-widget elementor-widget-image\" data-id=\"dbaf9b9\" data-element_type=\"widget\" data-widget_type=\"image.default\">\n\t\t\t\t<div class=\"elementor-widget-container\">\n\t\t\t\t\t\t\t\t\t\t\t\t\t\t\t<img decoding=\"async\" width=\"150\" height=\"150\" src=\"https:\/\/alliancefr.se\/gavle\/wp-content\/uploads\/sites\/18\/2026\/02\/Statuts_couleur-ok-150x150.png\" class=\"attachment-thumbnail size-thumbnail wp-image-17079\" alt=\"\" \/>\t\t\t\t\t\t\t\t\t\t\t\t\t\t\t<\/div>\n\t\t\t\t<\/div>\n\t\t\t\t\t<\/div>\n\t\t\t\t<\/div>\n\t\t<div class=\"elementor-element elementor-element-06c9f0c e-grid e-con-boxed e-con e-parent\" data-id=\"06c9f0c\" data-element_type=\"container\">\n\t\t\t\t\t<div class=\"e-con-inner\">\n\t\t\t\t<div class=\"elementor-element elementor-element-36ef1f5 elementor-widget elementor-widget-image\" data-id=\"36ef1f5\" data-element_type=\"widget\" data-widget_type=\"image.default\">\n\t\t\t\t<div class=\"elementor-widget-container\">\n\t\t\t\t\t\t\t\t\t\t\t\t\t\t\t<img decoding=\"async\" width=\"635\" height=\"877\" src=\"https:\/\/alliancefr.se\/gavle\/wp-content\/uploads\/sites\/18\/2024\/06\/Statuts.png\" class=\"attachment-medium_large size-medium_large wp-image-12550\" alt=\"\" \/>\t\t\t\t\t\t\t\t\t\t\t\t\t\t\t<\/div>\n\t\t\t\t<\/div>\n\t\t\t\t\t<\/div>\n\t\t\t\t<\/div>\n\t\t\t\t<\/div>\n\t\t","protected":false},"excerpt":{"rendered":"<p>Bienvenue sur le site de l\u2019Alliance Fran\u00e7aise de G\u00e4vle ! Num\u00e9ro d&rsquo;organisation : 802547-5719 \u00a0L\u2019Alliance Fran\u00e7aise de G\u00e4vle dans le registre des associations de la Ville de G\u00e4vle Nos statuts<\/p>\n","protected":false},"author":1,"featured_media":0,"parent":0,"menu_order":0,"comment_status":"closed","ping_status":"open","template":"","meta":{"om_disable_all_campaigns":false,"_monsterinsights_skip_tracking":false,"_monsterinsights_sitenote_active":false,"_monsterinsights_sitenote_note":"","_monsterinsights_sitenote_category":0,"_uf_show_specific_survey":0,"_uf_disable_surveys":false,"footnotes":""},"class_list":["post-2426","page","type-page","status-publish","hentry"],"aioseo_notices":[],"rttpg_featured_image_url":null,"rttpg_author":{"display_name":"Super.admin","author_link":"https:\/\/alliancefr.se\/gavle\/author\/admin2174\/"},"rttpg_comment":0,"rttpg_category":" <a href=\"https:\/\/alliancefr.se\/gavle\/\" rel=\"tag\">Fran\u00e7ais<\/a>","rttpg_excerpt":"Bienvenue sur le site de l\u2019Alliance Fran\u00e7aise de G\u00e4vle ! Num\u00e9ro d&rsquo;organisation : 802547-5719 \u00a0L\u2019Alliance Fran\u00e7aise de G\u00e4vle dans le registre des associations de la Ville de G\u00e4vle Nos statuts","_links":{"self":[{"href":"https:\/\/alliancefr.se\/gavle\/wp-json\/wp\/v2\/pages\/2426","targetHints":{"allow":["GET"]}}],"collection":[{"href":"https:\/\/alliancefr.se\/gavle\/wp-json\/wp\/v2\/pages"}],"about":[{"href":"https:\/\/alliancefr.se\/gavle\/wp-json\/wp\/v2\/types\/page"}],"author":[{"embeddable":true,"href":"https:\/\/alliancefr.se\/gavle\/wp-json\/wp\/v2\/users\/1"}],"replies":[{"embeddable":true,"href":"https:\/\/alliancefr.se\/gavle\/wp-json\/wp\/v2\/comments?post=2426"}],"version-history":[{"count":183,"href":"https:\/\/alliancefr.se\/gavle\/wp-json\/wp\/v2\/pages\/2426\/revisions"}],"predecessor-version":[{"id":17250,"href":"https:\/\/alliancefr.se\/gavle\/wp-json\/wp\/v2\/pages\/2426\/revisions\/17250"}],"wp:attachment":[{"href":"https:\/\/alliancefr.se\/gavle\/wp-json\/wp\/v2\/media?parent=2426"}],"curies":[{"name":"wp","href":"https:\/\/api.w.org\/{rel}","templated":true}]}}