{"id":17251,"date":"2026-02-19T10:44:38","date_gmt":"2026-02-19T09:44:38","guid":{"rendered":"https:\/\/alliancefr.se\/gavle\/?page_id=17251"},"modified":"2026-02-19T12:51:59","modified_gmt":"2026-02-19T11:51:59","slug":"historia","status":"publish","type":"page","link":"https:\/\/alliancefr.se\/gavle\/sv\/historia\/","title":{"rendered":"Historia"},"content":{"rendered":"\t\t<div data-elementor-type=\"wp-page\" data-elementor-id=\"17251\" class=\"elementor elementor-17251\">\n\t\t\t\t<div class=\"elementor-element elementor-element-d22f443 e-flex e-con-boxed e-con e-parent\" data-id=\"d22f443\" data-element_type=\"container\">\n\t\t\t\t\t<div class=\"e-con-inner\">\n\t\t\t\t<div class=\"elementor-element elementor-element-f6f439e elementor-widget elementor-widget-image\" data-id=\"f6f439e\" data-element_type=\"widget\" data-widget_type=\"image.default\">\n\t\t\t\t<div class=\"elementor-widget-container\">\n\t\t\t\t\t\t\t\t\t\t\t\t\t\t\t<img decoding=\"async\" width=\"150\" height=\"150\" src=\"https:\/\/alliancefr.se\/gavle\/wp-content\/uploads\/sites\/18\/2026\/02\/Histoire_couleur-ok-150x150.png\" class=\"attachment-thumbnail size-thumbnail wp-image-17086\" alt=\"\" \/>\t\t\t\t\t\t\t\t\t\t\t\t\t\t\t<\/div>\n\t\t\t\t<\/div>\n\t\t\t\t\t<\/div>\n\t\t\t\t<\/div>\n\t\t<div class=\"elementor-element elementor-element-0e09d3c e-grid e-con-boxed e-con e-parent\" data-id=\"0e09d3c\" data-element_type=\"container\">\n\t\t\t\t\t<div class=\"e-con-inner\">\n\t\t\t\t<div class=\"elementor-element elementor-element-b407112 elementor-widget elementor-widget-spacer\" data-id=\"b407112\" data-element_type=\"widget\" data-widget_type=\"spacer.default\">\n\t\t\t\t<div class=\"elementor-widget-container\">\n\t\t\t\t\t\t\t<div class=\"elementor-spacer\">\n\t\t\t<div class=\"elementor-spacer-inner\"><\/div>\n\t\t<\/div>\n\t\t\t\t\t\t<\/div>\n\t\t\t\t<\/div>\n\t\t\t\t\t<\/div>\n\t\t\t\t<\/div>\n\t\t<div class=\"elementor-element elementor-element-e9b7c37 e-grid e-con-boxed e-con e-parent\" data-id=\"e9b7c37\" data-element_type=\"container\">\n\t\t\t\t\t<div class=\"e-con-inner\">\n\t\t\t\t<div class=\"elementor-element elementor-element-8435f39 elementor-widget elementor-widget-heading\" data-id=\"8435f39\" data-element_type=\"widget\" data-widget_type=\"heading.default\">\n\t\t\t\t<div class=\"elementor-widget-container\">\n\t\t\t\t\t<h2 class=\"elementor-heading-title elementor-size-default\">G\u00e4vle, lilla Paris<\/h2>\t\t\t\t<\/div>\n\t\t\t\t<\/div>\n\t\t\t\t\t<\/div>\n\t\t\t\t<\/div>\n\t\t<div class=\"elementor-element elementor-element-38826cc e-grid e-con-boxed e-con e-parent\" data-id=\"38826cc\" data-element_type=\"container\">\n\t\t\t\t\t<div class=\"e-con-inner\">\n\t\t\t\t<div class=\"elementor-element elementor-element-13defcb elementor-widget elementor-widget-image\" data-id=\"13defcb\" data-element_type=\"widget\" data-widget_type=\"image.default\">\n\t\t\t\t<div class=\"elementor-widget-container\">\n\t\t\t\t\t\t\t\t\t\t\t\t\t\t\t<img decoding=\"async\" width=\"150\" height=\"150\" src=\"https:\/\/alliancefr.se\/gavle\/wp-content\/uploads\/sites\/18\/2026\/02\/Opera_couleur-ok-150x150.png\" class=\"attachment-thumbnail size-thumbnail wp-image-17093\" alt=\"\" \/>\t\t\t\t\t\t\t\t\t\t\t\t\t\t\t<\/div>\n\t\t\t\t<\/div>\n\t\t\t\t\t<\/div>\n\t\t\t\t<\/div>\n\t\t<div class=\"elementor-element elementor-element-132eb2a e-grid e-con-boxed e-con e-parent\" data-id=\"132eb2a\" data-element_type=\"container\">\n\t\t\t\t\t<div class=\"e-con-inner\">\n\t\t\t\t<div class=\"elementor-element elementor-element-7a45ef7 elementor-widget elementor-widget-heading\" data-id=\"7a45ef7\" data-element_type=\"widget\" data-widget_type=\"heading.default\">\n\t\t\t\t<div class=\"elementor-widget-container\">\n\t\t\t\t\t<h3 class=\"elementor-heading-title elementor-size-default\">G\u00e4vle teater, Op\u00e9ra Garnier och Moli\u00e8re<\/h3>\t\t\t\t<\/div>\n\t\t\t\t<\/div>\n\t\t\t\t\t<\/div>\n\t\t\t\t<\/div>\n\t\t<div class=\"elementor-element elementor-element-8ab20fc e-grid e-con-boxed e-con e-parent\" data-id=\"8ab20fc\" data-element_type=\"container\">\n\t\t\t\t\t<div class=\"e-con-inner\">\n\t\t\t\t<div class=\"elementor-element elementor-element-37edc74 elementor-widget elementor-widget-image\" data-id=\"37edc74\" data-element_type=\"widget\" data-widget_type=\"image.default\">\n\t\t\t\t<div class=\"elementor-widget-container\">\n\t\t\t\t\t\t\t\t\t\t\t\t\t\t\t<img fetchpriority=\"high\" decoding=\"async\" width=\"300\" height=\"300\" src=\"https:\/\/alliancefr.se\/gavle\/wp-content\/uploads\/sites\/18\/2024\/06\/Theatre-Gavle-300x300.jpg\" class=\"attachment-medium size-medium wp-image-12571\" alt=\"\" \/>\t\t\t\t\t\t\t\t\t\t\t\t\t\t\t<\/div>\n\t\t\t\t<\/div>\n\t\t\t\t<div class=\"elementor-element elementor-element-c58823c elementor-widget elementor-widget-image\" data-id=\"c58823c\" data-element_type=\"widget\" data-widget_type=\"image.default\">\n\t\t\t\t<div class=\"elementor-widget-container\">\n\t\t\t\t\t\t\t\t\t\t\t\t\t\t\t<img loading=\"lazy\" decoding=\"async\" width=\"300\" height=\"300\" src=\"https:\/\/alliancefr.se\/gavle\/wp-content\/uploads\/sites\/18\/2024\/06\/Paris_Oper_um_1900-300x300.jpg\" class=\"attachment-medium size-medium wp-image-12570\" alt=\"\" \/>\t\t\t\t\t\t\t\t\t\t\t\t\t\t\t<\/div>\n\t\t\t\t<\/div>\n\t\t\t\t<div class=\"elementor-element elementor-element-0144253 elementor-widget elementor-widget-image\" data-id=\"0144253\" data-element_type=\"widget\" data-widget_type=\"image.default\">\n\t\t\t\t<div class=\"elementor-widget-container\">\n\t\t\t\t\t\t\t\t\t\t\t\t\t\t\t<img loading=\"lazy\" decoding=\"async\" width=\"300\" height=\"300\" src=\"https:\/\/alliancefr.se\/gavle\/wp-content\/uploads\/sites\/18\/2024\/06\/Theatre-Gavle_Moliere-300x300.jpg\" class=\"attachment-medium size-medium wp-image-12572\" alt=\"\" \/>\t\t\t\t\t\t\t\t\t\t\t\t\t\t\t<\/div>\n\t\t\t\t<\/div>\n\t\t\t\t<div class=\"elementor-element elementor-element-31a7492 elementor-widget elementor-widget-image\" data-id=\"31a7492\" data-element_type=\"widget\" data-widget_type=\"image.default\">\n\t\t\t\t<div class=\"elementor-widget-container\">\n\t\t\t\t\t\t\t\t\t\t\t\t\t\t\t<img loading=\"lazy\" decoding=\"async\" width=\"300\" height=\"300\" src=\"https:\/\/alliancefr.se\/gavle\/wp-content\/uploads\/sites\/18\/2024\/06\/Moliere-300x300.jpg\" class=\"attachment-medium size-medium wp-image-12569\" alt=\"\" \/>\t\t\t\t\t\t\t\t\t\t\t\t\t\t\t<\/div>\n\t\t\t\t<\/div>\n\t\t\t\t\t<\/div>\n\t\t\t\t<\/div>\n\t\t<div class=\"elementor-element elementor-element-3fafa71 e-grid e-con-boxed e-con e-parent\" data-id=\"3fafa71\" data-element_type=\"container\">\n\t\t\t\t\t<div class=\"e-con-inner\">\n\t\t\t\t<div class=\"elementor-element elementor-element-1c6f511 elementor-widget elementor-widget-text-editor\" data-id=\"1c6f511\" data-element_type=\"widget\" data-widget_type=\"text-editor.default\">\n\t\t\t\t<div class=\"elementor-widget-container\">\n\t\t\t\t\t\t\t\t\t<p><span class=\"x193iq5w xeuugli x13faqbe x1vvkbs x1xmvt09 x1lliihq x1s928wv xhkezso x1gmr53x x1cpjm7i x1fgarty x1943h6x xudqn12 x3x7a5m x6prxxf xvq8zen xo1l8bm xzsf02u x1yc453h\" dir=\"auto\">\u201d1878 \u00f6ppnar G\u00e4vle Teater f\u00f6r f\u00f6rsta g\u00e5ngen portarna. Byggd i monumental nybarock med inspiration h\u00e4mtad fr\u00e5n Operahuset L\u2019Op\u00e9ra Garnier i Paris som invigts tre \u00e5r tidigare. Charles Garnier, arkitekten bakom operahuset i Paris, var v\u00e4n med Axel Nystr\u00f6ms kusin Scholander. Axel arbetade ocks\u00e5 i samma atelj\u00e9 som Garnier under en period. V\u00e4rt att n\u00e4mna \u00e4r att Scholander var ordf\u00f6rande och satt i juryn f\u00f6r arkitekturt\u00e4vlingen. [\u2026] P\u00e5 namntavlorna har Moli\u00e8res namn f\u00e5tt en felv\u00e4nd accent: Moli\u00e9re.\u201d<br \/>K\u00e4lla: <a href=\"http:\/\/gavleteater.se\/historia\/\">G\u00e4vle Teater<\/a><\/span><\/p>\t\t\t\t\t\t\t\t<\/div>\n\t\t\t\t<\/div>\n\t\t\t\t\t<\/div>\n\t\t\t\t<\/div>\n\t\t<div class=\"elementor-element elementor-element-cf620bd e-grid e-con-boxed e-con e-parent\" data-id=\"cf620bd\" data-element_type=\"container\">\n\t\t\t\t\t<div class=\"e-con-inner\">\n\t\t\t\t<div class=\"elementor-element elementor-element-afaa695 elementor-widget elementor-widget-heading\" data-id=\"afaa695\" data-element_type=\"widget\" data-widget_type=\"heading.default\">\n\t\t\t\t<div class=\"elementor-widget-container\">\n\t\t\t\t\t<h3 class=\"elementor-heading-title elementor-size-default\">Boulognerskogen och Bois de Boulogne<\/h3>\t\t\t\t<\/div>\n\t\t\t\t<\/div>\n\t\t\t\t\t<\/div>\n\t\t\t\t<\/div>\n\t\t<div class=\"elementor-element elementor-element-e39c0b3 e-grid e-con-boxed e-con e-parent\" data-id=\"e39c0b3\" data-element_type=\"container\">\n\t\t\t\t\t<div class=\"e-con-inner\">\n\t\t\t\t<div class=\"elementor-element elementor-element-a534399 elementor-widget elementor-widget-image\" data-id=\"a534399\" data-element_type=\"widget\" data-widget_type=\"image.default\">\n\t\t\t\t<div class=\"elementor-widget-container\">\n\t\t\t\t\t\t\t\t\t\t\t\t\t\t\t<img loading=\"lazy\" decoding=\"async\" width=\"300\" height=\"300\" src=\"https:\/\/alliancefr.se\/gavle\/wp-content\/uploads\/sites\/18\/2024\/06\/Boulognerskogen-300x300.jpg\" class=\"attachment-medium size-medium wp-image-12774\" alt=\"\" \/>\t\t\t\t\t\t\t\t\t\t\t\t\t\t\t<\/div>\n\t\t\t\t<\/div>\n\t\t\t\t<div class=\"elementor-element elementor-element-65e1b10 elementor-widget elementor-widget-image\" data-id=\"65e1b10\" data-element_type=\"widget\" data-widget_type=\"image.default\">\n\t\t\t\t<div class=\"elementor-widget-container\">\n\t\t\t\t\t\t\t\t\t\t\t\t\t\t\t<img loading=\"lazy\" decoding=\"async\" width=\"300\" height=\"300\" src=\"https:\/\/alliancefr.se\/gavle\/wp-content\/uploads\/sites\/18\/2024\/06\/Bois_de_Boulogne-300x300.jpeg\" class=\"attachment-medium size-medium wp-image-12775\" alt=\"\" \/>\t\t\t\t\t\t\t\t\t\t\t\t\t\t\t<\/div>\n\t\t\t\t<\/div>\n\t\t\t\t\t<\/div>\n\t\t\t\t<\/div>\n\t\t<div class=\"elementor-element elementor-element-635f3e1 e-grid e-con-boxed e-con e-parent\" data-id=\"635f3e1\" data-element_type=\"container\">\n\t\t\t\t\t<div class=\"e-con-inner\">\n\t\t\t\t<div class=\"elementor-element elementor-element-52bd537 elementor-widget elementor-widget-text-editor\" data-id=\"52bd537\" data-element_type=\"widget\" data-widget_type=\"text-editor.default\">\n\t\t\t\t<div class=\"elementor-widget-container\">\n\t\t\t\t\t\t\t\t\t<p><span class=\"x193iq5w xeuugli x13faqbe x1vvkbs x1xmvt09 x1lliihq x1s928wv xhkezso x1gmr53x x1cpjm7i x1fgarty x1943h6x xudqn12 x3x7a5m x6prxxf xvq8zen xo1l8bm xzsf02u x1yc453h\" dir=\"auto\">Parken \u00ab\u00a0Boulognerskogen\u00a0\u00bb planerades i mitten av 1800-talet och \u00e5r 1865 ut\u00f6kades Stadstr\u00e4dg\u00e5rden med det som i dag kallas Boulognerskogen. Denna gr\u00f6na oas \u00e4r en av Sveriges st\u00f6rsta stadsparker. \u00ab\u00a0Boulognern\u00a0\u00bb, som parken kallas i folkmun, fick namn efter \u00ab\u00a0Bois de Boulogne\u00a0\u00bb (Boulogneskogen) som anlagts i Paris n\u00e5got decennium tidigare. Den andra bilden visar kejsare Napoleon III:s paviljong i dag.<\/span><\/p>\t\t\t\t\t\t\t\t<\/div>\n\t\t\t\t<\/div>\n\t\t\t\t\t<\/div>\n\t\t\t\t<\/div>\n\t\t<div class=\"elementor-element elementor-element-a532bb6 e-grid e-con-boxed e-con e-parent\" data-id=\"a532bb6\" data-element_type=\"container\">\n\t\t\t\t\t<div class=\"e-con-inner\">\n\t\t\t\t<div class=\"elementor-element elementor-element-d87806e elementor-widget elementor-widget-spacer\" data-id=\"d87806e\" data-element_type=\"widget\" data-widget_type=\"spacer.default\">\n\t\t\t\t<div class=\"elementor-widget-container\">\n\t\t\t\t\t\t\t<div class=\"elementor-spacer\">\n\t\t\t<div class=\"elementor-spacer-inner\"><\/div>\n\t\t<\/div>\n\t\t\t\t\t\t<\/div>\n\t\t\t\t<\/div>\n\t\t\t\t\t<\/div>\n\t\t\t\t<\/div>\n\t\t<div class=\"elementor-element elementor-element-b16bdcf e-grid e-con-boxed e-con e-parent\" data-id=\"b16bdcf\" data-element_type=\"container\">\n\t\t\t\t\t<div class=\"e-con-inner\">\n\t\t\t\t<div class=\"elementor-element elementor-element-1464087 elementor-widget elementor-widget-heading\" data-id=\"1464087\" data-element_type=\"widget\" data-widget_type=\"heading.default\">\n\t\t\t\t<div class=\"elementor-widget-container\">\n\t\t\t\t\t<h2 class=\"elementor-heading-title elementor-size-default\">G\u00e4vle och Vallonerna<\/h2>\t\t\t\t<\/div>\n\t\t\t\t<\/div>\n\t\t\t\t\t<\/div>\n\t\t\t\t<\/div>\n\t\t<div class=\"elementor-element elementor-element-745ebe2 e-grid e-con-boxed e-con e-parent\" data-id=\"745ebe2\" data-element_type=\"container\">\n\t\t\t\t\t<div class=\"e-con-inner\">\n\t\t\t\t<div class=\"elementor-element elementor-element-4f11f70 elementor-widget elementor-widget-image\" data-id=\"4f11f70\" data-element_type=\"widget\" data-widget_type=\"image.default\">\n\t\t\t\t<div class=\"elementor-widget-container\">\n\t\t\t\t\t\t\t\t\t\t\t\t\t\t\t<img loading=\"lazy\" decoding=\"async\" width=\"315\" height=\"315\" src=\"https:\/\/alliancefr.se\/gavle\/wp-content\/uploads\/sites\/18\/2024\/07\/Axmar.png\" class=\"attachment-large size-large wp-image-13067\" alt=\"\" \/>\t\t\t\t\t\t\t\t\t\t\t\t\t\t\t<\/div>\n\t\t\t\t<\/div>\n\t\t\t\t<div class=\"elementor-element elementor-element-589bc18 elementor-widget elementor-widget-image\" data-id=\"589bc18\" data-element_type=\"widget\" data-widget_type=\"image.default\">\n\t\t\t\t<div class=\"elementor-widget-container\">\n\t\t\t\t\t\t\t\t\t\t\t\t\t\t\t<img loading=\"lazy\" decoding=\"async\" width=\"960\" height=\"960\" src=\"https:\/\/alliancefr.se\/gavle\/wp-content\/uploads\/sites\/18\/2024\/07\/Axmar2-1024x1024.jpg\" class=\"attachment-large size-large wp-image-13069\" alt=\"\" \/>\t\t\t\t\t\t\t\t\t\t\t\t\t\t\t<\/div>\n\t\t\t\t<\/div>\n\t\t\t\t<div class=\"elementor-element elementor-element-e21dfba elementor-widget elementor-widget-image\" data-id=\"e21dfba\" data-element_type=\"widget\" data-widget_type=\"image.default\">\n\t\t\t\t<div class=\"elementor-widget-container\">\n\t\t\t\t\t\t\t\t\t\t\t\t\t\t\t<img loading=\"lazy\" decoding=\"async\" width=\"960\" height=\"960\" src=\"https:\/\/alliancefr.se\/gavle\/wp-content\/uploads\/sites\/18\/2024\/07\/Axmar3-1024x1024.jpg\" class=\"attachment-large size-large wp-image-13071\" alt=\"\" \/>\t\t\t\t\t\t\t\t\t\t\t\t\t\t\t<\/div>\n\t\t\t\t<\/div>\n\t\t\t\t<div class=\"elementor-element elementor-element-4e3fd14 elementor-widget elementor-widget-image\" data-id=\"4e3fd14\" data-element_type=\"widget\" data-widget_type=\"image.default\">\n\t\t\t\t<div class=\"elementor-widget-container\">\n\t\t\t\t\t\t\t\t\t\t\t\t\t\t\t<img loading=\"lazy\" decoding=\"async\" width=\"960\" height=\"960\" src=\"https:\/\/alliancefr.se\/gavle\/wp-content\/uploads\/sites\/18\/2024\/07\/Axmar2-1024x1024.png\" class=\"attachment-large size-large wp-image-13070\" alt=\"\" \/>\t\t\t\t\t\t\t\t\t\t\t\t\t\t\t<\/div>\n\t\t\t\t<\/div>\n\t\t\t\t<div class=\"elementor-element elementor-element-5a44fd7 elementor-widget elementor-widget-image\" data-id=\"5a44fd7\" data-element_type=\"widget\" data-widget_type=\"image.default\">\n\t\t\t\t<div class=\"elementor-widget-container\">\n\t\t\t\t\t\t\t\t\t\t\t\t\t\t\t<img loading=\"lazy\" decoding=\"async\" width=\"960\" height=\"960\" src=\"https:\/\/alliancefr.se\/gavle\/wp-content\/uploads\/sites\/18\/2024\/07\/Axmar1-1024x1024.jpg\" class=\"attachment-large size-large wp-image-13068\" alt=\"\" \/>\t\t\t\t\t\t\t\t\t\t\t\t\t\t\t<\/div>\n\t\t\t\t<\/div>\n\t\t\t\t<div class=\"elementor-element elementor-element-e406602 elementor-widget elementor-widget-image\" data-id=\"e406602\" data-element_type=\"widget\" data-widget_type=\"image.default\">\n\t\t\t\t<div class=\"elementor-widget-container\">\n\t\t\t\t\t\t\t\t\t\t\t\t\t\t\t<img loading=\"lazy\" decoding=\"async\" width=\"960\" height=\"960\" src=\"https:\/\/alliancefr.se\/gavle\/wp-content\/uploads\/sites\/18\/2024\/07\/Vallongatan-1-1024x1024.jpg\" class=\"attachment-large size-large wp-image-13072\" alt=\"\" \/>\t\t\t\t\t\t\t\t\t\t\t\t\t\t\t<\/div>\n\t\t\t\t<\/div>\n\t\t\t\t<div class=\"elementor-element elementor-element-2914382 elementor-widget elementor-widget-image\" data-id=\"2914382\" data-element_type=\"widget\" data-widget_type=\"image.default\">\n\t\t\t\t<div class=\"elementor-widget-container\">\n\t\t\t\t\t\t\t\t\t\t\t\t\t\t\t<img loading=\"lazy\" decoding=\"async\" width=\"960\" height=\"960\" src=\"https:\/\/alliancefr.se\/gavle\/wp-content\/uploads\/sites\/18\/2024\/07\/Vallongatan-2-1024x1024.jpg\" class=\"attachment-large size-large wp-image-13073\" alt=\"\" \/>\t\t\t\t\t\t\t\t\t\t\t\t\t\t\t<\/div>\n\t\t\t\t<\/div>\n\t\t\t\t<div class=\"elementor-element elementor-element-fd52e55 elementor-widget elementor-widget-image\" data-id=\"fd52e55\" data-element_type=\"widget\" data-widget_type=\"image.default\">\n\t\t\t\t<div class=\"elementor-widget-container\">\n\t\t\t\t\t\t\t\t\t\t\t\t\t\t\t<img loading=\"lazy\" decoding=\"async\" width=\"960\" height=\"960\" src=\"https:\/\/alliancefr.se\/gavle\/wp-content\/uploads\/sites\/18\/2024\/07\/Vallongatan-3-1024x1024.jpg\" class=\"attachment-large size-large wp-image-13074\" alt=\"\" \/>\t\t\t\t\t\t\t\t\t\t\t\t\t\t\t<\/div>\n\t\t\t\t<\/div>\n\t\t\t\t<div class=\"elementor-element elementor-element-376e060 elementor-widget elementor-widget-image\" data-id=\"376e060\" data-element_type=\"widget\" data-widget_type=\"image.default\">\n\t\t\t\t<div class=\"elementor-widget-container\">\n\t\t\t\t\t\t\t\t\t\t\t\t\t\t\t<img loading=\"lazy\" decoding=\"async\" width=\"960\" height=\"960\" src=\"https:\/\/alliancefr.se\/gavle\/wp-content\/uploads\/sites\/18\/2024\/07\/Vallongatan-4-1024x1024.jpg\" class=\"attachment-large size-large wp-image-13075\" alt=\"\" \/>\t\t\t\t\t\t\t\t\t\t\t\t\t\t\t<\/div>\n\t\t\t\t<\/div>\n\t\t\t\t<div class=\"elementor-element elementor-element-1f57c48 elementor-widget elementor-widget-image\" data-id=\"1f57c48\" data-element_type=\"widget\" data-widget_type=\"image.default\">\n\t\t\t\t<div class=\"elementor-widget-container\">\n\t\t\t\t\t\t\t\t\t\t\t\t\t\t\t<img loading=\"lazy\" decoding=\"async\" width=\"960\" height=\"960\" src=\"https:\/\/alliancefr.se\/gavle\/wp-content\/uploads\/sites\/18\/2024\/07\/Vallongatan-5-1024x1024.jpg\" class=\"attachment-large size-large wp-image-13076\" alt=\"\" \/>\t\t\t\t\t\t\t\t\t\t\t\t\t\t\t<\/div>\n\t\t\t\t<\/div>\n\t\t\t\t\t<\/div>\n\t\t\t\t<\/div>\n\t\t<div class=\"elementor-element elementor-element-95e0fee e-grid e-con-boxed e-con e-parent\" data-id=\"95e0fee\" data-element_type=\"container\">\n\t\t\t\t\t<div class=\"e-con-inner\">\n\t\t\t\t<div class=\"elementor-element elementor-element-394c33d elementor-widget elementor-widget-text-editor\" data-id=\"394c33d\" data-element_type=\"widget\" data-widget_type=\"text-editor.default\">\n\t\t\t\t<div class=\"elementor-widget-container\">\n\t\t\t\t\t\t\t\t\t<div class=\"\" data-block=\"true\" data-editor=\"4h07l\" data-offset-key=\"pn1c-0-0\"><div class=\"_1mf _1mj\" data-offset-key=\"pn1c-0-0\"><span data-offset-key=\"pn1c-2-0\">Valloner utg\u00f6r ett mytomspunnet kapitel i Sveriges migrationshistoria. Gruppen bestod av den fransk- och vallonspr\u00e5kiga folkgrupp, i det omr\u00e5de som nu utg\u00f6r s\u00f6dra Belgien (Vallonien) och norra Frankrike (Valois), vilka utgjorde en stor del av invandringen till Sverige under stormaktstiden, och etablerade sig i svenskt j\u00e4rnbruk med vallonsmide. Det uppskattas att omkring 1 000\u20132 000 valloner invandrade till Sverige under 1600- och 1700-talen.<\/span><\/div><\/div><div data-offset-key=\"pn1c-0-0\">\u00a0<\/div><div data-offset-key=\"pn1c-0-0\"><span class=\"x4k7w5x x1h91t0o x1h9r5lt x1jfb8zj xv2umb2 x1beo9mf xaigb6o x12ejxvf x3igimt xarpa2k xedcshv x1lytzrv x1t2pt76 x7ja8zs x1qrby5j\"><span class=\"xevjqck x14xiqua x10nbalq x1fum7jp xeuugli x1fj9vlw x13faqbe x1vvkbs x16heey3 x1s8qawx xerbpqq x1lliihq x1s928wv xhkezso x1gmr53x x1cpjm7i x1fgarty x1943h6x x1provfb xdmd9no\" dir=\"auto\"><a href=\"https:\/\/axmarbruk.se\/\">Axmar bruk<\/a> var ursprungligen ett vallonbruk. Det var Norrlands f\u00f6rsta vallonbruk.<\/span><\/span><\/div><div data-offset-key=\"pn1c-0-0\">\u00a0<\/div><div data-offset-key=\"pn1c-0-0\"><a href=\"https:\/\/www.google.se\/maps\/place\/Vallongatan,+G%C3%A4vle\/@60.6644318,17.1460933,17z\/data=!3m1!4b1!4m6!3m5!1s0x4660c6591846909b:0xee8779482c12e7b3!8m2!3d60.6644318!4d17.1486682!16s%2Fg%2F1w15y1jg?entry=ttu\">Vallongatan<\/a> anlades 1953. Gatan, <span class=\"pg-1fc0\">som \u00e4ven har ett \u00e4ldreboende med namnet <\/span><a href=\"https:\/\/www.gavle.se\/kommunens-service\/omsorg-stod\/stod-till-aldre\/vard-och-omsorgsboenden\/lista-over-vard-och-omsorgsboenden-i-gavle-kommun\/vallongarden-vard-och-omsorgsboende\/\">Vallong\u00e5rden<\/a>, vittnar om detta minne.<\/div>\t\t\t\t\t\t\t\t<\/div>\n\t\t\t\t<\/div>\n\t\t\t\t\t<\/div>\n\t\t\t\t<\/div>\n\t\t\t\t<\/div>\n\t\t","protected":false},"excerpt":{"rendered":"<p>G\u00e4vle, lilla Paris G\u00e4vle teater, Op\u00e9ra Garnier och Moli\u00e8re \u201d1878 \u00f6ppnar G\u00e4vle Teater f\u00f6r f\u00f6rsta g\u00e5ngen portarna. Byggd i monumental nybarock med inspiration h\u00e4mtad fr\u00e5n Operahuset L\u2019Op\u00e9ra Garnier i Paris som invigts tre \u00e5r tidigare. Charles Garnier, arkitekten bakom operahuset i Paris, var v\u00e4n med Axel Nystr\u00f6ms kusin Scholander. Axel arbetade ocks\u00e5 i samma atelj\u00e9 som Garnier under en period. V\u00e4rt att n\u00e4mna \u00e4r att Scholander var ordf\u00f6rande och satt i juryn f\u00f6r arkitekturt\u00e4vlingen. [\u2026] P\u00e5 namntavlorna har Moli\u00e8res namn f\u00e5tt en felv\u00e4nd accent: Moli\u00e9re.\u201dK\u00e4lla: G\u00e4vle Teater Boulognerskogen och Bois de Boulogne Parken \u00ab\u00a0Boulognerskogen\u00a0\u00bb planerades i mitten av 1800-talet och \u00e5r 1865 ut\u00f6kades Stadstr\u00e4dg\u00e5rden med det som i dag kallas Boulognerskogen. Denna gr\u00f6na oas \u00e4r en av Sveriges st\u00f6rsta stadsparker. \u00ab\u00a0Boulognern\u00a0\u00bb, som parken kallas i folkmun, fick namn efter \u00ab\u00a0Bois de Boulogne\u00a0\u00bb (Boulogneskogen) som anlagts i Paris n\u00e5got decennium tidigare. Den andra bilden visar kejsare Napoleon III:s paviljong i dag. G\u00e4vle och Vallonerna Valloner utg\u00f6r ett mytomspunnet kapitel i Sveriges migrationshistoria. Gruppen bestod av den fransk- och vallonspr\u00e5kiga folkgrupp, i det omr\u00e5de som nu utg\u00f6r s\u00f6dra Belgien (Vallonien) och norra Frankrike (Valois), vilka utgjorde en stor del av invandringen till Sverige under stormaktstiden, och etablerade sig i svenskt j\u00e4rnbruk med vallonsmide. Det uppskattas att omkring 1 000\u20132 000 valloner invandrade till Sverige under 1600- och 1700-talen.\u00a0Axmar bruk var ursprungligen ett vallonbruk. Det var Norrlands f\u00f6rsta vallonbruk.\u00a0Vallongatan anlades 1953. Gatan, som \u00e4ven har ett \u00e4ldreboende med namnet Vallong\u00e5rden, vittnar om detta minne.<\/p>\n","protected":false},"author":22,"featured_media":0,"parent":0,"menu_order":0,"comment_status":"closed","ping_status":"closed","template":"","meta":{"om_disable_all_campaigns":false,"_monsterinsights_skip_tracking":false,"_monsterinsights_sitenote_active":false,"_monsterinsights_sitenote_note":"","_monsterinsights_sitenote_category":0,"_uf_show_specific_survey":0,"_uf_disable_surveys":false,"footnotes":""},"class_list":["post-17251","page","type-page","status-publish","hentry"],"aioseo_notices":[],"rttpg_featured_image_url":null,"rttpg_author":{"display_name":"afgavle","author_link":"https:\/\/alliancefr.se\/gavle\/author\/afgavle\/"},"rttpg_comment":0,"rttpg_category":" <a href=\"https:\/\/alliancefr.se\/gavle\/sv\/\" rel=\"tag\">Svenska<\/a>","rttpg_excerpt":"G\u00e4vle, lilla Paris G\u00e4vle teater, Op\u00e9ra Garnier och Moli\u00e8re \u201d1878 \u00f6ppnar G\u00e4vle Teater f\u00f6r f\u00f6rsta g\u00e5ngen portarna. Byggd i monumental nybarock med inspiration h\u00e4mtad fr\u00e5n Operahuset L\u2019Op\u00e9ra Garnier i Paris som invigts tre \u00e5r tidigare. Charles Garnier, arkitekten bakom operahuset i Paris, var v\u00e4n med Axel Nystr\u00f6ms kusin Scholander. Axel arbetade ocks\u00e5 i samma atelj\u00e9\u2026","_links":{"self":[{"href":"https:\/\/alliancefr.se\/gavle\/wp-json\/wp\/v2\/pages\/17251","targetHints":{"allow":["GET"]}}],"collection":[{"href":"https:\/\/alliancefr.se\/gavle\/wp-json\/wp\/v2\/pages"}],"about":[{"href":"https:\/\/alliancefr.se\/gavle\/wp-json\/wp\/v2\/types\/page"}],"author":[{"embeddable":true,"href":"https:\/\/alliancefr.se\/gavle\/wp-json\/wp\/v2\/users\/22"}],"replies":[{"embeddable":true,"href":"https:\/\/alliancefr.se\/gavle\/wp-json\/wp\/v2\/comments?post=17251"}],"version-history":[{"count":7,"href":"https:\/\/alliancefr.se\/gavle\/wp-json\/wp\/v2\/pages\/17251\/revisions"}],"predecessor-version":[{"id":17264,"href":"https:\/\/alliancefr.se\/gavle\/wp-json\/wp\/v2\/pages\/17251\/revisions\/17264"}],"wp:attachment":[{"href":"https:\/\/alliancefr.se\/gavle\/wp-json\/wp\/v2\/media?parent=17251"}],"curies":[{"name":"wp","href":"https:\/\/api.w.org\/{rel}","templated":true}]}}