{"id":17240,"date":"2026-02-19T10:33:36","date_gmt":"2026-02-19T09:33:36","guid":{"rendered":"https:\/\/alliancefr.se\/gavle\/?page_id=17240"},"modified":"2026-02-19T11:11:44","modified_gmt":"2026-02-19T10:11:44","slug":"histoire","status":"publish","type":"page","link":"https:\/\/alliancefr.se\/gavle\/histoire\/","title":{"rendered":"Histoire"},"content":{"rendered":"\t\t<div data-elementor-type=\"wp-page\" data-elementor-id=\"17240\" class=\"elementor elementor-17240\">\n\t\t\t\t<div class=\"elementor-element elementor-element-d22f443 e-flex e-con-boxed e-con e-parent\" data-id=\"d22f443\" data-element_type=\"container\">\n\t\t\t\t\t<div class=\"e-con-inner\">\n\t\t\t\t<div class=\"elementor-element elementor-element-f6f439e elementor-widget elementor-widget-image\" data-id=\"f6f439e\" data-element_type=\"widget\" data-widget_type=\"image.default\">\n\t\t\t\t<div class=\"elementor-widget-container\">\n\t\t\t\t\t\t\t\t\t\t\t\t\t\t\t<img decoding=\"async\" width=\"150\" height=\"150\" src=\"https:\/\/alliancefr.se\/gavle\/wp-content\/uploads\/sites\/18\/2026\/02\/Histoire_couleur-ok-150x150.png\" class=\"attachment-thumbnail size-thumbnail wp-image-17086\" alt=\"\" \/>\t\t\t\t\t\t\t\t\t\t\t\t\t\t\t<\/div>\n\t\t\t\t<\/div>\n\t\t\t\t\t<\/div>\n\t\t\t\t<\/div>\n\t\t<div class=\"elementor-element elementor-element-0e09d3c e-grid e-con-boxed e-con e-parent\" data-id=\"0e09d3c\" data-element_type=\"container\">\n\t\t\t\t\t<div class=\"e-con-inner\">\n\t\t\t\t<div class=\"elementor-element elementor-element-b407112 elementor-widget elementor-widget-spacer\" data-id=\"b407112\" data-element_type=\"widget\" data-widget_type=\"spacer.default\">\n\t\t\t\t<div class=\"elementor-widget-container\">\n\t\t\t\t\t\t\t<div class=\"elementor-spacer\">\n\t\t\t<div class=\"elementor-spacer-inner\"><\/div>\n\t\t<\/div>\n\t\t\t\t\t\t<\/div>\n\t\t\t\t<\/div>\n\t\t\t\t\t<\/div>\n\t\t\t\t<\/div>\n\t\t<div class=\"elementor-element elementor-element-e9b7c37 e-grid e-con-boxed e-con e-parent\" data-id=\"e9b7c37\" data-element_type=\"container\">\n\t\t\t\t\t<div class=\"e-con-inner\">\n\t\t\t\t<div class=\"elementor-element elementor-element-8435f39 elementor-widget elementor-widget-heading\" data-id=\"8435f39\" data-element_type=\"widget\" data-widget_type=\"heading.default\">\n\t\t\t\t<div class=\"elementor-widget-container\">\n\t\t\t\t\t<h2 class=\"elementor-heading-title elementor-size-default\">G\u00e4vle, petit Paris<\/h2>\t\t\t\t<\/div>\n\t\t\t\t<\/div>\n\t\t\t\t\t<\/div>\n\t\t\t\t<\/div>\n\t\t<div class=\"elementor-element elementor-element-38826cc e-grid e-con-boxed e-con e-parent\" data-id=\"38826cc\" data-element_type=\"container\">\n\t\t\t\t\t<div class=\"e-con-inner\">\n\t\t\t\t<div class=\"elementor-element elementor-element-13defcb elementor-widget elementor-widget-image\" data-id=\"13defcb\" data-element_type=\"widget\" data-widget_type=\"image.default\">\n\t\t\t\t<div class=\"elementor-widget-container\">\n\t\t\t\t\t\t\t\t\t\t\t\t\t\t\t<img decoding=\"async\" width=\"150\" height=\"150\" src=\"https:\/\/alliancefr.se\/gavle\/wp-content\/uploads\/sites\/18\/2026\/02\/Opera_couleur-ok-150x150.png\" class=\"attachment-thumbnail size-thumbnail wp-image-17093\" alt=\"\" \/>\t\t\t\t\t\t\t\t\t\t\t\t\t\t\t<\/div>\n\t\t\t\t<\/div>\n\t\t\t\t\t<\/div>\n\t\t\t\t<\/div>\n\t\t<div class=\"elementor-element elementor-element-132eb2a e-grid e-con-boxed e-con e-parent\" data-id=\"132eb2a\" data-element_type=\"container\">\n\t\t\t\t\t<div class=\"e-con-inner\">\n\t\t\t\t<div class=\"elementor-element elementor-element-7a45ef7 elementor-widget elementor-widget-heading\" data-id=\"7a45ef7\" data-element_type=\"widget\" data-widget_type=\"heading.default\">\n\t\t\t\t<div class=\"elementor-widget-container\">\n\t\t\t\t\t<h3 class=\"elementor-heading-title elementor-size-default\">Th\u00e9\u00e2tre de G\u00e4vle, Op\u00e9ra Garnier et Moli\u00e8re<\/h3>\t\t\t\t<\/div>\n\t\t\t\t<\/div>\n\t\t\t\t\t<\/div>\n\t\t\t\t<\/div>\n\t\t<div class=\"elementor-element elementor-element-8ab20fc e-grid e-con-boxed e-con e-parent\" data-id=\"8ab20fc\" data-element_type=\"container\">\n\t\t\t\t\t<div class=\"e-con-inner\">\n\t\t\t\t<div class=\"elementor-element elementor-element-37edc74 elementor-widget elementor-widget-image\" data-id=\"37edc74\" data-element_type=\"widget\" data-widget_type=\"image.default\">\n\t\t\t\t<div class=\"elementor-widget-container\">\n\t\t\t\t\t\t\t\t\t\t\t\t\t\t\t<img fetchpriority=\"high\" decoding=\"async\" width=\"300\" height=\"300\" src=\"https:\/\/alliancefr.se\/gavle\/wp-content\/uploads\/sites\/18\/2024\/06\/Theatre-Gavle-300x300.jpg\" class=\"attachment-medium size-medium wp-image-12571\" alt=\"\" \/>\t\t\t\t\t\t\t\t\t\t\t\t\t\t\t<\/div>\n\t\t\t\t<\/div>\n\t\t\t\t<div class=\"elementor-element elementor-element-c58823c elementor-widget elementor-widget-image\" data-id=\"c58823c\" data-element_type=\"widget\" data-widget_type=\"image.default\">\n\t\t\t\t<div class=\"elementor-widget-container\">\n\t\t\t\t\t\t\t\t\t\t\t\t\t\t\t<img loading=\"lazy\" decoding=\"async\" width=\"300\" height=\"300\" src=\"https:\/\/alliancefr.se\/gavle\/wp-content\/uploads\/sites\/18\/2024\/06\/Paris_Oper_um_1900-300x300.jpg\" class=\"attachment-medium size-medium wp-image-12570\" alt=\"\" \/>\t\t\t\t\t\t\t\t\t\t\t\t\t\t\t<\/div>\n\t\t\t\t<\/div>\n\t\t\t\t<div class=\"elementor-element elementor-element-0144253 elementor-widget elementor-widget-image\" data-id=\"0144253\" data-element_type=\"widget\" data-widget_type=\"image.default\">\n\t\t\t\t<div class=\"elementor-widget-container\">\n\t\t\t\t\t\t\t\t\t\t\t\t\t\t\t<img loading=\"lazy\" decoding=\"async\" width=\"300\" height=\"300\" src=\"https:\/\/alliancefr.se\/gavle\/wp-content\/uploads\/sites\/18\/2024\/06\/Theatre-Gavle_Moliere-300x300.jpg\" class=\"attachment-medium size-medium wp-image-12572\" alt=\"\" \/>\t\t\t\t\t\t\t\t\t\t\t\t\t\t\t<\/div>\n\t\t\t\t<\/div>\n\t\t\t\t<div class=\"elementor-element elementor-element-31a7492 elementor-widget elementor-widget-image\" data-id=\"31a7492\" data-element_type=\"widget\" data-widget_type=\"image.default\">\n\t\t\t\t<div class=\"elementor-widget-container\">\n\t\t\t\t\t\t\t\t\t\t\t\t\t\t\t<img loading=\"lazy\" decoding=\"async\" width=\"300\" height=\"300\" src=\"https:\/\/alliancefr.se\/gavle\/wp-content\/uploads\/sites\/18\/2024\/06\/Moliere-300x300.jpg\" class=\"attachment-medium size-medium wp-image-12569\" alt=\"\" \/>\t\t\t\t\t\t\t\t\t\t\t\t\t\t\t<\/div>\n\t\t\t\t<\/div>\n\t\t\t\t\t<\/div>\n\t\t\t\t<\/div>\n\t\t<div class=\"elementor-element elementor-element-3fafa71 e-grid e-con-boxed e-con e-parent\" data-id=\"3fafa71\" data-element_type=\"container\">\n\t\t\t\t\t<div class=\"e-con-inner\">\n\t\t\t\t<div class=\"elementor-element elementor-element-1c6f511 elementor-widget elementor-widget-text-editor\" data-id=\"1c6f511\" data-element_type=\"widget\" data-widget_type=\"text-editor.default\">\n\t\t\t\t<div class=\"elementor-widget-container\">\n\t\t\t\t\t\t\t\t\t<p><span class=\"x193iq5w xeuugli x13faqbe x1vvkbs x1xmvt09 x1lliihq x1s928wv xhkezso x1gmr53x x1cpjm7i x1fgarty x1943h6x xudqn12 x3x7a5m x6prxxf xvq8zen xo1l8bm xzsf02u x1yc453h\" dir=\"auto\">\u00ab Les portes du th\u00e9\u00e2tre de G\u00e4vle s\u2019ouvrent pour la premi\u00e8re fois en 1878. Il est construit dans un style n\u00e9o-baroque monumental inspir\u00e9 de l\u2019Op\u00e9ra Garnier de Paris inaugur\u00e9 trois ans plus t\u00f4t. Charles Garnier, architecte de l\u2019op\u00e9ra parisien, \u00e9tait ami avec Scholander, cousin d\u2019Axel Nystr\u00f6m. Nystr\u00f6m a travaill\u00e9 \u00e9galement dans le m\u00eame atelier que Garnier durant une p\u00e9riode. Il convient de mentionner que Scholander a \u00e9t\u00e9 pr\u00e9sident et membre du jury du concours d\u2019architecture. [\u2026] Sur l\u2019une des plaques, le nom de Moli\u00e8re est mal accentu\u00e9 : Moli\u00e9re \u00bb.<br \/><\/span><span class=\"x193iq5w xeuugli x13faqbe x1vvkbs x1xmvt09 x1lliihq x1s928wv xhkezso x1gmr53x x1cpjm7i x1fgarty x1943h6x xudqn12 x3x7a5m x6prxxf xvq8zen xo1l8bm xzsf02u x1yc453h\" dir=\"auto\">Source : <a href=\"http:\/\/gavleteater.se\/historia\/\">G\u00e4vle Teater<\/a><\/span><\/p>\t\t\t\t\t\t\t\t<\/div>\n\t\t\t\t<\/div>\n\t\t\t\t\t<\/div>\n\t\t\t\t<\/div>\n\t\t<div class=\"elementor-element elementor-element-cf620bd e-grid e-con-boxed e-con e-parent\" data-id=\"cf620bd\" data-element_type=\"container\">\n\t\t\t\t\t<div class=\"e-con-inner\">\n\t\t\t\t<div class=\"elementor-element elementor-element-afaa695 elementor-widget elementor-widget-heading\" data-id=\"afaa695\" data-element_type=\"widget\" data-widget_type=\"heading.default\">\n\t\t\t\t<div class=\"elementor-widget-container\">\n\t\t\t\t\t<h3 class=\"elementor-heading-title elementor-size-default\">Boulognerskogen et Bois de Boulogne<\/h3>\t\t\t\t<\/div>\n\t\t\t\t<\/div>\n\t\t\t\t\t<\/div>\n\t\t\t\t<\/div>\n\t\t<div class=\"elementor-element elementor-element-e39c0b3 e-grid e-con-boxed e-con e-parent\" data-id=\"e39c0b3\" data-element_type=\"container\">\n\t\t\t\t\t<div class=\"e-con-inner\">\n\t\t\t\t<div class=\"elementor-element elementor-element-a534399 elementor-widget elementor-widget-image\" data-id=\"a534399\" data-element_type=\"widget\" data-widget_type=\"image.default\">\n\t\t\t\t<div class=\"elementor-widget-container\">\n\t\t\t\t\t\t\t\t\t\t\t\t\t\t\t<img loading=\"lazy\" decoding=\"async\" width=\"300\" height=\"300\" src=\"https:\/\/alliancefr.se\/gavle\/wp-content\/uploads\/sites\/18\/2024\/06\/Boulognerskogen-300x300.jpg\" class=\"attachment-medium size-medium wp-image-12774\" alt=\"\" \/>\t\t\t\t\t\t\t\t\t\t\t\t\t\t\t<\/div>\n\t\t\t\t<\/div>\n\t\t\t\t<div class=\"elementor-element elementor-element-65e1b10 elementor-widget elementor-widget-image\" data-id=\"65e1b10\" data-element_type=\"widget\" data-widget_type=\"image.default\">\n\t\t\t\t<div class=\"elementor-widget-container\">\n\t\t\t\t\t\t\t\t\t\t\t\t\t\t\t<img loading=\"lazy\" decoding=\"async\" width=\"300\" height=\"300\" src=\"https:\/\/alliancefr.se\/gavle\/wp-content\/uploads\/sites\/18\/2024\/06\/Bois_de_Boulogne-300x300.jpeg\" class=\"attachment-medium size-medium wp-image-12775\" alt=\"\" \/>\t\t\t\t\t\t\t\t\t\t\t\t\t\t\t<\/div>\n\t\t\t\t<\/div>\n\t\t\t\t\t<\/div>\n\t\t\t\t<\/div>\n\t\t<div class=\"elementor-element elementor-element-635f3e1 e-grid e-con-boxed e-con e-parent\" data-id=\"635f3e1\" data-element_type=\"container\">\n\t\t\t\t\t<div class=\"e-con-inner\">\n\t\t\t\t<div class=\"elementor-element elementor-element-52bd537 elementor-widget elementor-widget-text-editor\" data-id=\"52bd537\" data-element_type=\"widget\" data-widget_type=\"text-editor.default\">\n\t\t\t\t<div class=\"elementor-widget-container\">\n\t\t\t\t\t\t\t\t\t<p><span class=\"x193iq5w xeuugli x13faqbe x1vvkbs x1xmvt09 x1lliihq x1s928wv xhkezso x1gmr53x x1cpjm7i x1fgarty x1943h6x xudqn12 x3x7a5m x6prxxf xvq8zen xo1l8bm xzsf02u x1yc453h\" dir=\"auto\">La cr\u00e9ation du parc \u00ab Boulognerskogen \u00bb a \u00e9t\u00e9 planifi\u00e9e au milieu du XIXe si\u00e8cle. En 1865 le \u00ab Stadstr\u00e4dg\u00e5rden \u00bb (jardin de ville) fut agrandi par ce nouveau parc. Cette oasis de verdure constitue l\u2019un des plus grands parcs urbains de Su\u00e8de. Couramment appel\u00e9 \u00ab Boulognern \u00bb, le parc doit son nom au Bois de Boulogne cr\u00e9\u00e9 \u00e0 Paris la d\u00e9cennie pr\u00e9c\u00e9dente. La seconde photo pr\u00e9sente le kiosque de l\u2019Empereur Napol\u00e9on III de nos jours.<\/span><\/p>\t\t\t\t\t\t\t\t<\/div>\n\t\t\t\t<\/div>\n\t\t\t\t\t<\/div>\n\t\t\t\t<\/div>\n\t\t<div class=\"elementor-element elementor-element-a532bb6 e-grid e-con-boxed e-con e-parent\" data-id=\"a532bb6\" data-element_type=\"container\">\n\t\t\t\t\t<div class=\"e-con-inner\">\n\t\t\t\t<div class=\"elementor-element elementor-element-d87806e elementor-widget elementor-widget-spacer\" data-id=\"d87806e\" data-element_type=\"widget\" data-widget_type=\"spacer.default\">\n\t\t\t\t<div class=\"elementor-widget-container\">\n\t\t\t\t\t\t\t<div class=\"elementor-spacer\">\n\t\t\t<div class=\"elementor-spacer-inner\"><\/div>\n\t\t<\/div>\n\t\t\t\t\t\t<\/div>\n\t\t\t\t<\/div>\n\t\t\t\t\t<\/div>\n\t\t\t\t<\/div>\n\t\t<div class=\"elementor-element elementor-element-b16bdcf e-grid e-con-boxed e-con e-parent\" data-id=\"b16bdcf\" data-element_type=\"container\">\n\t\t\t\t\t<div class=\"e-con-inner\">\n\t\t\t\t<div class=\"elementor-element elementor-element-1464087 elementor-widget elementor-widget-heading\" data-id=\"1464087\" data-element_type=\"widget\" data-widget_type=\"heading.default\">\n\t\t\t\t<div class=\"elementor-widget-container\">\n\t\t\t\t\t<h2 class=\"elementor-heading-title elementor-size-default\">G\u00e4vle et les Wallons<\/h2>\t\t\t\t<\/div>\n\t\t\t\t<\/div>\n\t\t\t\t\t<\/div>\n\t\t\t\t<\/div>\n\t\t<div class=\"elementor-element elementor-element-745ebe2 e-grid e-con-boxed e-con e-parent\" data-id=\"745ebe2\" data-element_type=\"container\">\n\t\t\t\t\t<div class=\"e-con-inner\">\n\t\t\t\t<div class=\"elementor-element elementor-element-4f11f70 elementor-widget elementor-widget-image\" data-id=\"4f11f70\" data-element_type=\"widget\" data-widget_type=\"image.default\">\n\t\t\t\t<div class=\"elementor-widget-container\">\n\t\t\t\t\t\t\t\t\t\t\t\t\t\t\t<img loading=\"lazy\" decoding=\"async\" width=\"315\" height=\"315\" src=\"https:\/\/alliancefr.se\/gavle\/wp-content\/uploads\/sites\/18\/2024\/07\/Axmar.png\" class=\"attachment-large size-large wp-image-13067\" alt=\"\" \/>\t\t\t\t\t\t\t\t\t\t\t\t\t\t\t<\/div>\n\t\t\t\t<\/div>\n\t\t\t\t<div class=\"elementor-element elementor-element-589bc18 elementor-widget elementor-widget-image\" data-id=\"589bc18\" data-element_type=\"widget\" data-widget_type=\"image.default\">\n\t\t\t\t<div class=\"elementor-widget-container\">\n\t\t\t\t\t\t\t\t\t\t\t\t\t\t\t<img loading=\"lazy\" decoding=\"async\" width=\"960\" height=\"960\" src=\"https:\/\/alliancefr.se\/gavle\/wp-content\/uploads\/sites\/18\/2024\/07\/Axmar2-1024x1024.jpg\" class=\"attachment-large size-large wp-image-13069\" alt=\"\" \/>\t\t\t\t\t\t\t\t\t\t\t\t\t\t\t<\/div>\n\t\t\t\t<\/div>\n\t\t\t\t<div class=\"elementor-element elementor-element-e21dfba elementor-widget elementor-widget-image\" data-id=\"e21dfba\" data-element_type=\"widget\" data-widget_type=\"image.default\">\n\t\t\t\t<div class=\"elementor-widget-container\">\n\t\t\t\t\t\t\t\t\t\t\t\t\t\t\t<img loading=\"lazy\" decoding=\"async\" width=\"960\" height=\"960\" src=\"https:\/\/alliancefr.se\/gavle\/wp-content\/uploads\/sites\/18\/2024\/07\/Axmar3-1024x1024.jpg\" class=\"attachment-large size-large wp-image-13071\" alt=\"\" \/>\t\t\t\t\t\t\t\t\t\t\t\t\t\t\t<\/div>\n\t\t\t\t<\/div>\n\t\t\t\t<div class=\"elementor-element elementor-element-4e3fd14 elementor-widget elementor-widget-image\" data-id=\"4e3fd14\" data-element_type=\"widget\" data-widget_type=\"image.default\">\n\t\t\t\t<div class=\"elementor-widget-container\">\n\t\t\t\t\t\t\t\t\t\t\t\t\t\t\t<img loading=\"lazy\" decoding=\"async\" width=\"960\" height=\"960\" src=\"https:\/\/alliancefr.se\/gavle\/wp-content\/uploads\/sites\/18\/2024\/07\/Axmar2-1024x1024.png\" class=\"attachment-large size-large wp-image-13070\" alt=\"\" \/>\t\t\t\t\t\t\t\t\t\t\t\t\t\t\t<\/div>\n\t\t\t\t<\/div>\n\t\t\t\t<div class=\"elementor-element elementor-element-5a44fd7 elementor-widget elementor-widget-image\" data-id=\"5a44fd7\" data-element_type=\"widget\" data-widget_type=\"image.default\">\n\t\t\t\t<div class=\"elementor-widget-container\">\n\t\t\t\t\t\t\t\t\t\t\t\t\t\t\t<img loading=\"lazy\" decoding=\"async\" width=\"960\" height=\"960\" src=\"https:\/\/alliancefr.se\/gavle\/wp-content\/uploads\/sites\/18\/2024\/07\/Axmar1-1024x1024.jpg\" class=\"attachment-large size-large wp-image-13068\" alt=\"\" \/>\t\t\t\t\t\t\t\t\t\t\t\t\t\t\t<\/div>\n\t\t\t\t<\/div>\n\t\t\t\t<div class=\"elementor-element elementor-element-e406602 elementor-widget elementor-widget-image\" data-id=\"e406602\" data-element_type=\"widget\" data-widget_type=\"image.default\">\n\t\t\t\t<div class=\"elementor-widget-container\">\n\t\t\t\t\t\t\t\t\t\t\t\t\t\t\t<img loading=\"lazy\" decoding=\"async\" width=\"960\" height=\"960\" src=\"https:\/\/alliancefr.se\/gavle\/wp-content\/uploads\/sites\/18\/2024\/07\/Vallongatan-1-1024x1024.jpg\" class=\"attachment-large size-large wp-image-13072\" alt=\"\" \/>\t\t\t\t\t\t\t\t\t\t\t\t\t\t\t<\/div>\n\t\t\t\t<\/div>\n\t\t\t\t<div class=\"elementor-element elementor-element-2914382 elementor-widget elementor-widget-image\" data-id=\"2914382\" data-element_type=\"widget\" data-widget_type=\"image.default\">\n\t\t\t\t<div class=\"elementor-widget-container\">\n\t\t\t\t\t\t\t\t\t\t\t\t\t\t\t<img loading=\"lazy\" decoding=\"async\" width=\"960\" height=\"960\" src=\"https:\/\/alliancefr.se\/gavle\/wp-content\/uploads\/sites\/18\/2024\/07\/Vallongatan-2-1024x1024.jpg\" class=\"attachment-large size-large wp-image-13073\" alt=\"\" \/>\t\t\t\t\t\t\t\t\t\t\t\t\t\t\t<\/div>\n\t\t\t\t<\/div>\n\t\t\t\t<div class=\"elementor-element elementor-element-fd52e55 elementor-widget elementor-widget-image\" data-id=\"fd52e55\" data-element_type=\"widget\" data-widget_type=\"image.default\">\n\t\t\t\t<div class=\"elementor-widget-container\">\n\t\t\t\t\t\t\t\t\t\t\t\t\t\t\t<img loading=\"lazy\" decoding=\"async\" width=\"960\" height=\"960\" src=\"https:\/\/alliancefr.se\/gavle\/wp-content\/uploads\/sites\/18\/2024\/07\/Vallongatan-3-1024x1024.jpg\" class=\"attachment-large size-large wp-image-13074\" alt=\"\" \/>\t\t\t\t\t\t\t\t\t\t\t\t\t\t\t<\/div>\n\t\t\t\t<\/div>\n\t\t\t\t<div class=\"elementor-element elementor-element-376e060 elementor-widget elementor-widget-image\" data-id=\"376e060\" data-element_type=\"widget\" data-widget_type=\"image.default\">\n\t\t\t\t<div class=\"elementor-widget-container\">\n\t\t\t\t\t\t\t\t\t\t\t\t\t\t\t<img loading=\"lazy\" decoding=\"async\" width=\"960\" height=\"960\" src=\"https:\/\/alliancefr.se\/gavle\/wp-content\/uploads\/sites\/18\/2024\/07\/Vallongatan-4-1024x1024.jpg\" class=\"attachment-large size-large wp-image-13075\" alt=\"\" \/>\t\t\t\t\t\t\t\t\t\t\t\t\t\t\t<\/div>\n\t\t\t\t<\/div>\n\t\t\t\t<div class=\"elementor-element elementor-element-1f57c48 elementor-widget elementor-widget-image\" data-id=\"1f57c48\" data-element_type=\"widget\" data-widget_type=\"image.default\">\n\t\t\t\t<div class=\"elementor-widget-container\">\n\t\t\t\t\t\t\t\t\t\t\t\t\t\t\t<img loading=\"lazy\" decoding=\"async\" width=\"960\" height=\"960\" src=\"https:\/\/alliancefr.se\/gavle\/wp-content\/uploads\/sites\/18\/2024\/07\/Vallongatan-5-1024x1024.jpg\" class=\"attachment-large size-large wp-image-13076\" alt=\"\" \/>\t\t\t\t\t\t\t\t\t\t\t\t\t\t\t<\/div>\n\t\t\t\t<\/div>\n\t\t\t\t\t<\/div>\n\t\t\t\t<\/div>\n\t\t<div class=\"elementor-element elementor-element-95e0fee e-grid e-con-boxed e-con e-parent\" data-id=\"95e0fee\" data-element_type=\"container\">\n\t\t\t\t\t<div class=\"e-con-inner\">\n\t\t\t\t<div class=\"elementor-element elementor-element-394c33d elementor-widget elementor-widget-text-editor\" data-id=\"394c33d\" data-element_type=\"widget\" data-widget_type=\"text-editor.default\">\n\t\t\t\t<div class=\"elementor-widget-container\">\n\t\t\t\t\t\t\t\t\t<p><span data-surface-wrapper=\"1\" data-surface=\"\/bizweb:composer\" data-auto-logging-id=\"f10dc8eff26ac4e\">Les Wallons ont \u00e9crit un chapitre important de l<span class=\"x4k7w5x x1h91t0o x1h9r5lt x1jfb8zj xv2umb2 x1beo9mf xaigb6o x12ejxvf x3igimt xarpa2k xedcshv x1lytzrv x1t2pt76 x7ja8zs x1qrby5j\"><span class=\"xevjqck x14xiqua x10nbalq x1fum7jp xeuugli x1fj9vlw x13faqbe x1vvkbs x16heey3 x1s8qawx xerbpqq x1lliihq x1s928wv xhkezso x1gmr53x x1cpjm7i x1fgarty x1943h6x x1provfb xdmd9no\" dir=\"auto\"><span class=\"x193iq5w xeuugli x13faqbe x1vvkbs x1xmvt09 x1lliihq x1s928wv xhkezso x1gmr53x x1cpjm7i x1fgarty x1943h6x xudqn12 x3x7a5m x6prxxf xvq8zen xo1l8bm xzsf02u x1yc453h\" dir=\"auto\">\u2019<\/span><\/span><\/span>histoire des migrations en Su\u00e8de. Ce groupe, compos\u00e9 de membres des communaut\u00e9s fran\u00e7aise et wallonne, issus de la r\u00e9gion qui correspond aujourd<span class=\"x4k7w5x x1h91t0o x1h9r5lt x1jfb8zj xv2umb2 x1beo9mf xaigb6o x12ejxvf x3igimt xarpa2k xedcshv x1lytzrv x1t2pt76 x7ja8zs x1qrby5j\"><span class=\"xevjqck x14xiqua x10nbalq x1fum7jp xeuugli x1fj9vlw x13faqbe x1vvkbs x16heey3 x1s8qawx xerbpqq x1lliihq x1s928wv xhkezso x1gmr53x x1cpjm7i x1fgarty x1943h6x x1provfb xdmd9no\" dir=\"auto\"><span class=\"x193iq5w xeuugli x13faqbe x1vvkbs x1xmvt09 x1lliihq x1s928wv xhkezso x1gmr53x x1cpjm7i x1fgarty x1943h6x xudqn12 x3x7a5m x6prxxf xvq8zen xo1l8bm xzsf02u x1yc453h\" dir=\"auto\">\u2019<\/span><\/span><\/span>hui au sud de la Belgique (Wallonie) et au nord de la France (Valois), a repr\u00e9sent\u00e9 une grande partie de l<span class=\"x4k7w5x x1h91t0o x1h9r5lt x1jfb8zj xv2umb2 x1beo9mf xaigb6o x12ejxvf x3igimt xarpa2k xedcshv x1lytzrv x1t2pt76 x7ja8zs x1qrby5j\"><span class=\"xevjqck x14xiqua x10nbalq x1fum7jp xeuugli x1fj9vlw x13faqbe x1vvkbs x16heey3 x1s8qawx xerbpqq x1lliihq x1s928wv xhkezso x1gmr53x x1cpjm7i x1fgarty x1943h6x x1provfb xdmd9no\" dir=\"auto\"><span class=\"x193iq5w xeuugli x13faqbe x1vvkbs x1xmvt09 x1lliihq x1s928wv xhkezso x1gmr53x x1cpjm7i x1fgarty x1943h6x xudqn12 x3x7a5m x6prxxf xvq8zen xo1l8bm xzsf02u x1yc453h\" dir=\"auto\">\u2019<\/span><\/span><\/span>immigration en Su\u00e8de durant son \u00e8re de grandeur au XVII<b>\u1d49<\/b> si\u00e8cle, au service de la sid\u00e9rurgie. On estime qu\u2019environ 1.000 \u00e0 2.000 Wallons y ont \u00e9migr\u00e9 aux XVII<b>\u1d49<\/b> et XVIII<b>\u1d49<\/b> si\u00e8cles.<\/span><\/p><p><span class=\"x4k7w5x x1h91t0o x1h9r5lt x1jfb8zj xv2umb2 x1beo9mf xaigb6o x12ejxvf x3igimt xarpa2k xedcshv x1lytzrv x1t2pt76 x7ja8zs x1qrby5j\"><span class=\"xevjqck x14xiqua x10nbalq x1fum7jp xeuugli x1fj9vlw x13faqbe x1vvkbs x16heey3 x1s8qawx xerbpqq x1lliihq x1s928wv xhkezso x1gmr53x x1cpjm7i x1fgarty x1943h6x x1provfb xdmd9no\" dir=\"auto\">La fondation du site d<span class=\"x193iq5w xeuugli x13faqbe x1vvkbs x1xmvt09 x1lliihq x1s928wv xhkezso x1gmr53x x1cpjm7i x1fgarty x1943h6x xudqn12 x3x7a5m x6prxxf xvq8zen xo1l8bm xzsf02u x1yc453h\" dir=\"auto\">\u2019<\/span><a href=\"https:\/\/axmarbruk.se\/\">Axmar bruk<\/a> est due aux Wallons, premier site du genre au Nord de la Su\u00e8de.<\/span><\/span><\/p><p><a href=\"https:\/\/www.google.com\/maps\/place\/Vallongatan,+G%C3%A4vle\/@60.6644318,17.1460933,17z\/data=!4m6!3m5!1s0x4660c6591846909b:0xee8779482c12e7b3!8m2!3d60.6644318!4d17.1486682!16s%2Fg%2F1w15y1jg?entry=ttu\">Vallongatan<\/a> (rue cr\u00e9\u00e9e en 1953) avec ses diverses maisons de retraite t\u00e9moigne de cette m\u00e9moire.<\/p>\t\t\t\t\t\t\t\t<\/div>\n\t\t\t\t<\/div>\n\t\t\t\t\t<\/div>\n\t\t\t\t<\/div>\n\t\t\t\t<\/div>\n\t\t","protected":false},"excerpt":{"rendered":"<p>G\u00e4vle, petit Paris Th\u00e9\u00e2tre de G\u00e4vle, Op\u00e9ra Garnier et Moli\u00e8re \u00ab Les portes du th\u00e9\u00e2tre de G\u00e4vle s\u2019ouvrent pour la premi\u00e8re fois en 1878. Il est construit dans un style n\u00e9o-baroque monumental inspir\u00e9 de l\u2019Op\u00e9ra Garnier de Paris inaugur\u00e9 trois ans plus t\u00f4t. Charles Garnier, architecte de l\u2019op\u00e9ra parisien, \u00e9tait ami avec Scholander, cousin d\u2019Axel Nystr\u00f6m. Nystr\u00f6m a travaill\u00e9 \u00e9galement dans le m\u00eame atelier que Garnier durant une p\u00e9riode. Il convient de mentionner que Scholander a \u00e9t\u00e9 pr\u00e9sident et membre du jury du concours d\u2019architecture. [\u2026] Sur l\u2019une des plaques, le nom de Moli\u00e8re est mal accentu\u00e9 : Moli\u00e9re \u00bb.Source : G\u00e4vle Teater Boulognerskogen et Bois de Boulogne La cr\u00e9ation du parc \u00ab Boulognerskogen \u00bb a \u00e9t\u00e9 planifi\u00e9e au milieu du XIXe si\u00e8cle. En 1865 le \u00ab Stadstr\u00e4dg\u00e5rden \u00bb (jardin de ville) fut agrandi par ce nouveau parc. Cette oasis de verdure constitue l\u2019un des plus grands parcs urbains de Su\u00e8de. Couramment appel\u00e9 \u00ab Boulognern \u00bb, le parc doit son nom au Bois de Boulogne cr\u00e9\u00e9 \u00e0 Paris la d\u00e9cennie pr\u00e9c\u00e9dente. La seconde photo pr\u00e9sente le kiosque de l\u2019Empereur Napol\u00e9on III de nos jours. G\u00e4vle et les Wallons Les Wallons ont \u00e9crit un chapitre important de l\u2019histoire des migrations en Su\u00e8de. Ce groupe, compos\u00e9 de membres des communaut\u00e9s fran\u00e7aise et wallonne, issus de la r\u00e9gion qui correspond aujourd\u2019hui au sud de la Belgique (Wallonie) et au nord de la France (Valois), a repr\u00e9sent\u00e9 une grande partie de l\u2019immigration en Su\u00e8de durant son \u00e8re de grandeur au XVII\u1d49 si\u00e8cle, au service de la sid\u00e9rurgie. On estime qu\u2019environ 1.000 \u00e0 2.000 Wallons y ont \u00e9migr\u00e9 aux XVII\u1d49 et XVIII\u1d49 si\u00e8cles. La fondation du site d\u2019Axmar bruk est due aux Wallons, premier site du genre au Nord de la Su\u00e8de. Vallongatan (rue cr\u00e9\u00e9e en 1953) avec ses diverses maisons de retraite t\u00e9moigne de cette m\u00e9moire.<\/p>\n","protected":false},"author":22,"featured_media":0,"parent":0,"menu_order":0,"comment_status":"closed","ping_status":"closed","template":"","meta":{"om_disable_all_campaigns":false,"_monsterinsights_skip_tracking":false,"_monsterinsights_sitenote_active":false,"_monsterinsights_sitenote_note":"","_monsterinsights_sitenote_category":0,"_uf_show_specific_survey":0,"_uf_disable_surveys":false,"footnotes":""},"class_list":["post-17240","page","type-page","status-publish","hentry"],"aioseo_notices":[],"rttpg_featured_image_url":null,"rttpg_author":{"display_name":"afgavle","author_link":"https:\/\/alliancefr.se\/gavle\/author\/afgavle\/"},"rttpg_comment":0,"rttpg_category":" <a href=\"https:\/\/alliancefr.se\/gavle\/\" rel=\"tag\">Fran\u00e7ais<\/a>","rttpg_excerpt":"G\u00e4vle, petit Paris Th\u00e9\u00e2tre de G\u00e4vle, Op\u00e9ra Garnier et Moli\u00e8re \u00ab Les portes du th\u00e9\u00e2tre de G\u00e4vle s\u2019ouvrent pour la premi\u00e8re fois en 1878. Il est construit dans un style n\u00e9o-baroque monumental inspir\u00e9 de l\u2019Op\u00e9ra Garnier de Paris inaugur\u00e9 trois ans plus t\u00f4t. Charles Garnier, architecte de l\u2019op\u00e9ra parisien, \u00e9tait ami avec Scholander, cousin d\u2019Axel\u2026","_links":{"self":[{"href":"https:\/\/alliancefr.se\/gavle\/wp-json\/wp\/v2\/pages\/17240","targetHints":{"allow":["GET"]}}],"collection":[{"href":"https:\/\/alliancefr.se\/gavle\/wp-json\/wp\/v2\/pages"}],"about":[{"href":"https:\/\/alliancefr.se\/gavle\/wp-json\/wp\/v2\/types\/page"}],"author":[{"embeddable":true,"href":"https:\/\/alliancefr.se\/gavle\/wp-json\/wp\/v2\/users\/22"}],"replies":[{"embeddable":true,"href":"https:\/\/alliancefr.se\/gavle\/wp-json\/wp\/v2\/comments?post=17240"}],"version-history":[{"count":5,"href":"https:\/\/alliancefr.se\/gavle\/wp-json\/wp\/v2\/pages\/17240\/revisions"}],"predecessor-version":[{"id":17246,"href":"https:\/\/alliancefr.se\/gavle\/wp-json\/wp\/v2\/pages\/17240\/revisions\/17246"}],"wp:attachment":[{"href":"https:\/\/alliancefr.se\/gavle\/wp-json\/wp\/v2\/media?parent=17240"}],"curies":[{"name":"wp","href":"https:\/\/api.w.org\/{rel}","templated":true}]}}