{"id":14258,"date":"2024-10-18T22:44:41","date_gmt":"2024-10-18T20:44:41","guid":{"rendered":"https:\/\/alliancefr.se\/gavle\/?page_id=14258"},"modified":"2026-03-15T22:43:35","modified_gmt":"2026-03-15T21:43:35","slug":"foreningen-i-medierna","status":"publish","type":"page","link":"https:\/\/alliancefr.se\/gavle\/sv\/foreningen-i-medierna\/","title":{"rendered":"F\u00f6reningen i medierna"},"content":{"rendered":"\t\t<div data-elementor-type=\"wp-page\" data-elementor-id=\"14258\" class=\"elementor elementor-14258\">\n\t\t\t\t<div class=\"elementor-element elementor-element-8d4b6d0 e-grid e-con-boxed e-con e-parent\" data-id=\"8d4b6d0\" data-element_type=\"container\">\n\t\t\t\t\t<div class=\"e-con-inner\">\n\t\t\t\t\t<\/div>\n\t\t\t\t<\/div>\n\t\t<div class=\"elementor-element elementor-element-730af58 e-flex e-con-boxed e-con e-parent\" data-id=\"730af58\" data-element_type=\"container\">\n\t\t\t\t\t<div class=\"e-con-inner\">\n\t\t\t\t<div class=\"elementor-element elementor-element-818f803 elementor-widget elementor-widget-spacer\" data-id=\"818f803\" data-element_type=\"widget\" data-widget_type=\"spacer.default\">\n\t\t\t\t<div class=\"elementor-widget-container\">\n\t\t\t\t\t\t\t<div class=\"elementor-spacer\">\n\t\t\t<div class=\"elementor-spacer-inner\"><\/div>\n\t\t<\/div>\n\t\t\t\t\t\t<\/div>\n\t\t\t\t<\/div>\n\t\t\t\t\t<\/div>\n\t\t\t\t<\/div>\n\t\t<div class=\"elementor-element elementor-element-4fc6fe5 e-grid e-con-boxed e-con e-parent\" data-id=\"4fc6fe5\" data-element_type=\"container\">\n\t\t\t\t\t<div class=\"e-con-inner\">\n\t\t\t\t<div class=\"elementor-element elementor-element-2db3c69 elementor-widget elementor-widget-image\" data-id=\"2db3c69\" data-element_type=\"widget\" data-widget_type=\"image.default\">\n\t\t\t\t<div class=\"elementor-widget-container\">\n\t\t\t\t\t\t\t\t\t\t\t\t\t\t\t<img decoding=\"async\" width=\"150\" height=\"150\" src=\"https:\/\/alliancefr.se\/gavle\/wp-content\/uploads\/sites\/18\/2026\/02\/Presse_couleur-ok-150x150.png\" class=\"attachment-thumbnail size-thumbnail wp-image-17164\" alt=\"\" \/>\t\t\t\t\t\t\t\t\t\t\t\t\t\t\t<\/div>\n\t\t\t\t<\/div>\n\t\t\t\t<div class=\"elementor-element elementor-element-fad3aad elementor-widget elementor-widget-image\" data-id=\"fad3aad\" data-element_type=\"widget\" data-widget_type=\"image.default\">\n\t\t\t\t<div class=\"elementor-widget-container\">\n\t\t\t\t\t\t\t\t\t\t\t\t\t\t\t<img decoding=\"async\" width=\"150\" height=\"150\" src=\"https:\/\/alliancefr.se\/gavle\/wp-content\/uploads\/sites\/18\/2026\/02\/Radio_couleur-ok-150x150.png\" class=\"attachment-thumbnail size-thumbnail wp-image-17171\" alt=\"\" \/>\t\t\t\t\t\t\t\t\t\t\t\t\t\t\t<\/div>\n\t\t\t\t<\/div>\n\t\t\t\t\t<\/div>\n\t\t\t\t<\/div>\n\t\t<div class=\"elementor-element elementor-element-a4114eb e-grid e-con-boxed e-con e-parent\" data-id=\"a4114eb\" data-element_type=\"container\">\n\t\t\t\t\t<div class=\"e-con-inner\">\n\t\t\t\t<div class=\"elementor-element elementor-element-08160e0 elementor-widget elementor-widget-image\" data-id=\"08160e0\" data-element_type=\"widget\" data-widget_type=\"image.default\">\n\t\t\t\t<div class=\"elementor-widget-container\">\n\t\t\t\t\t\t\t\t\t\t\t\t\t\t\t<img fetchpriority=\"high\" decoding=\"async\" width=\"543\" height=\"305\" src=\"https:\/\/alliancefr.se\/gavle\/wp-content\/uploads\/sites\/18\/2026\/03\/Arbetarbladet.png\" class=\"attachment-large size-large wp-image-17447\" alt=\"\" \/>\t\t\t\t\t\t\t\t\t\t\t\t\t\t\t<\/div>\n\t\t\t\t<\/div>\n\t\t\t\t<div class=\"elementor-element elementor-element-db07463 elementor-widget elementor-widget-image\" data-id=\"db07463\" data-element_type=\"widget\" data-widget_type=\"image.default\">\n\t\t\t\t<div class=\"elementor-widget-container\">\n\t\t\t\t\t\t\t\t\t\t\t\t\t\t\t<img loading=\"lazy\" decoding=\"async\" width=\"960\" height=\"540\" src=\"https:\/\/alliancefr.se\/gavle\/wp-content\/uploads\/sites\/18\/2026\/03\/p4-Gavleborg-1024x576.png\" class=\"attachment-large size-large wp-image-17446\" alt=\"\" \/>\t\t\t\t\t\t\t\t\t\t\t\t\t\t\t<\/div>\n\t\t\t\t<\/div>\n\t\t\t\t<div class=\"elementor-element elementor-element-63e6b87 elementor-widget elementor-widget-text-editor\" data-id=\"63e6b87\" data-element_type=\"widget\" data-widget_type=\"text-editor.default\">\n\t\t\t\t<div class=\"elementor-widget-container\">\n\t\t\t\t\t\t\t\t\t<p>2024-10-21 &#8211; <a href=\"https:\/\/www.arbetarbladet.se\/2024-10-21\/ny-fransk-forening-inte-bara-finkultur\/\">Ny fransk f\u00f6rening \u2013 inte bara finkultur<\/a>, Arbetarbladet<\/p><p>\u00a0<\/p>\t\t\t\t\t\t\t\t<\/div>\n\t\t\t\t<\/div>\n\t\t\t\t<div class=\"elementor-element elementor-element-1ecca71 elementor-widget elementor-widget-text-editor\" data-id=\"1ecca71\" data-element_type=\"widget\" data-widget_type=\"text-editor.default\">\n\t\t\t\t<div class=\"elementor-widget-container\">\n\t\t\t\t\t\t\t\t\t<p>2026-03-15 <span style=\"letter-spacing: 0px\">\u2013<\/span> <a href=\"https:\/\/www.sverigesradio.se\/artikel\/alliance-francais-i-gavle-engagerar-unga-med-serier\">Nu satsar fransk f\u00f6rening p\u00e5 unga i G\u00e4vle<\/a>, P4 G\u00e4vleborg<\/p><p>2025-04-29\u00a0<span style=\"letter-spacing: 0px\">\u2013<\/span><span style=\"letter-spacing: 0px\">\u00a0<\/span>Intervju<span dir=\"ltr\" style=\"letter-spacing: 0px\">, F\u00f6rmiddag i P4 G\u00e4vleborg (<a href=\"https:\/\/www.facebook.com\/share\/r\/1Vjxc6Atn5\/\">del 1<\/a>, <a href=\"https:\/\/www.facebook.com\/share\/r\/16hjN7fjJW\/\">del 2<\/a>, <a href=\"https:\/\/www.facebook.com\/share\/r\/1GmuUhZjKs\/\">del 3<\/a>, <a href=\"https:\/\/www.facebook.com\/share\/r\/1AetCzbUc4\/\">del 4<\/a>, <a href=\"https:\/\/www.facebook.com\/share\/r\/1Far7iPRdr\/\">del 5<\/a>)<\/span><\/p><p>2024-10-18 \u2013 <a href=\"https:\/\/sverigesradio.se\/artikel\/lilla-paris-blir-mer-franskt-nar-ny-forening-flyttar-in\">\u201dLilla Paris\u201d blir mer franskt \u2013 n\u00e4r ny f\u00f6rening flyttar in<\/a>, P4 G\u00e4vleborg<\/p><p>2024-10-17 \u2013 <a href=\"https:\/\/sverigesradio.se\/avsnitt\/2465902\">Intervju<\/a><span dir=\"ltr\">, Morgon i P4 G\u00e4vleborg (fr\u00e5n 1:18:43)<\/span><\/p>\t\t\t\t\t\t\t\t<\/div>\n\t\t\t\t<\/div>\n\t\t\t\t<div class=\"elementor-element elementor-element-eb9f75d elementor-widget elementor-widget-image\" data-id=\"eb9f75d\" data-element_type=\"widget\" data-widget_type=\"image.default\">\n\t\t\t\t<div class=\"elementor-widget-container\">\n\t\t\t\t\t\t\t\t\t\t\t\t\t\t\t<img loading=\"lazy\" decoding=\"async\" width=\"835\" height=\"470\" src=\"https:\/\/alliancefr.se\/gavle\/wp-content\/uploads\/sites\/18\/2026\/03\/Logo-16-9.png\" class=\"attachment-large size-large wp-image-17448\" alt=\"\" \/>\t\t\t\t\t\t\t\t\t\t\t\t\t\t\t<\/div>\n\t\t\t\t<\/div>\n\t\t\t\t<div class=\"elementor-element elementor-element-e6af63c elementor-widget elementor-widget-image\" data-id=\"e6af63c\" data-element_type=\"widget\" data-widget_type=\"image.default\">\n\t\t\t\t<div class=\"elementor-widget-container\">\n\t\t\t\t\t\t\t\t\t\t\t\t\t\t\t<img decoding=\"async\" src=\"https:\/\/alliancefr.se\/gavle\/wp-content\/plugins\/elementor\/assets\/images\/placeholder.png\" title=\"\" alt=\"\" loading=\"lazy\" \/>\t\t\t\t\t\t\t\t\t\t\t\t\t\t\t<\/div>\n\t\t\t\t<\/div>\n\t\t\t\t<div class=\"elementor-element elementor-element-de879ce elementor-widget elementor-widget-text-editor\" data-id=\"de879ce\" data-element_type=\"widget\" data-widget_type=\"text-editor.default\">\n\t\t\t\t<div class=\"elementor-widget-container\">\n\t\t\t\t\t\t\t\t\t<p>2024-10-08 \u2013 <a href=\"https:\/\/www.gd.se\/artikel\/har-kan-gavles-frankofiler-samlas\/\">H\u00e4r kan G\u00e4vles frankofiler samlas<\/a>, Gefle Dagblad<\/p>\t\t\t\t\t\t\t\t<\/div>\n\t\t\t\t<\/div>\n\t\t\t\t\t<\/div>\n\t\t\t\t<\/div>\n\t\t\t\t<\/div>\n\t\t","protected":false},"excerpt":{"rendered":"<p>2024-10-21 &#8211; Ny fransk f\u00f6rening \u2013 inte bara finkultur, Arbetarbladet \u00a0 2026-03-15 \u2013 Nu satsar fransk f\u00f6rening p\u00e5 unga i G\u00e4vle, P4 G\u00e4vleborg 2025-04-29\u00a0\u2013\u00a0Intervju, F\u00f6rmiddag i P4 G\u00e4vleborg (del 1, del 2, del 3, del 4, del 5) 2024-10-18 \u2013 \u201dLilla Paris\u201d blir mer franskt \u2013 n\u00e4r ny f\u00f6rening flyttar in, P4 G\u00e4vleborg 2024-10-17 \u2013 Intervju, Morgon i P4 G\u00e4vleborg (fr\u00e5n 1:18:43) 2024-10-08 \u2013 H\u00e4r kan G\u00e4vles frankofiler samlas, Gefle Dagblad<\/p>\n","protected":false},"author":22,"featured_media":0,"parent":0,"menu_order":0,"comment_status":"closed","ping_status":"closed","template":"","meta":{"om_disable_all_campaigns":false,"_monsterinsights_skip_tracking":false,"_monsterinsights_sitenote_active":false,"_monsterinsights_sitenote_note":"","_monsterinsights_sitenote_category":0,"_uf_show_specific_survey":0,"_uf_disable_surveys":false,"footnotes":""},"class_list":["post-14258","page","type-page","status-publish","hentry"],"aioseo_notices":[],"rttpg_featured_image_url":null,"rttpg_author":{"display_name":"afgavle","author_link":"https:\/\/alliancefr.se\/gavle\/author\/afgavle\/"},"rttpg_comment":0,"rttpg_category":" <a href=\"https:\/\/alliancefr.se\/gavle\/sv\/\" rel=\"tag\">Svenska<\/a>","rttpg_excerpt":"2024-10-21 &#8211; Ny fransk f\u00f6rening \u2013 inte bara finkultur, Arbetarbladet \u00a0 2026-03-15 \u2013 Nu satsar fransk f\u00f6rening p\u00e5 unga i G\u00e4vle, P4 G\u00e4vleborg 2025-04-29\u00a0\u2013\u00a0Intervju, F\u00f6rmiddag i P4 G\u00e4vleborg (del 1, del 2, del 3, del 4, del 5) 2024-10-18 \u2013 \u201dLilla Paris\u201d blir mer franskt \u2013 n\u00e4r ny f\u00f6rening flyttar in, P4 G\u00e4vleborg 2024-10-17 \u2013\u2026","_links":{"self":[{"href":"https:\/\/alliancefr.se\/gavle\/wp-json\/wp\/v2\/pages\/14258","targetHints":{"allow":["GET"]}}],"collection":[{"href":"https:\/\/alliancefr.se\/gavle\/wp-json\/wp\/v2\/pages"}],"about":[{"href":"https:\/\/alliancefr.se\/gavle\/wp-json\/wp\/v2\/types\/page"}],"author":[{"embeddable":true,"href":"https:\/\/alliancefr.se\/gavle\/wp-json\/wp\/v2\/users\/22"}],"replies":[{"embeddable":true,"href":"https:\/\/alliancefr.se\/gavle\/wp-json\/wp\/v2\/comments?post=14258"}],"version-history":[{"count":40,"href":"https:\/\/alliancefr.se\/gavle\/wp-json\/wp\/v2\/pages\/14258\/revisions"}],"predecessor-version":[{"id":17463,"href":"https:\/\/alliancefr.se\/gavle\/wp-json\/wp\/v2\/pages\/14258\/revisions\/17463"}],"wp:attachment":[{"href":"https:\/\/alliancefr.se\/gavle\/wp-json\/wp\/v2\/media?parent=14258"}],"curies":[{"name":"wp","href":"https:\/\/api.w.org\/{rel}","templated":true}]}}