{"id":10942,"date":"2024-01-02T15:05:26","date_gmt":"2024-01-02T14:05:26","guid":{"rendered":"https:\/\/alliancefr.se\/gavle\/qui-sommes-nous\/"},"modified":"2026-03-11T12:28:14","modified_gmt":"2026-03-11T11:28:14","slug":"qui-sommes-nous","status":"publish","type":"page","link":"https:\/\/alliancefr.se\/gavle\/qui-sommes-nous\/","title":{"rendered":"Qui sommes-nous ?"},"content":{"rendered":"\t\t<div data-elementor-type=\"wp-post\" data-elementor-id=\"10942\" class=\"elementor elementor-10942\">\n\t\t\t\t<div class=\"elementor-element elementor-element-4e7a819b e-flex e-con-boxed e-con e-parent\" data-id=\"4e7a819b\" data-element_type=\"container\">\n\t\t\t\t\t<div class=\"e-con-inner\">\n\t\t\t\t<div class=\"elementor-element elementor-element-59c49a2d elementor-widget elementor-widget-text-editor\" data-id=\"59c49a2d\" data-element_type=\"widget\" data-widget_type=\"text-editor.default\">\n\t\t\t\t<div class=\"elementor-widget-container\">\n\t\t\t\t\t\t\t\t\t<p><img fetchpriority=\"high\" decoding=\"async\" src=\"https:\/\/alliancefr.se\/orebro\/wp-content\/uploads\/sites\/5\/2023\/10\/arton8394.png\" alt=\"\" width=\"810\" height=\"364\" \/><\/p><h3><strong>\u00a0<\/strong><\/h3>\t\t\t\t\t\t\t\t<\/div>\n\t\t\t\t<\/div>\n\t\t\t\t\t<\/div>\n\t\t\t\t<\/div>\n\t\t<div class=\"elementor-element elementor-element-9f6d52b e-grid e-con-boxed e-con e-parent\" data-id=\"9f6d52b\" data-element_type=\"container\">\n\t\t\t\t\t<div class=\"e-con-inner\">\n\t\t\t\t<div class=\"elementor-element elementor-element-5a238f7 elementor-widget elementor-widget-spacer\" data-id=\"5a238f7\" data-element_type=\"widget\" data-widget_type=\"spacer.default\">\n\t\t\t\t<div class=\"elementor-widget-container\">\n\t\t\t\t\t\t\t<div class=\"elementor-spacer\">\n\t\t\t<div class=\"elementor-spacer-inner\"><\/div>\n\t\t<\/div>\n\t\t\t\t\t\t<\/div>\n\t\t\t\t<\/div>\n\t\t\t\t\t<\/div>\n\t\t\t\t<\/div>\n\t\t<div class=\"elementor-element elementor-element-4b36e4a e-grid e-con-boxed e-con e-parent\" data-id=\"4b36e4a\" data-element_type=\"container\">\n\t\t\t\t\t<div class=\"e-con-inner\">\n\t\t\t\t<div class=\"elementor-element elementor-element-c04d6f0 elementor-widget elementor-widget-heading\" data-id=\"c04d6f0\" data-element_type=\"widget\" data-widget_type=\"heading.default\">\n\t\t\t\t<div class=\"elementor-widget-container\">\n\t\t\t\t\t<h2 class=\"elementor-heading-title elementor-size-default\"><strong>L\u2019Alliance Fran\u00e7aise dans le monde<\/strong><\/h2>\t\t\t\t<\/div>\n\t\t\t\t<\/div>\n\t\t\t\t\t<\/div>\n\t\t\t\t<\/div>\n\t\t<div class=\"elementor-element elementor-element-cf78a0c e-grid e-con-boxed e-con e-parent\" data-id=\"cf78a0c\" data-element_type=\"container\">\n\t\t\t\t\t<div class=\"e-con-inner\">\n\t\t\t\t<div class=\"elementor-element elementor-element-80d9a8e elementor-widget elementor-widget-text-editor\" data-id=\"80d9a8e\" data-element_type=\"widget\" data-widget_type=\"text-editor.default\">\n\t\t\t\t<div class=\"elementor-widget-container\">\n\t\t\t\t\t\t\t\t\t<p>L\u2019Alliance Fran\u00e7aise est une association mondiale fond\u00e9e \u00e0 Paris en 1883. L\u2019association a pour objectif de promouvoir l\u2019int\u00e9r\u00eat pour la langue fran\u00e7aise et les cultures des pays francophones.<\/p><p>C\u2019est un point de rencontre pour les amis de la France et des pays francophones dans le monde entier.<\/p><p><b>L\u2019Alliance Fran\u00e7aise de G\u00e4vle a \u00e9t\u00e9 cr\u00e9\u00e9e le 23 avril 2024.<\/b> Vous n\u2019avez pas besoin de parler parfaitement <strong>fran\u00e7ais<\/strong> \ud83c\uddeb\ud83c\uddf7 pour participer. Toute personne int\u00e9ress\u00e9e est la bienvenue !<\/p>\t\t\t\t\t\t\t\t<\/div>\n\t\t\t\t<\/div>\n\t\t\t\t\t<\/div>\n\t\t\t\t<\/div>\n\t\t<div class=\"elementor-element elementor-element-6b958f5 e-grid e-con-boxed e-con e-parent\" data-id=\"6b958f5\" data-element_type=\"container\">\n\t\t\t\t\t<div class=\"e-con-inner\">\n\t\t\t\t<div class=\"elementor-element elementor-element-95d7c52 elementor-widget elementor-widget-spacer\" data-id=\"95d7c52\" data-element_type=\"widget\" data-widget_type=\"spacer.default\">\n\t\t\t\t<div class=\"elementor-widget-container\">\n\t\t\t\t\t\t\t<div class=\"elementor-spacer\">\n\t\t\t<div class=\"elementor-spacer-inner\"><\/div>\n\t\t<\/div>\n\t\t\t\t\t\t<\/div>\n\t\t\t\t<\/div>\n\t\t\t\t\t<\/div>\n\t\t\t\t<\/div>\n\t\t<div class=\"elementor-element elementor-element-53fe57f e-grid e-con-boxed e-con e-parent\" data-id=\"53fe57f\" data-element_type=\"container\">\n\t\t\t\t\t<div class=\"e-con-inner\">\n\t\t\t\t<div class=\"elementor-element elementor-element-036ac4a elementor-widget elementor-widget-image\" data-id=\"036ac4a\" data-element_type=\"widget\" data-widget_type=\"image.default\">\n\t\t\t\t<div class=\"elementor-widget-container\">\n\t\t\t\t\t\t\t\t\t\t\t\t\t\t\t<img decoding=\"async\" width=\"960\" height=\"368\" src=\"https:\/\/alliancefr.se\/gavle\/wp-content\/uploads\/sites\/18\/2024\/05\/cropped-Bild_hemsida-AF-G-scaled-1-1024x393.jpg\" class=\"attachment-large size-large wp-image-12072\" alt=\"\" \/>\t\t\t\t\t\t\t\t\t\t\t\t\t\t\t<\/div>\n\t\t\t\t<\/div>\n\t\t\t\t\t<\/div>\n\t\t\t\t<\/div>\n\t\t<div class=\"elementor-element elementor-element-aca5dff e-grid e-con-boxed e-con e-parent\" data-id=\"aca5dff\" data-element_type=\"container\">\n\t\t\t\t\t<div class=\"e-con-inner\">\n\t\t\t\t<div class=\"elementor-element elementor-element-0918595 elementor-widget elementor-widget-spacer\" data-id=\"0918595\" data-element_type=\"widget\" data-widget_type=\"spacer.default\">\n\t\t\t\t<div class=\"elementor-widget-container\">\n\t\t\t\t\t\t\t<div class=\"elementor-spacer\">\n\t\t\t<div class=\"elementor-spacer-inner\"><\/div>\n\t\t<\/div>\n\t\t\t\t\t\t<\/div>\n\t\t\t\t<\/div>\n\t\t\t\t\t<\/div>\n\t\t\t\t<\/div>\n\t\t<div class=\"elementor-element elementor-element-66103b9 e-grid e-con-boxed e-con e-parent\" data-id=\"66103b9\" data-element_type=\"container\">\n\t\t\t\t\t<div class=\"e-con-inner\">\n\t\t\t\t<div class=\"elementor-element elementor-element-3ba701b elementor-widget elementor-widget-heading\" data-id=\"3ba701b\" data-element_type=\"widget\" data-widget_type=\"heading.default\">\n\t\t\t\t<div class=\"elementor-widget-container\">\n\t\t\t\t\t<h2 class=\"elementor-heading-title elementor-size-default\"><strong>L\u2019Alliance Fran\u00e7aise de G\u00e4vle, une association culturelle<\/strong><\/h2>\t\t\t\t<\/div>\n\t\t\t\t<\/div>\n\t\t\t\t\t<\/div>\n\t\t\t\t<\/div>\n\t\t<div class=\"elementor-element elementor-element-dcd5014 e-grid e-con-boxed e-con e-parent\" data-id=\"dcd5014\" data-element_type=\"container\">\n\t\t\t\t\t<div class=\"e-con-inner\">\n\t\t\t\t<div class=\"elementor-element elementor-element-487f8c9 elementor-widget elementor-widget-text-editor\" data-id=\"487f8c9\" data-element_type=\"widget\" data-widget_type=\"text-editor.default\">\n\t\t\t\t<div class=\"elementor-widget-container\">\n\t\t\t\t\t\t\t\t\t<p>L\u2019association (<a href=\"http:\/\/alliancefr.se\/gavle\/wp-content\/uploads\/sites\/18\/2024\/08\/Organisationsnummer.pdf\">num\u00e9ro d\u2019organisation : 802547-5719<\/a>) propose diverses activit\u00e9s en <strong>fran\u00e7ais<\/strong> \ud83c\uddeb\ud83c\uddf7 et parfois en <strong>su\u00e9dois \ud83c\uddf8\ud83c\uddea<\/strong>.<\/p><p>Comment obtenir des informations sur le programme de l\u2019Alliance Fran\u00e7aise ?<\/p><p>Les programmes des activit\u00e9s sont envoy\u00e9s par courriel aux membres de l\u2019Alliance Fran\u00e7aise de G\u00e4vle.<br \/><b>Pour nous rejoindre et devenir membre, veuillez vous inscrire\u00a0<a href=\"https:\/\/alliancefr.se\/gavle\/devenir-membre-2\/\" target=\"_blank\" rel=\"noopener\">en vous rendant ici.<\/a><\/b><\/p><p>Les informations sur les \u00e9v\u00e8nements sont publi\u00e9es tant sur notre site Internet que nos r\u00e9seaux sociaux (<a href=\"https:\/\/www.facebook.com\/AllianceFrancaiseGavle\">Facebook<\/a>, <a href=\"https:\/\/www.instagram.com\/alliance_francaise_gavle\/\">Instagram<\/a> et <a href=\"https:\/\/www.linkedin.com\/company\/alliancefrancaisegavle\/about\/\" target=\"_blank\" rel=\"noopener\">LinkedIn<\/a>).<\/p>\t\t\t\t\t\t\t\t<\/div>\n\t\t\t\t<\/div>\n\t\t\t\t\t<\/div>\n\t\t\t\t<\/div>\n\t\t<div class=\"elementor-element elementor-element-16fff1d e-grid e-con-boxed e-con e-parent\" data-id=\"16fff1d\" data-element_type=\"container\">\n\t\t\t\t\t<div class=\"e-con-inner\">\n\t\t\t\t<div class=\"elementor-element elementor-element-c7e1709 elementor-widget elementor-widget-spacer\" data-id=\"c7e1709\" data-element_type=\"widget\" data-widget_type=\"spacer.default\">\n\t\t\t\t<div class=\"elementor-widget-container\">\n\t\t\t\t\t\t\t<div class=\"elementor-spacer\">\n\t\t\t<div class=\"elementor-spacer-inner\"><\/div>\n\t\t<\/div>\n\t\t\t\t\t\t<\/div>\n\t\t\t\t<\/div>\n\t\t\t\t\t<\/div>\n\t\t\t\t<\/div>\n\t\t<div class=\"elementor-element elementor-element-c7ce405 e-grid e-con-boxed e-con e-parent\" data-id=\"c7ce405\" data-element_type=\"container\">\n\t\t\t\t\t<div class=\"e-con-inner\">\n\t\t\t\t<div class=\"elementor-element elementor-element-b4fd8f5 elementor-widget elementor-widget-heading\" data-id=\"b4fd8f5\" data-element_type=\"widget\" data-widget_type=\"heading.default\">\n\t\t\t\t<div class=\"elementor-widget-container\">\n\t\t\t\t\t<h2 class=\"elementor-heading-title elementor-size-default\">Le comit\u00e9 2026<\/h2>\t\t\t\t<\/div>\n\t\t\t\t<\/div>\n\t\t\t\t\t<\/div>\n\t\t\t\t<\/div>\n\t\t<div class=\"elementor-element elementor-element-78ac573 e-flex e-con-boxed e-con e-parent\" data-id=\"78ac573\" data-element_type=\"container\">\n\t\t\t\t\t<div class=\"e-con-inner\">\n\t\t\t\t<div class=\"elementor-element elementor-element-5ebbbea elementor-widget elementor-widget-text-editor\" data-id=\"5ebbbea\" data-element_type=\"widget\" data-widget_type=\"text-editor.default\">\n\t\t\t\t<div class=\"elementor-widget-container\">\n\t\t\t\t\t\t\t\t\t<p><a href=\"https:\/\/alliancefr.se\/gavle\/contact\/\">Contacter<\/a> l\u2019Alliance Fran\u00e7aise de G\u00e4vle \u00e0 cette adresse\u00a0: <a href=\"mailto:gavle@alliancefr.se\">gavle@alliancefr.se<\/a><\/p>\t\t\t\t\t\t\t\t<\/div>\n\t\t\t\t<\/div>\n\t\t\t\t\t<\/div>\n\t\t\t\t<\/div>\n\t\t<div class=\"elementor-element elementor-element-e86f89c e-grid e-con-boxed e-con e-parent\" data-id=\"e86f89c\" data-element_type=\"container\">\n\t\t\t\t\t<div class=\"e-con-inner\">\n\t\t\t\t<div class=\"elementor-element elementor-element-0ed3048 elementor-widget elementor-widget-image\" data-id=\"0ed3048\" data-element_type=\"widget\" data-widget_type=\"image.default\">\n\t\t\t\t<div class=\"elementor-widget-container\">\n\t\t\t\t\t\t\t\t\t\t\t\t\t\t\t<img decoding=\"async\" width=\"300\" height=\"300\" src=\"https:\/\/alliancefr.se\/gavle\/wp-content\/uploads\/sites\/18\/2024\/05\/Frederic_kv-300x300.jpg\" class=\"attachment-medium size-medium wp-image-12189\" alt=\"\" \/>\t\t\t\t\t\t\t\t\t\t\t\t\t\t\t<\/div>\n\t\t\t\t<\/div>\n\t\t\t\t<div class=\"elementor-element elementor-element-9d22149 elementor-widget elementor-widget-image\" data-id=\"9d22149\" data-element_type=\"widget\" data-widget_type=\"image.default\">\n\t\t\t\t<div class=\"elementor-widget-container\">\n\t\t\t\t\t\t\t\t\t\t\t\t\t\t\t<img loading=\"lazy\" decoding=\"async\" width=\"300\" height=\"300\" src=\"https:\/\/alliancefr.se\/gavle\/wp-content\/uploads\/sites\/18\/2024\/05\/Tinne_kv-300x300.jpg\" class=\"attachment-medium size-medium wp-image-12192\" alt=\"\" \/>\t\t\t\t\t\t\t\t\t\t\t\t\t\t\t<\/div>\n\t\t\t\t<\/div>\n\t\t\t\t<div class=\"elementor-element elementor-element-03aaabc elementor-widget elementor-widget-image\" data-id=\"03aaabc\" data-element_type=\"widget\" data-widget_type=\"image.default\">\n\t\t\t\t<div class=\"elementor-widget-container\">\n\t\t\t\t\t\t\t\t\t\t\t\t\t\t\t<img loading=\"lazy\" decoding=\"async\" width=\"300\" height=\"300\" src=\"https:\/\/alliancefr.se\/gavle\/wp-content\/uploads\/sites\/18\/2024\/05\/Raphael_kv-300x300.jpg\" class=\"attachment-medium size-medium wp-image-12190\" alt=\"\" \/>\t\t\t\t\t\t\t\t\t\t\t\t\t\t\t<\/div>\n\t\t\t\t<\/div>\n\t\t\t\t<div class=\"elementor-element elementor-element-1d8a3fa elementor-widget elementor-widget-text-editor\" data-id=\"1d8a3fa\" data-element_type=\"widget\" data-widget_type=\"text-editor.default\">\n\t\t\t\t<div class=\"elementor-widget-container\">\n\t\t\t\t\t\t\t\t\t<p><br \/><strong>Fr\u00e9d\u00e9ric Thiabaud<br \/><\/strong>Pr\u00e9sident<\/p>\t\t\t\t\t\t\t\t<\/div>\n\t\t\t\t<\/div>\n\t\t\t\t<div class=\"elementor-element elementor-element-ba11efd elementor-widget elementor-widget-text-editor\" data-id=\"ba11efd\" data-element_type=\"widget\" data-widget_type=\"text-editor.default\">\n\t\t\t\t<div class=\"elementor-widget-container\">\n\t\t\t\t\t\t\t\t\t<p><b><br \/>Tinne Wennerholm<br \/><\/b>Vice-pr\u00e9sidente<\/p>\t\t\t\t\t\t\t\t<\/div>\n\t\t\t\t<\/div>\n\t\t\t\t<div class=\"elementor-element elementor-element-f29184a elementor-widget elementor-widget-text-editor\" data-id=\"f29184a\" data-element_type=\"widget\" data-widget_type=\"text-editor.default\">\n\t\t\t\t<div class=\"elementor-widget-container\">\n\t\t\t\t\t\t\t\t\t<p><b>Rapha\u00ebl Rwambonera Ntabwoba<br \/><\/b>Tr\u00e9sorier<\/p>\t\t\t\t\t\t\t\t<\/div>\n\t\t\t\t<\/div>\n\t\t\t\t<div class=\"elementor-element elementor-element-1883619 elementor-widget elementor-widget-image\" data-id=\"1883619\" data-element_type=\"widget\" data-widget_type=\"image.default\">\n\t\t\t\t<div class=\"elementor-widget-container\">\n\t\t\t\t\t\t\t\t\t\t\t\t\t\t\t<img loading=\"lazy\" decoding=\"async\" width=\"300\" height=\"300\" src=\"https:\/\/alliancefr.se\/gavle\/wp-content\/uploads\/sites\/18\/2025\/04\/Magali-Alvarez-300x300.jpeg\" class=\"attachment-medium size-medium wp-image-15415\" alt=\"\" \/>\t\t\t\t\t\t\t\t\t\t\t\t\t\t\t<\/div>\n\t\t\t\t<\/div>\n\t\t\t\t<div class=\"elementor-element elementor-element-496e4cb elementor-widget elementor-widget-image\" data-id=\"496e4cb\" data-element_type=\"widget\" data-widget_type=\"image.default\">\n\t\t\t\t<div class=\"elementor-widget-container\">\n\t\t\t\t\t\t\t\t\t\t\t\t\t\t\t<img loading=\"lazy\" decoding=\"async\" width=\"300\" height=\"300\" src=\"https:\/\/alliancefr.se\/gavle\/wp-content\/uploads\/sites\/18\/2025\/05\/Simeon-Oxley-kv-300x300.jpeg\" class=\"attachment-medium size-medium wp-image-15607\" alt=\"\" \/>\t\t\t\t\t\t\t\t\t\t\t\t\t\t\t<\/div>\n\t\t\t\t<\/div>\n\t\t\t\t<div class=\"elementor-element elementor-element-65e7258 elementor-widget elementor-widget-image\" data-id=\"65e7258\" data-element_type=\"widget\" data-widget_type=\"image.default\">\n\t\t\t\t<div class=\"elementor-widget-container\">\n\t\t\t\t\t\t\t\t\t\t\t\t\t\t\t<img loading=\"lazy\" decoding=\"async\" width=\"750\" height=\"750\" src=\"https:\/\/alliancefr.se\/gavle\/wp-content\/uploads\/sites\/18\/2026\/03\/Anette_kv.jpg\" class=\"attachment-large size-large wp-image-17439\" alt=\"\" \/>\t\t\t\t\t\t\t\t\t\t\t\t\t\t\t<\/div>\n\t\t\t\t<\/div>\n\t\t\t\t<div class=\"elementor-element elementor-element-8d21758 elementor-widget elementor-widget-text-editor\" data-id=\"8d21758\" data-element_type=\"widget\" data-widget_type=\"text-editor.default\">\n\t\t\t\t<div class=\"elementor-widget-container\">\n\t\t\t\t\t\t\t\t\t<p><strong><br \/>Magali Alvarez<br \/><\/strong>Secr\u00e9taire<\/p>\t\t\t\t\t\t\t\t<\/div>\n\t\t\t\t<\/div>\n\t\t\t\t<div class=\"elementor-element elementor-element-b9890a1 elementor-widget elementor-widget-text-editor\" data-id=\"b9890a1\" data-element_type=\"widget\" data-widget_type=\"text-editor.default\">\n\t\t\t\t<div class=\"elementor-widget-container\">\n\t\t\t\t\t\t\t\t\t<p><strong><br \/>Simeon Oxley<\/strong><\/p>\t\t\t\t\t\t\t\t<\/div>\n\t\t\t\t<\/div>\n\t\t\t\t<div class=\"elementor-element elementor-element-9508edb elementor-widget elementor-widget-text-editor\" data-id=\"9508edb\" data-element_type=\"widget\" data-widget_type=\"text-editor.default\">\n\t\t\t\t<div class=\"elementor-widget-container\">\n\t\t\t\t\t\t\t\t\t<p><br \/><strong>Anette Langeron<br \/><\/strong>Suppl\u00e9ante<\/p>\t\t\t\t\t\t\t\t<\/div>\n\t\t\t\t<\/div>\n\t\t\t\t\t<\/div>\n\t\t\t\t<\/div>\n\t\t\t\t<\/div>\n\t\t","protected":false},"excerpt":{"rendered":"<p>\u00a0 L\u2019Alliance Fran\u00e7aise dans le monde L\u2019Alliance Fran\u00e7aise est une association mondiale fond\u00e9e \u00e0 Paris en 1883. L\u2019association a pour objectif de promouvoir l\u2019int\u00e9r\u00eat pour la langue fran\u00e7aise et les cultures des pays francophones. C\u2019est un point de rencontre pour les amis de la France et des pays francophones dans le monde entier. L\u2019Alliance Fran\u00e7aise de G\u00e4vle a \u00e9t\u00e9 cr\u00e9\u00e9e le 23 avril 2024. Vous n\u2019avez pas besoin de parler parfaitement fran\u00e7ais \ud83c\uddeb\ud83c\uddf7 pour participer. Toute personne int\u00e9ress\u00e9e est la bienvenue ! L\u2019Alliance Fran\u00e7aise de G\u00e4vle, une association culturelle L\u2019association (num\u00e9ro d\u2019organisation : 802547-5719) propose diverses activit\u00e9s en fran\u00e7ais \ud83c\uddeb\ud83c\uddf7 et parfois en su\u00e9dois \ud83c\uddf8\ud83c\uddea. Comment obtenir des informations sur le programme de l\u2019Alliance Fran\u00e7aise ? Les programmes des activit\u00e9s sont envoy\u00e9s par courriel aux membres de l\u2019Alliance Fran\u00e7aise de G\u00e4vle.Pour nous rejoindre et devenir membre, veuillez vous inscrire\u00a0en vous rendant ici. Les informations sur les \u00e9v\u00e8nements sont publi\u00e9es tant sur notre site Internet que nos r\u00e9seaux sociaux (Facebook, Instagram et LinkedIn). Le comit\u00e9 2026 Contacter l\u2019Alliance Fran\u00e7aise de G\u00e4vle \u00e0 cette adresse\u00a0: gavle@alliancefr.se Fr\u00e9d\u00e9ric ThiabaudPr\u00e9sident Tinne WennerholmVice-pr\u00e9sidente Rapha\u00ebl Rwambonera NtabwobaTr\u00e9sorier Magali AlvarezSecr\u00e9taire Simeon Oxley Anette LangeronSuppl\u00e9ante<\/p>\n","protected":false},"author":1,"featured_media":0,"parent":0,"menu_order":0,"comment_status":"closed","ping_status":"open","template":"","meta":{"om_disable_all_campaigns":false,"_monsterinsights_skip_tracking":false,"_monsterinsights_sitenote_active":false,"_monsterinsights_sitenote_note":"","_monsterinsights_sitenote_category":0,"_uf_show_specific_survey":0,"_uf_disable_surveys":false,"footnotes":""},"class_list":["post-10942","page","type-page","status-publish","hentry"],"aioseo_notices":[],"rttpg_featured_image_url":null,"rttpg_author":{"display_name":"Super.admin","author_link":"https:\/\/alliancefr.se\/gavle\/author\/admin2174\/"},"rttpg_comment":0,"rttpg_category":" <a href=\"https:\/\/alliancefr.se\/gavle\/\" rel=\"tag\">Fran\u00e7ais<\/a>","rttpg_excerpt":"\u00a0 L\u2019Alliance Fran\u00e7aise dans le monde L\u2019Alliance Fran\u00e7aise est une association mondiale fond\u00e9e \u00e0 Paris en 1883. L\u2019association a pour objectif de promouvoir l\u2019int\u00e9r\u00eat pour la langue fran\u00e7aise et les cultures des pays francophones. C\u2019est un point de rencontre pour les amis de la France et des pays francophones dans le monde entier. L\u2019Alliance Fran\u00e7aise\u2026","_links":{"self":[{"href":"https:\/\/alliancefr.se\/gavle\/wp-json\/wp\/v2\/pages\/10942","targetHints":{"allow":["GET"]}}],"collection":[{"href":"https:\/\/alliancefr.se\/gavle\/wp-json\/wp\/v2\/pages"}],"about":[{"href":"https:\/\/alliancefr.se\/gavle\/wp-json\/wp\/v2\/types\/page"}],"author":[{"embeddable":true,"href":"https:\/\/alliancefr.se\/gavle\/wp-json\/wp\/v2\/users\/1"}],"replies":[{"embeddable":true,"href":"https:\/\/alliancefr.se\/gavle\/wp-json\/wp\/v2\/comments?post=10942"}],"version-history":[{"count":209,"href":"https:\/\/alliancefr.se\/gavle\/wp-json\/wp\/v2\/pages\/10942\/revisions"}],"predecessor-version":[{"id":17442,"href":"https:\/\/alliancefr.se\/gavle\/wp-json\/wp\/v2\/pages\/10942\/revisions\/17442"}],"wp:attachment":[{"href":"https:\/\/alliancefr.se\/gavle\/wp-json\/wp\/v2\/media?parent=10942"}],"curies":[{"name":"wp","href":"https:\/\/api.w.org\/{rel}","templated":true}]}}