{"id":109,"date":"2019-06-12T17:39:46","date_gmt":"2019-06-12T15:39:46","guid":{"rendered":"https:\/\/alliancefr.se\/gavle\/kontakt-2\/"},"modified":"2026-02-17T11:56:44","modified_gmt":"2026-02-17T10:56:44","slug":"kontakt-2","status":"publish","type":"page","link":"https:\/\/alliancefr.se\/gavle\/sv\/kontakt-2\/","title":{"rendered":"Kontakt"},"content":{"rendered":"\t\t<div data-elementor-type=\"wp-post\" data-elementor-id=\"109\" class=\"elementor elementor-109\">\n\t\t\t\t<div class=\"elementor-element elementor-element-4c759b3b e-flex e-con-boxed e-con e-parent\" data-id=\"4c759b3b\" data-element_type=\"container\">\n\t\t\t\t\t<div class=\"e-con-inner\">\n\t\t\t\t<div class=\"elementor-element elementor-element-509642d4 elementor-widget elementor-widget-text-editor\" data-id=\"509642d4\" data-element_type=\"widget\" data-widget_type=\"text-editor.default\">\n\t\t\t\t<div class=\"elementor-widget-container\">\n\t\t\t\t\t\t\t\t\t<p>Om du har n\u00e5gra fr\u00e5gor, v\u00e4nligen kontakta Alliance Fran\u00e7aise de G\u00e4vle via e-postadressen <span class=\"break-words tvm-parent-container\"><span dir=\"ltr\"><img decoding=\"async\" class=\"emoji\" role=\"img\" src=\"https:\/\/s.w.org\/images\/core\/emoji\/15.0.3\/svg\/1f4e7.svg\" alt=\"\ud83d\udce7\" \/><\/span><\/span>: <a href=\"mailto:gavle@alliancefr.se\">gavle@alliancefr.se<\/a> eller via v\u00e5ra sociala medier. Du kan ocks\u00e5 fylla i formul\u00e4ret nedan f\u00f6r att bidra med dina tankar eller \u00e5sikter.<\/p>\t\t\t\t\t\t\t\t<\/div>\n\t\t\t\t<\/div>\n\t\t\t\t\t<\/div>\n\t\t\t\t<\/div>\n\t\t<div class=\"elementor-element elementor-element-ad745bb e-grid e-con-boxed e-con e-parent\" data-id=\"ad745bb\" data-element_type=\"container\">\n\t\t\t\t\t<div class=\"e-con-inner\">\n\t\t\t\t<div class=\"elementor-element elementor-element-5552f67 elementor-widget elementor-widget-image\" data-id=\"5552f67\" data-element_type=\"widget\" data-widget_type=\"image.default\">\n\t\t\t\t<div class=\"elementor-widget-container\">\n\t\t\t\t\t\t\t\t\t\t\t\t\t\t\t<img fetchpriority=\"high\" decoding=\"async\" width=\"300\" height=\"300\" src=\"https:\/\/alliancefr.se\/gavle\/wp-content\/uploads\/sites\/18\/2026\/02\/Contact_couleur-ok-300x300.png\" class=\"attachment-medium size-medium wp-image-17211\" alt=\"\" \/>\t\t\t\t\t\t\t\t\t\t\t\t\t\t\t<\/div>\n\t\t\t\t<\/div>\n\t\t\t\t\t<\/div>\n\t\t\t\t<\/div>\n\t\t<div class=\"elementor-element elementor-element-11d0c8f e-flex e-con-boxed e-con e-parent\" data-id=\"11d0c8f\" data-element_type=\"container\">\n\t\t\t\t\t<div class=\"e-con-inner\">\n\t\t\t\t<div class=\"elementor-element elementor-element-6b7d786 elementor-widget elementor-widget-shortcode\" data-id=\"6b7d786\" data-element_type=\"widget\" data-widget_type=\"shortcode.default\">\n\t\t\t\t<div class=\"elementor-widget-container\">\n\t\t\t\t\t\t\t<div class=\"elementor-shortcode\"><div style=\"display:none\" class=\"fm-form-container fm-theme1\"><div id=\"fm-pages9\" class=\"fm-pages wdform_page_navigation \" show_title=\"\" show_numbers=\"1\" type=\"none\"><\/div><form name=\"form9\" action=\"\/gavle\/wp-json\/wp\/v2\/pages\/109\" method=\"post\" id=\"form9\" class=\"fm-form form9  \" enctype=\"multipart\/form-data\"><input type=\"hidden\" id=\"fm_page_id9\" value=\"109\" name=\"fm_page_id9\" \/><input type=\"hidden\" id=\"fm_current_post_type9\" value=\"page\" name=\"fm_current_post_type9\" \/><input type=\"hidden\" id=\"counter9\" value=\"6\" name=\"counter9\" \/><input type=\"hidden\" id=\"Itemid9\" value=\"\" name=\"Itemid9\" \/><input type=\"hidden\" id=\"fm_shake9\" value=\"1\" name=\"fm_shake9\" \/><input type=\"text\" class=\"fm-hide\" id=\"fm_empty_field_validation9\" value=\"\" name=\"fm_empty_field_validation9\" data-value=\"bd736efb144d599cf463541431fbf5c4\" \/><div class=\"wdform-page-and-images fm-form-builder\"><div id=\"9form_view1\" class=\"wdform_page\" page_title=\"Untitled page\" next_title=\"Next\" next_type=\"text\" next_class=\"wdform-page-button\" next_checkable=\"true\" previous_title=\"Previous\" previous_type=\"text\" previous_class=\"wdform-page-button\" previous_checkable=\"false\"><div class=\"wdform_section\"><div class=\"wdform_column\"><div wdid=\"2\" class=\"wdform_row\"><div type=\"type_name\" class=\"wdform-field wd-width-100 wd-flex wd-flex-column fm-type_name\" ><div class=\"wdform-label-section wd-width-100  wd-flex-row\">    <label  for=\"wdform_2_element_first9\" class=\"wdform-label\">F\u00f6rnamn och Namn<\/label><span class=\"wdform-required\">*<\/span><\/div><div class=\"wdform-element-section wd-flex  wd-flex-row wd-width-100\" ><div class=\"wd-flex wd-flex-column wd-width-50\"><input type=\"text\" class=\"wd-width-100\" id=\"wdform_2_element_first9\" name=\"wdform_2_element_first9\" data-value=\"\" value=\"\" title=\"\" placeholder=\"\"  \/><label class=\"mini_label\" for=\"wdform_2_element_first9\">F\u00f6rnamn<\/label><\/div><div class=\"wd-flex wd-flex-column wd-name-separator\"><\/div><div class=\"wd-flex wd-flex-column wd-width-50\"><input type=\"text\" class=\"wd-width-100\" id=\"wdform_2_element_last9\" name=\"wdform_2_element_last9\" data-value=\"\" value=\"\" title=\"\" placeholder=\"\"  \/><label class=\"mini_label\" for=\"wdform_2_element_last9\">Namn<\/label><\/div><\/div><\/div><\/div><\/div><div class=\"wdform_column\"><div wdid=\"5\" class=\"wdform_row\" style=\"position: relative; left: 0px; top: 0px;\"><div type=\"type_submitter_mail\" class=\"wdform-field wd-width-100 wd-flex wd-flex-column fm-type_submitter_mail\" ><div class=\"wdform-label-section wd-width-100  wd-flex-row\">    <label  for=\"wdform_5_element9\" class=\"wdform-label\">E-post<\/label><span class=\"wdform-required\">*<\/span><\/div><div class=\"wdform-element-section wd-flex  wd-flex-row wd-width-100\" ><input type=\"text\" class=\"wd-width-100\" id=\"wdform_5_element9\" name=\"wdform_5_element9\" data-value=\"\" value=\"\" title=\"\" placeholder=\"\"   onchange=\"wd_check_email('5', '9', 'Ceci n\\'est pas une adresse e-mail valide')\" \/><\/div><\/div><\/div><\/div><div class=\"wdform_column\"><div wdid=\"3\" class=\"wdform_row\"><div type=\"type_text\" class=\"wdform-field wd-width-100 wd-flex wd-flex-column fm-type_text\" ><div class=\"wdform-label-section wd-width-100  wd-flex-row wd-align-items-center\">    <label  for=\"wdform_3_element9\" class=\"wdform-label\">\u00c4mne<\/label><span class=\"wdform-required\">*<\/span><\/div><div class=\"wdform-element-section wd-flex  wd-flex-row wd-align-items-center wd-width-100\" ><input type=\"text\"                           class=\"wd-width-100\"                           id=\"wdform_3_element9\"                           name=\"wdform_3_element9\"                           value=\"\"                           data-value=\"\"                           title=\"\"                           placeholder=\"\"                                                       \/><\/div><\/div><\/div><\/div><div class=\"wdform_column\"><div wdid=\"4\" class=\"wdform_row\"><div type=\"type_textarea\" class=\"wdform-field wd-width-100 wd-flex wd-flex-column fm-type_textarea\" ><div class=\"wdform-label-section wd-width-100 \">    <label  for=\"wdform_4_element9\" class=\"wdform-label\">Meddelandet<\/label><span class=\"wdform-required\">*<\/span><\/div><div class=\"wdform-element-section wd-flex  wd-width-100\" ><textarea class=\"wd-width-100\"                      id=\"wdform_4_element9\"                      name=\"wdform_4_element9\"                      placeholder=\"\"                      data-value=\"\"                      maxlength=\"\"                      style=\"height: 100px;\"                      ><\/textarea><\/div><\/div><\/div><\/div><div class=\"wdform_column\"><div wdid=\"1\" class=\"wdform_row\"><div type=\"type_submit_reset\" class=\"wdform-field wd-width-100 wd-flex wd-flex-column fm-type_submit_reset\" ><div class=\"wdform-element-section wd-flex  wd-flex-row wd-justify-content-left wd-width-100\" ><button  type=\"button\" class=\"button-submit\" onclick=\"fm_submit_form('9');\"  data-ajax=\"0\"><span class=\"fm-submit-loading spinner fm-ico-spinner\"><\/span>Skicka !<\/button><button  type=\"button\" class=\"button-reset wd-hidden\" onclick=\"fm_reset_form(9);\" >Reset<\/button><\/div><\/div><\/div><\/div><\/div><div valign=\"top\" class=\"wdform_footer wd-width-100\"><div class=\"wd-width-100\"><div class=\"wd-width-100 wd-table\" style=\"padding-top:10px;\"><div class=\"wd-table-group\"><div id=\"9page_nav1\" class=\"wd-table-row\"><\/div><\/div><\/div><\/div><\/div><\/div><\/div><div class=\"wdform_preload\"><\/div><input type=\"hidden\" name=\"fm-current-page\" value=\"https:\/\/alliancefr.se\/gavle\/wp-json\/wp\/v2\/pages\/109\" \/><\/form><\/div><\/div>\n\t\t\t\t\t\t<\/div>\n\t\t\t\t<\/div>\n\t\t\t\t\t<\/div>\n\t\t\t\t<\/div>\n\t\t\t\t<\/div>\n\t\t","protected":false},"excerpt":{"rendered":"<p>Om du har n\u00e5gra fr\u00e5gor, v\u00e4nligen kontakta Alliance Fran\u00e7aise de G\u00e4vle via e-postadressen : gavle@alliancefr.se eller via v\u00e5ra sociala medier. Du kan ocks\u00e5 fylla i formul\u00e4ret nedan f\u00f6r att bidra med dina tankar eller \u00e5sikter.<\/p>\n","protected":false},"author":1,"featured_media":0,"parent":0,"menu_order":0,"comment_status":"closed","ping_status":"closed","template":"","meta":{"om_disable_all_campaigns":false,"_monsterinsights_skip_tracking":false,"_monsterinsights_sitenote_active":false,"_monsterinsights_sitenote_note":"","_monsterinsights_sitenote_category":0,"_uf_show_specific_survey":0,"_uf_disable_surveys":false,"footnotes":""},"class_list":["post-109","page","type-page","status-publish","hentry"],"aioseo_notices":[],"rttpg_featured_image_url":null,"rttpg_author":{"display_name":"Super.admin","author_link":"https:\/\/alliancefr.se\/gavle\/author\/admin2174\/"},"rttpg_comment":0,"rttpg_category":" <a href=\"https:\/\/alliancefr.se\/gavle\/sv\/\" rel=\"tag\">Svenska<\/a>","rttpg_excerpt":"Om du har n\u00e5gra fr\u00e5gor, v\u00e4nligen kontakta Alliance Fran\u00e7aise de G\u00e4vle via e-postadressen : gavle@alliancefr.se eller via v\u00e5ra sociala medier. Du kan ocks\u00e5 fylla i formul\u00e4ret nedan f\u00f6r att bidra med dina tankar eller \u00e5sikter.","_links":{"self":[{"href":"https:\/\/alliancefr.se\/gavle\/wp-json\/wp\/v2\/pages\/109","targetHints":{"allow":["GET"]}}],"collection":[{"href":"https:\/\/alliancefr.se\/gavle\/wp-json\/wp\/v2\/pages"}],"about":[{"href":"https:\/\/alliancefr.se\/gavle\/wp-json\/wp\/v2\/types\/page"}],"author":[{"embeddable":true,"href":"https:\/\/alliancefr.se\/gavle\/wp-json\/wp\/v2\/users\/1"}],"replies":[{"embeddable":true,"href":"https:\/\/alliancefr.se\/gavle\/wp-json\/wp\/v2\/comments?post=109"}],"version-history":[{"count":24,"href":"https:\/\/alliancefr.se\/gavle\/wp-json\/wp\/v2\/pages\/109\/revisions"}],"predecessor-version":[{"id":17220,"href":"https:\/\/alliancefr.se\/gavle\/wp-json\/wp\/v2\/pages\/109\/revisions\/17220"}],"wp:attachment":[{"href":"https:\/\/alliancefr.se\/gavle\/wp-json\/wp\/v2\/media?parent=109"}],"curies":[{"name":"wp","href":"https:\/\/api.w.org\/{rel}","templated":true}]}}