{"id":100,"date":"2015-04-22T10:31:31","date_gmt":"2015-04-22T09:31:31","guid":{"rendered":"https:\/\/alliancefr.se\/gavle\/om-oss\/"},"modified":"2026-03-11T12:35:05","modified_gmt":"2026-03-11T11:35:05","slug":"om-oss","status":"publish","type":"page","link":"https:\/\/alliancefr.se\/gavle\/sv\/om-oss\/","title":{"rendered":"Om oss"},"content":{"rendered":"\t\t<div data-elementor-type=\"wp-post\" data-elementor-id=\"100\" class=\"elementor elementor-100\">\n\t\t\t\t<div class=\"elementor-element elementor-element-59f3e2a9 e-flex e-con-boxed e-con e-parent\" data-id=\"59f3e2a9\" data-element_type=\"container\">\n\t\t\t\t\t<div class=\"e-con-inner\">\n\t\t\t\t<div class=\"elementor-element elementor-element-61289d22 elementor-widget elementor-widget-text-editor\" data-id=\"61289d22\" data-element_type=\"widget\" data-widget_type=\"text-editor.default\">\n\t\t\t\t<div class=\"elementor-widget-container\">\n\t\t\t\t\t\t\t\t\t<p><img fetchpriority=\"high\" decoding=\"async\" src=\"https:\/\/alliancefr.se\/orebro\/wp-content\/uploads\/sites\/5\/2023\/10\/arton8394.png\" alt=\"\" width=\"810\" height=\"364\" \/><\/p><h3><strong>\u00a0<\/strong><\/h3>\t\t\t\t\t\t\t\t<\/div>\n\t\t\t\t<\/div>\n\t\t\t\t\t<\/div>\n\t\t\t\t<\/div>\n\t\t<div class=\"elementor-element elementor-element-ca73abf e-grid e-con-boxed e-con e-parent\" data-id=\"ca73abf\" data-element_type=\"container\">\n\t\t\t\t\t<div class=\"e-con-inner\">\n\t\t\t\t<div class=\"elementor-element elementor-element-9f889b0 elementor-widget elementor-widget-spacer\" data-id=\"9f889b0\" data-element_type=\"widget\" data-widget_type=\"spacer.default\">\n\t\t\t\t<div class=\"elementor-widget-container\">\n\t\t\t\t\t\t\t<div class=\"elementor-spacer\">\n\t\t\t<div class=\"elementor-spacer-inner\"><\/div>\n\t\t<\/div>\n\t\t\t\t\t\t<\/div>\n\t\t\t\t<\/div>\n\t\t\t\t\t<\/div>\n\t\t\t\t<\/div>\n\t\t<div class=\"elementor-element elementor-element-f2ff09b e-grid e-con-boxed e-con e-parent\" data-id=\"f2ff09b\" data-element_type=\"container\">\n\t\t\t\t\t<div class=\"e-con-inner\">\n\t\t\t\t<div class=\"elementor-element elementor-element-e521495 elementor-widget elementor-widget-heading\" data-id=\"e521495\" data-element_type=\"widget\" data-widget_type=\"heading.default\">\n\t\t\t\t<div class=\"elementor-widget-container\">\n\t\t\t\t\t<h2 class=\"elementor-heading-title elementor-size-default\"><strong>Alliance Fran\u00e7aise i v\u00e4rlden<\/strong><\/h2>\t\t\t\t<\/div>\n\t\t\t\t<\/div>\n\t\t\t\t\t<\/div>\n\t\t\t\t<\/div>\n\t\t<div class=\"elementor-element elementor-element-f840f0c e-grid e-con-boxed e-con e-parent\" data-id=\"f840f0c\" data-element_type=\"container\">\n\t\t\t\t\t<div class=\"e-con-inner\">\n\t\t\t\t<div class=\"elementor-element elementor-element-76b8bab elementor-widget elementor-widget-text-editor\" data-id=\"76b8bab\" data-element_type=\"widget\" data-widget_type=\"text-editor.default\">\n\t\t\t\t<div class=\"elementor-widget-container\">\n\t\t\t\t\t\t\t\t\t<p>Alliance Fran\u00e7aise \u00e4r en v\u00e4rldsomfattande f\u00f6rening som grundades i Paris 1883. F\u00f6reningen, som \u00e4r helt fri fr\u00e5n politisk eller religi\u00f6s anknytning, har till syfte att fr\u00e4mja intresset f\u00f6r franska spr\u00e5ket och de fransktalande l\u00e4ndernas kultur.<\/p><p>Den utg\u00f6r i varje land en naturlig samlingspunkt f\u00f6r v\u00e4nner till Frankrike och \u00f6vriga fransktalande l\u00e4nder runt om i v\u00e4rlden.<\/p><p><b>Alliance Fran\u00e7aise de G\u00e4vle skapades den 23 april 2024<\/b>. Du beh\u00f6ver inte tala perfekt <strong>franska<\/strong> \ud83c\uddeb\ud83c\uddf7 f\u00f6r att delta. Alla intresserade \u00e4r v\u00e4lkomna!<\/p>\t\t\t\t\t\t\t\t<\/div>\n\t\t\t\t<\/div>\n\t\t\t\t\t<\/div>\n\t\t\t\t<\/div>\n\t\t<div class=\"elementor-element elementor-element-029942b e-grid e-con-boxed e-con e-parent\" data-id=\"029942b\" data-element_type=\"container\">\n\t\t\t\t\t<div class=\"e-con-inner\">\n\t\t\t\t<div class=\"elementor-element elementor-element-4c59ad9 elementor-widget elementor-widget-spacer\" data-id=\"4c59ad9\" data-element_type=\"widget\" data-widget_type=\"spacer.default\">\n\t\t\t\t<div class=\"elementor-widget-container\">\n\t\t\t\t\t\t\t<div class=\"elementor-spacer\">\n\t\t\t<div class=\"elementor-spacer-inner\"><\/div>\n\t\t<\/div>\n\t\t\t\t\t\t<\/div>\n\t\t\t\t<\/div>\n\t\t\t\t\t<\/div>\n\t\t\t\t<\/div>\n\t\t<div class=\"elementor-element elementor-element-dba855d e-grid e-con-boxed e-con e-parent\" data-id=\"dba855d\" data-element_type=\"container\">\n\t\t\t\t\t<div class=\"e-con-inner\">\n\t\t\t\t<div class=\"elementor-element elementor-element-58c858a elementor-widget elementor-widget-image\" data-id=\"58c858a\" data-element_type=\"widget\" data-widget_type=\"image.default\">\n\t\t\t\t<div class=\"elementor-widget-container\">\n\t\t\t\t\t\t\t\t\t\t\t\t\t\t\t<img decoding=\"async\" width=\"960\" height=\"368\" src=\"https:\/\/alliancefr.se\/gavle\/wp-content\/uploads\/sites\/18\/2024\/05\/cropped-Bild_hemsida-AF-G-scaled-1-1024x393.jpg\" class=\"attachment-large size-large wp-image-12072\" alt=\"\" \/>\t\t\t\t\t\t\t\t\t\t\t\t\t\t\t<\/div>\n\t\t\t\t<\/div>\n\t\t\t\t\t<\/div>\n\t\t\t\t<\/div>\n\t\t<div class=\"elementor-element elementor-element-b9bce9a e-grid e-con-boxed e-con e-parent\" data-id=\"b9bce9a\" data-element_type=\"container\">\n\t\t\t\t\t<div class=\"e-con-inner\">\n\t\t\t\t<div class=\"elementor-element elementor-element-a3534ae elementor-widget elementor-widget-spacer\" data-id=\"a3534ae\" data-element_type=\"widget\" data-widget_type=\"spacer.default\">\n\t\t\t\t<div class=\"elementor-widget-container\">\n\t\t\t\t\t\t\t<div class=\"elementor-spacer\">\n\t\t\t<div class=\"elementor-spacer-inner\"><\/div>\n\t\t<\/div>\n\t\t\t\t\t\t<\/div>\n\t\t\t\t<\/div>\n\t\t\t\t\t<\/div>\n\t\t\t\t<\/div>\n\t\t<div class=\"elementor-element elementor-element-9cf2281 e-grid e-con-boxed e-con e-parent\" data-id=\"9cf2281\" data-element_type=\"container\">\n\t\t\t\t\t<div class=\"e-con-inner\">\n\t\t\t\t<div class=\"elementor-element elementor-element-6b8ed45 elementor-widget elementor-widget-heading\" data-id=\"6b8ed45\" data-element_type=\"widget\" data-widget_type=\"heading.default\">\n\t\t\t\t<div class=\"elementor-widget-container\">\n\t\t\t\t\t<h2 class=\"elementor-heading-title elementor-size-default\">Alliance Fran\u00e7aise i G\u00e4vle,\nen kulturf\u00f6rening<\/h2>\t\t\t\t<\/div>\n\t\t\t\t<\/div>\n\t\t\t\t\t<\/div>\n\t\t\t\t<\/div>\n\t\t<div class=\"elementor-element elementor-element-e261b38 e-grid e-con-boxed e-con e-parent\" data-id=\"e261b38\" data-element_type=\"container\">\n\t\t\t\t\t<div class=\"e-con-inner\">\n\t\t\t\t<div class=\"elementor-element elementor-element-9bd936f elementor-widget elementor-widget-text-editor\" data-id=\"9bd936f\" data-element_type=\"widget\" data-widget_type=\"text-editor.default\">\n\t\t\t\t<div class=\"elementor-widget-container\">\n\t\t\t\t\t\t\t\t\t<p>F\u00f6reningen (<a href=\"http:\/\/alliancefr.se\/gavle\/wp-content\/uploads\/sites\/18\/2024\/08\/Organisationsnummer.pdf\">organisationsnummer: 802547-5719<\/a>) erbjuder <span class=\"pg-1fc1\"><span class=\"pg-1fc0\">olika typer av <\/span><\/span>aktiviteter p\u00e5 <strong>franska<\/strong> \ud83c\uddeb\ud83c\uddf7 och ibland p\u00e5 <strong>svenska<\/strong> \ud83c\uddf8\ud83c\uddea.<\/p><p>Hur f\u00e5r du information om programmet i Alliance Fran\u00e7aise?<\/p><p>Program med terminens aktiviteter s\u00e4nds per e-post till medlemmarna. <strong>F\u00f6r att bli medlem och ansluta dig till oss,<\/strong> <a href=\"https:\/\/alliancefr.se\/gavle\/sv\/bli-medlem-2\/\"><strong>v\u00e4nligen registrera dig h\u00e4r.<\/strong><\/a><\/p><p>F\u00f6reningen annonserar \u00e4ven p\u00e5 hemsidan samt i sociala medier (<a href=\"https:\/\/www.facebook.com\/AllianceFrancaiseGavle\">Facebook<\/a>, <a href=\"https:\/\/www.instagram.com\/alliance_francaise_gavle\/\">Instagram<\/a> och <a href=\"https:\/\/www.linkedin.com\/company\/alliancefrancaisegavle\/about\/\" target=\"_blank\" rel=\"noopener\">LinkedIn<\/a>).<\/p>\t\t\t\t\t\t\t\t<\/div>\n\t\t\t\t<\/div>\n\t\t\t\t\t<\/div>\n\t\t\t\t<\/div>\n\t\t<div class=\"elementor-element elementor-element-9e97b2c e-grid e-con-boxed e-con e-parent\" data-id=\"9e97b2c\" data-element_type=\"container\">\n\t\t\t\t\t<div class=\"e-con-inner\">\n\t\t\t\t<div class=\"elementor-element elementor-element-a3209cb elementor-widget elementor-widget-spacer\" data-id=\"a3209cb\" data-element_type=\"widget\" data-widget_type=\"spacer.default\">\n\t\t\t\t<div class=\"elementor-widget-container\">\n\t\t\t\t\t\t\t<div class=\"elementor-spacer\">\n\t\t\t<div class=\"elementor-spacer-inner\"><\/div>\n\t\t<\/div>\n\t\t\t\t\t\t<\/div>\n\t\t\t\t<\/div>\n\t\t\t\t\t<\/div>\n\t\t\t\t<\/div>\n\t\t<div class=\"elementor-element elementor-element-145e4b4 e-grid e-con-boxed e-con e-parent\" data-id=\"145e4b4\" data-element_type=\"container\">\n\t\t\t\t\t<div class=\"e-con-inner\">\n\t\t\t\t<div class=\"elementor-element elementor-element-c905785 elementor-widget elementor-widget-heading\" data-id=\"c905785\" data-element_type=\"widget\" data-widget_type=\"heading.default\">\n\t\t\t\t<div class=\"elementor-widget-container\">\n\t\t\t\t\t<h2 class=\"elementor-heading-title elementor-size-default\">Styrelsen 2026<\/h2>\t\t\t\t<\/div>\n\t\t\t\t<\/div>\n\t\t\t\t\t<\/div>\n\t\t\t\t<\/div>\n\t\t<div class=\"elementor-element elementor-element-b737e07 e-flex e-con-boxed e-con e-parent\" data-id=\"b737e07\" data-element_type=\"container\">\n\t\t\t\t\t<div class=\"e-con-inner\">\n\t\t\t\t<div class=\"elementor-element elementor-element-9a0a172 elementor-widget elementor-widget-text-editor\" data-id=\"9a0a172\" data-element_type=\"widget\" data-widget_type=\"text-editor.default\">\n\t\t\t\t<div class=\"elementor-widget-container\">\n\t\t\t\t\t\t\t\t\t<p><a href=\"https:\/\/alliancefr.se\/gavle\/sv\/kontakt-2\/\">Kontakta<\/a> Alliance Fran\u00e7aise de G\u00e4vle p\u00e5 denna adress:\u00a0<a href=\"mailto:gavle@alliancefr.se\">gavle@alliancefr.se<\/a><\/p>\t\t\t\t\t\t\t\t<\/div>\n\t\t\t\t<\/div>\n\t\t\t\t\t<\/div>\n\t\t\t\t<\/div>\n\t\t<div class=\"elementor-element elementor-element-a977be7 e-grid e-con-boxed e-con e-parent\" data-id=\"a977be7\" data-element_type=\"container\">\n\t\t\t\t\t<div class=\"e-con-inner\">\n\t\t\t\t<div class=\"elementor-element elementor-element-4f40b17 elementor-widget elementor-widget-image\" data-id=\"4f40b17\" data-element_type=\"widget\" data-widget_type=\"image.default\">\n\t\t\t\t<div class=\"elementor-widget-container\">\n\t\t\t\t\t\t\t\t\t\t\t\t\t\t\t<img decoding=\"async\" width=\"300\" height=\"300\" src=\"https:\/\/alliancefr.se\/gavle\/wp-content\/uploads\/sites\/18\/2024\/05\/Frederic_kv-300x300.jpg\" class=\"attachment-medium size-medium wp-image-12189\" alt=\"\" \/>\t\t\t\t\t\t\t\t\t\t\t\t\t\t\t<\/div>\n\t\t\t\t<\/div>\n\t\t\t\t<div class=\"elementor-element elementor-element-351631a elementor-widget elementor-widget-image\" data-id=\"351631a\" data-element_type=\"widget\" data-widget_type=\"image.default\">\n\t\t\t\t<div class=\"elementor-widget-container\">\n\t\t\t\t\t\t\t\t\t\t\t\t\t\t\t<img loading=\"lazy\" decoding=\"async\" width=\"300\" height=\"300\" src=\"https:\/\/alliancefr.se\/gavle\/wp-content\/uploads\/sites\/18\/2024\/05\/Tinne_kv-300x300.jpg\" class=\"attachment-medium size-medium wp-image-12192\" alt=\"\" \/>\t\t\t\t\t\t\t\t\t\t\t\t\t\t\t<\/div>\n\t\t\t\t<\/div>\n\t\t\t\t<div class=\"elementor-element elementor-element-88058fe elementor-widget elementor-widget-image\" data-id=\"88058fe\" data-element_type=\"widget\" data-widget_type=\"image.default\">\n\t\t\t\t<div class=\"elementor-widget-container\">\n\t\t\t\t\t\t\t\t\t\t\t\t\t\t\t<img loading=\"lazy\" decoding=\"async\" width=\"300\" height=\"300\" src=\"https:\/\/alliancefr.se\/gavle\/wp-content\/uploads\/sites\/18\/2024\/05\/Raphael_kv-300x300.jpg\" class=\"attachment-medium size-medium wp-image-12190\" alt=\"\" \/>\t\t\t\t\t\t\t\t\t\t\t\t\t\t\t<\/div>\n\t\t\t\t<\/div>\n\t\t\t\t<div class=\"elementor-element elementor-element-8e26b39 elementor-widget elementor-widget-text-editor\" data-id=\"8e26b39\" data-element_type=\"widget\" data-widget_type=\"text-editor.default\">\n\t\t\t\t<div class=\"elementor-widget-container\">\n\t\t\t\t\t\t\t\t\t<p><strong><br \/>Fr\u00e9d\u00e9ric Thiabaud<br \/><\/strong>Ordf\u00f6rande\u00a0<\/p>\t\t\t\t\t\t\t\t<\/div>\n\t\t\t\t<\/div>\n\t\t\t\t<div class=\"elementor-element elementor-element-2d4754d elementor-widget elementor-widget-text-editor\" data-id=\"2d4754d\" data-element_type=\"widget\" data-widget_type=\"text-editor.default\">\n\t\t\t\t<div class=\"elementor-widget-container\">\n\t\t\t\t\t\t\t\t\t<p><strong><br \/>Tinne Wennerholm<br \/><\/strong>Vice ordf\u00f6rande<\/p>\t\t\t\t\t\t\t\t<\/div>\n\t\t\t\t<\/div>\n\t\t\t\t<div class=\"elementor-element elementor-element-ab0f381 elementor-widget elementor-widget-text-editor\" data-id=\"ab0f381\" data-element_type=\"widget\" data-widget_type=\"text-editor.default\">\n\t\t\t\t<div class=\"elementor-widget-container\">\n\t\t\t\t\t\t\t\t\t<p><b>Rapha\u00ebl Rwambonera Ntabwoba<br><\/b>Kass\u00f6r<\/p>\t\t\t\t\t\t\t\t<\/div>\n\t\t\t\t<\/div>\n\t\t\t\t\t<\/div>\n\t\t\t\t<\/div>\n\t\t<div class=\"elementor-element elementor-element-703aff4 e-grid e-con-boxed e-con e-parent\" data-id=\"703aff4\" data-element_type=\"container\">\n\t\t\t\t\t<div class=\"e-con-inner\">\n\t\t\t\t<div class=\"elementor-element elementor-element-76c2664 elementor-widget elementor-widget-image\" data-id=\"76c2664\" data-element_type=\"widget\" data-widget_type=\"image.default\">\n\t\t\t\t<div class=\"elementor-widget-container\">\n\t\t\t\t\t\t\t\t\t\t\t\t\t\t\t<img loading=\"lazy\" decoding=\"async\" width=\"300\" height=\"300\" src=\"https:\/\/alliancefr.se\/gavle\/wp-content\/uploads\/sites\/18\/2025\/04\/Magali-Alvarez-300x300.jpeg\" class=\"attachment-medium size-medium wp-image-15415\" alt=\"\" \/>\t\t\t\t\t\t\t\t\t\t\t\t\t\t\t<\/div>\n\t\t\t\t<\/div>\n\t\t\t\t<div class=\"elementor-element elementor-element-b22a712 elementor-widget elementor-widget-image\" data-id=\"b22a712\" data-element_type=\"widget\" data-widget_type=\"image.default\">\n\t\t\t\t<div class=\"elementor-widget-container\">\n\t\t\t\t\t\t\t\t\t\t\t\t\t\t\t<img loading=\"lazy\" decoding=\"async\" width=\"300\" height=\"300\" src=\"https:\/\/alliancefr.se\/gavle\/wp-content\/uploads\/sites\/18\/2025\/05\/Simeon-Oxley-kv-300x300.jpeg\" class=\"attachment-medium size-medium wp-image-15607\" alt=\"\" \/>\t\t\t\t\t\t\t\t\t\t\t\t\t\t\t<\/div>\n\t\t\t\t<\/div>\n\t\t\t\t<div class=\"elementor-element elementor-element-554852a elementor-widget elementor-widget-image\" data-id=\"554852a\" data-element_type=\"widget\" data-widget_type=\"image.default\">\n\t\t\t\t<div class=\"elementor-widget-container\">\n\t\t\t\t\t\t\t\t\t\t\t\t\t\t\t<img loading=\"lazy\" decoding=\"async\" width=\"300\" height=\"300\" src=\"https:\/\/alliancefr.se\/gavle\/wp-content\/uploads\/sites\/18\/2026\/03\/Anette_kv-300x300.jpg\" class=\"attachment-medium size-medium wp-image-17439\" alt=\"\" \/>\t\t\t\t\t\t\t\t\t\t\t\t\t\t\t<\/div>\n\t\t\t\t<\/div>\n\t\t\t\t<div class=\"elementor-element elementor-element-c2af248 elementor-widget elementor-widget-text-editor\" data-id=\"c2af248\" data-element_type=\"widget\" data-widget_type=\"text-editor.default\">\n\t\t\t\t<div class=\"elementor-widget-container\">\n\t\t\t\t\t\t\t\t\t<p><strong><br \/>Magali Alvarez<br \/><\/strong>Sekreterare<\/p>\t\t\t\t\t\t\t\t<\/div>\n\t\t\t\t<\/div>\n\t\t\t\t<div class=\"elementor-element elementor-element-c06867d elementor-widget elementor-widget-text-editor\" data-id=\"c06867d\" data-element_type=\"widget\" data-widget_type=\"text-editor.default\">\n\t\t\t\t<div class=\"elementor-widget-container\">\n\t\t\t\t\t\t\t\t\t<p><br \/><strong>Simeon Oxley<\/strong><\/p>\t\t\t\t\t\t\t\t<\/div>\n\t\t\t\t<\/div>\n\t\t\t\t<div class=\"elementor-element elementor-element-e5ddc27 elementor-widget elementor-widget-text-editor\" data-id=\"e5ddc27\" data-element_type=\"widget\" data-widget_type=\"text-editor.default\">\n\t\t\t\t<div class=\"elementor-widget-container\">\n\t\t\t\t\t\t\t\t\t<p><br \/><strong>Anette Langeron<br \/><\/strong>Suppleant<\/p>\t\t\t\t\t\t\t\t<\/div>\n\t\t\t\t<\/div>\n\t\t\t\t\t<\/div>\n\t\t\t\t<\/div>\n\t\t\t\t<\/div>\n\t\t","protected":false},"excerpt":{"rendered":"<p>\u00a0 Alliance Fran\u00e7aise i v\u00e4rlden Alliance Fran\u00e7aise \u00e4r en v\u00e4rldsomfattande f\u00f6rening som grundades i Paris 1883. F\u00f6reningen, som \u00e4r helt fri fr\u00e5n politisk eller religi\u00f6s anknytning, har till syfte att fr\u00e4mja intresset f\u00f6r franska spr\u00e5ket och de fransktalande l\u00e4ndernas kultur. Den utg\u00f6r i varje land en naturlig samlingspunkt f\u00f6r v\u00e4nner till Frankrike och \u00f6vriga fransktalande l\u00e4nder runt om i v\u00e4rlden. Alliance Fran\u00e7aise de G\u00e4vle skapades den 23 april 2024. Du beh\u00f6ver inte tala perfekt franska \ud83c\uddeb\ud83c\uddf7 f\u00f6r att delta. Alla intresserade \u00e4r v\u00e4lkomna! Alliance Fran\u00e7aise i G\u00e4vle, en kulturf\u00f6rening F\u00f6reningen (organisationsnummer: 802547-5719) erbjuder olika typer av aktiviteter p\u00e5 franska \ud83c\uddeb\ud83c\uddf7 och ibland p\u00e5 svenska \ud83c\uddf8\ud83c\uddea. Hur f\u00e5r du information om programmet i Alliance Fran\u00e7aise? Program med terminens aktiviteter s\u00e4nds per e-post till medlemmarna. F\u00f6r att bli medlem och ansluta dig till oss, v\u00e4nligen registrera dig h\u00e4r. F\u00f6reningen annonserar \u00e4ven p\u00e5 hemsidan samt i sociala medier (Facebook, Instagram och LinkedIn). Styrelsen 2026 Kontakta Alliance Fran\u00e7aise de G\u00e4vle p\u00e5 denna adress:\u00a0gavle@alliancefr.se Fr\u00e9d\u00e9ric ThiabaudOrdf\u00f6rande\u00a0 Tinne WennerholmVice ordf\u00f6rande Rapha\u00ebl Rwambonera NtabwobaKass\u00f6r Magali AlvarezSekreterare Simeon Oxley Anette LangeronSuppleant<\/p>\n","protected":false},"author":1,"featured_media":0,"parent":0,"menu_order":0,"comment_status":"closed","ping_status":"open","template":"","meta":{"om_disable_all_campaigns":false,"_monsterinsights_skip_tracking":false,"_monsterinsights_sitenote_active":false,"_monsterinsights_sitenote_note":"","_monsterinsights_sitenote_category":0,"_uf_show_specific_survey":0,"_uf_disable_surveys":false,"footnotes":""},"class_list":["post-100","page","type-page","status-publish","hentry"],"aioseo_notices":[],"rttpg_featured_image_url":null,"rttpg_author":{"display_name":"Super.admin","author_link":"https:\/\/alliancefr.se\/gavle\/author\/admin2174\/"},"rttpg_comment":0,"rttpg_category":" <a href=\"https:\/\/alliancefr.se\/gavle\/sv\/\" rel=\"tag\">Svenska<\/a>","rttpg_excerpt":"\u00a0 Alliance Fran\u00e7aise i v\u00e4rlden Alliance Fran\u00e7aise \u00e4r en v\u00e4rldsomfattande f\u00f6rening som grundades i Paris 1883. F\u00f6reningen, som \u00e4r helt fri fr\u00e5n politisk eller religi\u00f6s anknytning, har till syfte att fr\u00e4mja intresset f\u00f6r franska spr\u00e5ket och de fransktalande l\u00e4ndernas kultur. Den utg\u00f6r i varje land en naturlig samlingspunkt f\u00f6r v\u00e4nner till Frankrike och \u00f6vriga fransktalande\u2026","_links":{"self":[{"href":"https:\/\/alliancefr.se\/gavle\/wp-json\/wp\/v2\/pages\/100","targetHints":{"allow":["GET"]}}],"collection":[{"href":"https:\/\/alliancefr.se\/gavle\/wp-json\/wp\/v2\/pages"}],"about":[{"href":"https:\/\/alliancefr.se\/gavle\/wp-json\/wp\/v2\/types\/page"}],"author":[{"embeddable":true,"href":"https:\/\/alliancefr.se\/gavle\/wp-json\/wp\/v2\/users\/1"}],"replies":[{"embeddable":true,"href":"https:\/\/alliancefr.se\/gavle\/wp-json\/wp\/v2\/comments?post=100"}],"version-history":[{"count":113,"href":"https:\/\/alliancefr.se\/gavle\/wp-json\/wp\/v2\/pages\/100\/revisions"}],"predecessor-version":[{"id":17445,"href":"https:\/\/alliancefr.se\/gavle\/wp-json\/wp\/v2\/pages\/100\/revisions\/17445"}],"wp:attachment":[{"href":"https:\/\/alliancefr.se\/gavle\/wp-json\/wp\/v2\/media?parent=100"}],"curies":[{"name":"wp","href":"https:\/\/api.w.org\/{rel}","templated":true}]}}