{"id":976,"date":"2025-06-26T14:38:29","date_gmt":"2025-06-26T12:38:29","guid":{"rendered":"https:\/\/alliancefr.se\/falun\/?page_id=976"},"modified":"2025-06-27T10:10:34","modified_gmt":"2025-06-27T08:10:34","slug":"start","status":"publish","type":"page","link":"https:\/\/alliancefr.se\/falun\/sv\/start\/","title":{"rendered":"V\u00e4lkommen"},"content":{"rendered":"\t\t<div data-elementor-type=\"wp-page\" data-elementor-id=\"976\" class=\"elementor elementor-976\">\n\t\t\t\t\t\t<section class=\"elementor-section elementor-top-section elementor-element elementor-element-452b28f elementor-section-boxed elementor-section-height-default elementor-section-height-default\" data-id=\"452b28f\" data-element_type=\"section\">\n\t\t\t\t\t\t<div class=\"elementor-container elementor-column-gap-default\">\n\t\t\t\t\t<div class=\"elementor-column elementor-col-100 elementor-top-column elementor-element elementor-element-5ed6c35\" data-id=\"5ed6c35\" data-element_type=\"column\">\n\t\t\t<div class=\"elementor-widget-wrap elementor-element-populated\">\n\t\t\t\t\t\t<div class=\"elementor-element elementor-element-b3ce021 elementor-widget elementor-widget-text-editor\" data-id=\"b3ce021\" data-element_type=\"widget\" data-widget_type=\"text-editor.default\">\n\t\t\t\t<div class=\"elementor-widget-container\">\n\t\t\t\t\t\t\t\t\t<p><strong>H\u00e4r kommer programmet f\u00f6r h\u00f6sten 2025 att publiceras. Vi ses efter sommaren!<\/strong><\/p>\t\t\t\t\t\t\t\t<\/div>\n\t\t\t\t<\/div>\n\t\t\t\t\t<\/div>\n\t\t<\/div>\n\t\t\t\t\t<\/div>\n\t\t<\/section>\n\t\t\t\t<\/div>\n\t\t","protected":false},"excerpt":{"rendered":"<p>H\u00e4r kommer programmet f\u00f6r h\u00f6sten 2025 att publiceras. Vi ses efter sommaren!<\/p>\n","protected":false},"author":6,"featured_media":0,"parent":0,"menu_order":0,"comment_status":"closed","ping_status":"closed","template":"","meta":{"om_disable_all_campaigns":false,"_monsterinsights_skip_tracking":false,"_monsterinsights_sitenote_active":false,"_monsterinsights_sitenote_note":"","_monsterinsights_sitenote_category":0,"_uf_show_specific_survey":0,"_uf_disable_surveys":false,"footnotes":""},"class_list":["post-976","page","type-page","status-publish","hentry"],"aioseo_notices":[],"rttpg_featured_image_url":null,"rttpg_author":{"display_name":"adminfalun","author_link":"https:\/\/alliancefr.se\/falun\/author\/adminfalun\/"},"rttpg_comment":0,"rttpg_category":" <a href=\"https:\/\/alliancefr.se\/falun\/sv\/\" rel=\"tag\">Svenska<\/a>","rttpg_excerpt":"H\u00e4r kommer programmet f\u00f6r h\u00f6sten 2025 att publiceras. Vi ses efter sommaren!","_links":{"self":[{"href":"https:\/\/alliancefr.se\/falun\/wp-json\/wp\/v2\/pages\/976","targetHints":{"allow":["GET"]}}],"collection":[{"href":"https:\/\/alliancefr.se\/falun\/wp-json\/wp\/v2\/pages"}],"about":[{"href":"https:\/\/alliancefr.se\/falun\/wp-json\/wp\/v2\/types\/page"}],"author":[{"embeddable":true,"href":"https:\/\/alliancefr.se\/falun\/wp-json\/wp\/v2\/users\/6"}],"replies":[{"embeddable":true,"href":"https:\/\/alliancefr.se\/falun\/wp-json\/wp\/v2\/comments?post=976"}],"version-history":[{"count":15,"href":"https:\/\/alliancefr.se\/falun\/wp-json\/wp\/v2\/pages\/976\/revisions"}],"predecessor-version":[{"id":1041,"href":"https:\/\/alliancefr.se\/falun\/wp-json\/wp\/v2\/pages\/976\/revisions\/1041"}],"wp:attachment":[{"href":"https:\/\/alliancefr.se\/falun\/wp-json\/wp\/v2\/media?parent=976"}],"curies":[{"name":"wp","href":"https:\/\/api.w.org\/{rel}","templated":true}]}}