{"id":279,"date":"2019-04-16T15:05:51","date_gmt":"2019-04-16T14:05:51","guid":{"rendered":"http:\/\/alliancefr.se\/falun\/qui-sommes-nous\/"},"modified":"2025-04-28T08:11:05","modified_gmt":"2025-04-28T06:11:05","slug":"qui-sommes-nous","status":"publish","type":"page","link":"https:\/\/alliancefr.se\/falun\/sv\/qui-sommes-nous\/","title":{"rendered":"Om oss"},"content":{"rendered":"\t\t<div data-elementor-type=\"wp-post\" data-elementor-id=\"279\" class=\"elementor elementor-279\">\n\t\t\t\t\t\t<section class=\"elementor-section elementor-top-section elementor-element elementor-element-50b54fb9 elementor-section-boxed elementor-section-height-default elementor-section-height-default\" data-id=\"50b54fb9\" data-element_type=\"section\">\n\t\t\t\t\t\t<div class=\"elementor-container elementor-column-gap-default\">\n\t\t\t\t\t<div class=\"elementor-column elementor-col-100 elementor-top-column elementor-element elementor-element-285e275\" data-id=\"285e275\" data-element_type=\"column\">\n\t\t\t<div class=\"elementor-widget-wrap elementor-element-populated\">\n\t\t\t\t\t\t<div class=\"elementor-element elementor-element-5e505e0 elementor-widget elementor-widget-text-editor\" data-id=\"5e505e0\" data-element_type=\"widget\" data-widget_type=\"text-editor.default\">\n\t\t\t\t<div class=\"elementor-widget-container\">\n\t\t\t\t\t\t\t\t\t<p>L&rsquo;Alliance Fran\u00e7aise de Falun grundades den 17 april 1937<\/p><p>Du kan titta p\u00e5 historiken med denna l\u00e4nk:\u00a0 &gt; <a href=\"http:\/\/alliancefr.se\/falun\/wp-content\/uploads\/sites\/7\/2019\/04\/Historique-AF-Falun.pdf\"><strong>Historique AF Falun<\/strong><\/a> &lt;<\/p><p>Styre\u013asen:<\/p><ul><li>Andr\u00e9 Leblanc (ordf\u00f6rande)<\/li><li>C\u00e9line Rocher-Hahlin (sekreterare)<\/li><li>Margret Skog (kass\u00f6r)<\/li><li>Fran\u00e7oise Sule<\/li><li>Anna M\u00e5rtensson Bjerned<\/li><li>Lars-Olof \u00ab\u00a0Loe\u00a0\u00bb Ersson<\/li><\/ul>\t\t\t\t\t\t\t\t<\/div>\n\t\t\t\t<\/div>\n\t\t\t\t\t<\/div>\n\t\t<\/div>\n\t\t\t\t\t<\/div>\n\t\t<\/section>\n\t\t\t\t<\/div>\n\t\t","protected":false},"excerpt":{"rendered":"<p>L&rsquo;Alliance Fran\u00e7aise de Falun grundades den 17 april 1937 Du kan titta p\u00e5 historiken med denna l\u00e4nk:\u00a0 &gt; Historique AF Falun &lt; Styre\u013asen: Andr\u00e9 Leblanc (ordf\u00f6rande) C\u00e9line Rocher-Hahlin (sekreterare) Margret Skog (kass\u00f6r) Fran\u00e7oise Sule Anna M\u00e5rtensson Bjerned Lars-Olof \u00ab\u00a0Loe\u00a0\u00bb Ersson<\/p>\n","protected":false},"author":1,"featured_media":0,"parent":0,"menu_order":0,"comment_status":"closed","ping_status":"closed","template":"","meta":{"om_disable_all_campaigns":false,"_monsterinsights_skip_tracking":false,"_monsterinsights_sitenote_active":false,"_monsterinsights_sitenote_note":"","_monsterinsights_sitenote_category":0,"_uf_show_specific_survey":0,"_uf_disable_surveys":false,"footnotes":""},"class_list":["post-279","page","type-page","status-publish","hentry"],"aioseo_notices":[],"rttpg_featured_image_url":null,"rttpg_author":{"display_name":"Super.admin","author_link":"https:\/\/alliancefr.se\/falun\/author\/admin2174\/"},"rttpg_comment":0,"rttpg_category":" <a href=\"https:\/\/alliancefr.se\/falun\/sv\/\" rel=\"tag\">Svenska<\/a>","rttpg_excerpt":"L&rsquo;Alliance Fran\u00e7aise de Falun grundades den 17 april 1937 Du kan titta p\u00e5 historiken med denna l\u00e4nk:\u00a0 &gt; Historique AF Falun &lt; Styre\u013asen: Andr\u00e9 Leblanc (ordf\u00f6rande) C\u00e9line Rocher-Hahlin (sekreterare) Margret Skog (kass\u00f6r) Fran\u00e7oise Sule Anna M\u00e5rtensson Bjerned Lars-Olof \u00ab\u00a0Loe\u00a0\u00bb Ersson","_links":{"self":[{"href":"https:\/\/alliancefr.se\/falun\/wp-json\/wp\/v2\/pages\/279","targetHints":{"allow":["GET"]}}],"collection":[{"href":"https:\/\/alliancefr.se\/falun\/wp-json\/wp\/v2\/pages"}],"about":[{"href":"https:\/\/alliancefr.se\/falun\/wp-json\/wp\/v2\/types\/page"}],"author":[{"embeddable":true,"href":"https:\/\/alliancefr.se\/falun\/wp-json\/wp\/v2\/users\/1"}],"replies":[{"embeddable":true,"href":"https:\/\/alliancefr.se\/falun\/wp-json\/wp\/v2\/comments?post=279"}],"version-history":[{"count":25,"href":"https:\/\/alliancefr.se\/falun\/wp-json\/wp\/v2\/pages\/279\/revisions"}],"predecessor-version":[{"id":933,"href":"https:\/\/alliancefr.se\/falun\/wp-json\/wp\/v2\/pages\/279\/revisions\/933"}],"wp:attachment":[{"href":"https:\/\/alliancefr.se\/falun\/wp-json\/wp\/v2\/media?parent=279"}],"curies":[{"name":"wp","href":"https:\/\/api.w.org\/{rel}","templated":true}]}}