{"id":143,"date":"2017-04-06T17:59:59","date_gmt":"2017-04-06T16:59:59","guid":{"rendered":"http:\/\/alliancefr.se\/falun\/vara-partner\/"},"modified":"2023-11-03T16:19:03","modified_gmt":"2023-11-03T15:19:03","slug":"vara-partner","status":"publish","type":"page","link":"https:\/\/alliancefr.se\/falun\/sv\/vara-partner\/","title":{"rendered":"V\u00e5ra partner"},"content":{"rendered":"\t\t<div data-elementor-type=\"wp-post\" data-elementor-id=\"143\" class=\"elementor elementor-143\">\n\t\t\t\t\t\t<section class=\"elementor-section elementor-top-section elementor-element elementor-element-5e703ef8 elementor-section-boxed elementor-section-height-default elementor-section-height-default\" data-id=\"5e703ef8\" data-element_type=\"section\">\n\t\t\t\t\t\t<div class=\"elementor-container elementor-column-gap-default\">\n\t\t\t\t\t<div class=\"elementor-column elementor-col-100 elementor-top-column elementor-element elementor-element-5c747779\" data-id=\"5c747779\" data-element_type=\"column\">\n\t\t\t<div class=\"elementor-widget-wrap elementor-element-populated\">\n\t\t\t\t\t\t<div class=\"elementor-element elementor-element-10dc0fb1 elementor-widget elementor-widget-text-editor\" data-id=\"10dc0fb1\" data-element_type=\"widget\" data-widget_type=\"text-editor.default\">\n\t\t\t\t<div class=\"elementor-widget-container\">\n\t\t\t\t\t\t\t\t\t<figure>\n\t\t\t\t\t\t\t\t\t\t\t<a href=\"https:\/\/www.du.se\/\" data-elementor-open-lightbox=\"\">\n\t\t\t\t\t\t\t<img fetchpriority=\"high\" decoding=\"async\" width=\"280\" height=\"300\" src=\"http:\/\/alliancefr.se\/falun\/wp-content\/uploads\/sites\/7\/2019\/04\/hd_vertikal_rgb-1-280x300.jpg\" alt=\"\" \/>\t\t\t\t\t\t\t\t<\/a>\n\t\t\t\t\t\t\t\t\t\t\t<figcaption><\/figcaption>\n\t\t\t\t\t\t\t\t\t\t<\/figure>\t\t\t\t\t\t\t\t<\/div>\n\t\t\t\t<\/div>\n\t\t\t\t\t<\/div>\n\t\t<\/div>\n\t\t\t\t\t<\/div>\n\t\t<\/section>\n\t\t\t\t<section class=\"elementor-section elementor-top-section elementor-element elementor-element-5edc469 elementor-section-boxed elementor-section-height-default elementor-section-height-default\" data-id=\"5edc469\" data-element_type=\"section\">\n\t\t\t\t\t\t<div class=\"elementor-container elementor-column-gap-default\">\n\t\t\t\t\t<div class=\"elementor-column elementor-col-100 elementor-top-column elementor-element elementor-element-c51ecc2\" data-id=\"c51ecc2\" data-element_type=\"column\">\n\t\t\t<div class=\"elementor-widget-wrap elementor-element-populated\">\n\t\t\t\t\t\t<div class=\"elementor-element elementor-element-7fe3cd8 elementor-widget elementor-widget-text-editor\" data-id=\"7fe3cd8\" data-element_type=\"widget\" data-widget_type=\"text-editor.default\">\n\t\t\t\t<div class=\"elementor-widget-container\">\n\t\t\t\t\t\t\t\t\t<p><a href=\"https:\/\/www.du.se\/\">H\u00f6gskolan Dalarna<\/a> \u00e4r v\u00e5r huvudpartner, v\u00e5ra konferenser \u00e4ger rum p\u00e5 campus Falun.<\/p><p>H\u00e4r <a href=\"https:\/\/www.du.se\/franska\">\u00e4r l\u00e4nken till universitetets franskakurser<\/a><\/p>\t\t\t\t\t\t\t\t<\/div>\n\t\t\t\t<\/div>\n\t\t\t\t\t<\/div>\n\t\t<\/div>\n\t\t\t\t\t<\/div>\n\t\t<\/section>\n\t\t\t\t<\/div>\n\t\t","protected":false},"excerpt":{"rendered":"<p>H\u00f6gskolan Dalarna \u00e4r v\u00e5r huvudpartner, v\u00e5ra konferenser \u00e4ger rum p\u00e5 campus Falun. H\u00e4r \u00e4r l\u00e4nken till universitetets franskakurser<\/p>\n","protected":false},"author":1,"featured_media":0,"parent":0,"menu_order":0,"comment_status":"closed","ping_status":"closed","template":"","meta":{"om_disable_all_campaigns":false,"_monsterinsights_skip_tracking":false,"_monsterinsights_sitenote_active":false,"_monsterinsights_sitenote_note":"","_monsterinsights_sitenote_category":0,"_uf_show_specific_survey":0,"_uf_disable_surveys":false,"footnotes":""},"class_list":["post-143","page","type-page","status-publish","hentry"],"aioseo_notices":[],"rttpg_featured_image_url":null,"rttpg_author":{"display_name":"Super.admin","author_link":"https:\/\/alliancefr.se\/falun\/author\/admin2174\/"},"rttpg_comment":0,"rttpg_category":" <a href=\"https:\/\/alliancefr.se\/falun\/sv\/\" rel=\"tag\">Svenska<\/a>","rttpg_excerpt":"H\u00f6gskolan Dalarna \u00e4r v\u00e5r huvudpartner, v\u00e5ra konferenser \u00e4ger rum p\u00e5 campus Falun. H\u00e4r \u00e4r l\u00e4nken till universitetets franskakurser","_links":{"self":[{"href":"https:\/\/alliancefr.se\/falun\/wp-json\/wp\/v2\/pages\/143","targetHints":{"allow":["GET"]}}],"collection":[{"href":"https:\/\/alliancefr.se\/falun\/wp-json\/wp\/v2\/pages"}],"about":[{"href":"https:\/\/alliancefr.se\/falun\/wp-json\/wp\/v2\/types\/page"}],"author":[{"embeddable":true,"href":"https:\/\/alliancefr.se\/falun\/wp-json\/wp\/v2\/users\/1"}],"replies":[{"embeddable":true,"href":"https:\/\/alliancefr.se\/falun\/wp-json\/wp\/v2\/comments?post=143"}],"version-history":[{"count":3,"href":"https:\/\/alliancefr.se\/falun\/wp-json\/wp\/v2\/pages\/143\/revisions"}],"predecessor-version":[{"id":866,"href":"https:\/\/alliancefr.se\/falun\/wp-json\/wp\/v2\/pages\/143\/revisions\/866"}],"wp:attachment":[{"href":"https:\/\/alliancefr.se\/falun\/wp-json\/wp\/v2\/media?parent=143"}],"curies":[{"name":"wp","href":"https:\/\/api.w.org\/{rel}","templated":true}]}}