{"id":107,"date":"2017-04-03T18:43:50","date_gmt":"2017-04-03T16:43:50","guid":{"rendered":"http:\/\/alliancefr.se\/falun\/program-och-aktiviteter\/"},"modified":"2025-06-26T14:58:15","modified_gmt":"2025-06-26T12:58:15","slug":"arkiv","status":"publish","type":"page","link":"https:\/\/alliancefr.se\/falun\/sv\/arkiv\/","title":{"rendered":"Arkiv"},"content":{"rendered":"\t\t<div data-elementor-type=\"wp-page\" data-elementor-id=\"107\" class=\"elementor elementor-107\">\n\t\t\t\t\t\t<section class=\"elementor-section elementor-top-section elementor-element elementor-element-3650079 elementor-section-boxed elementor-section-height-default elementor-section-height-default\" data-id=\"3650079\" data-element_type=\"section\">\n\t\t\t\t\t\t<div class=\"elementor-container elementor-column-gap-default\">\n\t\t\t\t\t<div class=\"elementor-column elementor-col-100 elementor-top-column elementor-element elementor-element-5e925bc\" data-id=\"5e925bc\" data-element_type=\"column\">\n\t\t\t<div class=\"elementor-widget-wrap elementor-element-populated\">\n\t\t\t\t\t\t<div class=\"elementor-element elementor-element-b75dfeb elementor-widget elementor-widget-text-editor\" data-id=\"b75dfeb\" data-element_type=\"widget\" data-widget_type=\"text-editor.default\">\n\t\t\t\t<div class=\"elementor-widget-container\">\n\t\t\t\t\t\t\t\t\t<p><strong>V\u00e5r hemsida \u00e4r under ombyggnad. Vi ber om urs\u00e4kt f\u00f6r att alla sidor inte \u00e4r uppdaterade.<\/strong><\/p>\t\t\t\t\t\t\t\t<\/div>\n\t\t\t\t<\/div>\n\t\t\t\t\t<\/div>\n\t\t<\/div>\n\t\t\t\t\t<\/div>\n\t\t<\/section>\n\t\t\t\t<section class=\"elementor-section elementor-top-section elementor-element elementor-element-727ed303 elementor-section-boxed elementor-section-height-default elementor-section-height-default\" data-id=\"727ed303\" data-element_type=\"section\">\n\t\t\t\t\t\t<div class=\"elementor-container elementor-column-gap-default\">\n\t\t\t\t\t<div class=\"elementor-column elementor-col-100 elementor-top-column elementor-element elementor-element-3c86d88e\" data-id=\"3c86d88e\" data-element_type=\"column\">\n\t\t\t<div class=\"elementor-widget-wrap elementor-element-populated\">\n\t\t\t\t\t\t<div class=\"elementor-element elementor-element-69641b26 elementor-widget elementor-widget-text-editor\" data-id=\"69641b26\" data-element_type=\"widget\" data-widget_type=\"text-editor.default\">\n\t\t\t\t<div class=\"elementor-widget-container\">\n\t\t\t\t\t\t\t\t\t<p>Tidigare aktiviteter inom AF Falun:<\/p>\n<h2><span style=\"letter-spacing: 0px\">Program v\u00e5r 2017<\/span><\/h2>\n<p><strong>11 maj<\/strong>: <a href=\"http:\/\/alliancefr.se\/falun\/sv\/2017\/05\/04\/forelasning-om-djibouti-mahad-ahmed-nour\/\">F\u00f6rel\u00e4sning om Djibouti,<\/a> Mahad Ahmed Nour.<\/p>\n<h2>Program h\u00f6st 2016<\/h2>\n<p><strong>6 december:&nbsp;<\/strong>Filmkv\u00e4ll,<a href=\"http:\/\/alliancefr.se\/falun\/sv\/2016\/11\/28\/soiree-film-le-6-decembre\/\"><em> Sarahs Nyckel.<\/em><\/a><\/p>\n<p><strong>7 november:&nbsp;<\/strong>F\u00f6rel\u00e4sning av <a href=\"http:\/\/alliancefr.se\/falun\/sv\/2016\/11\/03\/conference-danna-franklin-2\/\">Anna Franklin.<\/a><\/p>\t\t\t\t\t\t\t\t<\/div>\n\t\t\t\t<\/div>\n\t\t\t\t\t<\/div>\n\t\t<\/div>\n\t\t\t\t\t<\/div>\n\t\t<\/section>\n\t\t\t\t<\/div>\n\t\t","protected":false},"excerpt":{"rendered":"<p>V\u00e5r hemsida \u00e4r under ombyggnad. Vi ber om urs\u00e4kt f\u00f6r att alla sidor inte \u00e4r uppdaterade. Tidigare aktiviteter inom AF Falun: Program v\u00e5r 2017 11 maj: F\u00f6rel\u00e4sning om Djibouti, Mahad Ahmed Nour. Program h\u00f6st 2016 6 december:&nbsp;Filmkv\u00e4ll, Sarahs Nyckel. 7 november:&nbsp;F\u00f6rel\u00e4sning av Anna Franklin.<\/p>\n","protected":false},"author":1,"featured_media":0,"parent":0,"menu_order":0,"comment_status":"closed","ping_status":"closed","template":"","meta":{"om_disable_all_campaigns":false,"_monsterinsights_skip_tracking":false,"_monsterinsights_sitenote_active":false,"_monsterinsights_sitenote_note":"","_monsterinsights_sitenote_category":0,"_uf_show_specific_survey":0,"_uf_disable_surveys":false,"footnotes":""},"class_list":["post-107","page","type-page","status-publish","hentry"],"aioseo_notices":[],"rttpg_featured_image_url":null,"rttpg_author":{"display_name":"Super.admin","author_link":"https:\/\/alliancefr.se\/falun\/author\/admin2174\/"},"rttpg_comment":0,"rttpg_category":" <a href=\"https:\/\/alliancefr.se\/falun\/sv\/\" rel=\"tag\">Svenska<\/a>","rttpg_excerpt":"V\u00e5r hemsida \u00e4r under ombyggnad. Vi ber om urs\u00e4kt f\u00f6r att alla sidor inte \u00e4r uppdaterade. Tidigare aktiviteter inom AF Falun: Program v\u00e5r 2017 11 maj: F\u00f6rel\u00e4sning om Djibouti, Mahad Ahmed Nour. Program h\u00f6st 2016 6 december:&nbsp;Filmkv\u00e4ll, Sarahs Nyckel. 7 november:&nbsp;F\u00f6rel\u00e4sning av Anna Franklin.","_links":{"self":[{"href":"https:\/\/alliancefr.se\/falun\/wp-json\/wp\/v2\/pages\/107","targetHints":{"allow":["GET"]}}],"collection":[{"href":"https:\/\/alliancefr.se\/falun\/wp-json\/wp\/v2\/pages"}],"about":[{"href":"https:\/\/alliancefr.se\/falun\/wp-json\/wp\/v2\/types\/page"}],"author":[{"embeddable":true,"href":"https:\/\/alliancefr.se\/falun\/wp-json\/wp\/v2\/users\/1"}],"replies":[{"embeddable":true,"href":"https:\/\/alliancefr.se\/falun\/wp-json\/wp\/v2\/comments?post=107"}],"version-history":[{"count":28,"href":"https:\/\/alliancefr.se\/falun\/wp-json\/wp\/v2\/pages\/107\/revisions"}],"predecessor-version":[{"id":1000,"href":"https:\/\/alliancefr.se\/falun\/wp-json\/wp\/v2\/pages\/107\/revisions\/1000"}],"wp:attachment":[{"href":"https:\/\/alliancefr.se\/falun\/wp-json\/wp\/v2\/media?parent=107"}],"curies":[{"name":"wp","href":"https:\/\/api.w.org\/{rel}","templated":true}]}}