{"id":104,"date":"2017-04-03T18:49:13","date_gmt":"2017-04-03T16:49:13","guid":{"rendered":"http:\/\/alliancefr.se\/falun\/programme-et-activites\/"},"modified":"2025-06-26T15:24:03","modified_gmt":"2025-06-26T13:24:03","slug":"archives","status":"publish","type":"page","link":"https:\/\/alliancefr.se\/falun\/archives\/","title":{"rendered":"Archives"},"content":{"rendered":"\t\t<div data-elementor-type=\"wp-post\" data-elementor-id=\"104\" class=\"elementor elementor-104\">\n\t\t\t\t\t\t<section class=\"elementor-section elementor-top-section elementor-element elementor-element-93ab69a elementor-section-boxed elementor-section-height-default elementor-section-height-default\" data-id=\"93ab69a\" data-element_type=\"section\">\n\t\t\t\t\t\t<div class=\"elementor-container elementor-column-gap-default\">\n\t\t\t\t\t<div class=\"elementor-column elementor-col-100 elementor-top-column elementor-element elementor-element-d8be0e7\" data-id=\"d8be0e7\" data-element_type=\"column\">\n\t\t\t<div class=\"elementor-widget-wrap elementor-element-populated\">\n\t\t\t\t\t\t<div class=\"elementor-element elementor-element-070fa14 elementor-widget elementor-widget-text-editor\" data-id=\"070fa14\" data-element_type=\"widget\" data-widget_type=\"text-editor.default\">\n\t\t\t\t<div class=\"elementor-widget-container\">\n\t\t\t\t\t\t\t\t\t<p><strong style=\"letter-spacing: 0px\">Bonjour \u00e0 toutes et \u00e0 tous<\/strong><\/p>\n<p><strong>Le site est en construction et n&rsquo;est pas enti\u00e8rement remis \u00e0 jour. Veuillez nous excuser.&nbsp;<\/strong><\/p>\t\t\t\t\t\t\t\t<\/div>\n\t\t\t\t<\/div>\n\t\t\t\t\t<\/div>\n\t\t<\/div>\n\t\t\t\t\t<\/div>\n\t\t<\/section>\n\t\t\t\t<section class=\"elementor-section elementor-top-section elementor-element elementor-element-d3fe27e elementor-section-boxed elementor-section-height-default elementor-section-height-default\" data-id=\"d3fe27e\" data-element_type=\"section\">\n\t\t\t\t\t\t<div class=\"elementor-container elementor-column-gap-default\">\n\t\t\t\t\t<div class=\"elementor-column elementor-col-100 elementor-top-column elementor-element elementor-element-183e79d2\" data-id=\"183e79d2\" data-element_type=\"column\">\n\t\t\t<div class=\"elementor-widget-wrap elementor-element-populated\">\n\t\t\t\t\t\t<div class=\"elementor-element elementor-element-2d57b027 elementor-widget elementor-widget-text-editor\" data-id=\"2d57b027\" data-element_type=\"widget\" data-widget_type=\"text-editor.default\">\n\t\t\t\t<div class=\"elementor-widget-container\">\n\t\t\t\t\t\t\t\t\t<p><span style=\"letter-spacing: 0px\">D\u00e9couvrez les programmes des ann\u00e9es pr\u00e9c\u00e9dentes de l\u2019Alliance\u00a0<\/span>Fran\u00e7aise de Falun :<\/p><h2>Programme printemps 2019<\/h2><p><strong>07 mai<\/strong> : Tourn\u00e9e grand reporter : <a href=\"http:\/\/alliancefr.se\/falun\/sv\/2019\/04\/21\/tournee-grand-reporter-2019-la-fin-du-modele-francais-2\/\"><em>la fin du mod\u00e8le fran\u00e7ais ?<\/em><\/a> par Patrick Boitet<\/p><p><strong>20 mars <\/strong>: <a href=\"http:\/\/alliancefr.se\/falun\/2019\/02\/13\/20-mars-folklore-mythes-et-legendes-un-regard-different-sur-les-regions-de-france-2\/\"><em>L\u00e9gendes, mythes et folklores<\/em>,<\/a> un regard diff\u00e9rent sur la France par Cl\u00e9ment Richard<\/p><p><strong>06 f\u00e9vrier<\/strong> : <a href=\"http:\/\/alliancefr.se\/falun\/2019\/01\/13\/entretien-rencontre-avec-marc-voltenauer-3\/\"><em>Entretien-rencontre<\/em><\/a> avec Marc Voltenauer<\/p><h2>Programme automne 2018<\/h2><p><strong>04 d\u00e9cembre<\/strong> : <a href=\"http:\/\/alliancefr.se\/falun\/2018\/11\/25\/on-attend-tous-une-carte-qui-nous-parle-dailleurs-2\/\"><em>On attends tous une carte qui nous parle d&rsquo;ailleurs<\/em><\/a> par Anne-Marie Pauleau<\/p><p><strong>07 novembre <\/strong>: Visite de l&rsquo;ambassadeur de France, <a href=\"http:\/\/alliancefr.se\/falun\/2018\/10\/26\/7-november-besok-av-frankrikes-ambassador-david-cvach\/\"><em>David Cvach<\/em><\/a><\/p><p><strong>17 octobre<\/strong> : <a href=\"http:\/\/alliancefr.se\/falun\/2018\/10\/05\/conference-le-17-octobre-les-politiques-culturelles-en-france-etude-de-cas-2\/\"><em>Les politiques culturelles en France<\/em><\/a> par Melissa Decugis<\/p><h2>Programme printemps 2018<\/h2><p><strong>25 avril<\/strong> : <a href=\"http:\/\/alliancefr.se\/falun\/2018\/04\/12\/197\/\"><em>Contes marocains<\/em> :<\/a> trois mots que je porte avec moi<\/p><p><strong>20 mars<\/strong> : <a href=\"http:\/\/alliancefr.se\/falun\/2018\/03\/15\/soiree-cinema-la-famille-belier-2\/\"><em>La famille b\u00e9lier<\/em><\/a>, soir\u00e9e cin\u00e9ma<\/p><h2>Programme automne 2017<\/h2><p><strong>26 octobre<\/strong> : Comparaison entre<a href=\"http:\/\/alliancefr.se\/falun\/2017\/10\/17\/comparaison-entre-gastronomie-chinoise-francaise-2\/\"> la <em>gastronomie chinoise et fran\u00e7aise<\/em><\/a><\/p><p><strong>27 septembre<\/strong> : <a href=\"http:\/\/alliancefr.se\/falun\/2017\/09\/10\/anniversaire\/\"><em>Anniversaire<\/em><\/a>, 80 ans de l&rsquo;Alliance Fran\u00e7aise de Falun<\/p><h2>Programme printemps 2017<\/h2><p><strong>11 mai<\/strong> : <a href=\"http:\/\/alliancefr.se\/falun\/2017\/05\/04\/conference-djibouti-mahad-ahmed-nour\/\"><em>Conf\u00e9rence sur Djibouti <\/em><\/a>par Mahad Ahmed Nour.<\/p><h2>Programme automne 2016<\/h2><p><strong>6 d\u00e9cembre:\u00a0<\/strong>Projection du film\u00a0<a href=\"http:\/\/alliancefr.se\/falun\/2016\/11\/28\/soiree-film-le-6-decembre-2\/\"><em>Elle s&rsquo;appelait Sarah.<\/em><\/a><\/p><p><strong>7 novembre:\u00a0<\/strong>Conf\u00e9rence d&rsquo;<a href=\"http:\/\/alliancefr.se\/falun\/2017\/04\/03\/conference-danna-franklin-3\/\"><em>Anna Franklin<\/em>.<\/a><\/p><p><strong>12 octobre:\u00a0<\/strong>Pr\u00e9sentation d&rsquo;un documentaire sur la crise des migrants en M\u00e9diterran\u00e9e par Jean-Paul Mari,\u00a0<a href=\"http:\/\/alliancefr.se\/falun\/2016\/09\/26\/mercredi-12-octobre-jean-paul-mari\/\"><em>Les Migrants ne savent pas nager.<\/em><\/a><\/p><h2>Programme printemps 2016<\/h2><p>Programme<a href=\"http:\/\/www.af-falun.se\/fr\/2016\/01\/28\/programme-2017\/\"> ici<\/a><\/p><p><strong>26 avril:\u00a0<\/strong>Conf\u00e9rence de <a href=\"http:\/\/alliancefr.se\/falun\/2016\/04\/11\/soiree-du-26-avril-2016\/\"><em>V\u00e9ronique Manchon<\/em><\/a>,\u00a0Le grand retour de la Philosophie Pratique dans la soci\u00e9t\u00e9 fran\u00e7aise.<\/p><p><strong>10 mars:\u00a0<\/strong>Conf\u00e9rence de<a href=\"http:\/\/alliancefr.se\/falun\/2016\/03\/05\/49\/\"> <em>S\u00e9bastien Fr\u00e9chette<\/em><\/a>, alias BIZ.<\/p><h2>Rapports d&rsquo;activit\u00e9\u00a0<\/h2><div><span style=\"color: #464646;text-align: justify\">Vous trouverez ci-dessous les rapports annuels sur les activit\u00e9s de l\u2019Alliance Fran\u00e7aise de Falun !<\/span><\/div><div><span style=\"color: #464646;text-align: justify\">\u00a0<\/span><\/div><ul style=\"color: #464646\"><li><a href=\"http:\/\/alliancefr.se\/falun\/wp-content\/uploads\/sites\/7\/2019\/05\/Rapport_2015.pdf\">Rapport d\u2019activit\u00e9 2014<\/a><\/li><li><a href=\"http:\/\/alliancefr.se\/falun\/wp-content\/uploads\/sites\/7\/2019\/05\/Rapport_2014.pdf\">Rapport d\u2019activit\u00e9 2013<\/a><\/li><li><a href=\"http:\/\/alliancefr.se\/falun\/wp-content\/uploads\/sites\/7\/2019\/05\/Protokoll_2013.pdf\">Protokoll 2012<\/a><\/li><\/ul>\t\t\t\t\t\t\t\t<\/div>\n\t\t\t\t<\/div>\n\t\t\t\t\t<\/div>\n\t\t<\/div>\n\t\t\t\t\t<\/div>\n\t\t<\/section>\n\t\t\t\t<\/div>\n\t\t","protected":false},"excerpt":{"rendered":"<p>Bonjour \u00e0 toutes et \u00e0 tous Le site est en construction et n&rsquo;est pas enti\u00e8rement remis \u00e0 jour. Veuillez nous excuser.&nbsp; D\u00e9couvrez les programmes des ann\u00e9es pr\u00e9c\u00e9dentes de l\u2019Alliance\u00a0Fran\u00e7aise de Falun : Programme printemps 2019 07 mai : Tourn\u00e9e grand reporter : la fin du mod\u00e8le fran\u00e7ais ? par Patrick Boitet 20 mars : L\u00e9gendes, mythes et folklores, un regard diff\u00e9rent sur la France par Cl\u00e9ment Richard 06 f\u00e9vrier : Entretien-rencontre avec Marc Voltenauer Programme automne 2018 04 d\u00e9cembre : On attends tous une carte qui nous parle d&rsquo;ailleurs par Anne-Marie Pauleau 07 novembre : Visite de l&rsquo;ambassadeur de France, David Cvach 17 octobre : Les politiques culturelles en France par Melissa Decugis Programme printemps 2018 25 avril : Contes marocains : trois mots que je porte avec moi 20 mars : La famille b\u00e9lier, soir\u00e9e cin\u00e9ma Programme automne 2017 26 octobre : Comparaison entre la gastronomie chinoise et fran\u00e7aise 27 septembre : Anniversaire, 80 ans de l&rsquo;Alliance Fran\u00e7aise de Falun Programme printemps 2017 11 mai : Conf\u00e9rence sur Djibouti par Mahad Ahmed Nour. Programme automne 2016 6 d\u00e9cembre:\u00a0Projection du film\u00a0Elle s&rsquo;appelait Sarah. 7 novembre:\u00a0Conf\u00e9rence d&rsquo;Anna Franklin. 12 octobre:\u00a0Pr\u00e9sentation d&rsquo;un documentaire sur la crise des migrants en M\u00e9diterran\u00e9e par Jean-Paul Mari,\u00a0Les Migrants ne savent pas nager. Programme printemps 2016 Programme ici 26 avril:\u00a0Conf\u00e9rence de V\u00e9ronique Manchon,\u00a0Le grand retour de la Philosophie Pratique dans la soci\u00e9t\u00e9 fran\u00e7aise. 10 mars:\u00a0Conf\u00e9rence de S\u00e9bastien Fr\u00e9chette, alias BIZ. Rapports d&rsquo;activit\u00e9\u00a0 Vous trouverez ci-dessous les rapports annuels sur les activit\u00e9s de l\u2019Alliance Fran\u00e7aise de Falun !\u00a0 Rapport d\u2019activit\u00e9 2014 Rapport d\u2019activit\u00e9 2013 Protokoll 2012<\/p>\n","protected":false},"author":1,"featured_media":0,"parent":0,"menu_order":0,"comment_status":"closed","ping_status":"closed","template":"","meta":{"om_disable_all_campaigns":false,"_monsterinsights_skip_tracking":false,"_monsterinsights_sitenote_active":false,"_monsterinsights_sitenote_note":"","_monsterinsights_sitenote_category":0,"_uf_show_specific_survey":0,"_uf_disable_surveys":false,"footnotes":""},"class_list":["post-104","page","type-page","status-publish","hentry"],"aioseo_notices":[],"rttpg_featured_image_url":null,"rttpg_author":{"display_name":"Super.admin","author_link":"https:\/\/alliancefr.se\/falun\/author\/admin2174\/"},"rttpg_comment":0,"rttpg_category":" <a href=\"https:\/\/alliancefr.se\/falun\/\" rel=\"tag\">Fran\u00e7ais<\/a>","rttpg_excerpt":"Bonjour \u00e0 toutes et \u00e0 tous Le site est en construction et n&rsquo;est pas enti\u00e8rement remis \u00e0 jour. Veuillez nous excuser.&nbsp; D\u00e9couvrez les programmes des ann\u00e9es pr\u00e9c\u00e9dentes de l\u2019Alliance\u00a0Fran\u00e7aise de Falun : Programme printemps 2019 07 mai : Tourn\u00e9e grand reporter : la fin du mod\u00e8le fran\u00e7ais ? par Patrick Boitet 20 mars : L\u00e9gendes,\u2026","_links":{"self":[{"href":"https:\/\/alliancefr.se\/falun\/wp-json\/wp\/v2\/pages\/104","targetHints":{"allow":["GET"]}}],"collection":[{"href":"https:\/\/alliancefr.se\/falun\/wp-json\/wp\/v2\/pages"}],"about":[{"href":"https:\/\/alliancefr.se\/falun\/wp-json\/wp\/v2\/types\/page"}],"author":[{"embeddable":true,"href":"https:\/\/alliancefr.se\/falun\/wp-json\/wp\/v2\/users\/1"}],"replies":[{"embeddable":true,"href":"https:\/\/alliancefr.se\/falun\/wp-json\/wp\/v2\/comments?post=104"}],"version-history":[{"count":19,"href":"https:\/\/alliancefr.se\/falun\/wp-json\/wp\/v2\/pages\/104\/revisions"}],"predecessor-version":[{"id":1016,"href":"https:\/\/alliancefr.se\/falun\/wp-json\/wp\/v2\/pages\/104\/revisions\/1016"}],"wp:attachment":[{"href":"https:\/\/alliancefr.se\/falun\/wp-json\/wp\/v2\/media?parent=104"}],"curies":[{"name":"wp","href":"https:\/\/api.w.org\/{rel}","templated":true}]}}