{"id":66,"date":"2023-11-06T19:31:12","date_gmt":"2023-11-06T18:31:12","guid":{"rendered":"https:\/\/alliancefr.se\/angermanland\/?page_id=66"},"modified":"2023-11-08T15:35:24","modified_gmt":"2023-11-08T14:35:24","slug":"natverket","status":"publish","type":"page","link":"https:\/\/alliancefr.se\/angermanland\/sv\/natverket\/","title":{"rendered":"N\u00e4tverket"},"content":{"rendered":"\t\t<div data-elementor-type=\"wp-page\" data-elementor-id=\"66\" class=\"elementor elementor-66\">\n\t\t\t\t\t\t<section class=\"elementor-section elementor-top-section elementor-element elementor-element-7d58bbb elementor-section-boxed elementor-section-height-default elementor-section-height-default\" data-id=\"7d58bbb\" data-element_type=\"section\">\n\t\t\t\t\t\t<div class=\"elementor-container elementor-column-gap-default\">\n\t\t\t\t\t<div class=\"elementor-column elementor-col-100 elementor-top-column elementor-element elementor-element-226683a\" data-id=\"226683a\" data-element_type=\"column\">\n\t\t\t<div class=\"elementor-widget-wrap elementor-element-populated\">\n\t\t\t\t\t\t<div class=\"elementor-element elementor-element-97325de elementor-widget elementor-widget-text-editor\" data-id=\"97325de\" data-element_type=\"widget\" data-widget_type=\"text-editor.default\">\n\t\t\t\t<div class=\"elementor-widget-container\">\n\t\t\t\t\t\t\t\t\t<p><strong>Alliance Fran\u00e7aise i v\u00e4rlden\u00a0<\/strong><\/p><p>Alliance Fran\u00e7aise grundades 1883 i Paris f\u00f6r att fr\u00e4mja det franska spr\u00e5ket och fransk kultur \u00f6ver hela v\u00e4rlden efter det franska nederlaget mot Preussen 1870. Det h\u00e4r franskspr\u00e5kiga globala n\u00e4tverket fungerar som ett franchisesystem vilket inneb\u00e4r att varje ny Alliance Fran\u00e7aise-f\u00f6rening skapas p\u00e5 lokalt initiativ och att f\u00f6reningarna regleras av lokala lagar, \u00e4r sj\u00e4lvst\u00e4ndiga och sj\u00e4lvfinansierade. Idag finns det \u00f6ver 800 Alliance Fran\u00e7aise i 136 l\u00e4nder. N\u00e4tverkets fr\u00e4msta m\u00e5l \u00e4r att h\u00e5lla kurser i franska och erbjuda ett franskspr\u00e5kigt kulturprogram. Sedan 2007 samlas alla Alliance Fran\u00e7aise under stiftelsen Fondation Alliance Fran\u00e7aise i Paris, som \u00e4r ett st\u00f6d och en referens f\u00f6r alla f\u00f6reningar.<\/p><p><a href=\"https:\/\/alliancefr.se\/sv\/alliances-francaises-suede\/\">Uppt\u00e4ck kartan \u00f6ver Alliance Fran\u00e7aise n\u00e4tverk i Sverige h\u00e4r<\/a><\/p>\t\t\t\t\t\t\t\t<\/div>\n\t\t\t\t<\/div>\n\t\t\t\t\t<\/div>\n\t\t<\/div>\n\t\t\t\t\t<\/div>\n\t\t<\/section>\n\t\t\t\t<section class=\"elementor-section elementor-top-section elementor-element elementor-element-5924e38 elementor-section-boxed elementor-section-height-default elementor-section-height-default\" data-id=\"5924e38\" data-element_type=\"section\">\n\t\t\t\t\t\t<div class=\"elementor-container elementor-column-gap-default\">\n\t\t\t\t\t<div class=\"elementor-column elementor-col-100 elementor-top-column elementor-element elementor-element-7f6bc16\" data-id=\"7f6bc16\" data-element_type=\"column\">\n\t\t\t<div class=\"elementor-widget-wrap elementor-element-populated\">\n\t\t\t\t\t\t<div class=\"elementor-element elementor-element-f21bb53 elementor-widget elementor-widget-image\" data-id=\"f21bb53\" data-element_type=\"widget\" data-widget_type=\"image.default\">\n\t\t\t\t<div class=\"elementor-widget-container\">\n\t\t\t\t\t\t\t\t\t\t\t\t\t\t\t\t<a href=\"https:\/\/alliancefr.se\/sv\/alliances-francaises-suede\/\">\n\t\t\t\t\t\t\t<img fetchpriority=\"high\" decoding=\"async\" width=\"300\" height=\"223\" src=\"https:\/\/alliancefr.se\/angermanland\/wp-content\/uploads\/sites\/10\/2023\/11\/AF_Classique_Suede-300x223.png\" class=\"attachment-medium size-medium wp-image-23\" alt=\"\" \/>\t\t\t\t\t\t\t\t<\/a>\n\t\t\t\t\t\t\t\t\t\t\t\t\t\t\t<\/div>\n\t\t\t\t<\/div>\n\t\t\t\t\t<\/div>\n\t\t<\/div>\n\t\t\t\t\t<\/div>\n\t\t<\/section>\n\t\t\t\t<\/div>\n\t\t","protected":false},"excerpt":{"rendered":"<p>Alliance Fran\u00e7aise i v\u00e4rlden\u00a0 Alliance Fran\u00e7aise grundades 1883 i Paris f\u00f6r att fr\u00e4mja det franska spr\u00e5ket och fransk kultur \u00f6ver hela v\u00e4rlden efter det franska nederlaget mot Preussen 1870. Det h\u00e4r franskspr\u00e5kiga globala n\u00e4tverket fungerar som ett franchisesystem vilket inneb\u00e4r att varje ny Alliance Fran\u00e7aise-f\u00f6rening skapas p\u00e5 lokalt initiativ och att f\u00f6reningarna regleras av lokala lagar, \u00e4r sj\u00e4lvst\u00e4ndiga och sj\u00e4lvfinansierade. Idag finns det \u00f6ver 800 Alliance Fran\u00e7aise i 136 l\u00e4nder. N\u00e4tverkets fr\u00e4msta m\u00e5l \u00e4r att h\u00e5lla kurser i franska och erbjuda ett franskspr\u00e5kigt kulturprogram. Sedan 2007 samlas alla Alliance Fran\u00e7aise under stiftelsen Fondation Alliance Fran\u00e7aise i Paris, som \u00e4r ett st\u00f6d och en referens f\u00f6r alla f\u00f6reningar. Uppt\u00e4ck kartan \u00f6ver Alliance Fran\u00e7aise n\u00e4tverk i Sverige h\u00e4r<\/p>\n","protected":false},"author":1,"featured_media":0,"parent":0,"menu_order":0,"comment_status":"closed","ping_status":"closed","template":"","meta":{"om_disable_all_campaigns":false,"_monsterinsights_skip_tracking":false,"_monsterinsights_sitenote_active":false,"_monsterinsights_sitenote_note":"","_monsterinsights_sitenote_category":0,"_uf_show_specific_survey":0,"_uf_disable_surveys":false,"footnotes":""},"class_list":["post-66","page","type-page","status-publish","hentry"],"aioseo_notices":[],"rttpg_featured_image_url":null,"rttpg_author":{"display_name":"Super.admin","author_link":"https:\/\/alliancefr.se\/angermanland\/author\/admin2174\/"},"rttpg_comment":0,"rttpg_category":" <a href=\"https:\/\/alliancefr.se\/angermanland\/sv\/\" rel=\"tag\">Svenska<\/a>","rttpg_excerpt":"Alliance Fran\u00e7aise i v\u00e4rlden\u00a0 Alliance Fran\u00e7aise grundades 1883 i Paris f\u00f6r att fr\u00e4mja det franska spr\u00e5ket och fransk kultur \u00f6ver hela v\u00e4rlden efter det franska nederlaget mot Preussen 1870. Det h\u00e4r franskspr\u00e5kiga globala n\u00e4tverket fungerar som ett franchisesystem vilket inneb\u00e4r att varje ny Alliance Fran\u00e7aise-f\u00f6rening skapas p\u00e5 lokalt initiativ och att f\u00f6reningarna regleras av lokala\u2026","_links":{"self":[{"href":"https:\/\/alliancefr.se\/angermanland\/wp-json\/wp\/v2\/pages\/66","targetHints":{"allow":["GET"]}}],"collection":[{"href":"https:\/\/alliancefr.se\/angermanland\/wp-json\/wp\/v2\/pages"}],"about":[{"href":"https:\/\/alliancefr.se\/angermanland\/wp-json\/wp\/v2\/types\/page"}],"author":[{"embeddable":true,"href":"https:\/\/alliancefr.se\/angermanland\/wp-json\/wp\/v2\/users\/1"}],"replies":[{"embeddable":true,"href":"https:\/\/alliancefr.se\/angermanland\/wp-json\/wp\/v2\/comments?post=66"}],"version-history":[{"count":11,"href":"https:\/\/alliancefr.se\/angermanland\/wp-json\/wp\/v2\/pages\/66\/revisions"}],"predecessor-version":[{"id":120,"href":"https:\/\/alliancefr.se\/angermanland\/wp-json\/wp\/v2\/pages\/66\/revisions\/120"}],"wp:attachment":[{"href":"https:\/\/alliancefr.se\/angermanland\/wp-json\/wp\/v2\/media?parent=66"}],"curies":[{"name":"wp","href":"https:\/\/api.w.org\/{rel}","templated":true}]}}