{"id":61,"date":"2023-11-06T19:28:47","date_gmt":"2023-11-06T18:28:47","guid":{"rendered":"https:\/\/alliancefr.se\/angermanland\/?page_id=61"},"modified":"2024-10-13T18:24:35","modified_gmt":"2024-10-13T16:24:35","slug":"om-oss","status":"publish","type":"page","link":"https:\/\/alliancefr.se\/angermanland\/sv\/om-oss\/","title":{"rendered":"Om oss"},"content":{"rendered":"\t\t<div data-elementor-type=\"wp-page\" data-elementor-id=\"61\" class=\"elementor elementor-61\">\n\t\t\t\t\t\t<section class=\"elementor-section elementor-top-section elementor-element elementor-element-b28f2d5 elementor-section-boxed elementor-section-height-default elementor-section-height-default\" data-id=\"b28f2d5\" data-element_type=\"section\">\n\t\t\t\t\t\t<div class=\"elementor-container elementor-column-gap-default\">\n\t\t\t\t\t<div class=\"elementor-column elementor-col-100 elementor-top-column elementor-element elementor-element-051d364\" data-id=\"051d364\" data-element_type=\"column\">\n\t\t\t<div class=\"elementor-widget-wrap elementor-element-populated\">\n\t\t\t\t\t\t<div class=\"elementor-element elementor-element-9428235 elementor-widget elementor-widget-text-editor\" data-id=\"9428235\" data-element_type=\"widget\" data-widget_type=\"text-editor.default\">\n\t\t\t\t<div class=\"elementor-widget-container\">\n\t\t\t\t\t\t\t\t\t<p>V\u00e5r lokalf\u00f6rening av Alliance Fran\u00e7aise grundades 1997 i H\u00e4rn\u00f6sand. Vi erbjuder m\u00e5nga olika aktiviteter som till exempel f\u00f6redrag, l\u00e4secirklar, filmer, s\u00e5ngkv\u00e4llar, samkv\u00e4m och teaterdagar. F\u00f6redragen h\u00e5lls p\u00e5 franska och ibland p\u00e5 svenska. H\u00f6r g\u00e4rna av dig om du \u00e4r intresserad av det franska spr\u00e5ket och kulturen i franskspr\u00e5kiga l\u00e4nder!<\/p>\n<p><\/p>\n<p><strong>Styrelsen:<\/strong> <br><\/p><p>Catharina Ros\u00e9n,&nbsp;<span style=\"color: var( --e-global-color-text );font-family: var( --e-global-typography-text-font-family ), Sans-serif;font-weight: var( --e-global-typography-text-font-weight );letter-spacing: 0px\">ordf\u00f6rande<\/span><\/p><p><span style=\"color: var( --e-global-color-text );font-family: var( --e-global-typography-text-font-family ), Sans-serif;font-weight: var( --e-global-typography-text-font-weight );letter-spacing: 0px\">Paula Viberg, vice&nbsp;<\/span><span style=\"color: var( --e-global-color-text );font-family: var( --e-global-typography-text-font-family ), Sans-serif;font-weight: var( --e-global-typography-text-font-weight );letter-spacing: 0px\">ordf\u00f6rande<\/span><\/p><p>Ulrika Sundgren,&nbsp;<span style=\"color: var( --e-global-color-text );font-family: var( --e-global-typography-text-font-family ), Sans-serif;font-weight: var( --e-global-typography-text-font-weight );letter-spacing: 0px\">kass\u00f6r<\/span><\/p><p>Lena Fassali,&nbsp;<span style=\"color: var( --e-global-color-text );font-family: var( --e-global-typography-text-font-family ), Sans-serif;font-weight: var( --e-global-typography-text-font-weight );letter-spacing: 0px\">sekreterare<\/span><\/p><p>Birgitta Smith,&nbsp;<span style=\"color: var( --e-global-color-text );font-family: var( --e-global-typography-text-font-family ), Sans-serif;font-weight: var( --e-global-typography-text-font-weight );letter-spacing: 0px\">styrelseledamot<\/span><br><\/p><p>Anita Shenoi,&nbsp;<span style=\"color: var( --e-global-color-text );font-family: var( --e-global-typography-text-font-family ), Sans-serif;font-weight: var( --e-global-typography-text-font-weight );letter-spacing: 0px\">styrelseledamot<\/span><\/p><p>Rapha\u00ebl Berger,&nbsp;<span style=\"color: var( --e-global-color-text );font-family: var( --e-global-typography-text-font-family ), Sans-serif;font-weight: var( --e-global-typography-text-font-weight );letter-spacing: 0px\">styrelseledamot<\/span><\/p>\t\t\t\t\t\t\t\t<\/div>\n\t\t\t\t<\/div>\n\t\t\t\t\t<\/div>\n\t\t<\/div>\n\t\t\t\t\t<\/div>\n\t\t<\/section>\n\t\t\t\t<\/div>\n\t\t","protected":false},"excerpt":{"rendered":"<p>V\u00e5r lokalf\u00f6rening av Alliance Fran\u00e7aise grundades 1997 i H\u00e4rn\u00f6sand. Vi erbjuder m\u00e5nga olika aktiviteter som till exempel f\u00f6redrag, l\u00e4secirklar, filmer, s\u00e5ngkv\u00e4llar, samkv\u00e4m och teaterdagar. F\u00f6redragen h\u00e5lls p\u00e5 franska och ibland p\u00e5 svenska. H\u00f6r g\u00e4rna av dig om du \u00e4r intresserad av det franska spr\u00e5ket och kulturen i franskspr\u00e5kiga l\u00e4nder! Styrelsen: Catharina Ros\u00e9n,&nbsp;ordf\u00f6rande Paula Viberg, vice&nbsp;ordf\u00f6rande Ulrika Sundgren,&nbsp;kass\u00f6r Lena Fassali,&nbsp;sekreterare Birgitta Smith,&nbsp;styrelseledamot Anita Shenoi,&nbsp;styrelseledamot Rapha\u00ebl Berger,&nbsp;styrelseledamot<\/p>\n","protected":false},"author":1,"featured_media":0,"parent":0,"menu_order":0,"comment_status":"closed","ping_status":"closed","template":"","meta":{"om_disable_all_campaigns":false,"_monsterinsights_skip_tracking":false,"_monsterinsights_sitenote_active":false,"_monsterinsights_sitenote_note":"","_monsterinsights_sitenote_category":0,"_uf_show_specific_survey":0,"_uf_disable_surveys":false,"footnotes":""},"class_list":["post-61","page","type-page","status-publish","hentry"],"aioseo_notices":[],"rttpg_featured_image_url":null,"rttpg_author":{"display_name":"Super.admin","author_link":"https:\/\/alliancefr.se\/angermanland\/author\/admin2174\/"},"rttpg_comment":0,"rttpg_category":" <a href=\"https:\/\/alliancefr.se\/angermanland\/sv\/\" rel=\"tag\">Svenska<\/a>","rttpg_excerpt":"V\u00e5r lokalf\u00f6rening av Alliance Fran\u00e7aise grundades 1997 i H\u00e4rn\u00f6sand. Vi erbjuder m\u00e5nga olika aktiviteter som till exempel f\u00f6redrag, l\u00e4secirklar, filmer, s\u00e5ngkv\u00e4llar, samkv\u00e4m och teaterdagar. F\u00f6redragen h\u00e5lls p\u00e5 franska och ibland p\u00e5 svenska. H\u00f6r g\u00e4rna av dig om du \u00e4r intresserad av det franska spr\u00e5ket och kulturen i franskspr\u00e5kiga l\u00e4nder! Styrelsen: Catharina Ros\u00e9n,&nbsp;ordf\u00f6rande Paula Viberg, vice&nbsp;ordf\u00f6rande\u2026","_links":{"self":[{"href":"https:\/\/alliancefr.se\/angermanland\/wp-json\/wp\/v2\/pages\/61","targetHints":{"allow":["GET"]}}],"collection":[{"href":"https:\/\/alliancefr.se\/angermanland\/wp-json\/wp\/v2\/pages"}],"about":[{"href":"https:\/\/alliancefr.se\/angermanland\/wp-json\/wp\/v2\/types\/page"}],"author":[{"embeddable":true,"href":"https:\/\/alliancefr.se\/angermanland\/wp-json\/wp\/v2\/users\/1"}],"replies":[{"embeddable":true,"href":"https:\/\/alliancefr.se\/angermanland\/wp-json\/wp\/v2\/comments?post=61"}],"version-history":[{"count":10,"href":"https:\/\/alliancefr.se\/angermanland\/wp-json\/wp\/v2\/pages\/61\/revisions"}],"predecessor-version":[{"id":220,"href":"https:\/\/alliancefr.se\/angermanland\/wp-json\/wp\/v2\/pages\/61\/revisions\/220"}],"wp:attachment":[{"href":"https:\/\/alliancefr.se\/angermanland\/wp-json\/wp\/v2\/media?parent=61"}],"curies":[{"name":"wp","href":"https:\/\/api.w.org\/{rel}","templated":true}]}}