{"id":10,"date":"2023-11-02T16:18:05","date_gmt":"2023-11-02T15:18:05","guid":{"rendered":"http:\/\/alliancefr.se\/angermanland\/?page_id=10"},"modified":"2026-01-25T17:24:19","modified_gmt":"2026-01-25T16:24:19","slug":"qui-sommes-nous","status":"publish","type":"page","link":"https:\/\/alliancefr.se\/angermanland\/qui-sommes-nous\/","title":{"rendered":"Qui sommes-nous\u00a0?"},"content":{"rendered":"\t\t<div data-elementor-type=\"wp-page\" data-elementor-id=\"10\" class=\"elementor elementor-10\">\n\t\t\t\t\t\t<section class=\"elementor-section elementor-top-section elementor-element elementor-element-b28f2d5 elementor-section-boxed elementor-section-height-default elementor-section-height-default\" data-id=\"b28f2d5\" data-element_type=\"section\">\n\t\t\t\t\t\t<div class=\"elementor-container elementor-column-gap-default\">\n\t\t\t\t\t<div class=\"elementor-column elementor-col-100 elementor-top-column elementor-element elementor-element-051d364\" data-id=\"051d364\" data-element_type=\"column\">\n\t\t\t<div class=\"elementor-widget-wrap elementor-element-populated\">\n\t\t\t\t\t\t<div class=\"elementor-element elementor-element-4273139 elementor-widget elementor-widget-text-editor\" data-id=\"4273139\" data-element_type=\"widget\" data-widget_type=\"text-editor.default\">\n\t\t\t\t<div class=\"elementor-widget-container\">\n\t\t\t\t\t\t\t\t\t<p>Est-ce que la langue fran\u00e7aise et la culture de la Francophonie vous int\u00e9ressent ? Dans ce cas, vous pouvez contacter l&rsquo;association culturelle Alliance Fran\u00e7aise \u00c5ngermanland \u00e0 H\u00e4rn\u00f6sand !<\/p><p>Cr\u00e9\u00e9 en 1997 \u00e0 H\u00e4rn\u00f6sand, notre association locale de l\u2019Alliance Fran\u00e7aise, offre des activit\u00e9s vari\u00e9es telles que conf\u00e9rences, cercles de lecture, soir\u00e9es cin\u00e9ma, soir\u00e9es chantant, soir\u00e9es festives, ateliers th\u00e9\u00e2tre, etc. Les conf\u00e9rences sont tenues en fran\u00e7ais et quelquefois en su\u00e9dois. N\u2019h\u00e9sitez pas \u00e0 nous contacter si la langue fran\u00e7aise et la culture de la Francophonie vous int\u00e9ressent\u00a0!<\/p><p>Alliance Fran\u00e7aise est une association globale cr\u00e9\u00e9 \u00e0 Paris en 1833. L&rsquo;association est une organisation apolitique et non religieuse dont l&rsquo;objectif est de promouvoir la langue fran\u00e7aise et la culture de toute la Francophonie.\u00a0<\/p>\t\t\t\t\t\t\t\t<\/div>\n\t\t\t\t<\/div>\n\t\t\t\t<div class=\"elementor-element elementor-element-9428235 elementor-widget elementor-widget-text-editor\" data-id=\"9428235\" data-element_type=\"widget\" data-widget_type=\"text-editor.default\">\n\t\t\t\t<div class=\"elementor-widget-container\">\n\t\t\t\t\t\t\t\t\t<p>\u00a0<strong>Le comit\u00e9 est compos\u00e9 de\u00a0:<\/strong><br \/>Catharina Ros\u00e9n, pr\u00e9sidente<\/p><p><span style=\"color: var( --e-global-color-text ); font-family: var( --e-global-typography-text-font-family ), Sans-serif; font-weight: var( --e-global-typography-text-font-weight ); letter-spacing: 0px;\">Paula Viberg, vice-pr\u00e9sidente<\/span><\/p><p>Ulrika Sundgren, tr\u00e9sori\u00e8re<\/p><p>Lena Fassali, secr\u00e9taire<\/p><p>Birgitta Smith, membre du comit\u00e9<\/p><p>Anita Shenoi, membre du comit\u00e9<\/p><p>Rapha\u00ebl Berger,\u00a0<span style=\"color: var( --e-global-color-text ); font-family: var( --e-global-typography-text-font-family ), Sans-serif; font-weight: var( --e-global-typography-text-font-weight ); letter-spacing: 0px;\">membre du comit\u00e9<\/span><\/p>\t\t\t\t\t\t\t\t<\/div>\n\t\t\t\t<\/div>\n\t\t\t\t\t<\/div>\n\t\t<\/div>\n\t\t\t\t\t<\/div>\n\t\t<\/section>\n\t\t\t\t<section class=\"elementor-section elementor-top-section elementor-element elementor-element-6e53e84 elementor-section-boxed elementor-section-height-default elementor-section-height-default\" data-id=\"6e53e84\" data-element_type=\"section\">\n\t\t\t\t\t\t<div class=\"elementor-container elementor-column-gap-default\">\n\t\t\t\t\t<div class=\"elementor-column elementor-col-100 elementor-top-column elementor-element elementor-element-1178116\" data-id=\"1178116\" data-element_type=\"column\">\n\t\t\t<div class=\"elementor-widget-wrap\">\n\t\t\t\t\t\t\t<\/div>\n\t\t<\/div>\n\t\t\t\t\t<\/div>\n\t\t<\/section>\n\t\t\t\t<\/div>\n\t\t","protected":false},"excerpt":{"rendered":"<p>Est-ce que la langue fran\u00e7aise et la culture de la Francophonie vous int\u00e9ressent ? Dans ce cas, vous pouvez contacter l&rsquo;association culturelle Alliance Fran\u00e7aise \u00c5ngermanland \u00e0 H\u00e4rn\u00f6sand ! Cr\u00e9\u00e9 en 1997 \u00e0 H\u00e4rn\u00f6sand, notre association locale de l\u2019Alliance Fran\u00e7aise, offre des activit\u00e9s vari\u00e9es telles que conf\u00e9rences, cercles de lecture, soir\u00e9es cin\u00e9ma, soir\u00e9es chantant, soir\u00e9es festives, ateliers th\u00e9\u00e2tre, etc. Les conf\u00e9rences sont tenues en fran\u00e7ais et quelquefois en su\u00e9dois. N\u2019h\u00e9sitez pas \u00e0 nous contacter si la langue fran\u00e7aise et la culture de la Francophonie vous int\u00e9ressent\u00a0! Alliance Fran\u00e7aise est une association globale cr\u00e9\u00e9 \u00e0 Paris en 1833. L&rsquo;association est une organisation apolitique et non religieuse dont l&rsquo;objectif est de promouvoir la langue fran\u00e7aise et la culture de toute la Francophonie.\u00a0 \u00a0Le comit\u00e9 est compos\u00e9 de\u00a0:Catharina Ros\u00e9n, pr\u00e9sidente Paula Viberg, vice-pr\u00e9sidente Ulrika Sundgren, tr\u00e9sori\u00e8re Lena Fassali, secr\u00e9taire Birgitta Smith, membre du comit\u00e9 Anita Shenoi, membre du comit\u00e9 Rapha\u00ebl Berger,\u00a0membre du comit\u00e9<\/p>\n","protected":false},"author":1,"featured_media":0,"parent":0,"menu_order":0,"comment_status":"closed","ping_status":"closed","template":"","meta":{"om_disable_all_campaigns":false,"_monsterinsights_skip_tracking":false,"_monsterinsights_sitenote_active":false,"_monsterinsights_sitenote_note":"","_monsterinsights_sitenote_category":0,"_uf_show_specific_survey":0,"_uf_disable_surveys":false,"footnotes":""},"class_list":["post-10","page","type-page","status-publish","hentry"],"aioseo_notices":[],"rttpg_featured_image_url":null,"rttpg_author":{"display_name":"Super.admin","author_link":"https:\/\/alliancefr.se\/angermanland\/author\/admin2174\/"},"rttpg_comment":0,"rttpg_category":" <a href=\"https:\/\/alliancefr.se\/angermanland\/\" rel=\"tag\">Fran\u00e7ais<\/a>","rttpg_excerpt":"Est-ce que la langue fran\u00e7aise et la culture de la Francophonie vous int\u00e9ressent ? Dans ce cas, vous pouvez contacter l&rsquo;association culturelle Alliance Fran\u00e7aise \u00c5ngermanland \u00e0 H\u00e4rn\u00f6sand ! Cr\u00e9\u00e9 en 1997 \u00e0 H\u00e4rn\u00f6sand, notre association locale de l\u2019Alliance Fran\u00e7aise, offre des activit\u00e9s vari\u00e9es telles que conf\u00e9rences, cercles de lecture, soir\u00e9es cin\u00e9ma, soir\u00e9es chantant, soir\u00e9es festives,\u2026","_links":{"self":[{"href":"https:\/\/alliancefr.se\/angermanland\/wp-json\/wp\/v2\/pages\/10","targetHints":{"allow":["GET"]}}],"collection":[{"href":"https:\/\/alliancefr.se\/angermanland\/wp-json\/wp\/v2\/pages"}],"about":[{"href":"https:\/\/alliancefr.se\/angermanland\/wp-json\/wp\/v2\/types\/page"}],"author":[{"embeddable":true,"href":"https:\/\/alliancefr.se\/angermanland\/wp-json\/wp\/v2\/users\/1"}],"replies":[{"embeddable":true,"href":"https:\/\/alliancefr.se\/angermanland\/wp-json\/wp\/v2\/comments?post=10"}],"version-history":[{"count":20,"href":"https:\/\/alliancefr.se\/angermanland\/wp-json\/wp\/v2\/pages\/10\/revisions"}],"predecessor-version":[{"id":332,"href":"https:\/\/alliancefr.se\/angermanland\/wp-json\/wp\/v2\/pages\/10\/revisions\/332"}],"wp:attachment":[{"href":"https:\/\/alliancefr.se\/angermanland\/wp-json\/wp\/v2\/media?parent=10"}],"curies":[{"name":"wp","href":"https:\/\/api.w.org\/{rel}","templated":true}]}}