{"id":412,"date":"2019-05-23T16:51:26","date_gmt":"2019-05-23T14:51:26","guid":{"rendered":"http:\/\/alliancefr.se\/ostersund\/var-2018\/"},"modified":"2023-10-03T16:30:50","modified_gmt":"2023-10-03T14:30:50","slug":"var-2018","status":"publish","type":"page","link":"http:\/\/alliancefr.se\/ostersund\/sv\/var-2018\/","title":{"rendered":"V\u00e5r 2018"},"content":{"rendered":"<section>Alliance fran\u00e7aise i \u00d6stersund har ett brett och varierat kulturellprogram om den fransktalande v\u00e4rlden. Vi brukar organisera f\u00f6rel\u00e4sningar om ett omr\u00e5de, ett land, en k\u00e4ndis eller \u00e4ven ett koncept, de h\u00e4r evenemangen utg\u00f6r en stor del av v\u00e5r verksamhet.<\/p>\n<p>Men Alliance fran\u00e7aise i \u00d6stersund har ocks\u00e5 m\u00e5nga andra aktiviteter som ger dig m\u00f6jligheten att uppt\u00e4cka franska och de fransktalande kulturerna p\u00e5 ett gemytligt s\u00e4tt i \u00d6stersund oavsett om du pratar franska eller inte. Uppt\u00e4ck aktiviteterna som v\u00e5ra medlemmar organiserar nu :<\/p>\n<h1 style=\"text-align: center\">Programme 1er semestre 2018<\/h1>\n<\/section>\n<section>\n<h3 style=\"text-align: center\"><strong>Alfapetturnering !<\/strong><\/h3>\n<p style=\"text-align: center\">Torsdagen den<strong>&nbsp;<\/strong>24 maj 2018, p\u00e5 J\u00e4mtlands gymnasium Wargentin !<\/p>\n<p style=\"text-align: center\">Pr\u00e9sentation par Stephan Wininger<\/p>\n<\/section>\n<section data-kc-equalheight=\"true\" data-kc-equalheight-align=\"middle\"><img decoding=\"async\" src=\"http:\/\/www.alliancefrancaise-ostersund.eu\/wp-content\/uploads\/2018\/04\/Scrabble.jpg\" alt=\"\"><\/p>\n<p>Detta v\u00e4lk\u00e4nda spel \u00e4r mycket popul\u00e4rt i Frankrike och entusiasterna har bildat klubbar i hela Frankrike f\u00f6r att spela ensamma, parvis eller flera tillsammans. Denna kv\u00e4ll spelar vi ett gemensamt parti. Alla spelar tv\u00e5 och tv\u00e5 tillsammans, men vi r\u00e4knar det b\u00e4sta resultatet varje g\u00e5ng. Varje par f\u00e5r sina individuella po\u00e4ng. Vid finalen tilldelas segrarna ett pris.<br \/>\nVi b\u00f6rjar spela kl. 18.30. Vi hoppas m\u00e5nga kommer!<\/p>\n<p>Efter konferensen erbjuder vi en m\u00e5ltid till priset 140 kronor inklusive dryck (120 kronor utan alkohol). Anm\u00e4lan g\u00f6rs till St\u00e9phan Wininger antingen per telefon 073-720 93 14 eller per<br \/>\ne-mail till stephanwin@hotmail.com eller till v\u00e5r Facebooksida, Alliance Fran\u00e7aise d\u00b4\u00d6stersund innan den 20 maj 2018.<\/p>\n<p><em>Torsdagen den<strong>&nbsp;24 maj 2018<\/strong>, p\u00e5 J\u00e4mtlands gymnasium Wargentin<\/em><\/p>\n<\/section>\n<section>\n<p style=\"text-align: center\"><strong>Haute-Normandie<\/strong><\/p>\n<p>Onsdagen den 25 april 2018, p\u00e5 J\u00e4mtlands gymnasium Wargentin !<\/p>\n<p style=\"text-align: center\">Pr\u00e9sentation par Alexandre Campion<\/p>\n<\/section>\n<section data-kc-equalheight=\"true\" data-kc-equalheight-align=\"middle\"><img decoding=\"async\" src=\"http:\/\/www.alliancefrancaise-ostersund.eu\/wp-content\/uploads\/2018\/04\/Blason_Normandie.svg_.png\" alt=\"\"><\/p>\n<p>Alexandre l\u00e5ter oss uppt\u00e4cka sin hemtrakt, fr\u00e5n Rouen till Dieppe via Seines mynning, klipporna i Etretat och den ber\u00f6mda hamnen i Le Havre. Dessutom, icke att f\u00f6rgl\u00f6mma, de lokala specialiteterna som cidern eller osten fr\u00e5n Neufch\u00e2tel. Alexandre guidar oss genom denna region av krokv\u00e4gar och branta klippor vid Engelska kanalen.<\/p>\n<p>Efter konferensen erbjuder vi er en m\u00e5ltid till en kostnad av 140 kr inklusive dryck (120 kronor utan alkohol). Anm\u00e4lan g\u00f6rs till St\u00e9phan Wininger, antingen per telefon 073-720 93 14 eller via e-mail till stephanwin@hotmail.com eller p\u00e5 v\u00e5r Facebooksida, Alliance Francaise d\u00b4\u00d6stersund, innan den 20 april 2018.<\/p>\n<p><em>Onsdagen den <strong>25 april 2018,<\/strong> p\u00e5 J\u00e4mtlands gymnasium Wargentin<\/em><\/p>\n<\/section>\n<section>\n<h3 style=\"text-align: center\"><strong>Visning av filmen<\/strong><br \/>\n<strong>\u201dLes beaux jours\u201d (textad p\u00e5 franska)<\/strong><\/h3>\n<p>Torsdagenden 22 mars 2018, p\u00e5 J\u00e4mtlands gymnasium Wargentin !<\/p>\n<p style=\"text-align: center\">Regiss\u00f6ren Marion Vernoux<\/p>\n<\/section>\n<section data-kc-equalheight=\"true\" data-kc-equalheight-align=\"middle\"><img decoding=\"async\" src=\"http:\/\/www.alliancefrancaise-ostersund.eu\/wp-content\/uploads\/2018\/03\/les-beaux-jours.jpg\" alt=\"\"><\/p>\n<p>Filmen \u201dLes beaux jours\u201d \u00e4r ett romantiskt drama fr\u00e5n 2013.<br \/>\nH\u00e4r f\u00f6ljer en kort resum\u00e9:<br \/>\nSk\u00f6na dagar? Har Caroline, som nyligen g\u00e5tt i pension, bara detta att se fram emot: fritid och \u00e4nnu mer fritid.<br \/>\nEtt liv fyllt av njutning? S\u00e5 enkelt \u00e4r det inte\u2026 Hur \u00e4r det d\u00e5 m\u00f6jligt att b\u00f6rja om p\u00e5 nytt? Att trotsa regler, utmana nya m\u00f6ten \u2013 eller helt enkelt bara fylla sina dagar?<br \/>\nS\u00e5vida allt inte redan finns d\u00e4r?&#8230;<\/p>\n<p>Efter visningen kan vi diskutera filmen runt ett glas vin och en liten osttallrik till en kostnad av100 kr (80 kr utan alkohol). Anm\u00e4lan g\u00f6rs senast den 20 mars 2018 till St\u00e9phan Wininger p\u00e5 telefon 073-720 93 14, via mail till stephanwin@hotmail.com eller p\u00e5 v\u00e5r Faceboksida Alliance Fran\u00e7aise d\u00b4\u00d6stersund.<\/p>\n<p><em>Torsdagenden <strong>22 mars&nbsp;2018<\/strong>,&nbsp;p\u00e5 J\u00e4mtlands gymnasium Wargentin<\/em><\/p>\n<p><em>Attention! L\u2019entr\u00e9e se fera par Regemensgatan puisque nous<\/em><br \/>\n<em>regarderons le film dans la salle Ekerwald.<br \/>\n<\/em><\/p>\n<\/section>\n<section>\n<h3 style=\"text-align: center\"><strong>Franska Guyana<\/strong><\/h3>\n<p>Onsdagen den 21 februari 2018, p\u00e5 J\u00e4mtlands gymnasium Wargentin !<\/p>\n<p style=\"text-align: center\">Presentation par Nicolas Ribot<\/p>\n<\/section>\n<section data-kc-equalheight=\"true\" data-kc-equalheight-align=\"middle\"><img decoding=\"async\" src=\"http:\/\/www.alliancefrancaise-ostersund.eu\/wp-content\/uploads\/2018\/03\/Guyane_map-en.svg_.png\" alt=\"\"><\/p>\n<p>Som fransk utomeuropeisk besittning \u00e4r Guyana ett samh\u00e4lle&nbsp;sammansatt av olika samh\u00e4llsgemenskaper, som har tydliga roller.<br \/>\nHan kommer att ber\u00e4tta f\u00f6r oss om karakt\u00e4ristiska geografiska egenskaper, om rikedomen i den biologiska m\u00e5ngfalden och om hoten som tynger den.<\/p>\n<p>Apr\u00e8s la conf\u00e9rence, nous vous proposons un repas pour la somme de 140 kr boissons incluses (120 kr sans alcool). Il faut s\u2019inscrire aupr\u00e8s de St\u00e9phan Wininger soit par t\u00e9l\u00e9phone (073-720 93 14) ou par mail stephanwin@hotmail.com ou aussi sur notre page facebook, Alliance Fran\u00e7aise d\u2019\u00d6stersund avant le 18 f\u00e9vrier 2018<\/p>\n<p><em>Onsdagen den <strong>21 februari 2018<\/strong>,&nbsp;p\u00e5 J\u00e4mtlands gymnasium Wargentin !<\/em><\/p>\n<\/section>\n","protected":false},"excerpt":{"rendered":"<p>Alliance fran\u00e7aise i \u00d6stersund har ett brett och varierat kulturellprogram om den fransktalande v\u00e4rlden. Vi brukar organisera f\u00f6rel\u00e4sningar om ett omr\u00e5de, ett land, en k\u00e4ndis eller \u00e4ven ett koncept, de h\u00e4r evenemangen utg\u00f6r en stor del av v\u00e5r verksamhet. Men Alliance fran\u00e7aise i \u00d6stersund har ocks\u00e5 m\u00e5nga andra aktiviteter som ger dig m\u00f6jligheten att uppt\u00e4cka franska och de fransktalande kulturerna p\u00e5 ett gemytligt s\u00e4tt i \u00d6stersund oavsett om du pratar franska eller inte. Uppt\u00e4ck aktiviteterna som v\u00e5ra medlemmar organiserar nu : Programme 1er semestre 2018 Alfapetturnering ! Torsdagen den&nbsp;24 maj 2018, p\u00e5 J\u00e4mtlands gymnasium Wargentin ! Pr\u00e9sentation par Stephan Wininger Detta v\u00e4lk\u00e4nda spel \u00e4r mycket popul\u00e4rt i Frankrike och entusiasterna har bildat klubbar i hela Frankrike f\u00f6r att spela ensamma, parvis eller flera tillsammans. Denna kv\u00e4ll spelar vi ett gemensamt parti. Alla spelar tv\u00e5 och tv\u00e5 tillsammans, men vi r\u00e4knar det b\u00e4sta resultatet varje g\u00e5ng. Varje par f\u00e5r sina individuella po\u00e4ng. Vid finalen tilldelas segrarna ett pris. Vi b\u00f6rjar spela kl. 18.30. Vi hoppas m\u00e5nga kommer! Efter konferensen erbjuder vi en m\u00e5ltid till priset 140 kronor inklusive dryck (120 kronor utan alkohol). Anm\u00e4lan g\u00f6rs till St\u00e9phan Wininger antingen per telefon 073-720 93 14 eller per e-mail till stephanwin@hotmail.com eller till v\u00e5r Facebooksida, Alliance Fran\u00e7aise d\u00b4\u00d6stersund innan den 20 maj 2018. Torsdagen den&nbsp;24 maj 2018, p\u00e5 J\u00e4mtlands gymnasium Wargentin Haute-Normandie Onsdagen den 25 april 2018, p\u00e5 J\u00e4mtlands gymnasium Wargentin ! Pr\u00e9sentation par Alexandre Campion Alexandre l\u00e5ter oss uppt\u00e4cka sin hemtrakt, fr\u00e5n Rouen till Dieppe via Seines mynning, klipporna i Etretat och den ber\u00f6mda hamnen i Le Havre. Dessutom, icke att f\u00f6rgl\u00f6mma, de lokala specialiteterna som cidern eller osten fr\u00e5n Neufch\u00e2tel. Alexandre guidar oss genom denna region av krokv\u00e4gar och branta klippor vid Engelska kanalen. Efter konferensen erbjuder vi er en m\u00e5ltid till en kostnad av 140 kr inklusive dryck (120 kronor utan alkohol). Anm\u00e4lan g\u00f6rs till St\u00e9phan Wininger, antingen per telefon 073-720 93 14 eller via e-mail till stephanwin@hotmail.com eller p\u00e5 v\u00e5r Facebooksida, Alliance Francaise d\u00b4\u00d6stersund, innan den 20 april 2018. Onsdagen den 25 april 2018, p\u00e5 J\u00e4mtlands gymnasium Wargentin Visning av filmen \u201dLes beaux jours\u201d (textad p\u00e5 franska) Torsdagenden 22 mars 2018, p\u00e5 J\u00e4mtlands gymnasium Wargentin ! Regiss\u00f6ren Marion Vernoux Filmen \u201dLes beaux jours\u201d \u00e4r ett romantiskt drama fr\u00e5n 2013. H\u00e4r f\u00f6ljer en kort resum\u00e9: Sk\u00f6na dagar? Har Caroline, som nyligen g\u00e5tt i pension, bara detta att se fram emot: fritid och \u00e4nnu mer fritid. Ett liv fyllt av njutning? S\u00e5 enkelt \u00e4r det inte\u2026 Hur \u00e4r det d\u00e5 m\u00f6jligt att b\u00f6rja om p\u00e5 nytt? Att trotsa regler, utmana nya m\u00f6ten \u2013 eller helt enkelt bara fylla sina dagar? S\u00e5vida allt inte redan finns d\u00e4r?&#8230; Efter visningen kan vi diskutera filmen runt ett glas vin och en liten osttallrik till en kostnad av100 kr (80 kr utan alkohol). Anm\u00e4lan g\u00f6rs senast den 20 mars 2018 till St\u00e9phan Wininger p\u00e5 telefon 073-720 93 14, via mail till stephanwin@hotmail.com eller p\u00e5 v\u00e5r Faceboksida Alliance Fran\u00e7aise d\u00b4\u00d6stersund. Torsdagenden 22 mars&nbsp;2018,&nbsp;p\u00e5 J\u00e4mtlands gymnasium Wargentin Attention! L\u2019entr\u00e9e se fera par Regemensgatan puisque nous regarderons le film dans la salle Ekerwald. Franska Guyana Onsdagen den 21 februari 2018, p\u00e5 J\u00e4mtlands gymnasium Wargentin ! Presentation par Nicolas Ribot Som fransk utomeuropeisk besittning \u00e4r Guyana ett samh\u00e4lle&nbsp;sammansatt av olika samh\u00e4llsgemenskaper, som har tydliga roller. Han kommer att ber\u00e4tta f\u00f6r oss om karakt\u00e4ristiska geografiska egenskaper, om rikedomen i den biologiska m\u00e5ngfalden och om hoten som tynger den. Apr\u00e8s la conf\u00e9rence, nous vous proposons un repas pour la somme de 140 kr boissons incluses (120 kr sans alcool). Il faut s\u2019inscrire aupr\u00e8s de St\u00e9phan Wininger soit par t\u00e9l\u00e9phone (073-720 93 14) ou par mail stephanwin@hotmail.com ou aussi sur notre page facebook, Alliance Fran\u00e7aise d\u2019\u00d6stersund avant le 18 f\u00e9vrier 2018 Onsdagen den 21 februari 2018,&nbsp;p\u00e5 J\u00e4mtlands gymnasium Wargentin !<\/p>\n","protected":false},"author":4,"featured_media":0,"parent":0,"menu_order":0,"comment_status":"closed","ping_status":"closed","template":"","meta":{"om_disable_all_campaigns":false,"_monsterinsights_skip_tracking":false,"_monsterinsights_sitenote_active":false,"_monsterinsights_sitenote_note":"","_monsterinsights_sitenote_category":0,"_uf_show_specific_survey":0,"_uf_disable_surveys":false,"footnotes":""},"class_list":["post-412","page","type-page","status-publish","hentry"],"aioseo_notices":[],"rttpg_featured_image_url":null,"rttpg_author":{"display_name":"admin","author_link":"http:\/\/alliancefr.se\/ostersund\/author\/admin\/"},"rttpg_comment":0,"rttpg_category":" <a href=\"http:\/\/alliancefr.se\/ostersund\/sv\/\" rel=\"tag\">Svenska<\/a>","rttpg_excerpt":"Alliance fran\u00e7aise i \u00d6stersund har ett brett och varierat kulturellprogram om den fransktalande v\u00e4rlden. Vi brukar organisera f\u00f6rel\u00e4sningar om ett omr\u00e5de, ett land, en k\u00e4ndis eller \u00e4ven ett koncept, de h\u00e4r evenemangen utg\u00f6r en stor del av v\u00e5r verksamhet. Men Alliance fran\u00e7aise i \u00d6stersund har ocks\u00e5 m\u00e5nga andra aktiviteter som ger dig m\u00f6jligheten att uppt\u00e4cka\u2026","_links":{"self":[{"href":"http:\/\/alliancefr.se\/ostersund\/wp-json\/wp\/v2\/pages\/412","targetHints":{"allow":["GET"]}}],"collection":[{"href":"http:\/\/alliancefr.se\/ostersund\/wp-json\/wp\/v2\/pages"}],"about":[{"href":"http:\/\/alliancefr.se\/ostersund\/wp-json\/wp\/v2\/types\/page"}],"author":[{"embeddable":true,"href":"http:\/\/alliancefr.se\/ostersund\/wp-json\/wp\/v2\/users\/4"}],"replies":[{"embeddable":true,"href":"http:\/\/alliancefr.se\/ostersund\/wp-json\/wp\/v2\/comments?post=412"}],"version-history":[{"count":1,"href":"http:\/\/alliancefr.se\/ostersund\/wp-json\/wp\/v2\/pages\/412\/revisions"}],"predecessor-version":[{"id":619,"href":"http:\/\/alliancefr.se\/ostersund\/wp-json\/wp\/v2\/pages\/412\/revisions\/619"}],"wp:attachment":[{"href":"http:\/\/alliancefr.se\/ostersund\/wp-json\/wp\/v2\/media?parent=412"}],"curies":[{"name":"wp","href":"https:\/\/api.w.org\/{rel}","templated":true}]}}