{"id":372,"date":"2019-05-22T13:59:41","date_gmt":"2019-05-22T11:59:41","guid":{"rendered":"http:\/\/alliancefr.se\/ostersund\/programme-printemps-2019\/"},"modified":"2023-10-03T16:24:42","modified_gmt":"2023-10-03T14:24:42","slug":"programme-printemps-2019","status":"publish","type":"page","link":"http:\/\/alliancefr.se\/ostersund\/programme-printemps-2019\/","title":{"rendered":"Programme Printemps 2019"},"content":{"rendered":"<section data-id=\"4a003f07\" data-element_type=\"section\">\n<section>\n<p>L\u2019alliance fran\u00e7aise d\u2019\u00d6stersund c\u2019est un programme culturel riche et vari\u00e9 en fran\u00e7ais ou en su\u00e9dois sur le monde francophone. Que cela soit pour parler d\u2019une r\u00e9gion, d\u2019un pays, d\u2019une personnalit\u00e9 ou m\u00eame d\u2019un concept ces \u00e9v\u00e8nements r\u00e9guliers rythment la vie de notre association.<\/p>\n<p>L\u2019Alliance fran\u00e7aise d\u2019\u00d6stersund c\u2019est aussi tout un ensemble d\u2019autres activit\u00e9s qui permettent de d\u00e9couvrir le fran\u00e7ais et ses cultures de mani\u00e8re conviviale \u00e0 \u00d6stersund que l\u2019on soit francophone ou non, d\u00e9couvrez donc les activit\u00e9s organis\u00e9es par nos b\u00e9n\u00e9voles :<\/p>\n<\/section>\n<\/section>\n<h3 style=\"text-align: center\"><strong>France : la fin du mod\u00e8le fran\u00e7ais ?<\/strong><\/h3>\n<p style=\"text-align: center\">Le Mardi 14 Mai 2019 \u00e0 18:30<br \/>Lyc\u00e9e du J\u00e4mtland Wargentin<\/p>\n<p style=\"text-align: center\">Pr\u00e9sent\u00e9 par Patrick Boitet, Grand reporter et journaliste<\/p>\n<p><img fetchpriority=\"high\" decoding=\"async\" src=\"http:\/\/www.alliancefrancaise-ostersund.eu\/wp-content\/uploads\/2019\/05\/59945759_2039334103029257_8397653244075048960_o-1024x576.jpg\" alt=\"\" width=\"960\" height=\"540\" \/><\/p>\n<p>L&rsquo;Alliance Fran\u00e7aise d&rsquo;\u00d6stersund a le plaisir de vous inviter le mardi 14 mai 2019 \u00e0 18h30 \u00e0 la conf\u00e9rence du grand reporter Patrick Boitet. Le th\u00e8me de sa conf\u00e9rence est \u00ab\u00a0France : la fin du mod\u00e8le fran\u00e7ais ?\u00a0\u00bb<\/p>\n<p>Le mouvement des gilets jaunes secoue la France depuis plusieurs mois. Les images des \u00e9meutes violentes dans plusieurs villes fran\u00e7aises ont fait le tour du Monde, suscitant stupeur, inqui\u00e9tudes et questions. Comment peut-on arriver \u00e0 de telles extr\u00e9mit\u00e9s ? Le dialogue est-il impossible au pays des Droits de l\u2019Homme ? La r\u00e9volte des gilets jaunes indique-t-elle que la France est r\u00e9tive aux r\u00e9formes ? Ou est-ce la manifestation d\u2019un ph\u00e9nom\u00e8ne plus profond, d\u2019une volont\u00e9 populaire de r\u00e9inventer un autre mod\u00e8le de soci\u00e9t\u00e9 ? Partout dans le pays, des jeunes cr\u00e9ent des entreprises autour de valeurs \u00e9thiques associant \u00e9cologie, partage, humanisme. Un mouvement profond qui touche toutes les cat\u00e9gories sociales avec un d\u00e9nominateur commun : la qu\u00eate de sens et la fin du gaspillage. Le \u00ab mod\u00e8le fran\u00e7ais \u00bb est en train de se r\u00e9inventer et ce n\u2019est pas forc\u00e9ment une mauvaise nouvelle.<\/p>\n<p>Comme d&rsquo;habitude, cette conf\u00e9rence se fera au lyc\u00e9e du J\u00e4mtland Wargentin. L&rsquo;entr\u00e9e se fera par cour du lyc\u00e9e du J\u00e4mtland par la porte en face de Sporthallen.<\/p>\n<p>Apr\u00e8s la conf\u00e9rence, nous vous proposons un repas pour la somme de 140 kr boissons incluses (120kr sans alcool). Il faut s\u2019inscrire aupr\u00e8s de St\u00e9phan Wininger soit par t\u00e9l\u00e9phone 073-720 93 14 ou par mail : stephan@alliancefrancaise-ostersund.eu ou aussi sur notre page facebook, Alliance Fran\u00e7aise d\u2019\u00d6stersund avant le 12 mai 2019.<\/p>\n<h3 style=\"text-align: center\"><strong>Lettres de Syrie et d&rsquo;exil<br \/><\/strong><\/h3>\n<p style=\"text-align: center\">Le Mercredi 27 Mars 2019 \u00e0 18:30<br \/>Lyc\u00e9e du J\u00e4mtland Wargentin<\/p>\n<p style=\"text-align: center\">Pr\u00e9sent\u00e9 par Bachar Alkazaz<\/p>\n<p><img decoding=\"async\" src=\"http:\/\/www.alliancefrancaise-ostersund.eu\/wp-content\/uploads\/2019\/05\/54142928_2007666342862700_8742098295385489408_n-225x300.jpg\" alt=\"\" width=\"225\" height=\"300\" \/><\/p>\n<p>L&rsquo;Alliance Fran\u00e7aise d&rsquo;\u00d6stersund a le plaisir de vous inviter le mercredi 27 mars \u00e0 18:30 \u00e0 la conf\u00e9rence de Bachar Alkazaz.<\/p>\n<p>Dans sa correspondance \u00e0 un ami lausannois, le Syrien Bachar Alkazaz livre depuis Damas d&rsquo;abord son angoisse de laguerre s&rsquo;approchant de sa porte et ensuite, il dit l&rsquo;exp\u00e9rience de l&rsquo;exil. Un \u00e9change de presque huit dans lequel on suit la peur grandissante et le d\u00e9fi d&rsquo;une nouvelle existence au milieu des events du nord. Les routes dangereuses et les images de la guerre son d\u00e9j\u00e0 derri\u00e8re mais pas les souvenirs ni les \u00e9preuves.<\/p>\n<p>Accept\u00e9 en Automne de l&rsquo;ann\u00e9e 2014 comme r\u00e9fugi\u00e9 avec sa femme et leurs cinq enfants, Bachar le sent aujourd&rsquo;hui avec amertume : l&rsquo;Orient est bien lointain et il ne reviendra jamais dans les ruelles ensoleill\u00e9es de Damas qui l&rsquo;ont vu grandir.<\/p>\n<p>Comme d&rsquo;habitude, cette conf\u00e9rence se fera au lyc\u00e9e du J\u00e4mtland Wargentin. L&rsquo;entr\u00e9e se fera par cour du lyc\u00e9e du J\u00e4mtland par la porte en face de Sporthallen.<\/p>\n<p>Apr\u00e8s la conf\u00e9rence, nous vous proposons un repas pour la somme de 140 kr boissons incluses (120kr sans alcool). Il faut s\u2019inscrire aupr\u00e8s de St\u00e9phan Wininger soit par t\u00e9l\u00e9phone 073-720 93 14 ou par mail : stephan@alliancefrancaise-ostersund.eu ou aussi sur notre page facebook, Alliance Fran\u00e7aise d\u2019\u00d6stersund avant le 25 Mars 2019.<\/p>\n<h3 style=\"text-align: center\"><strong>\u00c0 la d\u00e9couverte de Marc Voltenauer<br \/><\/strong><\/h3>\n<p style=\"text-align: center\">Le Jeudi 07 F\u00e9vrier \u00e0 18:30<br \/>Lyc\u00e9e du J\u00e4mtland Wargentin<\/p>\n<p style=\"text-align: center\">Pr\u00e9sent\u00e9 par Marc Voltenauer et St\u00e9phan Wininger<\/p>\n<p><img decoding=\"async\" src=\"http:\/\/www.alliancefrancaise-ostersund.eu\/wp-content\/uploads\/2019\/05\/51413079_1988902741405727_2459201971932889088_n-300x188.jpg\" alt=\"\" width=\"300\" height=\"188\" \/><\/p>\n<p>L&rsquo;Alliance Fran\u00e7aise d&rsquo;\u00d6stersund a le plaisir de vous inviter le jeudi 07 f\u00e9vrier \u00e0 18:30 \u00e0 la conf\u00e9rence de Marc Voltenauer<\/p>\n<p>Marc Voltenauer est n\u00e9 \u00e0 Gen\u00e8ve d\u2019une m\u00e8re su\u00e9doise et d\u2019un p\u00e8re allemand. Il est l\u2019auteur de deux romans, <em>Le Dragon du Muveran<\/em> et <em>Qui a tu\u00e9 Heidi\u00a0?<\/em> qui ont connu un succ\u00e8s remarquable en Suisse, en Belgique et en France. Il se sp\u00e9cialise dans le roman policier (ou polar) dit \u00ab\u00a0local\u00a0\u00bb\u00a0: jusqu\u2019ici, il raconte des histoires se passant toujours dans un lieu pr\u00e9cis dont la couleur locale est rendue, en l\u2019occurrence Gryon dans les Alpes vaudoises. Son prochain roman, <em>L\u2019Aigle de sang<\/em>, qui sortira en mars, se passera \u00e0 Gotland.<\/p>\n<p>Comme d&rsquo;habitude, cette conf\u00e9rence se fera au lyc\u00e9e du J\u00e4mtland Wargentin. L&rsquo;entr\u00e9e se fera par cour du lyc\u00e9e du J\u00e4mtland par la porte en face de Sporthallen.<\/p>\n<p>Apr\u00e8s la conf\u00e9rence, nous vous proposons un repas pour la somme de 140 kr boissons incluses (120kr sans alcool). Il faut s\u2019inscrire aupr\u00e8s de St\u00e9phan Wininger soit par t\u00e9l\u00e9phone 073-720 93 14 ou par mail : stephan@alliancefrancaise-ostersund.eu ou aussi sur notre page facebook, Alliance Fran\u00e7aise d\u2019\u00d6stersund avant le 04 f\u00e9vrier 2019.<\/p>\n<h3 style=\"text-align: center\"><strong>Les particularit\u00e9s du syst\u00e8me politique fran\u00e7ais.<br \/><\/strong><\/h3>\n<p style=\"text-align: center\">Le Mardi 09 Janvier \u00e0 18:30<br \/>Lyc\u00e9e du J\u00e4mtland Wargentin<\/p>\n<p style=\"text-align: center\">Pr\u00e9sent\u00e9 par Denis Leclerc.<\/p>\n<p>\u00a0<\/p>\n<p>L&rsquo;Alliance Fran\u00e7aise d&rsquo;\u00d6stersund a le plaisir de vous inviter le mardi 09 janvier \u00e0 18:30 \u00e0 la conf\u00e9rence de Denis Leclerc.<\/p>\n<p>De la patrie des Droits de l&rsquo;Homme au pays des Gilets Jaunes, quel syst\u00e8me politique pour g\u00e9rer 65 millions de \u00ab\u00a0Gaulois R\u00e9fractaires\u00a0\u00bb ? Apr\u00e8s un petit aper\u00e7u des institutions politiques fran\u00e7aises, de quelques bizarreries et particularit\u00e9s, nous pourrons \u00e9changer en comparant quelques \u00e9l\u00e9ments avec la Su\u00e8de.<\/p>\n<p>Comme d&rsquo;habitude, cette conf\u00e9rence se fera au lyc\u00e9e du J\u00e4mtland Wargentin. L&rsquo;entr\u00e9e se fera par cour du lyc\u00e9e du J\u00e4mtland par la porte en face de Sporthallen.<\/p>\n<p>Apr\u00e8s la conf\u00e9rence, nous vous proposons un repas pour la somme de 140 kr boissons incluses (120kr sans alcool). Il faut s\u2019inscrire aupr\u00e8s de St\u00e9phan Wininger soit par t\u00e9l\u00e9phone 073-720 93 14 ou par mail : stephan@alliancefrancaise-ostersund.eu ou aussi sur notre page facebook, Alliance Fran\u00e7aise d\u2019\u00d6stersund avant le 27 janvier 2019<\/p>\n","protected":false},"excerpt":{"rendered":"<p>L\u2019alliance fran\u00e7aise d\u2019\u00d6stersund c\u2019est un programme culturel riche et vari\u00e9 en fran\u00e7ais ou en su\u00e9dois sur le monde francophone. Que cela soit pour parler d\u2019une r\u00e9gion, d\u2019un pays, d\u2019une personnalit\u00e9 ou m\u00eame d\u2019un concept ces \u00e9v\u00e8nements r\u00e9guliers rythment la vie de notre association. L\u2019Alliance fran\u00e7aise d\u2019\u00d6stersund c\u2019est aussi tout un ensemble d\u2019autres activit\u00e9s qui permettent de d\u00e9couvrir le fran\u00e7ais et ses cultures de mani\u00e8re conviviale \u00e0 \u00d6stersund que l\u2019on soit francophone ou non, d\u00e9couvrez donc les activit\u00e9s organis\u00e9es par nos b\u00e9n\u00e9voles : France : la fin du mod\u00e8le fran\u00e7ais ? Le Mardi 14 Mai 2019 \u00e0 18:30Lyc\u00e9e du J\u00e4mtland Wargentin Pr\u00e9sent\u00e9 par Patrick Boitet, Grand reporter et journaliste L&rsquo;Alliance Fran\u00e7aise d&rsquo;\u00d6stersund a le plaisir de vous inviter le mardi 14 mai 2019 \u00e0 18h30 \u00e0 la conf\u00e9rence du grand reporter Patrick Boitet. Le th\u00e8me de sa conf\u00e9rence est \u00ab\u00a0France : la fin du mod\u00e8le fran\u00e7ais ?\u00a0\u00bb Le mouvement des gilets jaunes secoue la France depuis plusieurs mois. Les images des \u00e9meutes violentes dans plusieurs villes fran\u00e7aises ont fait le tour du Monde, suscitant stupeur, inqui\u00e9tudes et questions. Comment peut-on arriver \u00e0 de telles extr\u00e9mit\u00e9s ? Le dialogue est-il impossible au pays des Droits de l\u2019Homme ? La r\u00e9volte des gilets jaunes indique-t-elle que la France est r\u00e9tive aux r\u00e9formes ? Ou est-ce la manifestation d\u2019un ph\u00e9nom\u00e8ne plus profond, d\u2019une volont\u00e9 populaire de r\u00e9inventer un autre mod\u00e8le de soci\u00e9t\u00e9 ? Partout dans le pays, des jeunes cr\u00e9ent des entreprises autour de valeurs \u00e9thiques associant \u00e9cologie, partage, humanisme. Un mouvement profond qui touche toutes les cat\u00e9gories sociales avec un d\u00e9nominateur commun : la qu\u00eate de sens et la fin du gaspillage. Le \u00ab mod\u00e8le fran\u00e7ais \u00bb est en train de se r\u00e9inventer et ce n\u2019est pas forc\u00e9ment une mauvaise nouvelle. Comme d&rsquo;habitude, cette conf\u00e9rence se fera au lyc\u00e9e du J\u00e4mtland Wargentin. L&rsquo;entr\u00e9e se fera par cour du lyc\u00e9e du J\u00e4mtland par la porte en face de Sporthallen. Apr\u00e8s la conf\u00e9rence, nous vous proposons un repas pour la somme de 140 kr boissons incluses (120kr sans alcool). Il faut s\u2019inscrire aupr\u00e8s de St\u00e9phan Wininger soit par t\u00e9l\u00e9phone 073-720 93 14 ou par mail : stephan@alliancefrancaise-ostersund.eu ou aussi sur notre page facebook, Alliance Fran\u00e7aise d\u2019\u00d6stersund avant le 12 mai 2019. Lettres de Syrie et d&rsquo;exil Le Mercredi 27 Mars 2019 \u00e0 18:30Lyc\u00e9e du J\u00e4mtland Wargentin Pr\u00e9sent\u00e9 par Bachar Alkazaz L&rsquo;Alliance Fran\u00e7aise d&rsquo;\u00d6stersund a le plaisir de vous inviter le mercredi 27 mars \u00e0 18:30 \u00e0 la conf\u00e9rence de Bachar Alkazaz. Dans sa correspondance \u00e0 un ami lausannois, le Syrien Bachar Alkazaz livre depuis Damas d&rsquo;abord son angoisse de laguerre s&rsquo;approchant de sa porte et ensuite, il dit l&rsquo;exp\u00e9rience de l&rsquo;exil. Un \u00e9change de presque huit dans lequel on suit la peur grandissante et le d\u00e9fi d&rsquo;une nouvelle existence au milieu des events du nord. Les routes dangereuses et les images de la guerre son d\u00e9j\u00e0 derri\u00e8re mais pas les souvenirs ni les \u00e9preuves. Accept\u00e9 en Automne de l&rsquo;ann\u00e9e 2014 comme r\u00e9fugi\u00e9 avec sa femme et leurs cinq enfants, Bachar le sent aujourd&rsquo;hui avec amertume : l&rsquo;Orient est bien lointain et il ne reviendra jamais dans les ruelles ensoleill\u00e9es de Damas qui l&rsquo;ont vu grandir. Comme d&rsquo;habitude, cette conf\u00e9rence se fera au lyc\u00e9e du J\u00e4mtland Wargentin. L&rsquo;entr\u00e9e se fera par cour du lyc\u00e9e du J\u00e4mtland par la porte en face de Sporthallen. Apr\u00e8s la conf\u00e9rence, nous vous proposons un repas pour la somme de 140 kr boissons incluses (120kr sans alcool). Il faut s\u2019inscrire aupr\u00e8s de St\u00e9phan Wininger soit par t\u00e9l\u00e9phone 073-720 93 14 ou par mail : stephan@alliancefrancaise-ostersund.eu ou aussi sur notre page facebook, Alliance Fran\u00e7aise d\u2019\u00d6stersund avant le 25 Mars 2019. \u00c0 la d\u00e9couverte de Marc Voltenauer Le Jeudi 07 F\u00e9vrier \u00e0 18:30Lyc\u00e9e du J\u00e4mtland Wargentin Pr\u00e9sent\u00e9 par Marc Voltenauer et St\u00e9phan Wininger L&rsquo;Alliance Fran\u00e7aise d&rsquo;\u00d6stersund a le plaisir de vous inviter le jeudi 07 f\u00e9vrier \u00e0 18:30 \u00e0 la conf\u00e9rence de Marc Voltenauer Marc Voltenauer est n\u00e9 \u00e0 Gen\u00e8ve d\u2019une m\u00e8re su\u00e9doise et d\u2019un p\u00e8re allemand. Il est l\u2019auteur de deux romans, Le Dragon du Muveran et Qui a tu\u00e9 Heidi\u00a0? qui ont connu un succ\u00e8s remarquable en Suisse, en Belgique et en France. Il se sp\u00e9cialise dans le roman policier (ou polar) dit \u00ab\u00a0local\u00a0\u00bb\u00a0: jusqu\u2019ici, il raconte des histoires se passant toujours dans un lieu pr\u00e9cis dont la couleur locale est rendue, en l\u2019occurrence Gryon dans les Alpes vaudoises. Son prochain roman, L\u2019Aigle de sang, qui sortira en mars, se passera \u00e0 Gotland. Comme d&rsquo;habitude, cette conf\u00e9rence se fera au lyc\u00e9e du J\u00e4mtland Wargentin. L&rsquo;entr\u00e9e se fera par cour du lyc\u00e9e du J\u00e4mtland par la porte en face de Sporthallen. Apr\u00e8s la conf\u00e9rence, nous vous proposons un repas pour la somme de 140 kr boissons incluses (120kr sans alcool). Il faut s\u2019inscrire aupr\u00e8s de St\u00e9phan Wininger soit par t\u00e9l\u00e9phone 073-720 93 14 ou par mail : stephan@alliancefrancaise-ostersund.eu ou aussi sur notre page facebook, Alliance Fran\u00e7aise d\u2019\u00d6stersund avant le 04 f\u00e9vrier 2019. Les particularit\u00e9s du syst\u00e8me politique fran\u00e7ais. Le Mardi 09 Janvier \u00e0 18:30Lyc\u00e9e du J\u00e4mtland Wargentin Pr\u00e9sent\u00e9 par Denis Leclerc. \u00a0 L&rsquo;Alliance Fran\u00e7aise d&rsquo;\u00d6stersund a le plaisir de vous inviter le mardi 09 janvier \u00e0 18:30 \u00e0 la conf\u00e9rence de Denis Leclerc. De la patrie des Droits de l&rsquo;Homme au pays des Gilets Jaunes, quel syst\u00e8me politique pour g\u00e9rer 65 millions de \u00ab\u00a0Gaulois R\u00e9fractaires\u00a0\u00bb ? Apr\u00e8s un petit aper\u00e7u des institutions politiques fran\u00e7aises, de quelques bizarreries et particularit\u00e9s, nous pourrons \u00e9changer en comparant quelques \u00e9l\u00e9ments avec la Su\u00e8de. Comme d&rsquo;habitude, cette conf\u00e9rence se fera au lyc\u00e9e du J\u00e4mtland Wargentin. L&rsquo;entr\u00e9e se fera par cour du lyc\u00e9e du J\u00e4mtland par la porte en face de Sporthallen. Apr\u00e8s la conf\u00e9rence, nous vous proposons un repas pour la somme de 140 kr boissons incluses (120kr sans alcool). Il faut s\u2019inscrire aupr\u00e8s de St\u00e9phan Wininger soit par t\u00e9l\u00e9phone 073-720 93 14 ou par mail : stephan@alliancefrancaise-ostersund.eu ou aussi sur notre page facebook, Alliance Fran\u00e7aise d\u2019\u00d6stersund avant le 27 janvier 2019<\/p>\n","protected":false},"author":4,"featured_media":0,"parent":0,"menu_order":0,"comment_status":"closed","ping_status":"closed","template":"","meta":{"om_disable_all_campaigns":false,"_monsterinsights_skip_tracking":false,"_monsterinsights_sitenote_active":false,"_monsterinsights_sitenote_note":"","_monsterinsights_sitenote_category":0,"_uf_show_specific_survey":0,"_uf_disable_surveys":false,"footnotes":""},"class_list":["post-372","page","type-page","status-publish","hentry"],"aioseo_notices":[],"rttpg_featured_image_url":null,"rttpg_author":{"display_name":"admin","author_link":"http:\/\/alliancefr.se\/ostersund\/author\/admin\/"},"rttpg_comment":0,"rttpg_category":" <a href=\"http:\/\/alliancefr.se\/ostersund\/\" rel=\"tag\">Fran\u00e7ais<\/a>","rttpg_excerpt":"L\u2019alliance fran\u00e7aise d\u2019\u00d6stersund c\u2019est un programme culturel riche et vari\u00e9 en fran\u00e7ais ou en su\u00e9dois sur le monde francophone. Que cela soit pour parler d\u2019une r\u00e9gion, d\u2019un pays, d\u2019une personnalit\u00e9 ou m\u00eame d\u2019un concept ces \u00e9v\u00e8nements r\u00e9guliers rythment la vie de notre association. L\u2019Alliance fran\u00e7aise d\u2019\u00d6stersund c\u2019est aussi tout un ensemble d\u2019autres activit\u00e9s qui permettent\u2026","_links":{"self":[{"href":"http:\/\/alliancefr.se\/ostersund\/wp-json\/wp\/v2\/pages\/372","targetHints":{"allow":["GET"]}}],"collection":[{"href":"http:\/\/alliancefr.se\/ostersund\/wp-json\/wp\/v2\/pages"}],"about":[{"href":"http:\/\/alliancefr.se\/ostersund\/wp-json\/wp\/v2\/types\/page"}],"author":[{"embeddable":true,"href":"http:\/\/alliancefr.se\/ostersund\/wp-json\/wp\/v2\/users\/4"}],"replies":[{"embeddable":true,"href":"http:\/\/alliancefr.se\/ostersund\/wp-json\/wp\/v2\/comments?post=372"}],"version-history":[{"count":1,"href":"http:\/\/alliancefr.se\/ostersund\/wp-json\/wp\/v2\/pages\/372\/revisions"}],"predecessor-version":[{"id":610,"href":"http:\/\/alliancefr.se\/ostersund\/wp-json\/wp\/v2\/pages\/372\/revisions\/610"}],"wp:attachment":[{"href":"http:\/\/alliancefr.se\/ostersund\/wp-json\/wp\/v2\/media?parent=372"}],"curies":[{"name":"wp","href":"https:\/\/api.w.org\/{rel}","templated":true}]}}