{"id":262,"date":"2018-10-30T11:47:50","date_gmt":"2018-10-30T10:47:50","guid":{"rendered":"http:\/\/alliancefr.se\/ostersund\/programme-automne-2018\/"},"modified":"2023-10-03T16:24:30","modified_gmt":"2023-10-03T14:24:30","slug":"programme-automne-2018","status":"publish","type":"page","link":"http:\/\/alliancefr.se\/ostersund\/programme-automne-2018\/","title":{"rendered":"Programme Automne 2018"},"content":{"rendered":"<p>L\u2019alliance fran\u00e7aise d&rsquo;\u00d6stersund c\u2019est un programme culturel riche et vari\u00e9 en fran\u00e7ais ou en su\u00e9dois sur le monde francophone. Que cela soit pour parler d\u2019une r\u00e9gion, d\u2019un pays, d\u2019une personnalit\u00e9 ou m\u00eame d\u2019un concept ces \u00e9v\u00e8nements r\u00e9guliers rythment la vie de notre association.<\/p>\n<p>L\u2019Alliance fran\u00e7aise d&rsquo;\u00d6stersund c\u2019est aussi tout un ensemble d\u2019autres activit\u00e9s qui permettent de d\u00e9couvrir le fran\u00e7ais et ses cultures de mani\u00e8re conviviale \u00e0 \u00d6stersund que l\u2019on soit francophone ou non, d\u00e9couvrez donc les activit\u00e9s organis\u00e9es par nos b\u00e9n\u00e9voles\u00a0:<\/p>\n<h3 style=\"text-align: center\"><strong>Au revoir L\u00e0-haut<\/strong><\/h3>\n<p style=\"text-align: center\">Mercredi 12 d\u00e9cembre \u00e0 18:30<\/p>\n<p><img fetchpriority=\"high\" decoding=\"async\" src=\"http:\/\/www.alliancefrancaise-ostersund.eu\/wp-content\/uploads\/2019\/05\/48217525_1958288741133794_2548615387080032256_n-220x300.jpg\" alt=\"\" width=\"220\" height=\"300\" \/><\/p>\n<p>N&rsquo;oubliez pas que notre dernier programme pour cette ann\u00e9e 2019 est le film Au revoir L\u00e0-haut le mercredi 12 d\u00e9cembre \u00e0 18.30. Apr\u00e8s le film, nous pourrons discuter autour d&rsquo;un petit verre et de fromages. Bienvenus!<\/p>\n<p>\u00a0<\/p>\n<h3 style=\"text-align: center\"><strong>La Grande Guerre 1914-1918 et les 100 ans de l&rsquo;Armistice<\/strong><\/h3>\n<p style=\"text-align: center\">le 27 novembre 2018 \u00e0 18:30 au lyc\u00e9e du J\u00e4mtland Wargentin<\/p>\n<p style=\"text-align: center\">Pr\u00e9sentation par Jean-Pierre L\u00e9vy<\/p>\n<p><img decoding=\"async\" src=\"http:\/\/www.alliancefrancaise-ostersund.eu\/wp-content\/uploads\/2019\/05\/46508050_1951641048465230_4552581968444784640_n-300x225.jpg\" alt=\"\" width=\"300\" height=\"225\" \/><\/p>\n<p>L&rsquo;Alliance Fran\u00e7aise d&rsquo;\u00d6stersund a le plaisir de vous inviter \u00e0 la conf\u00e9rence sur le th\u00e8me de la premi\u00e8re guerre mondiale le 27 novembre 2018 \u00e0 18:30 au lyc\u00e9e du J\u00e4mtland Wargentin. Notre Jean-Pierre L\u00e9vy nous fera d\u00e9couvrir cette Grande Guerre et ses pans inconnus du grand public. Comme d&rsquo;habitude l&rsquo;entr\u00e9e se fera par l&rsquo;entr\u00e9e en face de Sporthallen.<\/p>\n<p>\u00ab\u00a0Nous f\u00eatons cette ann\u00e9e, le 11 novembre, les 100 ans de l&rsquo;Armistice 1914-1918. Il \u00e9voquera cette Grande Guerre qui ne s&rsquo;est pas d\u00e9roul\u00e9e qu&rsquo;en France et en Belgique avec les \u00e9v\u00e9nements tr\u00e8s peu connus du grand public.\u00a0\u00bb<\/p>\n<p>Apr\u00e8s la conf\u00e9rence, nous vous proposons un repas pour la somme de 140 kr boissons incluses (120kr sans alcool). Il faut s&rsquo;inscrire aupr\u00e8s de St\u00e9phan Wininger soit par t\u00e9l\u00e9phone 073-720 93 14 ou par mail : stephan@alliancefrancaise-ostersund.eu ou aussi sur notre page facebook, Alliance Fran\u00e7aise d&rsquo;\u00d6stersund avant le 21 novembre 2018.<\/p>\n<p>\u00a0<\/p>\n<p>\u00a0<\/p>\n<p>\u00a0<\/p>\n<h3 style=\"text-align: center\"><strong>Trudeau, p\u00e8re et fils<\/strong><\/h3>\n<p style=\"text-align: center\">Lundi 22 Octobre \u00e0 18:30 au lyc\u00e9e du J\u00e4mtland Wargentin<\/p>\n<p style=\"text-align: center\">Pr\u00e9sentation par Andr\u00e9 Leblanc<img decoding=\"async\" src=\"http:\/\/www.alliancefrancaise-ostersund.eu\/wp-content\/uploads\/2018\/10\/5430-300x240.jpg\" alt=\"\" width=\"300\" height=\"240\" \/><\/p>\n<p>L\u2019Alliance fran\u00e7aise d\u2019\u00d6stersund a le plaisir de vous inviter \u00e0 l\u2019assembl\u00e9e g\u00e9n\u00e9rale et \u00e0 la conf\u00e9rence le lundi 22 octobre 2018 \u00e0 18h 30 au lyc\u00e9e du J\u00e4mtland Wargentin.<\/p>\n<p>Andr\u00e9 Leblanc nous fera d\u00e9couvrir la famille Trudeau, une c\u00e9l\u00e8bre famille politique canadienne.\u00a0 Comme d\u2019habitude l\u2019entr\u00e9e se fera par l\u2019entr\u00e9e en face de Sporthallen.Nous c\u00e9l\u00e8brerons aussi les 70 ans de notre alliance n\u00e9e en 1948.<\/p>\n<p>Tel p\u00e8re, tel fils\u00a0? Pierre Elliot Trudeau, premier ministre du Canada de 1968 \u00e0 1984, \u00a0a \u00e9t\u00e9 l\u2019un des dirigeants occidentaux les plus connus de son temps, au point que l\u2019on parlait de Trudeaumanie. Son fils Justin, au pouvoir depuis 2015, suscite-t-il le m\u00eame engouement\u00a0? On verra que le Canada d\u2019aujourd\u2019hui a \u00e9t\u00e9 largement fa\u00e7onn\u00e9 par la politique du p\u00e8re et que c\u2019est au fils qu\u2019il revient de g\u00e9rer un h\u00e9ritage qui est parfois compliqu\u00e9.<\/p>\n<p>Apr\u00e8s la conf\u00e9rence, nous vous proposons un repas pour la somme de 140 kr boissons incluses (120kr sans alcool). Il faut s\u2019inscrire aupr\u00e8s de St\u00e9phan Wininger soit par t\u00e9l\u00e9phone (073-7209314) ou par mail (Stephan@alliancefrancaise-ostersund.eu) ou aussi sur notre page facebook, Alliance Fran\u00e7aise d\u2019\u00d6stersund avant le 17 octobre 2018.<\/p>\n<p>\u00a0<img loading=\"lazy\" decoding=\"async\" src=\"http:\/\/www.alliancefrancaise-ostersund.eu\/wp-content\/uploads\/2018\/10\/justinpierretrudeauweb-300x230.jpg\" alt=\"\" width=\"300\" height=\"230\" \/> <img loading=\"lazy\" decoding=\"async\" src=\"http:\/\/www.alliancefrancaise-ostersund.eu\/wp-content\/uploads\/2018\/10\/ladda-ned.png\" alt=\"\" width=\"318\" height=\"159\" \/><\/p>\n<p>\u00a0<\/p>\n<h3 style=\"text-align: center\"><strong>L&rsquo;Affaire Dreyfus<\/strong><\/h3>\n<p style=\"text-align: center\">Le dimanche 23 septembre \u00e0 16:00 au Lyc\u00e9e du J\u00e4mtland Wargentin<\/p>\n<p style=\"text-align: center\">Pr\u00e9sent\u00e9 par Christophe Luciani<\/p>\n<p><img loading=\"lazy\" decoding=\"async\" src=\"http:\/\/www.alliancefrancaise-ostersund.eu\/wp-content\/uploads\/2019\/05\/42104913_1920034061625929_2190617218574712832_n.jpg\" alt=\"\" width=\"220\" height=\"289\" \/><\/p>\n<p>L&rsquo;Alliance Fran\u00e7aise d&rsquo;\u00d6stersund a le plaisir de vous inviter \u00e0 une conf\u00e9rence dimanche 23 septembre \u00e0 16:00 au Lyc\u00e9e du J\u00e4mtland Wargentin pr\u00e9sent\u00e9e par Christophe Luciani, c\u00e9l\u00e8bre conf\u00e9rencier traviallant notamment pour Folkuniversitet I Stockholm. Il nous guidera dans l&rsquo;histoire, illustr\u00e9 d&rsquo;image et en utilisant un fran\u00e7ais tr\u00e8s facile \u00e0 comprendre. L&rsquo;unique possibilit\u00e9 pour lui devenir \u00e0 \u00d6stersund est pendant un weekend et nous esp\u00e9rons que vous viendrez nombreux \u00e0 cette conf\u00e9rence. L&rsquo;entr\u00e9e se fera dans la cour du Lyc\u00e9e du J\u00e4mtland Wargentin en face de l&rsquo;entr\u00e9e de Sporthallen.<\/p>\n<p>Christophe Luciani va nous raconter l&rsquo;affaire Dreyfus, un scandale judiciaire et politique qui a \u00e9clabouss\u00e9 la France entre 1897 et 1906. Alfred Dreyfus sera condamn\u00e9 \u00e0 perp\u00e9tuit\u00e9 au bagne, injustement soup\u00e7onn\u00e9 d&rsquo;avoir trahi son pays. Gr\u00e2ce au courage de sa famille et de ses amis, le scandale pourra \u00e9clater ! C&rsquo;est d\u00e9sormais l&rsquo;Affaire Dreyfus aux cons\u00e9quences nationales et internationales innombrables.<\/p>\n<p>Apr\u00e8s la conf\u00e9rence, nous vous proposons un repas pour la somme de 140 kr boissons incluses (120kr sans alcool). Il faut s\u2019inscrire aupr\u00e8s de St\u00e9phan Wininger soit par t\u00e9l\u00e9phone (073-7209314) ou par mail (Stephan@alliancefrancaise-ostersund.eu) ou aussi sur notre page facebook, Alliance Fran\u00e7aise d\u2019\u00d6stersund avant le 17 octobre 2018.<\/p>\n","protected":false},"excerpt":{"rendered":"<p>L\u2019alliance fran\u00e7aise d&rsquo;\u00d6stersund c\u2019est un programme culturel riche et vari\u00e9 en fran\u00e7ais ou en su\u00e9dois sur le monde francophone. Que cela soit pour parler d\u2019une r\u00e9gion, d\u2019un pays, d\u2019une personnalit\u00e9 ou m\u00eame d\u2019un concept ces \u00e9v\u00e8nements r\u00e9guliers rythment la vie de notre association. L\u2019Alliance fran\u00e7aise d&rsquo;\u00d6stersund c\u2019est aussi tout un ensemble d\u2019autres activit\u00e9s qui permettent de d\u00e9couvrir le fran\u00e7ais et ses cultures de mani\u00e8re conviviale \u00e0 \u00d6stersund que l\u2019on soit francophone ou non, d\u00e9couvrez donc les activit\u00e9s organis\u00e9es par nos b\u00e9n\u00e9voles\u00a0: Au revoir L\u00e0-haut Mercredi 12 d\u00e9cembre \u00e0 18:30 N&rsquo;oubliez pas que notre dernier programme pour cette ann\u00e9e 2019 est le film Au revoir L\u00e0-haut le mercredi 12 d\u00e9cembre \u00e0 18.30. Apr\u00e8s le film, nous pourrons discuter autour d&rsquo;un petit verre et de fromages. Bienvenus! \u00a0 La Grande Guerre 1914-1918 et les 100 ans de l&rsquo;Armistice le 27 novembre 2018 \u00e0 18:30 au lyc\u00e9e du J\u00e4mtland Wargentin Pr\u00e9sentation par Jean-Pierre L\u00e9vy L&rsquo;Alliance Fran\u00e7aise d&rsquo;\u00d6stersund a le plaisir de vous inviter \u00e0 la conf\u00e9rence sur le th\u00e8me de la premi\u00e8re guerre mondiale le 27 novembre 2018 \u00e0 18:30 au lyc\u00e9e du J\u00e4mtland Wargentin. Notre Jean-Pierre L\u00e9vy nous fera d\u00e9couvrir cette Grande Guerre et ses pans inconnus du grand public. Comme d&rsquo;habitude l&rsquo;entr\u00e9e se fera par l&rsquo;entr\u00e9e en face de Sporthallen. \u00ab\u00a0Nous f\u00eatons cette ann\u00e9e, le 11 novembre, les 100 ans de l&rsquo;Armistice 1914-1918. Il \u00e9voquera cette Grande Guerre qui ne s&rsquo;est pas d\u00e9roul\u00e9e qu&rsquo;en France et en Belgique avec les \u00e9v\u00e9nements tr\u00e8s peu connus du grand public.\u00a0\u00bb Apr\u00e8s la conf\u00e9rence, nous vous proposons un repas pour la somme de 140 kr boissons incluses (120kr sans alcool). Il faut s&rsquo;inscrire aupr\u00e8s de St\u00e9phan Wininger soit par t\u00e9l\u00e9phone 073-720 93 14 ou par mail : stephan@alliancefrancaise-ostersund.eu ou aussi sur notre page facebook, Alliance Fran\u00e7aise d&rsquo;\u00d6stersund avant le 21 novembre 2018. \u00a0 \u00a0 \u00a0 Trudeau, p\u00e8re et fils Lundi 22 Octobre \u00e0 18:30 au lyc\u00e9e du J\u00e4mtland Wargentin Pr\u00e9sentation par Andr\u00e9 Leblanc L\u2019Alliance fran\u00e7aise d\u2019\u00d6stersund a le plaisir de vous inviter \u00e0 l\u2019assembl\u00e9e g\u00e9n\u00e9rale et \u00e0 la conf\u00e9rence le lundi 22 octobre 2018 \u00e0 18h 30 au lyc\u00e9e du J\u00e4mtland Wargentin. Andr\u00e9 Leblanc nous fera d\u00e9couvrir la famille Trudeau, une c\u00e9l\u00e8bre famille politique canadienne.\u00a0 Comme d\u2019habitude l\u2019entr\u00e9e se fera par l\u2019entr\u00e9e en face de Sporthallen.Nous c\u00e9l\u00e8brerons aussi les 70 ans de notre alliance n\u00e9e en 1948. Tel p\u00e8re, tel fils\u00a0? Pierre Elliot Trudeau, premier ministre du Canada de 1968 \u00e0 1984, \u00a0a \u00e9t\u00e9 l\u2019un des dirigeants occidentaux les plus connus de son temps, au point que l\u2019on parlait de Trudeaumanie. Son fils Justin, au pouvoir depuis 2015, suscite-t-il le m\u00eame engouement\u00a0? On verra que le Canada d\u2019aujourd\u2019hui a \u00e9t\u00e9 largement fa\u00e7onn\u00e9 par la politique du p\u00e8re et que c\u2019est au fils qu\u2019il revient de g\u00e9rer un h\u00e9ritage qui est parfois compliqu\u00e9. Apr\u00e8s la conf\u00e9rence, nous vous proposons un repas pour la somme de 140 kr boissons incluses (120kr sans alcool). Il faut s\u2019inscrire aupr\u00e8s de St\u00e9phan Wininger soit par t\u00e9l\u00e9phone (073-7209314) ou par mail (Stephan@alliancefrancaise-ostersund.eu) ou aussi sur notre page facebook, Alliance Fran\u00e7aise d\u2019\u00d6stersund avant le 17 octobre 2018. \u00a0 \u00a0 L&rsquo;Affaire Dreyfus Le dimanche 23 septembre \u00e0 16:00 au Lyc\u00e9e du J\u00e4mtland Wargentin Pr\u00e9sent\u00e9 par Christophe Luciani L&rsquo;Alliance Fran\u00e7aise d&rsquo;\u00d6stersund a le plaisir de vous inviter \u00e0 une conf\u00e9rence dimanche 23 septembre \u00e0 16:00 au Lyc\u00e9e du J\u00e4mtland Wargentin pr\u00e9sent\u00e9e par Christophe Luciani, c\u00e9l\u00e8bre conf\u00e9rencier traviallant notamment pour Folkuniversitet I Stockholm. Il nous guidera dans l&rsquo;histoire, illustr\u00e9 d&rsquo;image et en utilisant un fran\u00e7ais tr\u00e8s facile \u00e0 comprendre. L&rsquo;unique possibilit\u00e9 pour lui devenir \u00e0 \u00d6stersund est pendant un weekend et nous esp\u00e9rons que vous viendrez nombreux \u00e0 cette conf\u00e9rence. L&rsquo;entr\u00e9e se fera dans la cour du Lyc\u00e9e du J\u00e4mtland Wargentin en face de l&rsquo;entr\u00e9e de Sporthallen. Christophe Luciani va nous raconter l&rsquo;affaire Dreyfus, un scandale judiciaire et politique qui a \u00e9clabouss\u00e9 la France entre 1897 et 1906. Alfred Dreyfus sera condamn\u00e9 \u00e0 perp\u00e9tuit\u00e9 au bagne, injustement soup\u00e7onn\u00e9 d&rsquo;avoir trahi son pays. Gr\u00e2ce au courage de sa famille et de ses amis, le scandale pourra \u00e9clater ! C&rsquo;est d\u00e9sormais l&rsquo;Affaire Dreyfus aux cons\u00e9quences nationales et internationales innombrables. Apr\u00e8s la conf\u00e9rence, nous vous proposons un repas pour la somme de 140 kr boissons incluses (120kr sans alcool). Il faut s\u2019inscrire aupr\u00e8s de St\u00e9phan Wininger soit par t\u00e9l\u00e9phone (073-7209314) ou par mail (Stephan@alliancefrancaise-ostersund.eu) ou aussi sur notre page facebook, Alliance Fran\u00e7aise d\u2019\u00d6stersund avant le 17 octobre 2018.<\/p>\n","protected":false},"author":4,"featured_media":0,"parent":0,"menu_order":0,"comment_status":"closed","ping_status":"closed","template":"","meta":{"om_disable_all_campaigns":false,"_monsterinsights_skip_tracking":false,"_monsterinsights_sitenote_active":false,"_monsterinsights_sitenote_note":"","_monsterinsights_sitenote_category":0,"_uf_show_specific_survey":0,"_uf_disable_surveys":false,"footnotes":""},"class_list":["post-262","page","type-page","status-publish","hentry"],"aioseo_notices":[],"rttpg_featured_image_url":null,"rttpg_author":{"display_name":"admin","author_link":"http:\/\/alliancefr.se\/ostersund\/author\/admin\/"},"rttpg_comment":0,"rttpg_category":" <a href=\"http:\/\/alliancefr.se\/ostersund\/\" rel=\"tag\">Fran\u00e7ais<\/a>","rttpg_excerpt":"L\u2019alliance fran\u00e7aise d&rsquo;\u00d6stersund c\u2019est un programme culturel riche et vari\u00e9 en fran\u00e7ais ou en su\u00e9dois sur le monde francophone. Que cela soit pour parler d\u2019une r\u00e9gion, d\u2019un pays, d\u2019une personnalit\u00e9 ou m\u00eame d\u2019un concept ces \u00e9v\u00e8nements r\u00e9guliers rythment la vie de notre association. L\u2019Alliance fran\u00e7aise d&rsquo;\u00d6stersund c\u2019est aussi tout un ensemble d\u2019autres activit\u00e9s qui permettent\u2026","_links":{"self":[{"href":"http:\/\/alliancefr.se\/ostersund\/wp-json\/wp\/v2\/pages\/262","targetHints":{"allow":["GET"]}}],"collection":[{"href":"http:\/\/alliancefr.se\/ostersund\/wp-json\/wp\/v2\/pages"}],"about":[{"href":"http:\/\/alliancefr.se\/ostersund\/wp-json\/wp\/v2\/types\/page"}],"author":[{"embeddable":true,"href":"http:\/\/alliancefr.se\/ostersund\/wp-json\/wp\/v2\/users\/4"}],"replies":[{"embeddable":true,"href":"http:\/\/alliancefr.se\/ostersund\/wp-json\/wp\/v2\/comments?post=262"}],"version-history":[{"count":1,"href":"http:\/\/alliancefr.se\/ostersund\/wp-json\/wp\/v2\/pages\/262\/revisions"}],"predecessor-version":[{"id":607,"href":"http:\/\/alliancefr.se\/ostersund\/wp-json\/wp\/v2\/pages\/262\/revisions\/607"}],"wp:attachment":[{"href":"http:\/\/alliancefr.se\/ostersund\/wp-json\/wp\/v2\/media?parent=262"}],"curies":[{"name":"wp","href":"https:\/\/api.w.org\/{rel}","templated":true}]}}