{"id":756,"date":"2023-10-30T17:08:26","date_gmt":"2023-10-30T16:08:26","guid":{"rendered":"http:\/\/alliancefr.se\/halmstad\/?page_id=756"},"modified":"2023-10-30T17:08:48","modified_gmt":"2023-10-30T16:08:48","slug":"programme-printemps-2015","status":"publish","type":"page","link":"http:\/\/alliancefr.se\/halmstad\/programme-printemps-2015\/","title":{"rendered":"Programme printemps 2015"},"content":{"rendered":"\t\t<div data-elementor-type=\"wp-page\" data-elementor-id=\"756\" class=\"elementor elementor-756\">\n\t\t\t\t\t\t<section class=\"elementor-section elementor-top-section elementor-element elementor-element-e0c453a elementor-section-boxed elementor-section-height-default elementor-section-height-default\" data-id=\"e0c453a\" data-element_type=\"section\">\n\t\t\t\t\t\t<div class=\"elementor-container elementor-column-gap-default\">\n\t\t\t\t\t<div class=\"elementor-column elementor-col-100 elementor-top-column elementor-element elementor-element-752cf96\" data-id=\"752cf96\" data-element_type=\"column\">\n\t\t\t<div class=\"elementor-widget-wrap elementor-element-populated\">\n\t\t\t\t\t\t<div class=\"elementor-element elementor-element-601e88b elementor-widget elementor-widget-text-editor\" data-id=\"601e88b\" data-element_type=\"widget\" data-widget_type=\"text-editor.default\">\n\t\t\t\t<div class=\"elementor-widget-container\">\n\t\t\t\t\t\t\t\t\t<p><strong>Vendredi 23 janvier 18h00<\/strong>. Film \u00e0 la biblioth\u00e8que d\u2019Halmstad<br \/><em>La Fleur du Mal<\/em>. (Thriller de Claude Chabrol, 2003.)<br \/><br \/><strong>Mercredi 4 f\u00e9vrier 19h00<\/strong>. Expos\u00e9 sur Patrick Modiano, prix Nobel 2014, par Monsieur Bj\u00f6rn Larsson, \u00e9crivain et professeur de l&rsquo;Universit\u00e9 de Lund, \u00e0 Folkuniversitetet, \u00c5kersgr\u00e4nd 1.\u00a0<br \/>Bienvenues d\u00e9j\u00e0 \u00e0 18h30 pour un verre de vin (avec ou sans alcool) 30:- avant la conf\u00e9rence!\u00a0<br \/><br \/><strong>Vendredi 27 f\u00e9vrier 18h00<\/strong>. Film \u00e0 la biblioth\u00e8que d\u2019Halmstad\u00a0<br \/><em>La Peau d&rsquo;\u00c2ne<\/em>. (Com\u00e9die musicale de Jacques D\u00e9my avec Catherine Deneuve, 1970.)<br \/><br \/><strong>Jeudi 5 mars 19h00<\/strong>. Expos\u00e9 par Madame Odile Mombelli sur les ch\u00e2teaux de la Loire de Chinon \u00e0 Blois, \u00e0 Folkuniversitetet, \u00c5kersgr\u00e4nd 1.\u00a0<br \/>Bienvenues \u00e0 18h30 pour un verre de vin avec ou sans alcool (30:-).<br \/><br \/><strong>Vendredi 20 mars 18h00<\/strong>. Film \u00e0 la biblioth\u00e8que d\u2019Halmstad<br \/><em>Le Salaire de la Peur<\/em>. (Film d&rsquo;action de Henri-Georges Clouzot avec Yves Montand, 1953.)<br \/><br \/><strong>Mercredi 15 avril 19h00.<\/strong><strong>\u00a0<\/strong>Monsieur Christer Brunstr\u00f6m nous organise\u00a0un Quiz Fran\u00e7ais. Participez et gangez un prix!\u00a0<br \/>Bienvenues \u00e0 18h30 pour un verre de vin avec ou sans alcool (30:-).<br \/><br \/>Filmvisningarna \u00e4ger rum 18.00 i Klarasalen p\u00e5 biblioteket. G\u00e5 in p\u00e5 bibliotekets hemsida f\u00f6r att l\u00e4sa om filmerna, som \u00e4r franska, textade till engelska och gra<\/p>\t\t\t\t\t\t\t\t<\/div>\n\t\t\t\t<\/div>\n\t\t\t\t\t<\/div>\n\t\t<\/div>\n\t\t\t\t\t<\/div>\n\t\t<\/section>\n\t\t\t\t<\/div>\n\t\t","protected":false},"excerpt":{"rendered":"<p>Vendredi 23 janvier 18h00. Film \u00e0 la biblioth\u00e8que d\u2019HalmstadLa Fleur du Mal. (Thriller de Claude Chabrol, 2003.) Mercredi 4 f\u00e9vrier 19h00. Expos\u00e9 sur Patrick Modiano, prix Nobel 2014, par Monsieur Bj\u00f6rn Larsson, \u00e9crivain et professeur de l&rsquo;Universit\u00e9 de Lund, \u00e0 Folkuniversitetet, \u00c5kersgr\u00e4nd 1.\u00a0Bienvenues d\u00e9j\u00e0 \u00e0 18h30 pour un verre de vin (avec ou sans alcool) 30:- avant la conf\u00e9rence!\u00a0 Vendredi 27 f\u00e9vrier 18h00. Film \u00e0 la biblioth\u00e8que d\u2019Halmstad\u00a0La Peau d&rsquo;\u00c2ne. (Com\u00e9die musicale de Jacques D\u00e9my avec Catherine Deneuve, 1970.) Jeudi 5 mars 19h00. Expos\u00e9 par Madame Odile Mombelli sur les ch\u00e2teaux de la Loire de Chinon \u00e0 Blois, \u00e0 Folkuniversitetet, \u00c5kersgr\u00e4nd 1.\u00a0Bienvenues \u00e0 18h30 pour un verre de vin avec ou sans alcool (30:-). Vendredi 20 mars 18h00. Film \u00e0 la biblioth\u00e8que d\u2019HalmstadLe Salaire de la Peur. (Film d&rsquo;action de Henri-Georges Clouzot avec Yves Montand, 1953.) Mercredi 15 avril 19h00.\u00a0Monsieur Christer Brunstr\u00f6m nous organise\u00a0un Quiz Fran\u00e7ais. Participez et gangez un prix!\u00a0Bienvenues \u00e0 18h30 pour un verre de vin avec ou sans alcool (30:-). Filmvisningarna \u00e4ger rum 18.00 i Klarasalen p\u00e5 biblioteket. G\u00e5 in p\u00e5 bibliotekets hemsida f\u00f6r att l\u00e4sa om filmerna, som \u00e4r franska, textade till engelska och gra<\/p>\n","protected":false},"author":1,"featured_media":0,"parent":0,"menu_order":0,"comment_status":"closed","ping_status":"closed","template":"","meta":{"om_disable_all_campaigns":false,"_monsterinsights_skip_tracking":false,"_monsterinsights_sitenote_active":false,"_monsterinsights_sitenote_note":"","_monsterinsights_sitenote_category":0,"_uf_show_specific_survey":0,"_uf_disable_surveys":false,"footnotes":""},"class_list":["post-756","page","type-page","status-publish","hentry"],"aioseo_notices":[],"rttpg_featured_image_url":null,"rttpg_author":{"display_name":"Super.admin","author_link":"http:\/\/alliancefr.se\/halmstad\/author\/admin2174\/"},"rttpg_comment":0,"rttpg_category":" <a href=\"http:\/\/alliancefr.se\/halmstad\/\" rel=\"tag\">Fran\u00e7ais<\/a>","rttpg_excerpt":"Vendredi 23 janvier 18h00. Film \u00e0 la biblioth\u00e8que d\u2019HalmstadLa Fleur du Mal. (Thriller de Claude Chabrol, 2003.) Mercredi 4 f\u00e9vrier 19h00. Expos\u00e9 sur Patrick Modiano, prix Nobel 2014, par Monsieur Bj\u00f6rn Larsson, \u00e9crivain et professeur de l&rsquo;Universit\u00e9 de Lund, \u00e0 Folkuniversitetet, \u00c5kersgr\u00e4nd 1.\u00a0Bienvenues d\u00e9j\u00e0 \u00e0 18h30 pour un verre de vin (avec ou sans alcool)\u2026","_links":{"self":[{"href":"http:\/\/alliancefr.se\/halmstad\/wp-json\/wp\/v2\/pages\/756","targetHints":{"allow":["GET"]}}],"collection":[{"href":"http:\/\/alliancefr.se\/halmstad\/wp-json\/wp\/v2\/pages"}],"about":[{"href":"http:\/\/alliancefr.se\/halmstad\/wp-json\/wp\/v2\/types\/page"}],"author":[{"embeddable":true,"href":"http:\/\/alliancefr.se\/halmstad\/wp-json\/wp\/v2\/users\/1"}],"replies":[{"embeddable":true,"href":"http:\/\/alliancefr.se\/halmstad\/wp-json\/wp\/v2\/comments?post=756"}],"version-history":[{"count":4,"href":"http:\/\/alliancefr.se\/halmstad\/wp-json\/wp\/v2\/pages\/756\/revisions"}],"predecessor-version":[{"id":760,"href":"http:\/\/alliancefr.se\/halmstad\/wp-json\/wp\/v2\/pages\/756\/revisions\/760"}],"wp:attachment":[{"href":"http:\/\/alliancefr.se\/halmstad\/wp-json\/wp\/v2\/media?parent=756"}],"curies":[{"name":"wp","href":"https:\/\/api.w.org\/{rel}","templated":true}]}}