{"id":751,"date":"2023-10-30T17:06:49","date_gmt":"2023-10-30T16:06:49","guid":{"rendered":"http:\/\/alliancefr.se\/halmstad\/?page_id=751"},"modified":"2023-10-30T17:07:55","modified_gmt":"2023-10-30T16:07:55","slug":"programme-automne-2015","status":"publish","type":"page","link":"http:\/\/alliancefr.se\/halmstad\/programme-automne-2015\/","title":{"rendered":"Programme automne 2015"},"content":{"rendered":"\t\t<div data-elementor-type=\"wp-page\" data-elementor-id=\"751\" class=\"elementor elementor-751\">\n\t\t\t\t\t\t<section class=\"elementor-section elementor-top-section elementor-element elementor-element-f509e76 elementor-section-boxed elementor-section-height-default elementor-section-height-default\" data-id=\"f509e76\" data-element_type=\"section\">\n\t\t\t\t\t\t<div class=\"elementor-container elementor-column-gap-default\">\n\t\t\t\t\t<div class=\"elementor-column elementor-col-100 elementor-top-column elementor-element elementor-element-a40e3bc\" data-id=\"a40e3bc\" data-element_type=\"column\">\n\t\t\t<div class=\"elementor-widget-wrap elementor-element-populated\">\n\t\t\t\t\t\t<div class=\"elementor-element elementor-element-f0900ad elementor-widget elementor-widget-text-editor\" data-id=\"f0900ad\" data-element_type=\"widget\" data-widget_type=\"text-editor.default\">\n\t\t\t\t<div class=\"elementor-widget-container\">\n\t\t\t\t\t\t\t\t\t<p><strong>Mercredi 16 septembre<\/strong>\u00a0\u00e0 Folkuniversitetet, \u00c5kersgr\u00e4nd 1<br \/>Bienvenue \u00e0 partir de18h30 pour ceux qui veulent discuter autour d\u2019un verre de vin (30:-) ou boisson non-alcoolis\u00e9e. La conf\u00e9rence commence \u00e0 19h.<\/p><p><strong>KAREN H\u00d6EG <\/strong><strong>\u00ab\u00a0Catwalk chez Coco Chanel\u00a0\u00bb<\/strong><\/p><p>Karen H\u00f6eg est danoise et a travaill\u00e9 chez Coco Chanel pendant de longues ann\u00e9es. Elle nous racontera le m\u00e9tier de la haute couture et ses secrets. L\u2019expos\u00e9 sera en fran\u00e7ais.<\/p><p><strong>Mercredi 21 octobre\u00a0<\/strong>a\u0300 Ljungbergsgatan 12\u00a0OBS lokalen!\u00a0a\u030019h.<\/p><p><strong>MAGNUS FRITZELL<\/strong><\/p><p>Magnus Fritzell fra\u030an Svensk Champagneimport la\u030ater oss uppta\u0308cka och provsmaka tre olika champagner. Pris 100:- fo\u0308r medlemmar,150:- fo\u0308r icke-medlemmar. Spra\u030ak: svenska.\u00a0OBS! Fo\u0308ranma\u0308lan till Magnus:\u00a0magnus@champagneimport.se\u00a0eller tel. 0709-43 30 75.<\/p><p><strong>Mercredi 18 novembre<\/strong>\u00a0\u00e0 Folkuniversitetet, \u00c5kersgr\u00e4nd 1<br \/>Bienvenue \u00e0 partir de18h30 pour ceux qui veulent discuter autour d\u2019un verre de vin (30:-) ou boisson non-alcoolis\u00e9e. La conf\u00e9rence commence \u00e0 19h.<\/p><p><strong>MICHEL RENAULT<\/strong> <strong>\u00ab L\u2019Hui\u0302tre, de la Mer a\u0300 la Table \u00bb<\/strong><\/p><p>Michel Renault, bordelais habitant a\u0300 O\u0308rebro et en France, nous propose une confe\u0301rence sur la noblesse et la de\u0301licatesse de ce produit marin. La France est le 1er\u00a0producteur en Europe et exportateur dans le monde.<\/p><p><strong>Extra!\u00a0<\/strong>Une exposition de photos artistiques du photographe nic\u0327ois Franck Fleming sera organise\u0301e a\u0300 la bibliothe\u0300que d\u2019Halmstad\u00a0entre le 19 octobre et le 2 novembre.\u00a0Vernissage a\u0300 la bibliothe\u0300que en pre\u0301sence du photographe,\u00a0<strong>le 19 octobre a\u0300 18 h<\/strong>.\u00a0\/ En fotoutsta\u0308llning med verk av Franck Fleming, fotograf fra\u030an Nice, kommer att a\u0308ga rum pa\u030a Stadsbiblioteket\u00a0mellan den 19 oktober och den 2 november.\u00a0Vernissage pa\u030a Stadsbiblioteket, fotografen kommer att na\u0308rvara,\u00a0<strong>den 19 oktober kl.18<\/strong>\u00a0(se a\u0308ven bibliotekets hemsida).<\/p><p><strong>Extra! Cin\u00e9club fran\u00e7ais (des films fran\u00e7ais soutitr\u00e9s en anglais) ouvert \u00e0 tout le monde \/ V\u00e5r franska filmklubb (\u00f6ppen f\u00f6r alla!) i Klarasalen p\u00e5 Stadsbiblioteket 18.00 forts\u00e4tter tre fredagar under h\u00f6sten:<\/strong><\/p><p><strong>25\/9<\/strong>\u00a0<em>Agent trouble\u00a0<\/em>(Jean-Pierre Mocky, 1987) Com\u00e9die avec Catherine Deneuve, Pierre Arditi, Richard Bohringer et Kristin Scott Thomas. Un randonneur d\u00e9couvre un car avec 50 passagers morts, puis, \u00e0 la t\u00e9l\u00e9vision on annonce que le car est tomb\u00e9 dans un lac. Il d\u00e9cide de mener l\u2019enqu\u00eate avec l\u2019aide de sa tante.<\/p><p><strong>30\/10<\/strong>\u00a0<em>Le m\u00e9pris<\/em>. (Jean-Luc Godard, 1963) Drame avec Brigitte Bardot et Michel Piccoli, d\u2019apr\u00e8s l\u2019\u0153uvre d\u2019Alberto Moravia.\u00a0Un sc\u00e9nariste parisien et son \u00e9pouse rejoignent Fritz Lang (jou\u00e9 par lui-m\u00eame) pour tourner un film \u00e0 Capri en Italie. Des sc\u00e8nes de jalousie et des malentendus vont s\u2019en suivre\u2026<\/p><p><strong>27\/11<\/strong>\u00a0<em>L\u2019amour est un crime parfait<\/em>. (Arnaud et Jean-Marie Larrieu, 2014) Policier. Apr\u00e8s la disparition d\u2019une \u00e9tudiante, amante d\u2019un professeur de son universit\u00e9, sa belle-m\u00e8re m\u00e8ne l\u2019enqu\u00eate.\u00a0Avec Matthieu Amalric et Karin Viard.<\/p><p>Filmerna \u00e4r textade till engelska. Fri entr\u00e9. I samarbete med Institut Fran\u00e7ais och Stadsbiblioteket i Halmstad. Info \u00e4ven p\u00e5 bibliotekets hemsida.<\/p>\t\t\t\t\t\t\t\t<\/div>\n\t\t\t\t<\/div>\n\t\t\t\t\t<\/div>\n\t\t<\/div>\n\t\t\t\t\t<\/div>\n\t\t<\/section>\n\t\t\t\t<\/div>\n\t\t","protected":false},"excerpt":{"rendered":"<p>Mercredi 16 septembre\u00a0\u00e0 Folkuniversitetet, \u00c5kersgr\u00e4nd 1Bienvenue \u00e0 partir de18h30 pour ceux qui veulent discuter autour d\u2019un verre de vin (30:-) ou boisson non-alcoolis\u00e9e. La conf\u00e9rence commence \u00e0 19h. KAREN H\u00d6EG \u00ab\u00a0Catwalk chez Coco Chanel\u00a0\u00bb Karen H\u00f6eg est danoise et a travaill\u00e9 chez Coco Chanel pendant de longues ann\u00e9es. Elle nous racontera le m\u00e9tier de la haute couture et ses secrets. L\u2019expos\u00e9 sera en fran\u00e7ais. Mercredi 21 octobre\u00a0a\u0300 Ljungbergsgatan 12\u00a0OBS lokalen!\u00a0a\u030019h. MAGNUS FRITZELL Magnus Fritzell fra\u030an Svensk Champagneimport la\u030ater oss uppta\u0308cka och provsmaka tre olika champagner. Pris 100:- fo\u0308r medlemmar,150:- fo\u0308r icke-medlemmar. Spra\u030ak: svenska.\u00a0OBS! Fo\u0308ranma\u0308lan till Magnus:\u00a0magnus@champagneimport.se\u00a0eller tel. 0709-43 30 75. Mercredi 18 novembre\u00a0\u00e0 Folkuniversitetet, \u00c5kersgr\u00e4nd 1Bienvenue \u00e0 partir de18h30 pour ceux qui veulent discuter autour d\u2019un verre de vin (30:-) ou boisson non-alcoolis\u00e9e. La conf\u00e9rence commence \u00e0 19h. MICHEL RENAULT \u00ab L\u2019Hui\u0302tre, de la Mer a\u0300 la Table \u00bb Michel Renault, bordelais habitant a\u0300 O\u0308rebro et en France, nous propose une confe\u0301rence sur la noblesse et la de\u0301licatesse de ce produit marin. La France est le 1er\u00a0producteur en Europe et exportateur dans le monde. Extra!\u00a0Une exposition de photos artistiques du photographe nic\u0327ois Franck Fleming sera organise\u0301e a\u0300 la bibliothe\u0300que d\u2019Halmstad\u00a0entre le 19 octobre et le 2 novembre.\u00a0Vernissage a\u0300 la bibliothe\u0300que en pre\u0301sence du photographe,\u00a0le 19 octobre a\u0300 18 h.\u00a0\/ En fotoutsta\u0308llning med verk av Franck Fleming, fotograf fra\u030an Nice, kommer att a\u0308ga rum pa\u030a Stadsbiblioteket\u00a0mellan den 19 oktober och den 2 november.\u00a0Vernissage pa\u030a Stadsbiblioteket, fotografen kommer att na\u0308rvara,\u00a0den 19 oktober kl.18\u00a0(se a\u0308ven bibliotekets hemsida). Extra! Cin\u00e9club fran\u00e7ais (des films fran\u00e7ais soutitr\u00e9s en anglais) ouvert \u00e0 tout le monde \/ V\u00e5r franska filmklubb (\u00f6ppen f\u00f6r alla!) i Klarasalen p\u00e5 Stadsbiblioteket 18.00 forts\u00e4tter tre fredagar under h\u00f6sten: 25\/9\u00a0Agent trouble\u00a0(Jean-Pierre Mocky, 1987) Com\u00e9die avec Catherine Deneuve, Pierre Arditi, Richard Bohringer et Kristin Scott Thomas. Un randonneur d\u00e9couvre un car avec 50 passagers morts, puis, \u00e0 la t\u00e9l\u00e9vision on annonce que le car est tomb\u00e9 dans un lac. Il d\u00e9cide de mener l\u2019enqu\u00eate avec l\u2019aide de sa tante. 30\/10\u00a0Le m\u00e9pris. (Jean-Luc Godard, 1963) Drame avec Brigitte Bardot et Michel Piccoli, d\u2019apr\u00e8s l\u2019\u0153uvre d\u2019Alberto Moravia.\u00a0Un sc\u00e9nariste parisien et son \u00e9pouse rejoignent Fritz Lang (jou\u00e9 par lui-m\u00eame) pour tourner un film \u00e0 Capri en Italie. Des sc\u00e8nes de jalousie et des malentendus vont s\u2019en suivre\u2026 27\/11\u00a0L\u2019amour est un crime parfait. (Arnaud et Jean-Marie Larrieu, 2014) Policier. Apr\u00e8s la disparition d\u2019une \u00e9tudiante, amante d\u2019un professeur de son universit\u00e9, sa belle-m\u00e8re m\u00e8ne l\u2019enqu\u00eate.\u00a0Avec Matthieu Amalric et Karin Viard. Filmerna \u00e4r textade till engelska. Fri entr\u00e9. I samarbete med Institut Fran\u00e7ais och Stadsbiblioteket i Halmstad. Info \u00e4ven p\u00e5 bibliotekets hemsida.<\/p>\n","protected":false},"author":1,"featured_media":0,"parent":0,"menu_order":0,"comment_status":"closed","ping_status":"closed","template":"","meta":{"om_disable_all_campaigns":false,"_monsterinsights_skip_tracking":false,"_monsterinsights_sitenote_active":false,"_monsterinsights_sitenote_note":"","_monsterinsights_sitenote_category":0,"_uf_show_specific_survey":0,"_uf_disable_surveys":false,"footnotes":""},"class_list":["post-751","page","type-page","status-publish","hentry"],"aioseo_notices":[],"rttpg_featured_image_url":null,"rttpg_author":{"display_name":"Super.admin","author_link":"http:\/\/alliancefr.se\/halmstad\/author\/admin2174\/"},"rttpg_comment":0,"rttpg_category":" <a href=\"http:\/\/alliancefr.se\/halmstad\/\" rel=\"tag\">Fran\u00e7ais<\/a>","rttpg_excerpt":"Mercredi 16 septembre\u00a0\u00e0 Folkuniversitetet, \u00c5kersgr\u00e4nd 1Bienvenue \u00e0 partir de18h30 pour ceux qui veulent discuter autour d\u2019un verre de vin (30:-) ou boisson non-alcoolis\u00e9e. La conf\u00e9rence commence \u00e0 19h. KAREN H\u00d6EG \u00ab\u00a0Catwalk chez Coco Chanel\u00a0\u00bb Karen H\u00f6eg est danoise et a travaill\u00e9 chez Coco Chanel pendant de longues ann\u00e9es. Elle nous racontera le m\u00e9tier de la\u2026","_links":{"self":[{"href":"http:\/\/alliancefr.se\/halmstad\/wp-json\/wp\/v2\/pages\/751","targetHints":{"allow":["GET"]}}],"collection":[{"href":"http:\/\/alliancefr.se\/halmstad\/wp-json\/wp\/v2\/pages"}],"about":[{"href":"http:\/\/alliancefr.se\/halmstad\/wp-json\/wp\/v2\/types\/page"}],"author":[{"embeddable":true,"href":"http:\/\/alliancefr.se\/halmstad\/wp-json\/wp\/v2\/users\/1"}],"replies":[{"embeddable":true,"href":"http:\/\/alliancefr.se\/halmstad\/wp-json\/wp\/v2\/comments?post=751"}],"version-history":[{"count":4,"href":"http:\/\/alliancefr.se\/halmstad\/wp-json\/wp\/v2\/pages\/751\/revisions"}],"predecessor-version":[{"id":755,"href":"http:\/\/alliancefr.se\/halmstad\/wp-json\/wp\/v2\/pages\/751\/revisions\/755"}],"wp:attachment":[{"href":"http:\/\/alliancefr.se\/halmstad\/wp-json\/wp\/v2\/media?parent=751"}],"curies":[{"name":"wp","href":"https:\/\/api.w.org\/{rel}","templated":true}]}}