{"id":746,"date":"2023-10-30T17:05:07","date_gmt":"2023-10-30T16:05:07","guid":{"rendered":"http:\/\/alliancefr.se\/halmstad\/?page_id=746"},"modified":"2023-10-30T17:05:47","modified_gmt":"2023-10-30T16:05:47","slug":"programme-printemps-2016","status":"publish","type":"page","link":"http:\/\/alliancefr.se\/halmstad\/programme-printemps-2016\/","title":{"rendered":"Programme printemps 2016"},"content":{"rendered":"\t\t<div data-elementor-type=\"wp-page\" data-elementor-id=\"746\" class=\"elementor elementor-746\">\n\t\t\t\t\t\t<section class=\"elementor-section elementor-top-section elementor-element elementor-element-b64e7f9 elementor-section-boxed elementor-section-height-default elementor-section-height-default\" data-id=\"b64e7f9\" data-element_type=\"section\">\n\t\t\t\t\t\t<div class=\"elementor-container elementor-column-gap-default\">\n\t\t\t\t\t<div class=\"elementor-column elementor-col-100 elementor-top-column elementor-element elementor-element-1bd3ffe\" data-id=\"1bd3ffe\" data-element_type=\"column\">\n\t\t\t<div class=\"elementor-widget-wrap elementor-element-populated\">\n\t\t\t\t\t\t<div class=\"elementor-element elementor-element-c246a78 elementor-widget elementor-widget-text-editor\" data-id=\"c246a78\" data-element_type=\"widget\" data-widget_type=\"text-editor.default\">\n\t\t\t\t<div class=\"elementor-widget-container\">\n\t\t\t\t\t\t\t\t\t<p><strong>Jeudi 28 janvier\u00a0<\/strong>\u00e0 la biblioth\u00e8que de S\u00f6ndrum de 18h30 \u00e0 21h15, cin\u00e9club fran\u00e7ais.<br \/>Film \u00e0 19h\u00a0:\u00a0<em>L\u2019homme de Rio<\/em>\u00a0(1964) com\u00e9die, aventure, avec Jean-Paul Belmondo.<br \/>\u00a0<br \/><strong>Mercredi 3 f\u00e9vrier\u00a0<\/strong>\u00e0 Folkuniversitetet, \u00c5kersgr\u00e4nd 1.\u00a0<u>R\u00e9union annuelle \u00e0 18h<\/u>.<br \/>\u00a0<br \/><strong>\u00a0\u00a0\u00a0\u00a0\u00a0\u00a0\u00a0\u00a0\u00a0\u00a0\u00a0\u00a0\u00a0\u00a0\u00a0\u00a0\u00a0\u00a0\u00a0\u00a0\u00a0\u00a0\u00a0\u00a0\u00a0\u00a0\u00a0\u00a0\u00a0\u00a0\u00a0\u00a0\u00a0\u00a0\u00a0\u00a0\u00a0\u00a0\u00a0\u00a0\u00a0\u00a0\u00a0\u00a0\u00a0\u00a0\u00a0\u00a0\u00a0\u00a0\u00a0\u00a0\u00a0\u00a0\u00a0\u00a0\u00a0\u00a0 BJ\u00d6RN LARSSON<\/strong><br \/>\u00a0<br \/>\u00e9crivain et professeur de l\u2019Universit\u00e9 de Lund, parlera de la litt\u00e9rature face au terrorisme, avec comme illustration son \u0153uvre\u00a0<em>Det onda \u00f6gat\u00a0<\/em>(1999).<br \/>\u00a0<br \/>Bienvenue \u00e0 partir de18h30 pour ceux qui veulent discuter autour d\u2019un verre de vin (30:-) ou boisson non-alcoolis\u00e9e. La conf\u00e9rence commence \u00e0 19h.<br \/>\u00a0<br \/><strong>Jeudi 25 f\u00e9vrier\u00a0<\/strong>\u00e0 la biblioth\u00e8que de S\u00f6ndrum de 18h30 \u00e0 21h15, cin\u00e9club fran\u00e7ais.<br \/>Film \u00e0 19h\u00a0:\u00a0<em>L\u2019assassin habite au 21\u00a0<\/em>(1942) policier.<br \/>\u00a0<br \/>\u00a0<br \/><strong>Jeudi 31 mars\u00a0<\/strong>\u00e0 la biblioth\u00e8que de S\u00f6ndrum de 18h30 \u00e0 21h15, cin\u00e9club fran\u00e7ais.<br \/>Film \u00e0 19h\u00a0:\u00a0<em>Conte d\u2019\u00e9t\u00e9<\/em>\u00a0(1996) romance d\u2019Eric Rohmer.<br \/>\u00a0<br \/>\u00a0<br \/><strong>Jeudi 21 avril\u00a0<\/strong>\u00e0 Folkuniversitetet, \u00c5kersgr\u00e4nd 1.<br \/>\u00a0<br \/><strong>\u00a0\u00a0\u00a0\u00a0\u00a0\u00a0\u00a0\u00a0\u00a0\u00a0\u00a0\u00a0\u00a0\u00a0\u00a0\u00a0\u00a0\u00a0\u00a0\u00a0\u00a0\u00a0\u00a0\u00a0\u00a0\u00a0\u00a0\u00a0\u00a0\u00a0\u00a0\u00a0\u00a0 Mme FATMA OMRANI, ambassadrice de Tunisie<\/strong><br \/>\u00a0<br \/>fera une pr\u00e9sentation de son pays, avec d\u00e9gustation de quelques sp\u00e9cialit\u00e9s tunisiennes. Bienvenue \u00e0 partir de18h00 pour ceux qui veulent d\u00e9guster et discuter autour d\u2019un verre de vin (30:-) ou boisson non-alcoolis\u00e9e. La conf\u00e9rence commence \u00e0 19h.<br \/>\u00a0<br \/><strong>Jeudi 28 avril\u00a0<\/strong>\u00e0 la biblioth\u00e8que de S\u00f6ndrum de 18h30 \u00e0 21h15, cin\u00e9club fran\u00e7ais.<br \/>Film \u00e0 19h\u00a0:\u00a0<em>La vie et rien d\u2019autre\u00a0<\/em>(1989) drame de Bertrand Tavernier avec Philippe Noiret.<br \/>\u00a0<br \/><strong>Jeudi 19 mai\u00a0<\/strong>inauguration de l\u2019exposition \u00ab\u00a0De Monet \u00e0 C\u00e9zanne \u2013 les impressionnistes fran\u00e7ais\u00a0\u00bb \u00e0 Arenahallen Halmstad, pour plus d&rsquo;information cliquez ici\u00a0\u00a0<a href=\"http:\/\/www.monet-cezanne.se\/fr-FR\" target=\"_blank\" rel=\"noopener\">_<\/a><br \/><br \/>L\u2019Alliance Fran\u00e7aise invite ses membres \u00e0 une conf\u00e9rence (en su\u00e9dois) exclusivement pour nous \u00e0 18h. Prix subventionn\u00e9 pour les membres (n&rsquo;oubliez pas de payer pour 2016!): 50\u00a0:- pour la conf\u00e9rence, 50\u00a0:- pour l\u2019entr\u00e9e. (Prix normal\u00a0: 100 :-\/110\u00a0:-). Inscription pr\u00e9alable obligatoire :\u00a0en payant 100:- \u00e0 AF Halmstad, plusgiro 54 77 50-0, marquez votre nom s.v.p. et en envoyant un mail \u00e0 christer.brunstrom@telia.com.<br \/><br \/>Till de medlemmar, som betalat \u00a0\u00e5rsavgift till Alliance Francaise 2016!<br \/><span>Det kommer att ordnas en s\u00e4rskild visning med f\u00f6redrag f\u00f6r alliansens medlemmar den 19 maj kl 18.00\u00a0\u2013\u00a0efter st\u00e4ngningsdags. Se mer info p\u00e5 Destination Halmstad:\u00a0<span style=\"font-size: medium;\"><a href=\"http:\/\/www.monet-cezanne.se\/\" target=\"_blank\" rel=\"noopener\">www.monet-cezanne.se<\/a><\/span><br \/>Visningen sker p\u00e5 svenska, s\u00e5 man kan ta med g\u00e4ster.<\/span><span>\u00a0Vi subventionerar biljetterna vid detta tillf\u00e4lle<strong>\u00a0f\u00f6r den som betalat sin \u00e5rsavgift till Christer Brunstr\u00f6m.<\/strong><\/span><span><strong>\u00a0Pris 100 kr (160 f\u00f6r icke medlem). Summan s\u00e4tts in p\u00e5 v\u00e5rt plusgirokonto 54 77 50-0. BIFOGA DITT NAMN!<\/strong><\/span><span>\u00a0Den som vill delta i detta evenemang,\u00a0<strong>anm\u00e4ler sig snarast\u00a0<\/strong>till Christer Brunstr\u00f6m;\u00a0<a href=\"mailto:christer.brunstrom@telia.com\" target=\"_blank\" rel=\"noopener\">christer.brunstrom@telia.com<\/a>\u00a0och s\u00e4tter samtidigt in pengar. Anm\u00e4lan \u00e4r giltig d\u00e4refter.<\/span><\/p>\t\t\t\t\t\t\t\t<\/div>\n\t\t\t\t<\/div>\n\t\t\t\t\t<\/div>\n\t\t<\/div>\n\t\t\t\t\t<\/div>\n\t\t<\/section>\n\t\t\t\t<\/div>\n\t\t","protected":false},"excerpt":{"rendered":"<p>Jeudi 28 janvier\u00a0\u00e0 la biblioth\u00e8que de S\u00f6ndrum de 18h30 \u00e0 21h15, cin\u00e9club fran\u00e7ais.Film \u00e0 19h\u00a0:\u00a0L\u2019homme de Rio\u00a0(1964) com\u00e9die, aventure, avec Jean-Paul Belmondo.\u00a0Mercredi 3 f\u00e9vrier\u00a0\u00e0 Folkuniversitetet, \u00c5kersgr\u00e4nd 1.\u00a0R\u00e9union annuelle \u00e0 18h.\u00a0\u00a0\u00a0\u00a0\u00a0\u00a0\u00a0\u00a0\u00a0\u00a0\u00a0\u00a0\u00a0\u00a0\u00a0\u00a0\u00a0\u00a0\u00a0\u00a0\u00a0\u00a0\u00a0\u00a0\u00a0\u00a0\u00a0\u00a0\u00a0\u00a0\u00a0\u00a0\u00a0\u00a0\u00a0\u00a0\u00a0\u00a0\u00a0\u00a0\u00a0\u00a0\u00a0\u00a0\u00a0\u00a0\u00a0\u00a0\u00a0\u00a0\u00a0\u00a0\u00a0\u00a0\u00a0\u00a0\u00a0\u00a0\u00a0 BJ\u00d6RN LARSSON\u00a0\u00e9crivain et professeur de l\u2019Universit\u00e9 de Lund, parlera de la litt\u00e9rature face au terrorisme, avec comme illustration son \u0153uvre\u00a0Det onda \u00f6gat\u00a0(1999).\u00a0Bienvenue \u00e0 partir de18h30 pour ceux qui veulent discuter autour d\u2019un verre de vin (30:-) ou boisson non-alcoolis\u00e9e. La conf\u00e9rence commence \u00e0 19h.\u00a0Jeudi 25 f\u00e9vrier\u00a0\u00e0 la biblioth\u00e8que de S\u00f6ndrum de 18h30 \u00e0 21h15, cin\u00e9club fran\u00e7ais.Film \u00e0 19h\u00a0:\u00a0L\u2019assassin habite au 21\u00a0(1942) policier.\u00a0\u00a0Jeudi 31 mars\u00a0\u00e0 la biblioth\u00e8que de S\u00f6ndrum de 18h30 \u00e0 21h15, cin\u00e9club fran\u00e7ais.Film \u00e0 19h\u00a0:\u00a0Conte d\u2019\u00e9t\u00e9\u00a0(1996) romance d\u2019Eric Rohmer.\u00a0\u00a0Jeudi 21 avril\u00a0\u00e0 Folkuniversitetet, \u00c5kersgr\u00e4nd 1.\u00a0\u00a0\u00a0\u00a0\u00a0\u00a0\u00a0\u00a0\u00a0\u00a0\u00a0\u00a0\u00a0\u00a0\u00a0\u00a0\u00a0\u00a0\u00a0\u00a0\u00a0\u00a0\u00a0\u00a0\u00a0\u00a0\u00a0\u00a0\u00a0\u00a0\u00a0\u00a0\u00a0\u00a0 Mme FATMA OMRANI, ambassadrice de Tunisie\u00a0fera une pr\u00e9sentation de son pays, avec d\u00e9gustation de quelques sp\u00e9cialit\u00e9s tunisiennes. Bienvenue \u00e0 partir de18h00 pour ceux qui veulent d\u00e9guster et discuter autour d\u2019un verre de vin (30:-) ou boisson non-alcoolis\u00e9e. La conf\u00e9rence commence \u00e0 19h.\u00a0Jeudi 28 avril\u00a0\u00e0 la biblioth\u00e8que de S\u00f6ndrum de 18h30 \u00e0 21h15, cin\u00e9club fran\u00e7ais.Film \u00e0 19h\u00a0:\u00a0La vie et rien d\u2019autre\u00a0(1989) drame de Bertrand Tavernier avec Philippe Noiret.\u00a0Jeudi 19 mai\u00a0inauguration de l\u2019exposition \u00ab\u00a0De Monet \u00e0 C\u00e9zanne \u2013 les impressionnistes fran\u00e7ais\u00a0\u00bb \u00e0 Arenahallen Halmstad, pour plus d&rsquo;information cliquez ici\u00a0\u00a0_ L\u2019Alliance Fran\u00e7aise invite ses membres \u00e0 une conf\u00e9rence (en su\u00e9dois) exclusivement pour nous \u00e0 18h. Prix subventionn\u00e9 pour les membres (n&rsquo;oubliez pas de payer pour 2016!): 50\u00a0:- pour la conf\u00e9rence, 50\u00a0:- pour l\u2019entr\u00e9e. (Prix normal\u00a0: 100 :-\/110\u00a0:-). Inscription pr\u00e9alable obligatoire :\u00a0en payant 100:- \u00e0 AF Halmstad, plusgiro 54 77 50-0, marquez votre nom s.v.p. et en envoyant un mail \u00e0 christer.brunstrom@telia.com. Till de medlemmar, som betalat \u00a0\u00e5rsavgift till Alliance Francaise 2016!Det kommer att ordnas en s\u00e4rskild visning med f\u00f6redrag f\u00f6r alliansens medlemmar den 19 maj kl 18.00\u00a0\u2013\u00a0efter st\u00e4ngningsdags. Se mer info p\u00e5 Destination Halmstad:\u00a0www.monet-cezanne.seVisningen sker p\u00e5 svenska, s\u00e5 man kan ta med g\u00e4ster.\u00a0Vi subventionerar biljetterna vid detta tillf\u00e4lle\u00a0f\u00f6r den som betalat sin \u00e5rsavgift till Christer Brunstr\u00f6m.\u00a0Pris 100 kr (160 f\u00f6r icke medlem). Summan s\u00e4tts in p\u00e5 v\u00e5rt plusgirokonto 54 77 50-0. BIFOGA DITT NAMN!\u00a0Den som vill delta i detta evenemang,\u00a0anm\u00e4ler sig snarast\u00a0till Christer Brunstr\u00f6m;\u00a0christer.brunstrom@telia.com\u00a0och s\u00e4tter samtidigt in pengar. Anm\u00e4lan \u00e4r giltig d\u00e4refter.<\/p>\n","protected":false},"author":1,"featured_media":0,"parent":0,"menu_order":0,"comment_status":"closed","ping_status":"closed","template":"","meta":{"om_disable_all_campaigns":false,"_monsterinsights_skip_tracking":false,"_monsterinsights_sitenote_active":false,"_monsterinsights_sitenote_note":"","_monsterinsights_sitenote_category":0,"_uf_show_specific_survey":0,"_uf_disable_surveys":false,"footnotes":""},"class_list":["post-746","page","type-page","status-publish","hentry"],"aioseo_notices":[],"rttpg_featured_image_url":null,"rttpg_author":{"display_name":"Super.admin","author_link":"http:\/\/alliancefr.se\/halmstad\/author\/admin2174\/"},"rttpg_comment":0,"rttpg_category":" <a href=\"http:\/\/alliancefr.se\/halmstad\/\" rel=\"tag\">Fran\u00e7ais<\/a>","rttpg_excerpt":"Jeudi 28 janvier\u00a0\u00e0 la biblioth\u00e8que de S\u00f6ndrum de 18h30 \u00e0 21h15, cin\u00e9club fran\u00e7ais.Film \u00e0 19h\u00a0:\u00a0L\u2019homme de Rio\u00a0(1964) com\u00e9die, aventure, avec Jean-Paul Belmondo.\u00a0Mercredi 3 f\u00e9vrier\u00a0\u00e0 Folkuniversitetet, \u00c5kersgr\u00e4nd 1.\u00a0R\u00e9union annuelle \u00e0 18h.\u00a0\u00a0\u00a0\u00a0\u00a0\u00a0\u00a0\u00a0\u00a0\u00a0\u00a0\u00a0\u00a0\u00a0\u00a0\u00a0\u00a0\u00a0\u00a0\u00a0\u00a0\u00a0\u00a0\u00a0\u00a0\u00a0\u00a0\u00a0\u00a0\u00a0\u00a0\u00a0\u00a0\u00a0\u00a0\u00a0\u00a0\u00a0\u00a0\u00a0\u00a0\u00a0\u00a0\u00a0\u00a0\u00a0\u00a0\u00a0\u00a0\u00a0\u00a0\u00a0\u00a0\u00a0\u00a0\u00a0\u00a0\u00a0\u00a0 BJ\u00d6RN LARSSON\u00a0\u00e9crivain et professeur de l\u2019Universit\u00e9 de Lund, parlera de la litt\u00e9rature face au terrorisme, avec comme illustration son \u0153uvre\u00a0Det onda \u00f6gat\u00a0(1999).\u00a0Bienvenue \u00e0 partir de18h30\u2026","_links":{"self":[{"href":"http:\/\/alliancefr.se\/halmstad\/wp-json\/wp\/v2\/pages\/746","targetHints":{"allow":["GET"]}}],"collection":[{"href":"http:\/\/alliancefr.se\/halmstad\/wp-json\/wp\/v2\/pages"}],"about":[{"href":"http:\/\/alliancefr.se\/halmstad\/wp-json\/wp\/v2\/types\/page"}],"author":[{"embeddable":true,"href":"http:\/\/alliancefr.se\/halmstad\/wp-json\/wp\/v2\/users\/1"}],"replies":[{"embeddable":true,"href":"http:\/\/alliancefr.se\/halmstad\/wp-json\/wp\/v2\/comments?post=746"}],"version-history":[{"count":4,"href":"http:\/\/alliancefr.se\/halmstad\/wp-json\/wp\/v2\/pages\/746\/revisions"}],"predecessor-version":[{"id":750,"href":"http:\/\/alliancefr.se\/halmstad\/wp-json\/wp\/v2\/pages\/746\/revisions\/750"}],"wp:attachment":[{"href":"http:\/\/alliancefr.se\/halmstad\/wp-json\/wp\/v2\/media?parent=746"}],"curies":[{"name":"wp","href":"https:\/\/api.w.org\/{rel}","templated":true}]}}