{"id":741,"date":"2023-10-30T17:03:36","date_gmt":"2023-10-30T16:03:36","guid":{"rendered":"http:\/\/alliancefr.se\/halmstad\/?page_id=741"},"modified":"2023-10-30T17:04:14","modified_gmt":"2023-10-30T16:04:14","slug":"programme-automne-2016","status":"publish","type":"page","link":"http:\/\/alliancefr.se\/halmstad\/programme-automne-2016\/","title":{"rendered":"Programme automne 2016"},"content":{"rendered":"\t\t<div data-elementor-type=\"wp-page\" data-elementor-id=\"741\" class=\"elementor elementor-741\">\n\t\t\t\t\t\t<section class=\"elementor-section elementor-top-section elementor-element elementor-element-d37fff5 elementor-section-boxed elementor-section-height-default elementor-section-height-default\" data-id=\"d37fff5\" data-element_type=\"section\">\n\t\t\t\t\t\t<div class=\"elementor-container elementor-column-gap-default\">\n\t\t\t\t\t<div class=\"elementor-column elementor-col-100 elementor-top-column elementor-element elementor-element-5db80b4\" data-id=\"5db80b4\" data-element_type=\"column\">\n\t\t\t<div class=\"elementor-widget-wrap elementor-element-populated\">\n\t\t\t\t\t\t<div class=\"elementor-element elementor-element-eb6649b elementor-widget elementor-widget-text-editor\" data-id=\"eb6649b\" data-element_type=\"widget\" data-widget_type=\"text-editor.default\">\n\t\t\t\t<div class=\"elementor-widget-container\">\n\t\t\t\t\t\t\t\t\t<p><strong>Jeudi 18 ao\u00fbt\u00a0<\/strong>\u00e0 Arenahallen, \u00e0 18h :<br \/>Bal folklorique avec le groupe Pirouettes d\u2019Avranches.\u00a0<br \/>Entr\u00e9e gratuite. Possibilit\u00e9 de voir l\u2019exposition Monet to C\u00e9zanne (entr\u00e9e payante pour l\u2019expo).<br \/><strong>\u00a0<\/strong><br \/><strong>Jeudi 22 septembre\u00a0<\/strong>\u00e0 la biblioth\u00e8que de S\u00f6ndrum de 18h30 \u00e0 21h15, cin\u00e9club fran\u00e7ais.<br \/>Film \u00e0 19h\u00a0:\u00a0<em>Pierrot le Fou<\/em>\u00a0(1965) policier de Jean-Luc Godard, avec Jean-Paul Belmondo et Anna Karina.<br \/><br \/><strong>Mardi 27 septembre\u00a0<\/strong>\u00e0\u00a0 Folkuniversitetet, \u00c5kersgr\u00e4nd 1 :<br \/><strong>CECILE ALLEGRA<\/strong><br \/>Le prix d\u2019Albert Londres qui r\u00e9compense les grands reporters fran\u00e7ais propose aux Alliances Fran\u00e7aises de Su\u00e8de une conf\u00e9rence autour du th\u00e8me de\u00a0<em>La France aujourd\u2019hui<\/em>. Nous aurons droit \u00e0 la projection du film documentaire\u00a0<em>Voyage en barbarie<\/em>. Ensuite, discussion avec le public en pr\u00e9sence de C\u00e9cile Allegra, grand reporter et l&rsquo;une de metteurs en sc\u00e8ne. Film (60 min.) soutitr\u00e9 en anglais.<br \/>La conf\u00e9rence commence \u00e0 18h30.<br \/><br \/><strong>Jeudi 27 octobre\u00a0<\/strong>\u00e0 la biblioth\u00e8que de S\u00f6ndrum de 18h30 \u00e0 21h15, cin\u00e9club fran\u00e7ais.<br \/>Film \u00e0 19h\u00a0:\u00a0<em>Coup de Chaud\u00a0<\/em>(2014) polar et action de Rapha\u00ebl Jaculot. Avec Jean-Pierre Daroussin.<br \/>\u00a0<br \/><strong>Jeudi 10 novembre\u00a0<\/strong>\u00e0 Folkuniversitetet, \u00c5kersgr\u00e4nd 1\u00a0:<br \/><strong>TITO<\/strong><br \/>Intervention autour de la bande dessin\u00e9e avec le dessinateur de BD Tito,\u00a0\u00a0<br \/>Tiburcio de la Llave, n\u00e9 en Espagne mais vivant en France depuis l\u2019\u00e0ge de six ans.\u00a0<br \/>\u00a0<br \/>Bienvenue \u00e0 partir de18h30 pour ceux qui veulent discuter autour d\u2019un verre de vin (30:-) ou boisson non-alcoolis\u00e9e. La conf\u00e9rence commence \u00e0 19h.<br \/>(Vendredi 11 novembre, Tito se rendra dans deux coll\u00e8ges, S\u00f6ndrumsskolan et Vall\u00e5sskolan, o\u00f9 il tiendra des ateliers avec les \u00e9l\u00e8ves.)<br \/>\u00a0<br \/><strong>Jeudi 24 novembre\u00a0<\/strong>\u00e0 la biblioth\u00e8que de S\u00f6ndrum de 18h30 \u00e0 21h15, cin\u00e9club fran\u00e7ais.<br \/>Film \u00e0 19h\u00a0:\u00a0<em>Les gar\u00e7ons et Guillaume, \u00e0 table\u00a0!\u00a0<\/em>(2013) com\u00e9die de Guillaume Gallienne, avec Guillaume Gallienne et Andr\u00e9 Marcon.<\/p>\t\t\t\t\t\t\t\t<\/div>\n\t\t\t\t<\/div>\n\t\t\t\t\t<\/div>\n\t\t<\/div>\n\t\t\t\t\t<\/div>\n\t\t<\/section>\n\t\t\t\t<\/div>\n\t\t","protected":false},"excerpt":{"rendered":"<p>Jeudi 18 ao\u00fbt\u00a0\u00e0 Arenahallen, \u00e0 18h :Bal folklorique avec le groupe Pirouettes d\u2019Avranches.\u00a0Entr\u00e9e gratuite. Possibilit\u00e9 de voir l\u2019exposition Monet to C\u00e9zanne (entr\u00e9e payante pour l\u2019expo).\u00a0Jeudi 22 septembre\u00a0\u00e0 la biblioth\u00e8que de S\u00f6ndrum de 18h30 \u00e0 21h15, cin\u00e9club fran\u00e7ais.Film \u00e0 19h\u00a0:\u00a0Pierrot le Fou\u00a0(1965) policier de Jean-Luc Godard, avec Jean-Paul Belmondo et Anna Karina. Mardi 27 septembre\u00a0\u00e0\u00a0 Folkuniversitetet, \u00c5kersgr\u00e4nd 1 :CECILE ALLEGRALe prix d\u2019Albert Londres qui r\u00e9compense les grands reporters fran\u00e7ais propose aux Alliances Fran\u00e7aises de Su\u00e8de une conf\u00e9rence autour du th\u00e8me de\u00a0La France aujourd\u2019hui. Nous aurons droit \u00e0 la projection du film documentaire\u00a0Voyage en barbarie. Ensuite, discussion avec le public en pr\u00e9sence de C\u00e9cile Allegra, grand reporter et l&rsquo;une de metteurs en sc\u00e8ne. Film (60 min.) soutitr\u00e9 en anglais.La conf\u00e9rence commence \u00e0 18h30. Jeudi 27 octobre\u00a0\u00e0 la biblioth\u00e8que de S\u00f6ndrum de 18h30 \u00e0 21h15, cin\u00e9club fran\u00e7ais.Film \u00e0 19h\u00a0:\u00a0Coup de Chaud\u00a0(2014) polar et action de Rapha\u00ebl Jaculot. Avec Jean-Pierre Daroussin.\u00a0Jeudi 10 novembre\u00a0\u00e0 Folkuniversitetet, \u00c5kersgr\u00e4nd 1\u00a0:TITOIntervention autour de la bande dessin\u00e9e avec le dessinateur de BD Tito,\u00a0\u00a0Tiburcio de la Llave, n\u00e9 en Espagne mais vivant en France depuis l\u2019\u00e0ge de six ans.\u00a0\u00a0Bienvenue \u00e0 partir de18h30 pour ceux qui veulent discuter autour d\u2019un verre de vin (30:-) ou boisson non-alcoolis\u00e9e. La conf\u00e9rence commence \u00e0 19h.(Vendredi 11 novembre, Tito se rendra dans deux coll\u00e8ges, S\u00f6ndrumsskolan et Vall\u00e5sskolan, o\u00f9 il tiendra des ateliers avec les \u00e9l\u00e8ves.)\u00a0Jeudi 24 novembre\u00a0\u00e0 la biblioth\u00e8que de S\u00f6ndrum de 18h30 \u00e0 21h15, cin\u00e9club fran\u00e7ais.Film \u00e0 19h\u00a0:\u00a0Les gar\u00e7ons et Guillaume, \u00e0 table\u00a0!\u00a0(2013) com\u00e9die de Guillaume Gallienne, avec Guillaume Gallienne et Andr\u00e9 Marcon.<\/p>\n","protected":false},"author":1,"featured_media":0,"parent":0,"menu_order":0,"comment_status":"closed","ping_status":"closed","template":"","meta":{"om_disable_all_campaigns":false,"_monsterinsights_skip_tracking":false,"_monsterinsights_sitenote_active":false,"_monsterinsights_sitenote_note":"","_monsterinsights_sitenote_category":0,"_uf_show_specific_survey":0,"_uf_disable_surveys":false,"footnotes":""},"class_list":["post-741","page","type-page","status-publish","hentry"],"aioseo_notices":[],"rttpg_featured_image_url":null,"rttpg_author":{"display_name":"Super.admin","author_link":"http:\/\/alliancefr.se\/halmstad\/author\/admin2174\/"},"rttpg_comment":0,"rttpg_category":" <a href=\"http:\/\/alliancefr.se\/halmstad\/\" rel=\"tag\">Fran\u00e7ais<\/a>","rttpg_excerpt":"Jeudi 18 ao\u00fbt\u00a0\u00e0 Arenahallen, \u00e0 18h :Bal folklorique avec le groupe Pirouettes d\u2019Avranches.\u00a0Entr\u00e9e gratuite. Possibilit\u00e9 de voir l\u2019exposition Monet to C\u00e9zanne (entr\u00e9e payante pour l\u2019expo).\u00a0Jeudi 22 septembre\u00a0\u00e0 la biblioth\u00e8que de S\u00f6ndrum de 18h30 \u00e0 21h15, cin\u00e9club fran\u00e7ais.Film \u00e0 19h\u00a0:\u00a0Pierrot le Fou\u00a0(1965) policier de Jean-Luc Godard, avec Jean-Paul Belmondo et Anna Karina. Mardi 27 septembre\u00a0\u00e0\u00a0 Folkuniversitetet,\u2026","_links":{"self":[{"href":"http:\/\/alliancefr.se\/halmstad\/wp-json\/wp\/v2\/pages\/741","targetHints":{"allow":["GET"]}}],"collection":[{"href":"http:\/\/alliancefr.se\/halmstad\/wp-json\/wp\/v2\/pages"}],"about":[{"href":"http:\/\/alliancefr.se\/halmstad\/wp-json\/wp\/v2\/types\/page"}],"author":[{"embeddable":true,"href":"http:\/\/alliancefr.se\/halmstad\/wp-json\/wp\/v2\/users\/1"}],"replies":[{"embeddable":true,"href":"http:\/\/alliancefr.se\/halmstad\/wp-json\/wp\/v2\/comments?post=741"}],"version-history":[{"count":4,"href":"http:\/\/alliancefr.se\/halmstad\/wp-json\/wp\/v2\/pages\/741\/revisions"}],"predecessor-version":[{"id":745,"href":"http:\/\/alliancefr.se\/halmstad\/wp-json\/wp\/v2\/pages\/741\/revisions\/745"}],"wp:attachment":[{"href":"http:\/\/alliancefr.se\/halmstad\/wp-json\/wp\/v2\/media?parent=741"}],"curies":[{"name":"wp","href":"https:\/\/api.w.org\/{rel}","templated":true}]}}