{"id":731,"date":"2023-10-30T17:00:02","date_gmt":"2023-10-30T16:00:02","guid":{"rendered":"http:\/\/alliancefr.se\/halmstad\/?page_id=731"},"modified":"2023-10-30T17:00:20","modified_gmt":"2023-10-30T16:00:20","slug":"programme-printemps-2019","status":"publish","type":"page","link":"http:\/\/alliancefr.se\/halmstad\/programme-printemps-2019\/","title":{"rendered":"Programme printemps 2019"},"content":{"rendered":"\t\t<div data-elementor-type=\"wp-page\" data-elementor-id=\"731\" class=\"elementor elementor-731\">\n\t\t\t\t\t\t<section class=\"elementor-section elementor-top-section elementor-element elementor-element-457f6af elementor-section-boxed elementor-section-height-default elementor-section-height-default\" data-id=\"457f6af\" data-element_type=\"section\">\n\t\t\t\t\t\t<div class=\"elementor-container elementor-column-gap-default\">\n\t\t\t\t\t<div class=\"elementor-column elementor-col-100 elementor-top-column elementor-element elementor-element-effa449\" data-id=\"effa449\" data-element_type=\"column\">\n\t\t\t<div class=\"elementor-widget-wrap elementor-element-populated\">\n\t\t\t\t\t\t<div class=\"elementor-element elementor-element-550a53a elementor-widget elementor-widget-text-editor\" data-id=\"550a53a\" data-element_type=\"widget\" data-widget_type=\"text-editor.default\">\n\t\t\t\t<div class=\"elementor-widget-container\">\n\t\t\t\t\t\t\t\t\t<p><strong>Caf\u00e9 francophone<\/strong><br \/>Au caf\u00e9 francophone vous aurez la possibilit\u00e9 de parler fran\u00e7ais avec des francophones et d\u2019autres personnes qui s\u2019int\u00e9ressent \u00e0 la lange et la culture fran\u00e7aise. Ces rendez-vous ont lieu au caf\u00e9 de la Biblioth\u00e8que de Halmstad.<br \/>Mercredis 30 janvier, 13 f\u00e9vrier, 27 mars, 24 avril, 8 mai et 22 mai.<\/p>\t\t\t\t\t\t\t\t<\/div>\n\t\t\t\t<\/div>\n\t\t\t\t\t<\/div>\n\t\t<\/div>\n\t\t\t\t\t<\/div>\n\t\t<\/section>\n\t\t\t\t<\/div>\n\t\t","protected":false},"excerpt":{"rendered":"<p>Caf\u00e9 francophoneAu caf\u00e9 francophone vous aurez la possibilit\u00e9 de parler fran\u00e7ais avec des francophones et d\u2019autres personnes qui s\u2019int\u00e9ressent \u00e0 la lange et la culture fran\u00e7aise. Ces rendez-vous ont lieu au caf\u00e9 de la Biblioth\u00e8que de Halmstad.Mercredis 30 janvier, 13 f\u00e9vrier, 27 mars, 24 avril, 8 mai et 22 mai.<\/p>\n","protected":false},"author":1,"featured_media":0,"parent":0,"menu_order":0,"comment_status":"closed","ping_status":"closed","template":"","meta":{"om_disable_all_campaigns":false,"_monsterinsights_skip_tracking":false,"_monsterinsights_sitenote_active":false,"_monsterinsights_sitenote_note":"","_monsterinsights_sitenote_category":0,"_uf_show_specific_survey":0,"_uf_disable_surveys":false,"footnotes":""},"class_list":["post-731","page","type-page","status-publish","hentry"],"aioseo_notices":[],"rttpg_featured_image_url":null,"rttpg_author":{"display_name":"Super.admin","author_link":"http:\/\/alliancefr.se\/halmstad\/author\/admin2174\/"},"rttpg_comment":0,"rttpg_category":" <a href=\"http:\/\/alliancefr.se\/halmstad\/\" rel=\"tag\">Fran\u00e7ais<\/a>","rttpg_excerpt":"Caf\u00e9 francophoneAu caf\u00e9 francophone vous aurez la possibilit\u00e9 de parler fran\u00e7ais avec des francophones et d\u2019autres personnes qui s\u2019int\u00e9ressent \u00e0 la lange et la culture fran\u00e7aise. Ces rendez-vous ont lieu au caf\u00e9 de la Biblioth\u00e8que de Halmstad.Mercredis 30 janvier, 13 f\u00e9vrier, 27 mars, 24 avril, 8 mai et 22 mai.","_links":{"self":[{"href":"http:\/\/alliancefr.se\/halmstad\/wp-json\/wp\/v2\/pages\/731","targetHints":{"allow":["GET"]}}],"collection":[{"href":"http:\/\/alliancefr.se\/halmstad\/wp-json\/wp\/v2\/pages"}],"about":[{"href":"http:\/\/alliancefr.se\/halmstad\/wp-json\/wp\/v2\/types\/page"}],"author":[{"embeddable":true,"href":"http:\/\/alliancefr.se\/halmstad\/wp-json\/wp\/v2\/users\/1"}],"replies":[{"embeddable":true,"href":"http:\/\/alliancefr.se\/halmstad\/wp-json\/wp\/v2\/comments?post=731"}],"version-history":[{"count":4,"href":"http:\/\/alliancefr.se\/halmstad\/wp-json\/wp\/v2\/pages\/731\/revisions"}],"predecessor-version":[{"id":735,"href":"http:\/\/alliancefr.se\/halmstad\/wp-json\/wp\/v2\/pages\/731\/revisions\/735"}],"wp:attachment":[{"href":"http:\/\/alliancefr.se\/halmstad\/wp-json\/wp\/v2\/media?parent=731"}],"curies":[{"name":"wp","href":"https:\/\/api.w.org\/{rel}","templated":true}]}}