{"id":726,"date":"2023-10-30T16:58:07","date_gmt":"2023-10-30T15:58:07","guid":{"rendered":"http:\/\/alliancefr.se\/halmstad\/?page_id=726"},"modified":"2023-10-30T16:58:59","modified_gmt":"2023-10-30T15:58:59","slug":"programme-printemps-2022","status":"publish","type":"page","link":"http:\/\/alliancefr.se\/halmstad\/programme-printemps-2022\/","title":{"rendered":"Programme printemps 2022"},"content":{"rendered":"\t\t<div data-elementor-type=\"wp-page\" data-elementor-id=\"726\" class=\"elementor elementor-726\">\n\t\t\t\t\t\t<section class=\"elementor-section elementor-top-section elementor-element elementor-element-5cc6f46 elementor-section-boxed elementor-section-height-default elementor-section-height-default\" data-id=\"5cc6f46\" data-element_type=\"section\">\n\t\t\t\t\t\t<div class=\"elementor-container elementor-column-gap-default\">\n\t\t\t\t\t<div class=\"elementor-column elementor-col-100 elementor-top-column elementor-element elementor-element-3f47e3c\" data-id=\"3f47e3c\" data-element_type=\"column\">\n\t\t\t<div class=\"elementor-widget-wrap elementor-element-populated\">\n\t\t\t\t\t\t<div class=\"elementor-element elementor-element-b6ed3d2 elementor-widget elementor-widget-text-editor\" data-id=\"b6ed3d2\" data-element_type=\"widget\" data-widget_type=\"text-editor.default\">\n\t\t\t\t<div class=\"elementor-widget-container\">\n\t\t\t\t\t\t\t\t\t<p><strong>Mercredi 16 mars\u00a0 R\u00e9union annuelle et quiz<\/strong><br \/>La r\u00e9union commencera \u00e0 18 heures. L&rsquo;ordre du jour sera envoy\u00e9 aux membres une semaine d&rsquo;avance. Pour nous distraire Christer Brunstr\u00f6m a produit un quiz, qui commencera vers 19 heures. Vous aurez la possibilit\u00e9 d&rsquo;acheter un petit plat et un verre de champagne.<br \/><strong>Lieu<\/strong>: A Little Party, Hamngatan 11<br \/>Comme l&rsquo;espace est limit\u00e9, nous vous prions de vous inscrire aupr\u00e8s de Hugues Combes, hugues.combes@gmail.com. N&rsquo;attendez pas la derni\u00e8re minute pour vous inscrire.<\/p><p><strong>Jeudi 7 avril\u00a0 Conf\u00e9rence avec Robert H\u00f6rnquist<\/strong><br \/>Robert H\u00f6rnquist, consul de France \u00e0 G\u00f6teborg, fera un expos\u00e9 en su\u00e9dois sur la question\u00a0: Par quel moyen le Mar\u00e9chal Bernadotte a-t-il pu acc\u00e9der au tr\u00f4ne su\u00e9dois\u00a0?<br \/>La conf\u00e9rence commencera \u00e0 18 heures. A partir de 17h30 vous pourrez boire un verre de vin.<br \/><strong>Lieu\u00a0<\/strong>: Folkuniversitetet, \u00c5kersgr\u00e4nd 1<\/p><p><strong>Lundi 2 mai Film<\/strong><br \/>Deux ou trois stagiaires de l&rsquo;Alliance Fran\u00e7aise de \u00d6rebro seront \u00e0 Halmstad. Le 2 mai au soir ils montreront un film fran\u00e7ais au public. Lieu, titre du film et l&rsquo;heure exacte seront annonc\u00e9s plus tard.<\/p><p><strong>Samedi 4 juin Pique-nique<\/strong><br \/>Le 4 juin il y aura un pique-nique \u00e0 Galgberget pour des personnes de tous les \u00e2ges. L&rsquo;heure sera annonc\u00e9e plus tard.<\/p>\t\t\t\t\t\t\t\t<\/div>\n\t\t\t\t<\/div>\n\t\t\t\t\t<\/div>\n\t\t<\/div>\n\t\t\t\t\t<\/div>\n\t\t<\/section>\n\t\t\t\t<\/div>\n\t\t","protected":false},"excerpt":{"rendered":"<p>Mercredi 16 mars\u00a0 R\u00e9union annuelle et quizLa r\u00e9union commencera \u00e0 18 heures. L&rsquo;ordre du jour sera envoy\u00e9 aux membres une semaine d&rsquo;avance. Pour nous distraire Christer Brunstr\u00f6m a produit un quiz, qui commencera vers 19 heures. Vous aurez la possibilit\u00e9 d&rsquo;acheter un petit plat et un verre de champagne.Lieu: A Little Party, Hamngatan 11Comme l&rsquo;espace est limit\u00e9, nous vous prions de vous inscrire aupr\u00e8s de Hugues Combes, hugues.combes@gmail.com. N&rsquo;attendez pas la derni\u00e8re minute pour vous inscrire. Jeudi 7 avril\u00a0 Conf\u00e9rence avec Robert H\u00f6rnquistRobert H\u00f6rnquist, consul de France \u00e0 G\u00f6teborg, fera un expos\u00e9 en su\u00e9dois sur la question\u00a0: Par quel moyen le Mar\u00e9chal Bernadotte a-t-il pu acc\u00e9der au tr\u00f4ne su\u00e9dois\u00a0?La conf\u00e9rence commencera \u00e0 18 heures. A partir de 17h30 vous pourrez boire un verre de vin.Lieu\u00a0: Folkuniversitetet, \u00c5kersgr\u00e4nd 1 Lundi 2 mai FilmDeux ou trois stagiaires de l&rsquo;Alliance Fran\u00e7aise de \u00d6rebro seront \u00e0 Halmstad. Le 2 mai au soir ils montreront un film fran\u00e7ais au public. Lieu, titre du film et l&rsquo;heure exacte seront annonc\u00e9s plus tard. Samedi 4 juin Pique-niqueLe 4 juin il y aura un pique-nique \u00e0 Galgberget pour des personnes de tous les \u00e2ges. L&rsquo;heure sera annonc\u00e9e plus tard.<\/p>\n","protected":false},"author":1,"featured_media":0,"parent":0,"menu_order":0,"comment_status":"closed","ping_status":"closed","template":"","meta":{"om_disable_all_campaigns":false,"_monsterinsights_skip_tracking":false,"_monsterinsights_sitenote_active":false,"_monsterinsights_sitenote_note":"","_monsterinsights_sitenote_category":0,"_uf_show_specific_survey":0,"_uf_disable_surveys":false,"footnotes":""},"class_list":["post-726","page","type-page","status-publish","hentry"],"aioseo_notices":[],"rttpg_featured_image_url":null,"rttpg_author":{"display_name":"Super.admin","author_link":"http:\/\/alliancefr.se\/halmstad\/author\/admin2174\/"},"rttpg_comment":0,"rttpg_category":" <a href=\"http:\/\/alliancefr.se\/halmstad\/\" rel=\"tag\">Fran\u00e7ais<\/a>","rttpg_excerpt":"Mercredi 16 mars\u00a0 R\u00e9union annuelle et quizLa r\u00e9union commencera \u00e0 18 heures. L&rsquo;ordre du jour sera envoy\u00e9 aux membres une semaine d&rsquo;avance. Pour nous distraire Christer Brunstr\u00f6m a produit un quiz, qui commencera vers 19 heures. Vous aurez la possibilit\u00e9 d&rsquo;acheter un petit plat et un verre de champagne.Lieu: A Little Party, Hamngatan 11Comme l&rsquo;espace\u2026","_links":{"self":[{"href":"http:\/\/alliancefr.se\/halmstad\/wp-json\/wp\/v2\/pages\/726","targetHints":{"allow":["GET"]}}],"collection":[{"href":"http:\/\/alliancefr.se\/halmstad\/wp-json\/wp\/v2\/pages"}],"about":[{"href":"http:\/\/alliancefr.se\/halmstad\/wp-json\/wp\/v2\/types\/page"}],"author":[{"embeddable":true,"href":"http:\/\/alliancefr.se\/halmstad\/wp-json\/wp\/v2\/users\/1"}],"replies":[{"embeddable":true,"href":"http:\/\/alliancefr.se\/halmstad\/wp-json\/wp\/v2\/comments?post=726"}],"version-history":[{"count":4,"href":"http:\/\/alliancefr.se\/halmstad\/wp-json\/wp\/v2\/pages\/726\/revisions"}],"predecessor-version":[{"id":730,"href":"http:\/\/alliancefr.se\/halmstad\/wp-json\/wp\/v2\/pages\/726\/revisions\/730"}],"wp:attachment":[{"href":"http:\/\/alliancefr.se\/halmstad\/wp-json\/wp\/v2\/media?parent=726"}],"curies":[{"name":"wp","href":"https:\/\/api.w.org\/{rel}","templated":true}]}}