{"id":721,"date":"2023-10-30T16:54:07","date_gmt":"2023-10-30T15:54:07","guid":{"rendered":"http:\/\/alliancefr.se\/halmstad\/?page_id=721"},"modified":"2023-10-30T16:56:51","modified_gmt":"2023-10-30T15:56:51","slug":"programme-automne-2022","status":"publish","type":"page","link":"http:\/\/alliancefr.se\/halmstad\/programme-automne-2022\/","title":{"rendered":"Programme automne 2022"},"content":{"rendered":"\t\t<div data-elementor-type=\"wp-page\" data-elementor-id=\"721\" class=\"elementor elementor-721\">\n\t\t\t\t\t\t<section class=\"elementor-section elementor-top-section elementor-element elementor-element-c83d87e elementor-section-boxed elementor-section-height-default elementor-section-height-default\" data-id=\"c83d87e\" data-element_type=\"section\">\n\t\t\t\t\t\t<div class=\"elementor-container elementor-column-gap-default\">\n\t\t\t\t\t<div class=\"elementor-column elementor-col-100 elementor-top-column elementor-element elementor-element-ebcfa8b\" data-id=\"ebcfa8b\" data-element_type=\"column\">\n\t\t\t<div class=\"elementor-widget-wrap elementor-element-populated\">\n\t\t\t\t\t\t<div class=\"elementor-element elementor-element-8db3089 elementor-widget elementor-widget-text-editor\" data-id=\"8db3089\" data-element_type=\"widget\" data-widget_type=\"text-editor.default\">\n\t\t\t\t<div class=\"elementor-widget-container\">\n\t\t\t\t\t\t\t\t\t<p><strong>Mercredi 19 octobre \u00e0 18h&nbsp; D\u00e9gustation de vins<\/strong><br>Nous d\u00e9gusterons deux vins blancs et deux vins rouges de diff\u00e9rentes r\u00e9gions de la France, avec des fromages convenants \u00e0 ces vins. Il faut s&rsquo;inscrire aupr\u00e8s de Hugues Combes (<a href=\"mailto:hugues.combes@gmail.com\">hugues.combes@gmail.com<\/a>, t\u00e9l\u00e9phone 070-636 85 29) le 15 octobre au plus tard. Chaque participant paiera 100 couronnes sur place (prix non-membres 160 couronnes).<br>A payer par swish au moment de l\u2019inscription ou alors le soir m\u00eame en esp\u00e8ce. Apportez deux ou quatre verres par personne, s.v.p.\/<\/p>\n<p><strong>Onsdag 19 oktober kl.18 Vinprovning<\/strong><br>Vi provar tv\u00e5 vita och tv\u00e5 r\u00f6da viner fr\u00e5n olika delar av Frankrike, med l\u00e4mpliga ostar till. Man m\u00e5ste anm\u00e4la sig senast den 15 oktober till Hugues Combes (hugues.combes@gmail.com, telefon 070-636 85 29). Kostnad per person 100 kr, betalas med swish i f\u00f6rskott eller kontant vid m\u00f6tet. (Icke medlem kostnad 160 kr.) Var och en tar med tv\u00e5 eller fyra vinglas.<\/p><p><br><\/p>\n<p><\/p>\n<p><strong>Mercredi 16 novembre \u00e0 18h Histoire des cabarets, de la Belle \u00c9poque \u00e0 nos jours<\/strong><br>Des Volontaires Service Publique de l&rsquo;Alliance Fran\u00e7aise d\u2019\u00d6rebro viendront \u00e0 cette occasion.<\/p>\n<p><strong>Onsdag 16 november kl.18. Kabar\u00e9ns historia fr\u00e5n la Belle \u00c9poque till v\u00e5ra dagar&nbsp;&nbsp;<\/strong><br>Kv\u00e4llens program leds av n\u00e5gon av franska statens volont\u00e4rer fr\u00e5n l&rsquo;Alliance Fran\u00e7aise d\u2019\u00d6rebro.<\/p><p><br><\/p>\n<p><\/p>\n<p><strong>Mardi 6 d\u00e9cembre \u00e0 18h La Corse de mon enfance<\/strong><br>Mme No\u00eblle H\u00f6rnquist de G\u00f6teborg nous fera un expos\u00e9 personnel et en fran\u00e7ais sur la Corse.\/&nbsp;<\/p>\n<p><strong>Onsdag 6 december kl.18. Min barndoms Korsika&nbsp; &nbsp; &nbsp; &nbsp; &nbsp; &nbsp; &nbsp; &nbsp; &nbsp; &nbsp; &nbsp; &nbsp; &nbsp; &nbsp; &nbsp; &nbsp; &nbsp; &nbsp; &nbsp; &nbsp; &nbsp;<\/strong><strong style=\"color: var( --e-global-color-text ); font-family: var( --e-global-typography-text-font-family ), Sans-serif; letter-spacing: 0px;\">&nbsp;&nbsp;<br><\/strong><span style=\"color: var( --e-global-color-text ); font-family: var( --e-global-typography-text-font-family ), Sans-serif; font-weight: var( --e-global-typography-text-font-weight ); letter-spacing: 0px;\">No\u00eblle H\u00f6rnquist fr\u00e5n G\u00f6teborg ber\u00e4ttar om sin barndoms Korsika.<\/span><\/p>\n<p><strong><em>Nous esp\u00e9rons que vous trouverez notre programme int\u00e9ressant et que vous viendrez nombreux \u00e0 nos conf\u00e9rences.<\/em><\/strong><\/p>\t\t\t\t\t\t\t\t<\/div>\n\t\t\t\t<\/div>\n\t\t\t\t\t<\/div>\n\t\t<\/div>\n\t\t\t\t\t<\/div>\n\t\t<\/section>\n\t\t\t\t<\/div>\n\t\t","protected":false},"excerpt":{"rendered":"<p>Mercredi 19 octobre \u00e0 18h&nbsp; D\u00e9gustation de vinsNous d\u00e9gusterons deux vins blancs et deux vins rouges de diff\u00e9rentes r\u00e9gions de la France, avec des fromages convenants \u00e0 ces vins. Il faut s&rsquo;inscrire aupr\u00e8s de Hugues Combes (hugues.combes@gmail.com, t\u00e9l\u00e9phone 070-636 85 29) le 15 octobre au plus tard. Chaque participant paiera 100 couronnes sur place (prix non-membres 160 couronnes).A payer par swish au moment de l\u2019inscription ou alors le soir m\u00eame en esp\u00e8ce. Apportez deux ou quatre verres par personne, s.v.p.\/ Onsdag 19 oktober kl.18 VinprovningVi provar tv\u00e5 vita och tv\u00e5 r\u00f6da viner fr\u00e5n olika delar av Frankrike, med l\u00e4mpliga ostar till. Man m\u00e5ste anm\u00e4la sig senast den 15 oktober till Hugues Combes (hugues.combes@gmail.com, telefon 070-636 85 29). Kostnad per person 100 kr, betalas med swish i f\u00f6rskott eller kontant vid m\u00f6tet. (Icke medlem kostnad 160 kr.) Var och en tar med tv\u00e5 eller fyra vinglas. Mercredi 16 novembre \u00e0 18h Histoire des cabarets, de la Belle \u00c9poque \u00e0 nos joursDes Volontaires Service Publique de l&rsquo;Alliance Fran\u00e7aise d\u2019\u00d6rebro viendront \u00e0 cette occasion. Onsdag 16 november kl.18. Kabar\u00e9ns historia fr\u00e5n la Belle \u00c9poque till v\u00e5ra dagar&nbsp;&nbsp;Kv\u00e4llens program leds av n\u00e5gon av franska statens volont\u00e4rer fr\u00e5n l&rsquo;Alliance Fran\u00e7aise d\u2019\u00d6rebro. Mardi 6 d\u00e9cembre \u00e0 18h La Corse de mon enfanceMme No\u00eblle H\u00f6rnquist de G\u00f6teborg nous fera un expos\u00e9 personnel et en fran\u00e7ais sur la Corse.\/&nbsp; Onsdag 6 december kl.18. Min barndoms Korsika&nbsp; &nbsp; &nbsp; &nbsp; &nbsp; &nbsp; &nbsp; &nbsp; &nbsp; &nbsp; &nbsp; &nbsp; &nbsp; &nbsp; &nbsp; &nbsp; &nbsp; &nbsp; &nbsp; &nbsp; &nbsp;&nbsp;&nbsp;No\u00eblle H\u00f6rnquist fr\u00e5n G\u00f6teborg ber\u00e4ttar om sin barndoms Korsika. Nous esp\u00e9rons que vous trouverez notre programme int\u00e9ressant et que vous viendrez nombreux \u00e0 nos conf\u00e9rences.<\/p>\n","protected":false},"author":1,"featured_media":0,"parent":0,"menu_order":0,"comment_status":"closed","ping_status":"closed","template":"","meta":{"om_disable_all_campaigns":false,"_monsterinsights_skip_tracking":false,"_monsterinsights_sitenote_active":false,"_monsterinsights_sitenote_note":"","_monsterinsights_sitenote_category":0,"_uf_show_specific_survey":0,"_uf_disable_surveys":false,"footnotes":""},"class_list":["post-721","page","type-page","status-publish","hentry"],"aioseo_notices":[],"rttpg_featured_image_url":null,"rttpg_author":{"display_name":"Super.admin","author_link":"http:\/\/alliancefr.se\/halmstad\/author\/admin2174\/"},"rttpg_comment":0,"rttpg_category":" <a href=\"http:\/\/alliancefr.se\/halmstad\/\" rel=\"tag\">Fran\u00e7ais<\/a>","rttpg_excerpt":"Mercredi 19 octobre \u00e0 18h&nbsp; D\u00e9gustation de vinsNous d\u00e9gusterons deux vins blancs et deux vins rouges de diff\u00e9rentes r\u00e9gions de la France, avec des fromages convenants \u00e0 ces vins. Il faut s&rsquo;inscrire aupr\u00e8s de Hugues Combes (hugues.combes@gmail.com, t\u00e9l\u00e9phone 070-636 85 29) le 15 octobre au plus tard. Chaque participant paiera 100 couronnes sur place (prix\u2026","_links":{"self":[{"href":"http:\/\/alliancefr.se\/halmstad\/wp-json\/wp\/v2\/pages\/721","targetHints":{"allow":["GET"]}}],"collection":[{"href":"http:\/\/alliancefr.se\/halmstad\/wp-json\/wp\/v2\/pages"}],"about":[{"href":"http:\/\/alliancefr.se\/halmstad\/wp-json\/wp\/v2\/types\/page"}],"author":[{"embeddable":true,"href":"http:\/\/alliancefr.se\/halmstad\/wp-json\/wp\/v2\/users\/1"}],"replies":[{"embeddable":true,"href":"http:\/\/alliancefr.se\/halmstad\/wp-json\/wp\/v2\/comments?post=721"}],"version-history":[{"count":4,"href":"http:\/\/alliancefr.se\/halmstad\/wp-json\/wp\/v2\/pages\/721\/revisions"}],"predecessor-version":[{"id":725,"href":"http:\/\/alliancefr.se\/halmstad\/wp-json\/wp\/v2\/pages\/721\/revisions\/725"}],"wp:attachment":[{"href":"http:\/\/alliancefr.se\/halmstad\/wp-json\/wp\/v2\/media?parent=721"}],"curies":[{"name":"wp","href":"https:\/\/api.w.org\/{rel}","templated":true}]}}