{"id":708,"date":"2023-10-30T16:38:21","date_gmt":"2023-10-30T15:38:21","guid":{"rendered":"http:\/\/alliancefr.se\/halmstad\/?page_id=708"},"modified":"2023-11-06T15:19:30","modified_gmt":"2023-11-06T14:19:30","slug":"programme-automne-2023","status":"publish","type":"page","link":"http:\/\/alliancefr.se\/halmstad\/programme-automne-2023\/","title":{"rendered":"Programme automne 2023"},"content":{"rendered":"\t\t<div data-elementor-type=\"wp-page\" data-elementor-id=\"708\" class=\"elementor elementor-708\">\n\t\t\t\t\t\t<section class=\"elementor-section elementor-top-section elementor-element elementor-element-b283f9d elementor-section-boxed elementor-section-height-default elementor-section-height-default\" data-id=\"b283f9d\" data-element_type=\"section\">\n\t\t\t\t\t\t<div class=\"elementor-container elementor-column-gap-default\">\n\t\t\t\t\t<div class=\"elementor-column elementor-col-100 elementor-top-column elementor-element elementor-element-73d0456\" data-id=\"73d0456\" data-element_type=\"column\">\n\t\t\t<div class=\"elementor-widget-wrap elementor-element-populated\">\n\t\t\t\t\t\t<div class=\"elementor-element elementor-element-8041f17 elementor-widget elementor-widget-text-editor\" data-id=\"8041f17\" data-element_type=\"widget\" data-widget_type=\"text-editor.default\">\n\t\t\t\t<div class=\"elementor-widget-container\">\n\t\t\t\t\t\t\t\t\t<p>Entr\u00e9e<strong>\u00a0<\/strong>gratuite pour les membres, 60 couronnes pour non-membres. 20 couronnes pour un verre de vin et 10 couronnes pour une boisson non alcoolis\u00e9e.<\/p><p><strong>Lieu<\/strong><br \/>Les conf\u00e9rences ont lieu \u00e0 Folkuniversitetet, \u00c5kersgr\u00e4nd 1.\u00a0<\/p><h4><strong>Conf\u00e9rence: H\u00e9ros nationaux\u00a0\u00a0<\/strong><\/h4><p><strong>Jeudi 28 septembre, 18 heures\u00a0 \u00a0 \u00a0 \u00a0 \u00a0\u00a0<\/strong><br \/>Ariane, volontaire du service public et bas\u00e9e \u00e0 AF d \u2018\u00d6rebro, nous fera un expos\u00e9 dont le titre est\u00a0<strong>Le mod\u00e8le h\u00e9ro\u00efque: l&rsquo;instrumentalisation des h\u00e9ros nationaux fran\u00e7ais<\/strong><br \/><strong>\u00a0<\/strong><\/p><h4><strong>Caf\u00e9 francophone<\/strong><\/h4><p><strong>Lundi 2 octobre, 17h30\u00a0<\/strong><br \/>Rencontre au caf\u00e9 Waynes. Nous parlerons fran\u00e7ais dans une ambiance\u00a0 amicale et d\u00e9contract\u00e9e.<\/p><p>\u00a0<\/p><h4><strong>Conf\u00e9rence: Les Celtes \u00a0<\/strong><\/h4><p><strong>Mercredi 18 octobre, 18 heures\u00a0\u00a0<\/strong><br \/>Bj\u00f6rn Larsson, professeur de langue et de\u00a0litt\u00e9rature\u00a0fran\u00e7aises \u00e0 Lund,\u00e9crivain et traducteur, nous parlera du monde des Celtes. Le titre de la conf\u00e9rence\u00a0:\u00a0<strong>Nos anc\u00eatres les Gaulois. Entre mythe et r\u00e9alit\u00e9.<\/strong>\u00a0<\/p><p>\u00a0<\/p><h4><strong>Caf\u00e9 francophone<\/strong><\/h4><p><strong>Mardi 7 novembre, 17h30\u00a0<\/strong><br \/>Rencontre au caf\u00e9 Waynes. Nous parlerons fran\u00e7ais dans une ambiance\u00a0 amicale et d\u00e9contract\u00e9e.<\/p><p>\u00a0<\/p><h4><strong>D\u00e9gustation de vins de Bordeaux<\/strong><\/h4><p><strong>Mercredi 15 novembre, 18 heures\u00a0<\/strong><br \/>Delphine Boutet pr\u00e9sentera des vins de sa propri\u00e9t\u00e9 familiale de Lalande de Pomerol au cours d\u2019une d\u00e9gustation.<\/p><p><strong>Prix:<\/strong> 200 kr pour les membres et 260 kr pour les non-membres<br \/><strong>Inscriptions avant le 9 novembre <\/strong><a href=\"https:\/\/alliancefr.se\/halmstad\/contact\/\">via le formulaire contact<\/a> ou bien par t\u00e9l\u00e9phone au\u00a0 0706368529.\u00a0<\/p><p><strong>Nous esp\u00e9rons que vous viendrez nombreux \u00e0 nos activit\u00e9s!\u00a0<\/strong><strong>Soyez les bienvenus!<\/strong><\/p>\t\t\t\t\t\t\t\t<\/div>\n\t\t\t\t<\/div>\n\t\t\t\t\t<\/div>\n\t\t<\/div>\n\t\t\t\t\t<\/div>\n\t\t<\/section>\n\t\t\t\t<\/div>\n\t\t","protected":false},"excerpt":{"rendered":"<p>Entr\u00e9e\u00a0gratuite pour les membres, 60 couronnes pour non-membres. 20 couronnes pour un verre de vin et 10 couronnes pour une boisson non alcoolis\u00e9e. LieuLes conf\u00e9rences ont lieu \u00e0 Folkuniversitetet, \u00c5kersgr\u00e4nd 1.\u00a0 Conf\u00e9rence: H\u00e9ros nationaux\u00a0\u00a0 Jeudi 28 septembre, 18 heures\u00a0 \u00a0 \u00a0 \u00a0 \u00a0\u00a0Ariane, volontaire du service public et bas\u00e9e \u00e0 AF d \u2018\u00d6rebro, nous fera un expos\u00e9 dont le titre est\u00a0Le mod\u00e8le h\u00e9ro\u00efque: l&rsquo;instrumentalisation des h\u00e9ros nationaux fran\u00e7ais\u00a0 Caf\u00e9 francophone Lundi 2 octobre, 17h30\u00a0Rencontre au caf\u00e9 Waynes. Nous parlerons fran\u00e7ais dans une ambiance\u00a0 amicale et d\u00e9contract\u00e9e. \u00a0 Conf\u00e9rence: Les Celtes \u00a0 Mercredi 18 octobre, 18 heures\u00a0\u00a0Bj\u00f6rn Larsson, professeur de langue et de\u00a0litt\u00e9rature\u00a0fran\u00e7aises \u00e0 Lund,\u00e9crivain et traducteur, nous parlera du monde des Celtes. Le titre de la conf\u00e9rence\u00a0:\u00a0Nos anc\u00eatres les Gaulois. Entre mythe et r\u00e9alit\u00e9.\u00a0 \u00a0 Caf\u00e9 francophone Mardi 7 novembre, 17h30\u00a0Rencontre au caf\u00e9 Waynes. Nous parlerons fran\u00e7ais dans une ambiance\u00a0 amicale et d\u00e9contract\u00e9e. \u00a0 D\u00e9gustation de vins de Bordeaux Mercredi 15 novembre, 18 heures\u00a0Delphine Boutet pr\u00e9sentera des vins de sa propri\u00e9t\u00e9 familiale de Lalande de Pomerol au cours d\u2019une d\u00e9gustation. Prix: 200 kr pour les membres et 260 kr pour les non-membresInscriptions avant le 9 novembre via le formulaire contact ou bien par t\u00e9l\u00e9phone au\u00a0 0706368529.\u00a0 Nous esp\u00e9rons que vous viendrez nombreux \u00e0 nos activit\u00e9s!\u00a0Soyez les bienvenus!<\/p>\n","protected":false},"author":1,"featured_media":0,"parent":0,"menu_order":0,"comment_status":"closed","ping_status":"closed","template":"","meta":{"om_disable_all_campaigns":false,"_monsterinsights_skip_tracking":false,"_monsterinsights_sitenote_active":false,"_monsterinsights_sitenote_note":"","_monsterinsights_sitenote_category":0,"_uf_show_specific_survey":0,"_uf_disable_surveys":false,"footnotes":""},"class_list":["post-708","page","type-page","status-publish","hentry"],"aioseo_notices":[],"rttpg_featured_image_url":null,"rttpg_author":{"display_name":"Super.admin","author_link":"http:\/\/alliancefr.se\/halmstad\/author\/admin2174\/"},"rttpg_comment":0,"rttpg_category":" <a href=\"http:\/\/alliancefr.se\/halmstad\/\" rel=\"tag\">Fran\u00e7ais<\/a>","rttpg_excerpt":"Entr\u00e9e\u00a0gratuite pour les membres, 60 couronnes pour non-membres. 20 couronnes pour un verre de vin et 10 couronnes pour une boisson non alcoolis\u00e9e. LieuLes conf\u00e9rences ont lieu \u00e0 Folkuniversitetet, \u00c5kersgr\u00e4nd 1.\u00a0 Conf\u00e9rence: H\u00e9ros nationaux\u00a0\u00a0 Jeudi 28 septembre, 18 heures\u00a0 \u00a0 \u00a0 \u00a0 \u00a0\u00a0Ariane, volontaire du service public et bas\u00e9e \u00e0 AF d \u2018\u00d6rebro, nous fera\u2026","_links":{"self":[{"href":"http:\/\/alliancefr.se\/halmstad\/wp-json\/wp\/v2\/pages\/708","targetHints":{"allow":["GET"]}}],"collection":[{"href":"http:\/\/alliancefr.se\/halmstad\/wp-json\/wp\/v2\/pages"}],"about":[{"href":"http:\/\/alliancefr.se\/halmstad\/wp-json\/wp\/v2\/types\/page"}],"author":[{"embeddable":true,"href":"http:\/\/alliancefr.se\/halmstad\/wp-json\/wp\/v2\/users\/1"}],"replies":[{"embeddable":true,"href":"http:\/\/alliancefr.se\/halmstad\/wp-json\/wp\/v2\/comments?post=708"}],"version-history":[{"count":7,"href":"http:\/\/alliancefr.se\/halmstad\/wp-json\/wp\/v2\/pages\/708\/revisions"}],"predecessor-version":[{"id":794,"href":"http:\/\/alliancefr.se\/halmstad\/wp-json\/wp\/v2\/pages\/708\/revisions\/794"}],"wp:attachment":[{"href":"http:\/\/alliancefr.se\/halmstad\/wp-json\/wp\/v2\/media?parent=708"}],"curies":[{"name":"wp","href":"https:\/\/api.w.org\/{rel}","templated":true}]}}