{"id":120,"date":"2019-06-06T16:29:31","date_gmt":"2019-06-06T16:29:31","guid":{"rendered":"http:\/\/alliancefr.se\/goteborg\/accueil\/"},"modified":"2026-04-09T11:23:20","modified_gmt":"2026-04-09T09:23:20","slug":"accueil","status":"publish","type":"page","link":"https:\/\/alliancefr.se\/goteborg\/","title":{"rendered":"Accueil"},"content":{"rendered":"\t\t<div data-elementor-type=\"wp-page\" data-elementor-id=\"120\" class=\"elementor elementor-120\">\n\t\t\t\t\t\t<section class=\"elementor-section elementor-top-section elementor-element elementor-element-ab76908 elementor-section-boxed elementor-section-height-default elementor-section-height-default\" data-id=\"ab76908\" data-element_type=\"section\">\n\t\t\t\t\t\t<div class=\"elementor-container elementor-column-gap-default\">\n\t\t\t\t\t<div class=\"elementor-column elementor-col-100 elementor-top-column elementor-element elementor-element-ad11f54\" data-id=\"ad11f54\" data-element_type=\"column\">\n\t\t\t<div class=\"elementor-widget-wrap elementor-element-populated\">\n\t\t\t\t\t\t<div class=\"elementor-element elementor-element-6887820 elementor-widget elementor-widget-text-editor\" data-id=\"6887820\" data-element_type=\"widget\" data-widget_type=\"text-editor.default\">\n\t\t\t\t<div class=\"elementor-widget-container\">\n\t\t\t\t\t\t\t\t\t<h6><b>Salutations du comit\u00e9 !<\/b><\/h6><p>Bienvenue \u00e0 l\u2019Alliance Fran\u00e7aise de G\u00f6teborg, l\u2019association pour tous ceux qui souhaitent avoir plus de connaissance sur la France, la langue et la culture fran\u00e7aise.<\/p><p><span style=\"text-align: start; font-size: 11.5pt; line-height: 16.4067px;\">Nous accueillons volontiers des personnes int\u00e9ress\u00e9es au sein du comit\u00e9 !<\/span><\/p><p class=\"MsoNormal\" style=\"margin: 0cm 0cm 8pt 32.2pt; line-height: normal; font-size: 11pt; font-family: Aptos, sans-serif; color: #000000; text-indent: -18pt; background-image: initial; background-position: initial; background-size: initial; background-repeat: initial; background-attachment: initial; background-origin: initial; background-clip: initial; text-align: left;\"><span style=\"font-size: 10pt; font-family: Symbol; color: #1a171b;\">\u00b7<span style=\"font-variant-numeric: normal; font-variant-east-asian: normal; font-variant-alternates: normal; font-size-adjust: none; font-language-override: normal; font-kerning: auto; font-optical-sizing: auto; font-feature-settings: normal; font-variation-settings: normal; font-variant-position: normal; font-variant-emoji: normal; font-stretch: normal; font-size: 7pt; line-height: normal; font-family: 'Times New Roman';\">\u00a0\u00a0\u00a0\u00a0\u00a0\u00a0 <\/span><\/span><span style=\"font-size: 11.5pt; font-family: 'Open Sans', sans-serif; color: #1a171b;\">Elisabeth Brune Watsfeldt (tr\u00e9sori\u00e8re et pr\u00e9sidente)<\/span><\/p><p class=\"MsoNormal\" style=\"margin: 0cm 0cm 8pt 32.2pt; line-height: normal; font-size: 11pt; font-family: Aptos, sans-serif; color: #000000; text-indent: -18pt; background-image: initial; background-position: initial; background-size: initial; background-repeat: initial; background-attachment: initial; background-origin: initial; background-clip: initial; text-align: left;\"><span lang=\"SV\" style=\"font-size: 10pt; font-family: Symbol; color: #1a171b;\">\u00b7<span style=\"font-variant-numeric: normal; font-variant-east-asian: normal; font-variant-alternates: normal; font-size-adjust: none; font-language-override: normal; font-kerning: auto; font-optical-sizing: auto; font-feature-settings: normal; font-variation-settings: normal; font-variant-position: normal; font-variant-emoji: normal; font-stretch: normal; font-size: 7pt; line-height: normal; font-family: 'Times New Roman';\">\u00a0\u00a0\u00a0\u00a0\u00a0\u00a0 <\/span><\/span><span lang=\"SV\" style=\"font-size: 11.5pt; font-family: 'Open Sans', sans-serif; color: #1a171b;\">Iah Hans\u00e9n (secr\u00e9taire)\u00a0<\/span><\/p><p class=\"MsoNormal\" style=\"margin: 0cm 0cm 8pt 32.2pt; line-height: normal; font-size: 11pt; font-family: Aptos, sans-serif; color: #000000; text-indent: -18pt; background-image: initial; background-position: initial; background-size: initial; background-repeat: initial; background-attachment: initial; background-origin: initial; background-clip: initial; text-align: left;\"><span lang=\"SV\" style=\"font-size: 10pt; font-family: Symbol; color: #1a171b;\">\u00b7<span style=\"font-variant-numeric: normal; font-variant-east-asian: normal; font-variant-alternates: normal; font-size-adjust: none; font-language-override: normal; font-kerning: auto; font-optical-sizing: auto; font-feature-settings: normal; font-variation-settings: normal; font-variant-position: normal; font-variant-emoji: normal; font-stretch: normal; font-size: 7pt; line-height: normal; font-family: 'Times New Roman';\">\u00a0\u00a0\u00a0\u00a0\u00a0\u00a0 <\/span><\/span><span lang=\"SV\" style=\"font-size: 11.5pt; font-family: 'Open Sans', sans-serif; color: #1a171b;\">Isabelle Thiria (membre ordinaire)\u00a0<\/span><\/p><p class=\"MsoNormal\" style=\"margin: 0cm 0cm 8pt 32.2pt; line-height: normal; font-size: 11pt; font-family: Aptos, sans-serif; color: #000000; text-indent: -18pt; background-image: initial; background-position: initial; background-size: initial; background-repeat: initial; background-attachment: initial; background-origin: initial; background-clip: initial; text-align: left;\"><span lang=\"SV\" style=\"font-size: 10pt; font-family: Symbol; color: #1a171b;\">\u00b7<span style=\"font-variant-numeric: normal; font-variant-east-asian: normal; font-variant-alternates: normal; font-size-adjust: none; font-language-override: normal; font-kerning: auto; font-optical-sizing: auto; font-feature-settings: normal; font-variation-settings: normal; font-variant-position: normal; font-variant-emoji: normal; font-stretch: normal; font-size: 7pt; line-height: normal; font-family: 'Times New Roman';\">\u00a0\u00a0\u00a0\u00a0\u00a0\u00a0 <\/span><\/span><span lang=\"SV\" style=\"font-size: 11.5pt; font-family: 'Open Sans', sans-serif; color: #1a171b;\">Eva Kokinsky (membre ordinaire)\u00a0<\/span><\/p><p class=\"MsoNormal\" style=\"margin: 0cm 0cm 8pt 32.2pt; line-height: normal; font-size: 11pt; font-family: Aptos, sans-serif; color: #000000; text-indent: -18pt; background-image: initial; background-position: initial; background-size: initial; background-repeat: initial; background-attachment: initial; background-origin: initial; background-clip: initial; text-align: left;\"><span lang=\"SV\" style=\"font-size: 10pt; font-family: Symbol; color: #1a171b;\">\u00b7<span style=\"font-variant-numeric: normal; font-variant-east-asian: normal; font-variant-alternates: normal; font-size-adjust: none; font-language-override: normal; font-kerning: auto; font-optical-sizing: auto; font-feature-settings: normal; font-variation-settings: normal; font-variant-position: normal; font-variant-emoji: normal; font-stretch: normal; font-size: 7pt; line-height: normal; font-family: 'Times New Roman';\">\u00a0\u00a0\u00a0\u00a0\u00a0\u00a0 <\/span><\/span><span lang=\"SV\" style=\"font-size: 11.5pt; font-family: 'Open Sans', sans-serif; color: #1a171b;\">Tiina Rebas (membre ordinaire)<\/span><\/p><p class=\"MsoNormal\" style=\"margin: 0cm 0cm 8pt 32.2pt; line-height: normal; font-size: 11pt; font-family: Aptos, sans-serif; color: #000000; text-indent: -18pt; background-image: initial; background-position: initial; background-size: initial; background-repeat: initial; background-attachment: initial; background-origin: initial; background-clip: initial; text-align: left;\"><span style=\"font-size: 10pt; font-family: Symbol; color: #1a171b;\">\u00b7<span style=\"font-variant-numeric: normal; font-variant-east-asian: normal; font-variant-alternates: normal; font-size-adjust: none; font-language-override: normal; font-kerning: auto; font-optical-sizing: auto; font-feature-settings: normal; font-variation-settings: normal; font-variant-position: normal; font-variant-emoji: normal; font-stretch: normal; font-size: 7pt; line-height: normal; font-family: 'Times New Roman';\">\u00a0\u00a0\u00a0\u00a0\u00a0\u00a0 <\/span><\/span><span style=\"font-size: 11.5pt; font-family: 'Open Sans', sans-serif; color: #1a171b;\">Pelin Ergin Carlsson (membre ordinaire)<\/span><\/p><p class=\"MsoNormal\" style=\"margin: 0cm 0cm 8pt 32.2pt; line-height: normal; font-size: 11pt; font-family: Aptos, sans-serif; color: #000000; text-indent: -18pt; background-image: initial; background-position: initial; background-size: initial; background-repeat: initial; background-attachment: initial; background-origin: initial; background-clip: initial; text-align: left;\"><span style=\"font-size: 10pt; font-family: Symbol;\">\u00b7<span style=\"font-variant-numeric: normal; font-variant-east-asian: normal; font-variant-alternates: normal; font-size-adjust: none; font-language-override: normal; font-kerning: auto; font-optical-sizing: auto; font-feature-settings: normal; font-variation-settings: normal; font-variant-position: normal; font-variant-emoji: normal; font-stretch: normal; font-size: 7pt; line-height: normal; font-family: 'Times New Roman';\">\u00a0\u00a0\u00a0\u00a0\u00a0\u00a0 <\/span><\/span><span style=\"font-size: 11.5pt; font-family: 'Open Sans', sans-serif;\">Jan-Olof Larsson (membre ordinaire)<\/span><\/p>\t\t\t\t\t\t\t\t<\/div>\n\t\t\t\t<\/div>\n\t\t\t\t\t<\/div>\n\t\t<\/div>\n\t\t\t\t\t<\/div>\n\t\t<\/section>\n\t\t\t\t<section class=\"elementor-section elementor-top-section elementor-element elementor-element-731cab7 elementor-section-boxed elementor-section-height-default elementor-section-height-default\" data-id=\"731cab7\" data-element_type=\"section\">\n\t\t\t\t\t\t<div class=\"elementor-container elementor-column-gap-default\">\n\t\t\t\t\t<div class=\"elementor-column elementor-col-100 elementor-top-column elementor-element elementor-element-d95a8cd\" data-id=\"d95a8cd\" data-element_type=\"column\">\n\t\t\t<div class=\"elementor-widget-wrap elementor-element-populated\">\n\t\t\t\t\t\t<div class=\"elementor-element elementor-element-43b5dd3 elementor-widget elementor-widget-text-editor\" data-id=\"43b5dd3\" data-element_type=\"widget\" data-widget_type=\"text-editor.default\">\n\t\t\t\t<div class=\"elementor-widget-container\">\n\t\t\t\t\t\t\t\t\t<div><span style=\"color: #000000;\">Les activit\u00e9s de ce printemps commen\u00e7aient avec une conf\u00e9rence tr\u00e8s appr\u00e9ci\u00e9e le 10 f\u00e9vrier 2026, \u00e0 18h avec Alicia Rames : Les Trois Mousquetaires : H\u00e9ros ou Salauds ?<\/span><\/div><div>\u00a0<\/div><div><img decoding=\"async\" class=\"size-thumbnail wp-image-1071 aligncenter\" src=\"http:\/\/alliancefr.se\/goteborg\/wp-content\/uploads\/sites\/8\/2026\/02\/PHOTO-2026-02-26-13-36-27-150x150.jpg\" alt=\"\" width=\"150\" height=\"150\" \/><\/div><div>\u00a0<\/div><div><span style=\"color: #000000;\">La r\u00e9union annuelle a eu lieu le 10 mars. Merci beaucoup, Robert H\u00f6rnquist, consul de France \u00e0 G\u00f6teborg, pour la conf\u00e9rence sur le cimeti\u00e8re du P\u00e8re-Lachaise, \u00e0 Paris.\u00a0<\/span><\/div><div>\u00a0<\/div><div><span style=\"font-size: 11.5pt; font-family: 'Open Sans', sans-serif; color: #000000;\">Le 25 mars 2026, nous sommes all\u00e9s au cin\u00e9ma Capitol pour voir un film pr\u00e9sent\u00e9 par Cin\u00e9 Fran\u00e7ais, suivi d&rsquo;une visite au restaurant.\u00a0<\/span><\/div><div>\u00a0<\/div><div><span style=\"color: #333333;\">En avril il n\u2019y a aucun \u00e9v\u00e9nement. En mai, certains de nos membres partiront en voyage en bus en Alsace. Nous travaillons \u00e9galement \u00e0 pouvoir proposer un film fran\u00e7ais au mois de mai, sous-titr\u00e9 en fran\u00e7ais et \u00e0 un prix avantageux, cette fois en collaboration avec l\u2019Institut fran\u00e7ais.<\/span><\/div><div><p><span style=\"color: #333333;\">Si un \u00e9v\u00e9nement a lieu en juin, nous vous teindrons inform\u00e9e comme d\u2019habitude par e-mail.<\/span><\/p><p><span style=\"color: #333333;\">Puisque nous avons un budget tr\u00e8s serr\u00e9, nous n\u2019avons malheureusement qu\u2019exceptionnellement la possibilit\u00e9 de rembourser le co\u00fbt des \u00e9v\u00e9nements en cas d\u2019annulation.<\/span><\/p><\/div><div><span style=\"color: #000000;\">Les \u00e9v\u00e9nements sont organis\u00e9s en collaboration avec Medborgarskolan.\u00a0<\/span><\/div><div>\u00a0<\/div><div><span style=\"color: #000000;\">Veuillez trouver toutes les informations n\u00e9cessaires dans notre onglet \u00e9v\u00e9nement.<\/span><\/div>\t\t\t\t\t\t\t\t<\/div>\n\t\t\t\t<\/div>\n\t\t\t\t\t<\/div>\n\t\t<\/div>\n\t\t\t\t\t<\/div>\n\t\t<\/section>\n\t\t\t\t<section class=\"elementor-section elementor-top-section elementor-element elementor-element-102ae71 elementor-section-boxed elementor-section-height-default elementor-section-height-default\" data-id=\"102ae71\" data-element_type=\"section\">\n\t\t\t\t\t\t<div class=\"elementor-container elementor-column-gap-default\">\n\t\t\t\t\t<div class=\"elementor-column elementor-col-100 elementor-top-column elementor-element elementor-element-986aa2d\" data-id=\"986aa2d\" data-element_type=\"column\">\n\t\t\t<div class=\"elementor-widget-wrap elementor-element-populated\">\n\t\t\t\t\t\t<div class=\"elementor-element elementor-element-0823118 elementor-widget-divider--view-line elementor-widget elementor-widget-divider\" data-id=\"0823118\" data-element_type=\"widget\" data-widget_type=\"divider.default\">\n\t\t\t\t<div class=\"elementor-widget-container\">\n\t\t\t\t\t\t\t<div class=\"elementor-divider\">\n\t\t\t<span class=\"elementor-divider-separator\">\n\t\t\t\t\t\t<\/span>\n\t\t<\/div>\n\t\t\t\t\t\t<\/div>\n\t\t\t\t<\/div>\n\t\t\t\t\t<\/div>\n\t\t<\/div>\n\t\t\t\t\t<\/div>\n\t\t<\/section>\n\t\t\t\t<section class=\"elementor-section elementor-top-section elementor-element elementor-element-c497b53 elementor-section-boxed elementor-section-height-default elementor-section-height-default\" data-id=\"c497b53\" data-element_type=\"section\">\n\t\t\t\t\t\t<div class=\"elementor-container elementor-column-gap-default\">\n\t\t\t\t\t<div class=\"elementor-column elementor-col-100 elementor-top-column elementor-element elementor-element-4a631f0\" data-id=\"4a631f0\" data-element_type=\"column\">\n\t\t\t<div class=\"elementor-widget-wrap elementor-element-populated\">\n\t\t\t\t\t\t<div class=\"elementor-element elementor-element-b62c359 elementor-widget elementor-widget-heading\" data-id=\"b62c359\" data-element_type=\"widget\" data-widget_type=\"heading.default\">\n\t\t\t\t<div class=\"elementor-widget-container\">\n\t\t\t\t\t<h2 class=\"elementor-heading-title elementor-size-default\">Une soir\u00e9e musicale \u00e0 G\u00f6teborg<\/h2>\t\t\t\t<\/div>\n\t\t\t\t<\/div>\n\t\t\t\t\t<\/div>\n\t\t<\/div>\n\t\t\t\t\t<\/div>\n\t\t<\/section>\n\t\t\t\t<section class=\"elementor-section elementor-top-section elementor-element elementor-element-7a0c873 elementor-section-boxed elementor-section-height-default elementor-section-height-default\" data-id=\"7a0c873\" data-element_type=\"section\">\n\t\t\t\t\t\t<div class=\"elementor-container elementor-column-gap-default\">\n\t\t\t\t\t<div class=\"elementor-column elementor-col-100 elementor-top-column elementor-element elementor-element-10abeab\" data-id=\"10abeab\" data-element_type=\"column\">\n\t\t\t<div class=\"elementor-widget-wrap elementor-element-populated\">\n\t\t\t\t\t\t<div class=\"elementor-element elementor-element-7307320 elementor-widget elementor-widget-text-editor\" data-id=\"7307320\" data-element_type=\"widget\" data-widget_type=\"text-editor.default\">\n\t\t\t\t<div class=\"elementor-widget-container\">\n\t\t\t\t\t\t\t\t\t<p style=\"text-align: left;\"><strong>Chers Membres,\u00a0<\/strong><\/p><p>Le vendredi 12 septembre, l&rsquo;Alliance Fran\u00e7aise de G\u00f6teborg a eu le plaisir d&rsquo;\u00e9couter le fantastique duo Thomas et Anita de Falun. Ils ont interpr\u00e9t\u00e9 de charmantes chansons fran\u00e7aises.\u00a0<\/p><p><strong>Anita<\/strong>, avec son accord\u00e9on et son piano, et <strong>Thomas<\/strong>, avec son saxophone et sa voix romantique, ont transform\u00e9 la soir\u00e9e en une soir\u00e9e musicale magique.\u00a0<\/p><p>Le duo \u00e9tait accompagn\u00e9 d&rsquo;une autre musicienne tr\u00e8s talentueuse de l&rsquo;ADA-teater de G\u00f6teborg. <strong>Mme Fia Adler Sandblad<\/strong>, avec sa voix \u00e9mouvante et sa guitare, a interpr\u00e9t\u00e9 deux belles chansons en ouverture de la soir\u00e9e musicale.\u00a0<\/p><p style=\"text-align: justify;\">La soir\u00e9e s&rsquo;est termin\u00e9e par un chant en ch\u0153ur, accompagn\u00e9 de bons vins fran\u00e7ais, ainsi que de d\u00e9licieux wraps.\u00a0<\/p><p style=\"text-align: justify;\">Nous tenons \u00e0 remercier chaleureusement <strong>l&rsquo;Institut Fran\u00e7ais<\/strong> pour sa g\u00e9n\u00e9reuse contribution, ainsi que son aide pr\u00e9cieuse \u00e0 la r\u00e9alisation de cet excellent \u00e9v\u00e9nement.\u00a0<\/p><div style=\"float: left; margin-right: 16px; color: #1f1f1f; font-family: Arial, sans-serif; font-size: 14px;\"><div data-hveid=\"CBUQAA\"><div style=\"display: inline-block;\"><div style=\"clear: both;\" data-md=\"221\" data-hveid=\"CBsQAA\" data-ved=\"2ahUKEwjFx6bPoeCPAxWWSvEDHXnUNkYQnKEBKAB6BAgbEAA\"><div style=\"line-height: 1.2; position: relative; align-items: center; display: flex; height: 58px; padding-bottom: 0px; top: 5px;\"><div><div style=\"opacity: 0; position: absolute; visibility: hidden; display: flex; max-width: 576px; padding-top: 2px; top: -5px;\">\u00a0<\/div><div style=\"display: inline-block; flex: 0 0 22px; height: 20px; padding: 1px 0px 1px 6px; vertical-align: middle; width: 22px;\"><div data-ias=\"false\"><div style=\"position: relative; display: inline-block; z-index: 125;\">\u00a0<\/div><\/div><\/div><\/div><\/div><\/div><\/div><\/div><\/div>\t\t\t\t\t\t\t\t<\/div>\n\t\t\t\t<\/div>\n\t\t\t\t\t<\/div>\n\t\t<\/div>\n\t\t\t\t\t<\/div>\n\t\t<\/section>\n\t\t\t\t<section class=\"elementor-section elementor-top-section elementor-element elementor-element-2eb5eb5 elementor-section-boxed elementor-section-height-default elementor-section-height-default\" data-id=\"2eb5eb5\" data-element_type=\"section\">\n\t\t\t\t\t\t<div class=\"elementor-container elementor-column-gap-default\">\n\t\t\t\t\t<div class=\"elementor-column elementor-col-50 elementor-top-column elementor-element elementor-element-b605882\" data-id=\"b605882\" data-element_type=\"column\">\n\t\t\t<div class=\"elementor-widget-wrap elementor-element-populated\">\n\t\t\t\t\t\t<div class=\"elementor-element elementor-element-fc80125 elementor-widget elementor-widget-image\" data-id=\"fc80125\" data-element_type=\"widget\" data-widget_type=\"image.default\">\n\t\t\t\t<div class=\"elementor-widget-container\">\n\t\t\t\t\t\t\t\t\t\t\t\t<figure class=\"wp-caption\">\n\t\t\t\t\t\t\t\t\t\t<img fetchpriority=\"high\" decoding=\"async\" width=\"938\" height=\"936\" src=\"http:\/\/alliancefr.se\/goteborg\/wp-content\/uploads\/sites\/8\/2025\/09\/Capture-decran-2025-09-17-a-18.38.10.png\" class=\"attachment-large size-large wp-image-985\" alt=\"\" \/>\t\t\t\t\t\t\t\t\t\t\t<figcaption class=\"widget-image-caption wp-caption-text\">Mme Fia Adler Sandblad de l'ADA-teater de G\u00f6teborg<\/figcaption>\n\t\t\t\t\t\t\t\t\t\t<\/figure>\n\t\t\t\t\t\t\t\t\t<\/div>\n\t\t\t\t<\/div>\n\t\t\t\t\t<\/div>\n\t\t<\/div>\n\t\t\t\t<div class=\"elementor-column elementor-col-50 elementor-top-column elementor-element elementor-element-76f4f3f\" data-id=\"76f4f3f\" data-element_type=\"column\">\n\t\t\t<div class=\"elementor-widget-wrap elementor-element-populated\">\n\t\t\t\t\t\t<div class=\"elementor-element elementor-element-99a0b20 elementor-widget elementor-widget-image\" data-id=\"99a0b20\" data-element_type=\"widget\" data-widget_type=\"image.default\">\n\t\t\t\t<div class=\"elementor-widget-container\">\n\t\t\t\t\t\t\t\t\t\t\t\t<figure class=\"wp-caption\">\n\t\t\t\t\t\t\t\t\t\t<img decoding=\"async\" width=\"920\" height=\"928\" src=\"http:\/\/alliancefr.se\/goteborg\/wp-content\/uploads\/sites\/8\/2025\/09\/Capture-decran-2025-09-17-a-18.38.27.png\" class=\"attachment-large size-large wp-image-984\" alt=\"\" \/>\t\t\t\t\t\t\t\t\t\t\t<figcaption class=\"widget-image-caption wp-caption-text\">Les musiciens inoubliables Anita et Thomas de Falun<\/figcaption>\n\t\t\t\t\t\t\t\t\t\t<\/figure>\n\t\t\t\t\t\t\t\t\t<\/div>\n\t\t\t\t<\/div>\n\t\t\t\t\t<\/div>\n\t\t<\/div>\n\t\t\t\t\t<\/div>\n\t\t<\/section>\n\t\t\t\t<\/div>\n\t\t","protected":false},"excerpt":{"rendered":"<p>Salutations du comit\u00e9 ! Bienvenue \u00e0 l\u2019Alliance Fran\u00e7aise de G\u00f6teborg, l\u2019association pour tous ceux qui souhaitent avoir plus de connaissance sur la France, la langue et la culture fran\u00e7aise. Nous accueillons volontiers des personnes int\u00e9ress\u00e9es au sein du comit\u00e9 ! \u00b7\u00a0\u00a0\u00a0\u00a0\u00a0\u00a0 Elisabeth Brune Watsfeldt (tr\u00e9sori\u00e8re et pr\u00e9sidente) \u00b7\u00a0\u00a0\u00a0\u00a0\u00a0\u00a0 Iah Hans\u00e9n (secr\u00e9taire)\u00a0 \u00b7\u00a0\u00a0\u00a0\u00a0\u00a0\u00a0 Isabelle Thiria (membre ordinaire)\u00a0 \u00b7\u00a0\u00a0\u00a0\u00a0\u00a0\u00a0 Eva Kokinsky (membre ordinaire)\u00a0 \u00b7\u00a0\u00a0\u00a0\u00a0\u00a0\u00a0 Tiina Rebas (membre ordinaire) \u00b7\u00a0\u00a0\u00a0\u00a0\u00a0\u00a0 Pelin Ergin Carlsson (membre ordinaire) \u00b7\u00a0\u00a0\u00a0\u00a0\u00a0\u00a0 Jan-Olof Larsson (membre ordinaire) Les activit\u00e9s de ce printemps commen\u00e7aient avec une conf\u00e9rence tr\u00e8s appr\u00e9ci\u00e9e le 10 f\u00e9vrier 2026, \u00e0 18h avec Alicia Rames : Les Trois Mousquetaires : H\u00e9ros ou Salauds ?\u00a0\u00a0La r\u00e9union annuelle a eu lieu le 10 mars. Merci beaucoup, Robert H\u00f6rnquist, consul de France \u00e0 G\u00f6teborg, pour la conf\u00e9rence sur le cimeti\u00e8re du P\u00e8re-Lachaise, \u00e0 Paris.\u00a0\u00a0Le 25 mars 2026, nous sommes all\u00e9s au cin\u00e9ma Capitol pour voir un film pr\u00e9sent\u00e9 par Cin\u00e9 Fran\u00e7ais, suivi d&rsquo;une visite au restaurant.\u00a0\u00a0En avril il n\u2019y a aucun \u00e9v\u00e9nement. En mai, certains de nos membres partiront en voyage en bus en Alsace. Nous travaillons \u00e9galement \u00e0 pouvoir proposer un film fran\u00e7ais au mois de mai, sous-titr\u00e9 en fran\u00e7ais et \u00e0 un prix avantageux, cette fois en collaboration avec l\u2019Institut fran\u00e7ais. Si un \u00e9v\u00e9nement a lieu en juin, nous vous teindrons inform\u00e9e comme d\u2019habitude par e-mail. Puisque nous avons un budget tr\u00e8s serr\u00e9, nous n\u2019avons malheureusement qu\u2019exceptionnellement la possibilit\u00e9 de rembourser le co\u00fbt des \u00e9v\u00e9nements en cas d\u2019annulation. Les \u00e9v\u00e9nements sont organis\u00e9s en collaboration avec Medborgarskolan.\u00a0\u00a0Veuillez trouver toutes les informations n\u00e9cessaires dans notre onglet \u00e9v\u00e9nement. Une soir\u00e9e musicale \u00e0 G\u00f6teborg Chers Membres,\u00a0 Le vendredi 12 septembre, l&rsquo;Alliance Fran\u00e7aise de G\u00f6teborg a eu le plaisir d&rsquo;\u00e9couter le fantastique duo Thomas et Anita de Falun. Ils ont interpr\u00e9t\u00e9 de charmantes chansons fran\u00e7aises.\u00a0 Anita, avec son accord\u00e9on et son piano, et Thomas, avec son saxophone et sa voix romantique, ont transform\u00e9 la soir\u00e9e en une soir\u00e9e musicale magique.\u00a0 Le duo \u00e9tait accompagn\u00e9 d&rsquo;une autre musicienne tr\u00e8s talentueuse de l&rsquo;ADA-teater de G\u00f6teborg. Mme Fia Adler Sandblad, avec sa voix \u00e9mouvante et sa guitare, a interpr\u00e9t\u00e9 deux belles chansons en ouverture de la soir\u00e9e musicale.\u00a0 La soir\u00e9e s&rsquo;est termin\u00e9e par un chant en ch\u0153ur, accompagn\u00e9 de bons vins fran\u00e7ais, ainsi que de d\u00e9licieux wraps.\u00a0 Nous tenons \u00e0 remercier chaleureusement l&rsquo;Institut Fran\u00e7ais pour sa g\u00e9n\u00e9reuse contribution, ainsi que son aide pr\u00e9cieuse \u00e0 la r\u00e9alisation de cet excellent \u00e9v\u00e9nement.\u00a0 \u00a0\u00a0 Mme Fia Adler Sandblad de l&rsquo;ADA-teater de G\u00f6teborg Les musiciens inoubliables Anita et Thomas de Falun<\/p>\n","protected":false},"author":5,"featured_media":0,"parent":0,"menu_order":0,"comment_status":"closed","ping_status":"closed","template":"","meta":{"om_disable_all_campaigns":false,"_monsterinsights_skip_tracking":false,"_monsterinsights_sitenote_active":false,"_monsterinsights_sitenote_note":"","_monsterinsights_sitenote_category":0,"_uf_show_specific_survey":0,"_uf_disable_surveys":false,"footnotes":""},"class_list":["post-120","page","type-page","status-publish","hentry"],"aioseo_notices":[],"rttpg_featured_image_url":null,"rttpg_author":{"display_name":"Sophie Selden","author_link":"http:\/\/alliancefr.se\/goteborg\/author\/mats-olsson\/"},"rttpg_comment":0,"rttpg_category":" <a href=\"http:\/\/alliancefr.se\/goteborg\/\" rel=\"tag\">Fran\u00e7ais<\/a>","rttpg_excerpt":"Salutations du comit\u00e9 ! Bienvenue \u00e0 l\u2019Alliance Fran\u00e7aise de G\u00f6teborg, l\u2019association pour tous ceux qui souhaitent avoir plus de connaissance sur la France, la langue et la culture fran\u00e7aise. Nous accueillons volontiers des personnes int\u00e9ress\u00e9es au sein du comit\u00e9 ! \u00b7\u00a0\u00a0\u00a0\u00a0\u00a0\u00a0 Elisabeth Brune Watsfeldt (tr\u00e9sori\u00e8re et pr\u00e9sidente) \u00b7\u00a0\u00a0\u00a0\u00a0\u00a0\u00a0 Iah Hans\u00e9n (secr\u00e9taire)\u00a0 \u00b7\u00a0\u00a0\u00a0\u00a0\u00a0\u00a0 Isabelle Thiria (membre\u2026","_links":{"self":[{"href":"http:\/\/alliancefr.se\/goteborg\/wp-json\/wp\/v2\/pages\/120","targetHints":{"allow":["GET"]}}],"collection":[{"href":"http:\/\/alliancefr.se\/goteborg\/wp-json\/wp\/v2\/pages"}],"about":[{"href":"http:\/\/alliancefr.se\/goteborg\/wp-json\/wp\/v2\/types\/page"}],"author":[{"embeddable":true,"href":"http:\/\/alliancefr.se\/goteborg\/wp-json\/wp\/v2\/users\/5"}],"replies":[{"embeddable":true,"href":"http:\/\/alliancefr.se\/goteborg\/wp-json\/wp\/v2\/comments?post=120"}],"version-history":[{"count":87,"href":"http:\/\/alliancefr.se\/goteborg\/wp-json\/wp\/v2\/pages\/120\/revisions"}],"predecessor-version":[{"id":1106,"href":"http:\/\/alliancefr.se\/goteborg\/wp-json\/wp\/v2\/pages\/120\/revisions\/1106"}],"wp:attachment":[{"href":"http:\/\/alliancefr.se\/goteborg\/wp-json\/wp\/v2\/media?parent=120"}],"curies":[{"name":"wp","href":"https:\/\/api.w.org\/{rel}","templated":true}]}}