{"id":971,"date":"2025-06-26T14:34:04","date_gmt":"2025-06-26T12:34:04","guid":{"rendered":"https:\/\/alliancefr.se\/falun\/?page_id=971"},"modified":"2025-06-27T10:09:09","modified_gmt":"2025-06-27T08:09:09","slug":"accueil","status":"publish","type":"page","link":"http:\/\/alliancefr.se\/falun\/accueil\/","title":{"rendered":"Bienvenue"},"content":{"rendered":"\t\t<div data-elementor-type=\"wp-page\" data-elementor-id=\"971\" class=\"elementor elementor-971\">\n\t\t\t\t\t\t<section class=\"elementor-section elementor-top-section elementor-element elementor-element-e6387c0 elementor-section-boxed elementor-section-height-default elementor-section-height-default\" data-id=\"e6387c0\" data-element_type=\"section\">\n\t\t\t\t\t\t<div class=\"elementor-container elementor-column-gap-default\">\n\t\t\t\t\t<div class=\"elementor-column elementor-col-100 elementor-top-column elementor-element elementor-element-74e6b2c\" data-id=\"74e6b2c\" data-element_type=\"column\">\n\t\t\t<div class=\"elementor-widget-wrap elementor-element-populated\">\n\t\t\t\t\t\t<div class=\"elementor-element elementor-element-c85467c elementor-widget elementor-widget-text-editor\" data-id=\"c85467c\" data-element_type=\"widget\" data-widget_type=\"text-editor.default\">\n\t\t\t\t<div class=\"elementor-widget-container\">\n\t\t\t\t\t\t\t\t\t<p><strong>Le programme d\u2019automne est en pr\u00e9paration. Au plaisir de vous retrouver \u00e0 la rentr\u00e9e !<\/strong><\/p>\t\t\t\t\t\t\t\t<\/div>\n\t\t\t\t<\/div>\n\t\t\t\t\t<\/div>\n\t\t<\/div>\n\t\t\t\t\t<\/div>\n\t\t<\/section>\n\t\t\t\t<\/div>\n\t\t","protected":false},"excerpt":{"rendered":"<p>Le programme d\u2019automne est en pr\u00e9paration. Au plaisir de vous retrouver \u00e0 la rentr\u00e9e !<\/p>\n","protected":false},"author":6,"featured_media":0,"parent":0,"menu_order":0,"comment_status":"closed","ping_status":"closed","template":"","meta":{"om_disable_all_campaigns":false,"_monsterinsights_skip_tracking":false,"_monsterinsights_sitenote_active":false,"_monsterinsights_sitenote_note":"","_monsterinsights_sitenote_category":0,"_uf_show_specific_survey":0,"_uf_disable_surveys":false,"footnotes":""},"class_list":["post-971","page","type-page","status-publish","hentry"],"aioseo_notices":[],"rttpg_featured_image_url":null,"rttpg_author":{"display_name":"adminfalun","author_link":"http:\/\/alliancefr.se\/falun\/author\/adminfalun\/"},"rttpg_comment":0,"rttpg_category":" <a href=\"http:\/\/alliancefr.se\/falun\/\" rel=\"tag\">Fran\u00e7ais<\/a>","rttpg_excerpt":"Le programme d\u2019automne est en pr\u00e9paration. Au plaisir de vous retrouver \u00e0 la rentr\u00e9e !","_links":{"self":[{"href":"http:\/\/alliancefr.se\/falun\/wp-json\/wp\/v2\/pages\/971","targetHints":{"allow":["GET"]}}],"collection":[{"href":"http:\/\/alliancefr.se\/falun\/wp-json\/wp\/v2\/pages"}],"about":[{"href":"http:\/\/alliancefr.se\/falun\/wp-json\/wp\/v2\/types\/page"}],"author":[{"embeddable":true,"href":"http:\/\/alliancefr.se\/falun\/wp-json\/wp\/v2\/users\/6"}],"replies":[{"embeddable":true,"href":"http:\/\/alliancefr.se\/falun\/wp-json\/wp\/v2\/comments?post=971"}],"version-history":[{"count":12,"href":"http:\/\/alliancefr.se\/falun\/wp-json\/wp\/v2\/pages\/971\/revisions"}],"predecessor-version":[{"id":1038,"href":"http:\/\/alliancefr.se\/falun\/wp-json\/wp\/v2\/pages\/971\/revisions\/1038"}],"wp:attachment":[{"href":"http:\/\/alliancefr.se\/falun\/wp-json\/wp\/v2\/media?parent=971"}],"curies":[{"name":"wp","href":"https:\/\/api.w.org\/{rel}","templated":true}]}}