{"id":141,"date":"2017-04-06T17:59:07","date_gmt":"2017-04-06T16:59:07","guid":{"rendered":"http:\/\/alliancefr.se\/falun\/nos-partenaires\/"},"modified":"2023-11-03T16:17:09","modified_gmt":"2023-11-03T15:17:09","slug":"nos-partenaires","status":"publish","type":"page","link":"http:\/\/alliancefr.se\/falun\/nos-partenaires\/","title":{"rendered":"Nos Partenaires"},"content":{"rendered":"\t\t<div data-elementor-type=\"wp-post\" data-elementor-id=\"141\" class=\"elementor elementor-141\">\n\t\t\t\t\t\t<section class=\"elementor-section elementor-top-section elementor-element elementor-element-291f3a7d elementor-section-boxed elementor-section-height-default elementor-section-height-default\" data-id=\"291f3a7d\" data-element_type=\"section\">\n\t\t\t\t\t\t<div class=\"elementor-container elementor-column-gap-default\">\n\t\t\t\t\t<div class=\"elementor-column elementor-col-100 elementor-top-column elementor-element elementor-element-4f88f293\" data-id=\"4f88f293\" data-element_type=\"column\">\n\t\t\t<div class=\"elementor-widget-wrap elementor-element-populated\">\n\t\t\t\t\t\t<div class=\"elementor-element elementor-element-45a3da85 elementor-widget elementor-widget-text-editor\" data-id=\"45a3da85\" data-element_type=\"widget\" data-widget_type=\"text-editor.default\">\n\t\t\t\t<div class=\"elementor-widget-container\">\n\t\t\t\t\t\t\t\t\t<p><a href=\"https:\/\/www.du.se\/\" data-elementor-open-lightbox=\"\"><br \/><img fetchpriority=\"high\" decoding=\"async\" src=\"http:\/\/alliancefr.se\/falun\/wp-content\/uploads\/sites\/7\/2019\/04\/hd_vertikal_rgb-280x300.jpg\" alt=\"\" width=\"280\" height=\"300\" \/> <\/a><\/p><p><a href=\"https:\/\/www.du.se\/\">H\u00f6gskolan Dalarna<\/a> est notre principal partenaire, nos conf\u00e9rences se d\u00e9roulent sur le campus de Falun.<\/p><p>Voici<a href=\"https:\/\/www.du.se\/franska\"> le lien vers les cours de fran\u00e7ais de l&rsquo;universit\u00e9<\/a><\/p>\t\t\t\t\t\t\t\t<\/div>\n\t\t\t\t<\/div>\n\t\t\t\t\t<\/div>\n\t\t<\/div>\n\t\t\t\t\t<\/div>\n\t\t<\/section>\n\t\t\t\t<\/div>\n\t\t","protected":false},"excerpt":{"rendered":"<p>H\u00f6gskolan Dalarna est notre principal partenaire, nos conf\u00e9rences se d\u00e9roulent sur le campus de Falun. Voici le lien vers les cours de fran\u00e7ais de l&rsquo;universit\u00e9<\/p>\n","protected":false},"author":1,"featured_media":0,"parent":0,"menu_order":0,"comment_status":"closed","ping_status":"closed","template":"","meta":{"om_disable_all_campaigns":false,"_monsterinsights_skip_tracking":false,"_monsterinsights_sitenote_active":false,"_monsterinsights_sitenote_note":"","_monsterinsights_sitenote_category":0,"_uf_show_specific_survey":0,"_uf_disable_surveys":false,"footnotes":""},"class_list":["post-141","page","type-page","status-publish","hentry"],"aioseo_notices":[],"rttpg_featured_image_url":null,"rttpg_author":{"display_name":"Super.admin","author_link":"http:\/\/alliancefr.se\/falun\/author\/admin2174\/"},"rttpg_comment":0,"rttpg_category":" <a href=\"http:\/\/alliancefr.se\/falun\/\" rel=\"tag\">Fran\u00e7ais<\/a>","rttpg_excerpt":"H\u00f6gskolan Dalarna est notre principal partenaire, nos conf\u00e9rences se d\u00e9roulent sur le campus de Falun. Voici le lien vers les cours de fran\u00e7ais de l&rsquo;universit\u00e9","_links":{"self":[{"href":"http:\/\/alliancefr.se\/falun\/wp-json\/wp\/v2\/pages\/141","targetHints":{"allow":["GET"]}}],"collection":[{"href":"http:\/\/alliancefr.se\/falun\/wp-json\/wp\/v2\/pages"}],"about":[{"href":"http:\/\/alliancefr.se\/falun\/wp-json\/wp\/v2\/types\/page"}],"author":[{"embeddable":true,"href":"http:\/\/alliancefr.se\/falun\/wp-json\/wp\/v2\/users\/1"}],"replies":[{"embeddable":true,"href":"http:\/\/alliancefr.se\/falun\/wp-json\/wp\/v2\/comments?post=141"}],"version-history":[{"count":6,"href":"http:\/\/alliancefr.se\/falun\/wp-json\/wp\/v2\/pages\/141\/revisions"}],"predecessor-version":[{"id":863,"href":"http:\/\/alliancefr.se\/falun\/wp-json\/wp\/v2\/pages\/141\/revisions\/863"}],"wp:attachment":[{"href":"http:\/\/alliancefr.se\/falun\/wp-json\/wp\/v2\/media?parent=141"}],"curies":[{"name":"wp","href":"https:\/\/api.w.org\/{rel}","templated":true}]}}